{"id":47564,"date":"2026-03-31T15:56:09","date_gmt":"2026-03-31T15:56:09","guid":{"rendered":"https:\/\/globalgiftsupplier.com\/?post_type=product&#038;p=47564"},"modified":"2026-03-31T15:56:09","modified_gmt":"2026-03-31T15:56:09","slug":"custom-printed-breakaway-lanyard-with-id-badge-holder","status":"publish","type":"product","link":"https:\/\/globalgiftsupplier.com\/pt\/product\/custom-printed-breakaway-lanyard-with-id-badge-holder\/","title":{"rendered":"Lanyard separ\u00e1vel com impress\u00e3o personalizada e suporte para cart\u00e3o de identifica\u00e7\u00e3o"},"content":{"rendered":"<p data-start=\"1678\" data-end=\"2260\">Este <strong data-start=\"1709\" data-end=\"1766\">Cord\u00e3o de seguran\u00e7a com impress\u00e3o personalizada e suporte para cart\u00e3o de identifica\u00e7\u00e3o<\/strong> \u00e9 um produto de marca pr\u00e1tico, colorido e altamente vis\u00edvel, concebido para <strong data-start=\"1842\" data-end=\"1958\">identifica\u00e7\u00e3o do pessoal, cart\u00f5es escolares, passes para eventos, cart\u00f5es de acesso a escrit\u00f3rios, cart\u00f5es de visitantes e campanhas promocionais<\/strong>. Com base nas imagens do produto, este estilo combina uma <strong data-start=\"2011\" data-end=\"2049\">correia de poli\u00e9ster colorida para cord\u00e3o<\/strong>, a <strong data-start=\"2053\" data-end=\"2080\">fivela de seguran\u00e7a com trav\u00e3o<\/strong>, a <strong data-start=\"2084\" data-end=\"2109\">gancho met\u00e1lico de fixa\u00e7\u00e3o<\/strong>, e um <strong data-start=\"2117\" data-end=\"2152\">op\u00e7\u00e3o de porta-cart\u00f5es de identifica\u00e7\u00e3o a condizer<\/strong>, tornando-o uma forte escolha para organiza\u00e7\u00f5es que necessitam de funcionalidade di\u00e1ria e exposi\u00e7\u00e3o de log\u00f3tipos personalizados.<\/p>\n<p data-start=\"2262\" data-end=\"2693\">Uma boa correia de transmiss\u00e3o \u00e9 mais do que uma simples correia de pesco\u00e7o. \u00c9 algo que as pessoas usam todos os dias em escrit\u00f3rios, campus, hospitais, exposi\u00e7\u00f5es, ambientes de retalho e grandes eventos. Uma vez que se mant\u00e9m vis\u00edvel durante a utiliza\u00e7\u00e3o, torna-se uma ferramenta de branding simples mas eficaz. Este produto \u00e9 especialmente adequado para empresas e organiza\u00e7\u00f5es que pretendem um artigo promocional com uma verdadeira utiliza\u00e7\u00e3o di\u00e1ria, e n\u00e3o apenas algo entregue uma vez e esquecido.<\/p>\n<p data-start=\"2695\" data-end=\"3206\">As imagens mostram uma grande variedade de <strong data-start=\"2729\" data-end=\"2754\">estilos impressos por medida<\/strong>, incluindo cord\u00f5es com log\u00f3tipo em cores s\u00f3lidas, designs multicoloridos brilhantes, temas gr\u00e1ficos divertidos, padr\u00f5es florais, desenhos de \u00edcones e sorrisos e tiras impressas em estilo comercial. Isto significa que este produto pode ser adaptado a diferentes p\u00fablicos e a diferentes sectores. Pode posicion\u00e1-lo para <strong data-start=\"3035\" data-end=\"3203\">eventos empresariais, programas escolares, sistemas de gest\u00e3o de visitantes, integra\u00e7\u00e3o de pessoal, kits de registo em confer\u00eancias, artigos para adeptos, eventos para jovens e pacotes de ofertas de marca<\/strong>.<\/p>\n<p data-start=\"3208\" data-end=\"3651\">Uma das carater\u00edsticas mais importantes \u00e9 a <strong data-start=\"3250\" data-end=\"3270\">fivela de seguran\u00e7a<\/strong>. Este design acrescenta comodidade e flexibilidade para o uso di\u00e1rio, permitindo que a correia se solte mais facilmente quando necess\u00e1rio. Isto torna-o uma op\u00e7\u00e3o mais confort\u00e1vel e pr\u00e1tica para locais de trabalho, escolas e eventos em que as pessoas podem usar as suas cordas durante muitas horas de cada vez. Al\u00e9m disso, confere ao produto um aspeto mais completo e profissional, em compara\u00e7\u00e3o com os cord\u00f5es normais muito b\u00e1sicos.<\/p>\n<p data-start=\"3653\" data-end=\"4166\">O <strong data-start=\"3657\" data-end=\"3672\">fecho de metal<\/strong> na extremidade da correia proporciona uma liga\u00e7\u00e3o segura para porta-crach\u00e1s, cart\u00f5es de identifica\u00e7\u00e3o, cart\u00f5es de acesso, chaves e outros artigos leves. Os estilos de suporte anexados mostrados nas imagens tornam o produto ainda mais \u00fatil para necessidades reais de identifica\u00e7\u00e3o. Em vez de vender apenas uma correia de cord\u00e3o, pode apresent\u00e1-la como um produto mais completo <strong data-start=\"3995\" data-end=\"4025\">Solu\u00e7\u00e3o de transporte de cart\u00f5es de identifica\u00e7\u00e3o<\/strong>. Isto ajuda a aumentar o valor do produto para escolas, escrit\u00f3rios, feiras comerciais, exposi\u00e7\u00f5es, balc\u00f5es de registo de visitantes e organizadores de eventos.<\/p>\n<p data-start=\"4168\" data-end=\"4668\">O <strong data-start=\"4172\" data-end=\"4194\">material de poli\u00e9ster<\/strong> confere \u00e0 bracelete uma superf\u00edcie lisa que funciona bem para impress\u00e3o personalizada e utiliza\u00e7\u00e3o repetida. \u00c9 leve, confort\u00e1vel de usar e adequado para a produ\u00e7\u00e3o de grandes volumes. O poli\u00e9ster \u00e9 um dos materiais mais pr\u00e1ticos para as correias, pois oferece um bom equil\u00edbrio entre nitidez da cor, durabilidade, flexibilidade e efici\u00eancia de custos. Para uso promocional, isto \u00e9 especialmente importante porque os compradores querem frequentemente um artigo com bom aspeto, impress\u00e3o limpa e que permane\u00e7a pr\u00e1tico \u00e0 escala.<\/p>\n<p data-start=\"4670\" data-end=\"5168\">Outro ponto forte \u00e9 a <strong data-start=\"4698\" data-end=\"4720\">flexibilidade visual<\/strong> apresentados nas fotografias. Algumas vers\u00f5es s\u00e3o simples e limpas, enquanto outras s\u00e3o brilhantes e expressivas. Isto significa que o mesmo tipo de produto pode funcionar para uma confer\u00eancia de neg\u00f3cios s\u00e9ria, um programa de identifica\u00e7\u00e3o escolar, um sistema de cart\u00f5es hospitalares, uma campanha de marketing tem\u00e1tica ou uma linha de acess\u00f3rios de retalho mais divertida. A capacidade de combinar a cor da correia, a cor do suporte, o tema de impress\u00e3o e o estilo do log\u00f3tipo faz deste lanyard um produto personalizado forte para muitas identidades de marca diferentes.<\/p>\n<p data-start=\"5170\" data-end=\"5591\">Uma vez que os utilizadores mant\u00eam frequentemente os seus cart\u00f5es de acesso no mesmo cord\u00e3o dia ap\u00f3s dia, este produto ajuda a fornecer <strong data-start=\"5286\" data-end=\"5315\">visibilidade do log\u00f3tipo a longo prazo<\/strong>. Continua a funcionar como um artigo de marca ap\u00f3s o fim do evento ou da campanha original. Para empresas, escolas e institui\u00e7\u00f5es que necessitam de um produto personalizado acess\u00edvel mas \u00fatil, esta fita oferece um forte equil\u00edbrio entre <strong data-start=\"5537\" data-end=\"5588\">visibilidade, utilidade, conforto e personaliza\u00e7\u00e3o<\/strong>.<\/p>\n<p data-start=\"5593\" data-end=\"6322\"><strong data-start=\"5593\" data-end=\"5609\">Carater\u00edsticas principais<\/strong><br data-start=\"5609\" data-end=\"5612\" \/>\u2022 <strong data-start=\"5614\" data-end=\"5650\">Cord\u00e3o de seguran\u00e7a com impress\u00e3o personalizada<\/strong> para identifica\u00e7\u00e3o di\u00e1ria e utiliza\u00e7\u00e3o promocional<br data-start=\"5695\" data-end=\"5698\" \/>\u2022 <strong data-start=\"5700\" data-end=\"5724\">Correia em poli\u00e9ster macio<\/strong> adequado para impress\u00e3o a cores e para a cria\u00e7\u00e3o de log\u00f3tipos<br data-start=\"5775\" data-end=\"5778\" \/>\u2022 <strong data-start=\"5780\" data-end=\"5807\">Fivela de seguran\u00e7a com abertura<\/strong> para maior conforto e comodidade<br data-start=\"5841\" data-end=\"5844\" \/>\u2022 <strong data-start=\"5846\" data-end=\"5875\">Gancho met\u00e1lico \/ fecho girat\u00f3rio<\/strong> para uma fixa\u00e7\u00e3o segura<br data-start=\"5897\" data-end=\"5900\" \/>\u2022 <strong data-start=\"5902\" data-end=\"5941\">Pode ser emparelhado com suportes de cart\u00f5es de identifica\u00e7\u00e3o<\/strong> como mostrado nas imagens do produto<br data-start=\"5972\" data-end=\"5975\" \/>\u2022 <strong data-start=\"5977\" data-end=\"6058\">Adequado para cart\u00f5es de identifica\u00e7\u00e3o de funcion\u00e1rios, passes de visitantes, cart\u00f5es escolares e cart\u00f5es de acesso a escrit\u00f3rios<\/strong><br data-start=\"6058\" data-end=\"6061\" \/>\u2022 <strong data-start=\"6063\" data-end=\"6124\">Dispon\u00edvel em cores s\u00f3lidas, log\u00f3tipo e estilos gr\u00e1ficos tem\u00e1ticos<\/strong><br data-start=\"6124\" data-end=\"6127\" \/>\u2022 <strong data-start=\"6129\" data-end=\"6177\">Leve e confort\u00e1vel para usar durante todo o dia<\/strong><br data-start=\"6177\" data-end=\"6180\" \/>\u2022 <strong data-start=\"6182\" data-end=\"6217\">Excelente para distribui\u00e7\u00e3o a granel<\/strong> em confer\u00eancias, eventos e escolas<br data-start=\"6253\" data-end=\"6256\" \/>\u2022 <strong data-start=\"6258\" data-end=\"6288\">Artigo promocional pr\u00e1tico<\/strong> com visibilidade da marca a longo prazo<\/p>\n<p data-start=\"6324\" data-end=\"7016\"><strong data-start=\"6324\" data-end=\"6342\">Especifica\u00e7\u00f5es<\/strong><br data-start=\"6342\" data-end=\"6345\" \/>Tipo de produto: Cord\u00e3o de seguran\u00e7a com impress\u00e3o personalizada e suporte para cart\u00e3o de identifica\u00e7\u00e3o<br data-start=\"6412\" data-end=\"6415\" \/>Estilo: Cord\u00e3o de pesco\u00e7o \/ cord\u00e3o de crach\u00e1 de identifica\u00e7\u00e3o \/ cord\u00e3o de evento<br data-start=\"6469\" data-end=\"6472\" \/>Material: Correia de poli\u00e9ster<br data-start=\"6497\" data-end=\"6500\" \/>Fixa\u00e7\u00e3o: Fecho girat\u00f3rio de metal \/ gancho de lagosta<br data-start=\"6545\" data-end=\"6548\" \/>Elemento de liberta\u00e7\u00e3o: Fivela de seguran\u00e7a amov\u00edvel<br data-start=\"6588\" data-end=\"6591\" \/>Estilo de suporte: Op\u00e7\u00f5es de porta-cart\u00f5es a condizer apresentadas nas imagens do produto<br data-start=\"6658\" data-end=\"6661\" \/>Estilo do log\u00f3tipo: Impress\u00e3o a cores, impress\u00e3o de texto, impress\u00e3o de \u00edcones e trabalhos art\u00edsticos personalizados<br data-start=\"6742\" data-end=\"6745\" \/>Estilo de cor: Cores s\u00f3lidas, gr\u00e1ficos a cores, padr\u00f5es tem\u00e1ticos e desenhos personalizados<br data-start=\"6828\" data-end=\"6831\" \/>Utiliza\u00e7\u00e3o: cart\u00f5es de identifica\u00e7\u00e3o, cart\u00f5es de visitantes, passes para eventos, cart\u00f5es de funcion\u00e1rios, cart\u00f5es escolares, cart\u00f5es de acesso a escrit\u00f3rios, acess\u00f3rios ligeiros<br data-start=\"6942\" data-end=\"6945\" \/>Tema: Eventos, confer\u00eancias, escrit\u00f3rios, escolas, exposi\u00e7\u00f5es, promo\u00e7\u00f5es<\/p>\n<p data-start=\"7018\" data-end=\"7556\"><strong data-start=\"7018\" data-end=\"7045\">Porqu\u00ea escolher este produto<\/strong><br data-start=\"7045\" data-end=\"7048\" \/>Este produto oferece uma forte combina\u00e7\u00e3o de <strong data-start=\"7084\" data-end=\"7151\">visibilidade da marca, praticidade no dia a dia e flexibilidade de design<\/strong>. Em compara\u00e7\u00e3o com um cord\u00e3o simples, oferece-lhe uma solu\u00e7\u00e3o de identifica\u00e7\u00e3o mais completa, combinando uma correia personalizada, uma fivela de seguran\u00e7a, um fecho met\u00e1lico e um par de porta-crach\u00e1s. \u00c9 adequado tanto para ambientes profissionais como promocionais, f\u00e1cil de personalizar, f\u00e1cil de distribuir e suscet\u00edvel de ser reutilizado todos os dias. Esta utiliza\u00e7\u00e3o repetida ajuda a manter o seu log\u00f3tipo vis\u00edvel durante muito mais tempo do que um brinde \u00fanico.<\/p>\n<p data-start=\"7558\" data-end=\"7879\"><strong data-start=\"7558\" data-end=\"7571\">Ideal para<\/strong><br data-start=\"7571\" data-end=\"7574\" \/>- IDs do pessoal do escrit\u00f3rio<br data-start=\"7592\" data-end=\"7595\" \/>- Programas de crach\u00e1s para escolas e campus<br data-start=\"7629\" data-end=\"7632\" \/>- Passes para confer\u00eancias e exposi\u00e7\u00f5es<br data-start=\"7666\" data-end=\"7669\" \/>- Sistemas de registo de visitantes<br data-start=\"7699\" data-end=\"7702\" \/>- Brindes para feiras<br data-start=\"7724\" data-end=\"7727\" \/>- Kits de integra\u00e7\u00e3o de empresas<br data-start=\"7754\" data-end=\"7757\" \/>- Crach\u00e1s de pessoal hospitalar e cl\u00ednico<br data-start=\"7791\" data-end=\"7794\" \/>- Programas de cart\u00f5es de s\u00f3cio<br data-start=\"7820\" data-end=\"7823\" \/>- Produtos de marca do evento<br data-start=\"7850\" data-end=\"7853\" \/>- Pacotes de brindes promocionais<\/p>\n<p data-start=\"7881\" data-end=\"7890\"><strong data-start=\"7881\" data-end=\"7888\">FAQ<\/strong><\/p>\n<p data-start=\"7892\" data-end=\"8063\"><strong data-start=\"7892\" data-end=\"7939\">Este lanyard pode ser personalizado com um log\u00f3tipo?<\/strong><br data-start=\"7939\" data-end=\"7942\" \/>Sim. A bracelete de poli\u00e9ster pode ser personalizada com <strong data-start=\"7990\" data-end=\"8060\">o seu log\u00f3tipo, texto, trabalhos art\u00edsticos a cores, padr\u00f5es e gr\u00e1ficos tem\u00e1ticos<\/strong>.<\/p>\n<p data-start=\"8065\" data-end=\"8242\"><strong data-start=\"8065\" data-end=\"8111\">Este cord\u00e3o de seguran\u00e7a tem uma fivela de seguran\u00e7a?<\/strong><br data-start=\"8111\" data-end=\"8114\" \/>Sim. As imagens do produto mostram um <strong data-start=\"8145\" data-end=\"8172\">fivela de seguran\u00e7a amov\u00edvel<\/strong>, O seu tamanho \u00e9 de 1,5 cm, o que o torna adequado para uso di\u00e1rio em escolas, escrit\u00f3rios e eventos.<\/p>\n<p data-start=\"8244\" data-end=\"8440\"><strong data-start=\"8244\" data-end=\"8281\">\u00c9 fornecido com um suporte para crach\u00e1?<\/strong><br data-start=\"8281\" data-end=\"8284\" \/>As imagens do produto mostram <strong data-start=\"8308\" data-end=\"8355\">estilos de cord\u00f5es emparelhados com suportes de cart\u00f5es de identifica\u00e7\u00e3o<\/strong>, para que possa ser apresentado como um formato de cord\u00e3o que suporta op\u00e7\u00f5es de suporte correspondentes.<\/p>\n<p data-start=\"8442\" data-end=\"8615\"><strong data-start=\"8442\" data-end=\"8480\">Para que \u00e9 que este cord\u00e3o de seguran\u00e7a pode ser utilizado?<\/strong><br data-start=\"8480\" data-end=\"8483\" \/>Pode ser utilizado para <strong data-start=\"8502\" data-end=\"8612\">identifica\u00e7\u00f5es de pessoal, cart\u00f5es de visitantes, cart\u00f5es escolares, cart\u00f5es de acesso a escrit\u00f3rios, passes para eventos e outras necessidades de identifica\u00e7\u00e3o<\/strong>.<\/p>\n<p data-start=\"8617\" data-end=\"8781\"><strong data-start=\"8617\" data-end=\"8660\">De que material \u00e9 feito o cord\u00e3o de seguran\u00e7a?<\/strong><br data-start=\"8660\" data-end=\"8663\" \/>\u00c9 apresentado como um <strong data-start=\"8684\" data-end=\"8705\">cord\u00e3o de poli\u00e9ster<\/strong>, que \u00e9 leve, suave, dur\u00e1vel e adequado para impress\u00e3o personalizada.<\/p>\n<p data-start=\"8783\" data-end=\"8936\"><strong data-start=\"8783\" data-end=\"8817\">Inclui um fecho de metal?<\/strong><br data-start=\"8817\" data-end=\"8820\" \/>Sim. As imagens do produto mostram claramente um <strong data-start=\"8859\" data-end=\"8896\">fecho girat\u00f3rio de metal \/ gancho de lagosta<\/strong> para fixar suportes ou acess\u00f3rios.<\/p>\n<p data-start=\"8938\" data-end=\"9113\"><strong data-start=\"8938\" data-end=\"8989\">Pode ser utilizado para confer\u00eancias e exposi\u00e7\u00f5es?<\/strong><br data-start=\"8989\" data-end=\"8992\" \/>Sim. \u00c9 ideal para <strong data-start=\"9013\" data-end=\"9110\">registo na confer\u00eancia, crach\u00e1s de exposi\u00e7\u00e3o, passes para feiras e identifica\u00e7\u00e3o do pessoal do evento<\/strong>.<\/p>\n<p data-start=\"9115\" data-end=\"9280\"><strong data-start=\"9115\" data-end=\"9168\">Este produto \u00e9 adequado para escolas e escrit\u00f3rios?<\/strong><br data-start=\"9168\" data-end=\"9171\" \/>Sim. \u00c9 muito adequado para <strong data-start=\"9200\" data-end=\"9277\">cart\u00f5es do campus, identifica\u00e7\u00f5es do pessoal do escrit\u00f3rio, passes para visitantes e utiliza\u00e7\u00e3o do cart\u00e3o de acesso di\u00e1rio<\/strong>.<\/p>\n<p data-start=\"9282\" data-end=\"9482\"><strong data-start=\"9282\" data-end=\"9327\">O cord\u00e3o de seguran\u00e7a pode ser impresso a cores?<\/strong><br data-start=\"9327\" data-end=\"9330\" \/>Sim. As imagens mostram uma vasta gama de <strong data-start=\"9367\" data-end=\"9397\">desenhos impressos a cores<\/strong>, incluindo log\u00f3tipos, riscas, \u00edcones, padr\u00f5es decorativos e trabalhos art\u00edsticos com temas l\u00fadicos.<\/p>\n<p data-start=\"9484\" data-end=\"9677\"><strong data-start=\"9484\" data-end=\"9527\">Porque \u00e9 que este \u00e9 um bom produto promocional?<\/strong><br data-start=\"9527\" data-end=\"9530\" \/>Porque \u00e9 <strong data-start=\"9544\" data-end=\"9611\">\u00fatil, us\u00e1vel, f\u00e1cil de personalizar e frequentemente reutilizado todos os dias<\/strong>, A sua utiliza\u00e7\u00e3o permite uma exposi\u00e7\u00e3o a longo prazo da marca a um custo relativamente baixo.<\/p>","protected":false},"excerpt":{"rendered":"<p>Este cord\u00e3o de seguran\u00e7a com impress\u00e3o personalizada e suporte para cart\u00e3o de identifica\u00e7\u00e3o \u00e9 um acess\u00f3rio promocional pr\u00e1tico e apelativo para cart\u00f5es de funcion\u00e1rios, cart\u00f5es de identifica\u00e7\u00e3o escolar, cart\u00f5es de visitantes, passes para eventos e utiliza\u00e7\u00e3o no escrit\u00f3rio. Com uma correia de poli\u00e9ster macia, impress\u00e3o personalizada a cores, fivela de seguran\u00e7a, fecho de metal e suporte para cart\u00e3o a condizer opcional, \u00e9 ideal para confer\u00eancias, exposi\u00e7\u00f5es, escolas, escrit\u00f3rios e brindes de marca.<\/p>","protected":false},"featured_media":47565,"template":"","meta":{"_gspb_post_css":""},"product_brand":[],"product_cat":[35],"product_tag":[],"class_list":{"0":"post-47564","1":"product","2":"type-product","3":"status-publish","4":"has-post-thumbnail","6":"product_cat-tradeshow-events","8":"first","9":"instock","10":"shipping-taxable","11":"product-type-simple"},"_links":{"self":[{"href":"https:\/\/globalgiftsupplier.com\/pt\/wp-json\/wp\/v2\/product\/47564","targetHints":{"allow":["GET"]}}],"collection":[{"href":"https:\/\/globalgiftsupplier.com\/pt\/wp-json\/wp\/v2\/product"}],"about":[{"href":"https:\/\/globalgiftsupplier.com\/pt\/wp-json\/wp\/v2\/types\/product"}],"wp:featuredmedia":[{"embeddable":true,"href":"https:\/\/globalgiftsupplier.com\/pt\/wp-json\/wp\/v2\/media\/47565"}],"wp:attachment":[{"href":"https:\/\/globalgiftsupplier.com\/pt\/wp-json\/wp\/v2\/media?parent=47564"}],"wp:term":[{"taxonomy":"product_brand","embeddable":true,"href":"https:\/\/globalgiftsupplier.com\/pt\/wp-json\/wp\/v2\/product_brand?post=47564"},{"taxonomy":"product_cat","embeddable":true,"href":"https:\/\/globalgiftsupplier.com\/pt\/wp-json\/wp\/v2\/product_cat?post=47564"},{"taxonomy":"product_tag","embeddable":true,"href":"https:\/\/globalgiftsupplier.com\/pt\/wp-json\/wp\/v2\/product_tag?post=47564"}],"curies":[{"name":"wp","href":"https:\/\/api.w.org\/{rel}","templated":true}]}}