{"id":47550,"date":"2026-03-31T15:48:06","date_gmt":"2026-03-31T15:48:06","guid":{"rendered":"https:\/\/globalgiftsupplier.com\/?post_type=product&#038;p=47550"},"modified":"2026-03-31T15:48:06","modified_gmt":"2026-03-31T15:48:06","slug":"custom-printed-polyester-lanyard-with-logo","status":"publish","type":"product","link":"https:\/\/globalgiftsupplier.com\/pt\/product\/custom-printed-polyester-lanyard-with-logo\/","title":{"rendered":"Lanyard de poli\u00e9ster com log\u00f3tipo impresso e personalizado"},"content":{"rendered":"<p data-start=\"1517\" data-end=\"2033\">Este <strong data-start=\"1548\" data-end=\"1584\">cord\u00e3o de poli\u00e9ster com impress\u00e3o personalizada<\/strong> \u00e9 um produto promocional pr\u00e1tico, altamente vis\u00edvel e f\u00e1cil de personalizar, concebido para <strong data-start=\"1672\" data-end=\"1781\">eventos, confer\u00eancias, escolas, escrit\u00f3rios, exposi\u00e7\u00f5es, passes para visitantes, crach\u00e1s para funcion\u00e1rios e artigos de marca<\/strong>. Com base nas imagens do produto, este estilo apresenta uma <strong data-start=\"1834\" data-end=\"1860\">bracelete em poli\u00e9ster liso<\/strong>, <strong data-start=\"1862\" data-end=\"1890\">impress\u00e3o do log\u00f3tipo a cores<\/strong>, e <strong data-start=\"1896\" data-end=\"1940\">v\u00e1rias op\u00e7\u00f5es de hardware e fixa\u00e7\u00e3o<\/strong>, tornando-a uma escolha vers\u00e1til tanto para a utiliza\u00e7\u00e3o di\u00e1ria de identifica\u00e7\u00e3o como para campanhas promocionais.<\/p>\n<p data-start=\"2035\" data-end=\"2474\">Um cord\u00e3o de pesco\u00e7o \u00e9 um dos produtos de marca mais \u00fateis porque as pessoas usam-no, transportam-no e reutilizam-no. Quer esteja ligado a um <strong data-start=\"2168\" data-end=\"2243\">Suporte de identifica\u00e7\u00e3o, bobina de cart\u00e3o, cart\u00e3o de acesso, chaves, unidade USB ou acess\u00f3rio de ilumina\u00e7\u00e3o<\/strong>, O seu produto promocional, o seu cart\u00e3o, mant\u00e9m a sua marca vis\u00edvel em escrit\u00f3rios, campus, sal\u00f5es de eventos, espa\u00e7os comerciais e ambientes p\u00fablicos. Essa visibilidade di\u00e1ria torna-o uma op\u00e7\u00e3o forte para as empresas que pretendem uma exposi\u00e7\u00e3o a longo prazo de um artigo promocional de baixo volume.<\/p>\n<p data-start=\"2476\" data-end=\"3061\">As imagens dos produtos mostram uma vasta gama de <strong data-start=\"2516\" data-end=\"2569\">estilos de cord\u00f5es impressos a cores s\u00f3lidas e a cores<\/strong>, O produto pode ser utilizado em qualquer altura, desde layouts de marca simples e limpos a vers\u00f5es mais decorativas com riscas, padr\u00f5es, log\u00f3tipos, \u00edcones e elementos gr\u00e1ficos repetidos. Isto significa que o produto pode suportar tanto <strong data-start=\"2740\" data-end=\"2775\">marca empresarial profissional<\/strong> e desenhos mais criativos para <strong data-start=\"2806\" data-end=\"2894\">escolas, festivais, clubes, campanhas, merchandise para f\u00e3s e promo\u00e7\u00f5es orientadas para os jovens<\/strong>. Se pretender um aspeto comercial simples, a impress\u00e3o de um log\u00f3tipo simples funciona bem. Se pretender um design mais apelativo, os padr\u00f5es a cores podem criar um efeito visual mais forte.<\/p>\n<p data-start=\"3063\" data-end=\"3698\">Outra grande vantagem deste produto \u00e9 a sua <strong data-start=\"3111\" data-end=\"3147\">configura\u00e7\u00e3o flex\u00edvel dos acess\u00f3rios<\/strong>. As imagens mostram diferentes combina\u00e7\u00f5es de acess\u00f3rios, incluindo <strong data-start=\"3210\" data-end=\"3358\">fechos girat\u00f3rios de metal, clipes de bulldog, fivelas amov\u00edveis, fivelas de pl\u00e1stico com rutura, engastes de metal, emparelhamentos de carret\u00e9is de crach\u00e1s e diferentes acess\u00f3rios de extremidade<\/strong>. Isto torna a correia adequada para uma vasta gama de utiliza\u00e7\u00f5es, desde identifica\u00e7\u00f5es normais de funcion\u00e1rios a materiais de registo de confer\u00eancias, cart\u00f5es escolares, cart\u00f5es de membro, passes para meios de comunica\u00e7\u00e3o social e at\u00e9 correias de pesco\u00e7o de marca para acess\u00f3rios leves. Em vez de oferecer apenas um estilo b\u00e1sico, este produto pode ser adaptado a diferentes necessidades de eventos e locais de trabalho.<\/p>\n<p data-start=\"3700\" data-end=\"4184\">O <strong data-start=\"3704\" data-end=\"3726\">material de poli\u00e9ster<\/strong> d\u00e1 ao cord\u00e3o uma sensa\u00e7\u00e3o suave, duradoura e leve que funciona bem para uma utiliza\u00e7\u00e3o repetida. \u00c9 suficientemente confort\u00e1vel para ser usada durante todo o dia, ao mesmo tempo que oferece uma superf\u00edcie resistente para a impress\u00e3o de log\u00f3tipos e trabalhos art\u00edsticos. As cordas de poli\u00e9ster s\u00e3o especialmente populares em grandes eventos e na utiliza\u00e7\u00e3o di\u00e1ria do pessoal, porque s\u00e3o econ\u00f3micas, f\u00e1ceis de personalizar e f\u00e1ceis de distribuir em grandes quantidades. Tamb\u00e9m ret\u00eam bem a cor, o que ajuda o design final a parecer mais n\u00edtido e profissional.<\/p>\n<p data-start=\"4186\" data-end=\"4694\">Uma vez que as imagens mostram muitas op\u00e7\u00f5es de cores e esquemas de impress\u00e3o, este produto tamb\u00e9m pode ser posicionado como um <strong data-start=\"4291\" data-end=\"4318\">artigo de merchandising personalizado<\/strong>, O brinde, n\u00e3o \u00e9 apenas um acess\u00f3rio funcional para eventos. Pode ser utilizado em pacotes de integra\u00e7\u00e3o de funcion\u00e1rios, kits de registo de eventos, brindes para clientes, branding universit\u00e1rio, corridas de benefic\u00eancia, programas de ades\u00e3o, lojas de museus, lojas de presentes e pacotes de boas-vindas para visitantes. Um cord\u00e3o de marca \u00e9 simples, mas quando bem concebido, torna-se algo que as pessoas guardam e reutilizam muito depois de o evento original ter terminado.<\/p>\n<p data-start=\"4696\" data-end=\"5017\">Para as organiza\u00e7\u00f5es que procuram um produto que seja <strong data-start=\"4744\" data-end=\"4802\">acess\u00edvel, \u00fatil, personaliz\u00e1vel e f\u00e1cil de distribuir<\/strong>, Este cord\u00e3o de poli\u00e9ster personalizado oferece um forte equil\u00edbrio entre praticidade e valor promocional. \u00c9 uma escolha fi\u00e1vel para marcas que necessitam de funcionalidade di\u00e1ria, coloca\u00e7\u00e3o vis\u00edvel do log\u00f3tipo e grande flexibilidade de design.<\/p>\n<p data-start=\"5019\" data-end=\"5785\"><strong data-start=\"5019\" data-end=\"5035\">Carater\u00edsticas principais<\/strong><br data-start=\"5035\" data-end=\"5038\" \/>\u2022 <strong data-start=\"5040\" data-end=\"5076\">Lanyard de poli\u00e9ster com impress\u00e3o personalizada<\/strong> para uso promocional e de marca<br data-start=\"5109\" data-end=\"5112\" \/>\u2022 <strong data-start=\"5114\" data-end=\"5140\">Correia de poli\u00e9ster lisa<\/strong> com um acabamento limpo e profissional<br data-start=\"5174\" data-end=\"5177\" \/>\u2022 <strong data-start=\"5179\" data-end=\"5241\">Adequado para impress\u00e3o de log\u00f3tipos a cores e trabalhos art\u00edsticos repetidos<\/strong><br data-start=\"5241\" data-end=\"5244\" \/>\u2022 <strong data-start=\"5246\" data-end=\"5296\">V\u00e1rios estilos de fixa\u00e7\u00e3o apresentados nas imagens<\/strong>, incluindo fechos girat\u00f3rios, clipes e fivelas<br data-start=\"5341\" data-end=\"5344\" \/>\u2022 <strong data-start=\"5346\" data-end=\"5409\">Pode ser combinado com suportes de cart\u00f5es, cart\u00f5es de identifica\u00e7\u00e3o e bobinas de cart\u00f5es<\/strong><br data-start=\"5409\" data-end=\"5412\" \/>\u2022 <strong data-start=\"5414\" data-end=\"5506\">\u00datil para crach\u00e1s de pessoal, passes de visitantes, chaves, cart\u00f5es de acesso e acess\u00f3rios leves<\/strong><br data-start=\"5506\" data-end=\"5509\" \/>\u2022 <strong data-start=\"5511\" data-end=\"5541\">Confort\u00e1vel para uso di\u00e1rio<\/strong> em escrit\u00f3rios, escolas e eventos<br data-start=\"5573\" data-end=\"5576\" \/>\u2022 <strong data-start=\"5578\" data-end=\"5634\">Dispon\u00edvel em cores s\u00f3lidas e desenhos impressos personalizados<\/strong><br data-start=\"5634\" data-end=\"5637\" \/>\u2022 <strong data-start=\"5639\" data-end=\"5669\">F\u00e1cil de distribuir a granel<\/strong> para confer\u00eancias, exposi\u00e7\u00f5es e campanhas<br data-start=\"5713\" data-end=\"5716\" \/>\u2022 <strong data-start=\"5718\" data-end=\"5751\">Produto promocional pr\u00e1tico<\/strong> com visibilidade da marca a longo prazo<\/p>\n<p data-start=\"5787\" data-end=\"6375\"><strong data-start=\"5787\" data-end=\"5805\">Especifica\u00e7\u00f5es<\/strong><br data-start=\"5805\" data-end=\"5808\" \/>Tipo de produto: Lanyard de poli\u00e9ster com impress\u00e3o personalizada<br data-start=\"5854\" data-end=\"5857\" \/>Estilo: Cord\u00e3o de pesco\u00e7o \/ cord\u00e3o de identifica\u00e7\u00e3o \/ cord\u00e3o de evento<br data-start=\"5905\" data-end=\"5908\" \/>Material: Poli\u00e9ster<br data-start=\"5927\" data-end=\"5930\" \/>Estilo do log\u00f3tipo: Impress\u00e3o de log\u00f3tipo personalizado a cores e impress\u00e3o de trabalhos art\u00edsticos<br data-start=\"5994\" data-end=\"5997\" \/>Op\u00e7\u00f5es de fixa\u00e7\u00e3o apresentadas nas imagens: Fecho girat\u00f3rio de metal, clipe de bulldog, fivela amov\u00edvel, fivela amov\u00edvel, engaste de metal, emparelhamento de carretel de crach\u00e1<br data-start=\"6135\" data-end=\"6138\" \/>Utiliza\u00e7\u00e3o: Cart\u00f5es de identifica\u00e7\u00e3o, crach\u00e1s de pessoal, passes de visitantes, cart\u00f5es de acesso, chaves, porta-crach\u00e1s, acess\u00f3rios ligeiros<br data-start=\"6235\" data-end=\"6238\" \/>Estilo de cor: Cores s\u00f3lidas e padr\u00f5es impressos personalizados dispon\u00edveis<br data-start=\"6301\" data-end=\"6304\" \/>Tema: Eventos, confer\u00eancias, escrit\u00f3rios, escolas, exposi\u00e7\u00f5es, promo\u00e7\u00f5es<\/p>\n<p data-start=\"6377\" data-end=\"6954\"><strong data-start=\"6377\" data-end=\"6404\">Porqu\u00ea escolher este produto<\/strong><br data-start=\"6404\" data-end=\"6407\" \/>Este produto oferece uma forte combina\u00e7\u00e3o de <strong data-start=\"6451\" data-end=\"6510\">utiliza\u00e7\u00e3o pr\u00e1tica, visibilidade da marca e flexibilidade de conce\u00e7\u00e3o<\/strong>. Em compara\u00e7\u00e3o com os cord\u00f5es padr\u00e3o simples, oferece mais espa\u00e7o para impress\u00e3o personalizada, mais op\u00e7\u00f5es de hardware e mais formas de combinar o produto com diferentes p\u00fablicos e campanhas. Funciona igualmente bem para eventos empresariais, programas escolares, registo em exposi\u00e7\u00f5es, cart\u00f5es de acesso a escrit\u00f3rios e mercadoria promocional. Uma vez que as pessoas continuam frequentemente a utilizar as lanyards ap\u00f3s a campanha ou evento original, o seu log\u00f3tipo continua a ser vis\u00edvel ao longo do tempo.<\/p>\n<p data-start=\"6956\" data-end=\"7277\"><strong data-start=\"6956\" data-end=\"6969\">Ideal para<\/strong><br data-start=\"6969\" data-end=\"6972\" \/>- Confer\u00eancias e exposi\u00e7\u00f5es<br data-start=\"7001\" data-end=\"7004\" \/>- Brindes para feiras<br data-start=\"7026\" data-end=\"7029\" \/>- Identifica\u00e7\u00e3o do pessoal do escrit\u00f3rio<br data-start=\"7058\" data-end=\"7061\" \/>- Cart\u00f5es de identifica\u00e7\u00e3o da escola e do campus<br data-start=\"7089\" data-end=\"7092\" \/>- Titulares de passes para visitantes<br data-start=\"7114\" data-end=\"7117\" \/>- Programas de ades\u00e3o<br data-start=\"7138\" data-end=\"7141\" \/>- Pacotes de ofertas para empresas<br data-start=\"7163\" data-end=\"7166\" \/>- Materiais de registo de eventos<br data-start=\"7196\" data-end=\"7199\" \/>- Crach\u00e1s de imprensa e de expositor<br data-start=\"7227\" data-end=\"7230\" \/>- Mercadoria de marca e campanhas promocionais<\/p>\n<p data-start=\"7279\" data-end=\"7288\"><strong data-start=\"7279\" data-end=\"7286\">FAQ<\/strong><\/p>\n<p data-start=\"7290\" data-end=\"7470\"><strong data-start=\"7290\" data-end=\"7337\">Este lanyard pode ser personalizado com um log\u00f3tipo?<\/strong><br data-start=\"7337\" data-end=\"7340\" \/>Sim. A bracelete de poli\u00e9ster pode ser personalizada com <strong data-start=\"7388\" data-end=\"7467\">impress\u00e3o de log\u00f3tipos, texto repetido da marca, \u00edcones, gr\u00e1ficos e arte-final a cores<\/strong>.<\/p>\n<p data-start=\"7472\" data-end=\"7617\"><strong data-start=\"7472\" data-end=\"7516\">De que material \u00e9 feito este cord\u00e3o?<\/strong><br data-start=\"7516\" data-end=\"7519\" \/>\u00c9 fabricado a partir de <strong data-start=\"7535\" data-end=\"7548\">poli\u00e9ster<\/strong>, que \u00e9 leve, duradouro e adequado para a impress\u00e3o de marcas.<\/p>\n<p data-start=\"7619\" data-end=\"7794\"><strong data-start=\"7619\" data-end=\"7657\">Para que \u00e9 que este cord\u00e3o de seguran\u00e7a pode ser utilizado?<\/strong><br data-start=\"7657\" data-end=\"7660\" \/>Pode ser utilizado para <strong data-start=\"7679\" data-end=\"7791\">Cart\u00f5es de identifica\u00e7\u00e3o, crach\u00e1s de pessoal, cart\u00f5es de acesso, passes de visitantes, chaves, porta-crach\u00e1s e outros acess\u00f3rios leves<\/strong>.<\/p>\n<p data-start=\"7796\" data-end=\"8033\"><strong data-start=\"7796\" data-end=\"7842\">Est\u00e3o dispon\u00edveis diferentes estilos de fixa\u00e7\u00e3o?<\/strong><br data-start=\"7842\" data-end=\"7845\" \/>Sim. As imagens do produto mostram <strong data-start=\"7874\" data-end=\"7920\">m\u00faltiplos encaixes de extremidade e estilos de acess\u00f3rios<\/strong>, incluindo fechos girat\u00f3rios de metal, clipes de bulldog, fivelas amov\u00edveis, fivelas de rutura e emparelhamentos de bobinas de crach\u00e1s.<\/p>\n<p data-start=\"8035\" data-end=\"8226\"><strong data-start=\"8035\" data-end=\"8088\">Pode ser utilizado para confer\u00eancias e feiras comerciais?<\/strong><br data-start=\"8088\" data-end=\"8091\" \/>Sim. \u00c9 ideal para <strong data-start=\"8112\" data-end=\"8223\">registo em eventos, crach\u00e1s de feiras, passes de confer\u00eancia, credenciais de expositores e identifica\u00e7\u00e3o de visitantes<\/strong>.<\/p>\n<p data-start=\"8228\" data-end=\"8403\"><strong data-start=\"8228\" data-end=\"8281\">Este produto \u00e9 adequado para escolas e escrit\u00f3rios?<\/strong><br data-start=\"8281\" data-end=\"8284\" \/>Sim. \u00c9 amplamente adequado para <strong data-start=\"8315\" data-end=\"8400\">identifica\u00e7\u00f5es escolares, cart\u00f5es de escrit\u00f3rio, passes de funcion\u00e1rios, cart\u00f5es de visitantes e utiliza\u00e7\u00e3o de controlo de acesso<\/strong>.<\/p>\n<p data-start=\"8405\" data-end=\"8592\"><strong data-start=\"8405\" data-end=\"8448\">A bracelete pode ser impressa a cores?<\/strong><br data-start=\"8448\" data-end=\"8451\" \/>Sim. Com base nas imagens, este produto suporta <strong data-start=\"8499\" data-end=\"8529\">desenhos impressos a cores<\/strong>, incluindo log\u00f3tipos, riscas, texto, \u00edcones e padr\u00f5es personalizados.<\/p>\n<p data-start=\"8594\" data-end=\"8824\"><strong data-start=\"8594\" data-end=\"8642\">Porque \u00e9 que o poli\u00e9ster \u00e9 uma boa escolha para as faixas?<\/strong><br data-start=\"8642\" data-end=\"8645\" \/>O poli\u00e9ster oferece uma <strong data-start=\"8664\" data-end=\"8768\">superf\u00edcie lisa para impress\u00e3o, utiliza\u00e7\u00e3o confort\u00e1vel, constru\u00e7\u00e3o leve e boa apresenta\u00e7\u00e3o da cor<\/strong>, tornando-o uma escolha popular para cord\u00f5es promocionais.<\/p>\n<p data-start=\"8826\" data-end=\"9016\"><strong data-start=\"8826\" data-end=\"8865\">Ser\u00e1 este um bom produto promocional?<\/strong><br data-start=\"8865\" data-end=\"8868\" \/>Sim. \u00c9 um produto pr\u00e1tico e reutiliz\u00e1vel que as pessoas continuam a utilizar ap\u00f3s o evento original, o que ajuda a prolongar a sua vida \u00fatil. <strong data-start=\"8995\" data-end=\"9013\">exposi\u00e7\u00e3o da marca<\/strong>.<\/p>","protected":false},"excerpt":{"rendered":"<p>Este cord\u00e3o de poli\u00e9ster com impress\u00e3o personalizada \u00e9 um acess\u00f3rio promocional pr\u00e1tico e de alta visibilidade para cart\u00f5es de identifica\u00e7\u00e3o, crach\u00e1s, passes para eventos, chaves e objectos de uso di\u00e1rio. Com impress\u00e3o do log\u00f3tipo a cores, v\u00e1rias op\u00e7\u00f5es de fixa\u00e7\u00e3o e uma correia de poli\u00e9ster lisa, \u00e9 ideal para confer\u00eancias, escolas, escrit\u00f3rios, feiras, exposi\u00e7\u00f5es e brindes de marca.<\/p>","protected":false},"featured_media":47551,"template":"","meta":{"_gspb_post_css":""},"product_brand":[],"product_cat":[35],"product_tag":[],"class_list":{"0":"post-47550","1":"product","2":"type-product","3":"status-publish","4":"has-post-thumbnail","6":"product_cat-tradeshow-events","8":"first","9":"instock","10":"shipping-taxable","11":"product-type-simple"},"_links":{"self":[{"href":"https:\/\/globalgiftsupplier.com\/pt\/wp-json\/wp\/v2\/product\/47550","targetHints":{"allow":["GET"]}}],"collection":[{"href":"https:\/\/globalgiftsupplier.com\/pt\/wp-json\/wp\/v2\/product"}],"about":[{"href":"https:\/\/globalgiftsupplier.com\/pt\/wp-json\/wp\/v2\/types\/product"}],"wp:featuredmedia":[{"embeddable":true,"href":"https:\/\/globalgiftsupplier.com\/pt\/wp-json\/wp\/v2\/media\/47551"}],"wp:attachment":[{"href":"https:\/\/globalgiftsupplier.com\/pt\/wp-json\/wp\/v2\/media?parent=47550"}],"wp:term":[{"taxonomy":"product_brand","embeddable":true,"href":"https:\/\/globalgiftsupplier.com\/pt\/wp-json\/wp\/v2\/product_brand?post=47550"},{"taxonomy":"product_cat","embeddable":true,"href":"https:\/\/globalgiftsupplier.com\/pt\/wp-json\/wp\/v2\/product_cat?post=47550"},{"taxonomy":"product_tag","embeddable":true,"href":"https:\/\/globalgiftsupplier.com\/pt\/wp-json\/wp\/v2\/product_tag?post=47550"}],"curies":[{"name":"wp","href":"https:\/\/api.w.org\/{rel}","templated":true}]}}