{"id":47535,"date":"2026-03-31T15:39:00","date_gmt":"2026-03-31T15:39:00","guid":{"rendered":"https:\/\/globalgiftsupplier.com\/?post_type=product&#038;p=47535"},"modified":"2026-03-31T15:39:00","modified_gmt":"2026-03-31T15:39:00","slug":"custom-printed-breakaway-lanyard-with-logo","status":"publish","type":"product","link":"https:\/\/globalgiftsupplier.com\/pt\/product\/custom-printed-breakaway-lanyard-with-logo\/","title":{"rendered":"Cord\u00e3o de seguran\u00e7a impresso personalizado com log\u00f3tipo"},"content":{"rendered":"<p data-start=\"1481\" data-end=\"2108\">Este <strong data-start=\"1512\" data-end=\"1548\">cord\u00e3o de seguran\u00e7a com impress\u00e3o personalizada<\/strong> \u00e9 um acess\u00f3rio promocional pr\u00e1tico e altamente vis\u00edvel, concebido para <strong data-start=\"1618\" data-end=\"1719\">eventos, confer\u00eancias, escolas, escrit\u00f3rios, exposi\u00e7\u00f5es, identifica\u00e7\u00e3o do pessoal e artigos de marca<\/strong>. Com base nas imagens do produto, este estilo combina uma <strong data-start=\"1772\" data-end=\"1800\">bracelete impressa a cores<\/strong>, a <strong data-start=\"1804\" data-end=\"1832\">fivela de pl\u00e1stico amov\u00edvel<\/strong>, e um <strong data-start=\"1840\" data-end=\"1862\">fecho girat\u00f3rio de metal<\/strong> para criar um objeto \u00fatil para o dia a dia que tamb\u00e9m proporciona uma forte exposi\u00e7\u00e3o do log\u00f3tipo. \u00c9 adequado para segurar <strong data-start=\"1967\" data-end=\"2057\">Cart\u00f5es de identifica\u00e7\u00e3o, passes de visitantes, crach\u00e1s, cart\u00f5es de acesso, chaves e acess\u00f3rios leves<\/strong> mantendo a marca clara e f\u00e1cil de ver.<\/p>\n<p data-start=\"2110\" data-end=\"2702\">Uma das maiores vantagens deste produto \u00e9 a sua <strong data-start=\"2165\" data-end=\"2193\">flexibilidade de impress\u00e3o personalizada<\/strong>. As imagens mostram uma vasta gama de designs de braceletes coloridas, incluindo <strong data-start=\"2261\" data-end=\"2370\">cores s\u00f3lidas, riscas, estampados florais, gr\u00e1ficos geom\u00e9tricos, padr\u00f5es multicoloridos e log\u00f3tipos repetidos<\/strong>. Isto faz com que o produto seja adequado n\u00e3o s\u00f3 para a utiliza\u00e7\u00e3o b\u00e1sica de ID de escrit\u00f3rio, mas tamb\u00e9m para <strong data-start=\"2455\" data-end=\"2578\">campanhas para eventos, programas escolares, materiais para feiras, cart\u00f5es de s\u00f3cio, mercadorias de retalho e conjuntos de brindes promocionais<\/strong>. As marcas podem criar um visual simples e limpo ou um design mais decorativo, consoante o p\u00fablico-alvo e o estilo da campanha.<\/p>\n<p data-start=\"2704\" data-end=\"3306\">O <strong data-start=\"2708\" data-end=\"2728\">fivela de seguran\u00e7a<\/strong> acrescenta uma comodidade extra para o uso di\u00e1rio. Permite que a correia seja libertada rapidamente quando necess\u00e1rio, o que \u00e9 \u00fatil em locais de trabalho, escolas, confer\u00eancias e ambientes activos onde os utilizadores podem querer uma solu\u00e7\u00e3o de correia de pesco\u00e7o mais flex\u00edvel. O <strong data-start=\"2965\" data-end=\"2987\">fecho girat\u00f3rio de metal<\/strong> na parte inferior fornece um ponto de liga\u00e7\u00e3o seguro para prender um porta-crach\u00e1, uma capa de cart\u00e3o, um porta-chaves ou outro objeto leve. Algumas das imagens tamb\u00e9m mostram o cord\u00e3o emparelhado com um <strong data-start=\"3172\" data-end=\"3214\">porta-cart\u00f5es ou enrolador de cart\u00f5es retr\u00e1til<\/strong>, o que ajuda a demonstrar a sua adequa\u00e7\u00e3o para aplica\u00e7\u00f5es de identifica\u00e7\u00e3o e de cart\u00f5es de acesso.<\/p>\n<p data-start=\"3308\" data-end=\"3816\">Outra vantagem importante \u00e9 a <strong data-start=\"3335\" data-end=\"3363\">variedade de op\u00e7\u00f5es de largura<\/strong> apresentados nas imagens do produto. O ecr\u00e3 de sele\u00e7\u00e3o da largura mostra <strong data-start=\"3427\" data-end=\"3461\">1 cm, 1,2 cm, 1,5 cm e 2 cm<\/strong> o que significa que este estilo pode ser adaptado a diferentes tamanhos de log\u00f3tipos, prefer\u00eancias de utiliza\u00e7\u00e3o e visuais de design. Uma largura mais estreita pode adequar-se a porta-cart\u00f5es leves ou a um branding m\u00ednimo, enquanto as lanyards mais largas proporcionam mais espa\u00e7o de superf\u00edcie para log\u00f3tipos, texto e trabalhos art\u00edsticos decorativos. Isto torna o produto mais flex\u00edvel para projectos empresariais e promocionais.<\/p>\n<p data-start=\"3818\" data-end=\"4211\">As imagens do produto tamb\u00e9m sugerem <strong data-start=\"3850\" data-end=\"3899\">v\u00e1rios estilos de materiais para as correias ou de tecidos<\/strong>, O formato de lanyard \u00e9 o mais adequado para o utilizador, dando-lhe mais espa\u00e7o para criar o equil\u00edbrio certo entre cor, textura e apresenta\u00e7\u00e3o da impress\u00e3o. Quer necessite de uma fita de identifica\u00e7\u00e3o de estilo empresarial, de um brinde arrojado para uma confer\u00eancia ou de um acess\u00f3rio escolar colorido, este formato de fita oferece uma combina\u00e7\u00e3o fi\u00e1vel de fun\u00e7\u00e3o di\u00e1ria e valor visual de marca.<\/p>\n<p data-start=\"4213\" data-end=\"4658\">Uma vez que as lanyards s\u00e3o usadas ou transportadas repetidamente, continuam a promover um log\u00f3tipo ap\u00f3s o evento ou campanha original ter terminado. Isto torna-os num dos produtos promocionais de baixo volume mais \u00fateis para as organiza\u00e7\u00f5es que pretendem <strong data-start=\"4439\" data-end=\"4467\">exposi\u00e7\u00e3o da marca a longo prazo<\/strong>. \u00c9 frequente as pessoas continuarem a utiliz\u00e1-los como crach\u00e1s de trabalho, cart\u00f5es de campus, chaves de escrit\u00f3rio, acesso a edif\u00edcios ou acess\u00f3rios pessoais, o que ajuda a alargar a visibilidade da sua marca muito para al\u00e9m de uma oferta \u00fanica.<\/p>\n<p data-start=\"4660\" data-end=\"4941\">Este cord\u00e3o de seguran\u00e7a personalizado \u00e9 uma boa escolha para empresas e organiza\u00e7\u00f5es que procuram um <strong data-start=\"4756\" data-end=\"4816\">produto funcional, personaliz\u00e1vel e f\u00e1cil de distribuir<\/strong>. \u00c9 suficientemente simples para ser utilizado em eventos de grande volume, mas suficientemente atrativo para funcionar como mercadoria de marca ou acess\u00f3rios para o pessoal.<\/p>\n<p data-start=\"4943\" data-end=\"5695\"><strong data-start=\"4943\" data-end=\"4959\">Carater\u00edsticas principais<\/strong><br data-start=\"4959\" data-end=\"4962\" \/>\u2022 <strong data-start=\"4964\" data-end=\"5000\">Cord\u00e3o de seguran\u00e7a com impress\u00e3o personalizada<\/strong> para eventos, utiliza\u00e7\u00e3o pelo pessoal e promo\u00e7\u00f5es<br data-start=\"5038\" data-end=\"5041\" \/>\u2022 <strong data-start=\"5043\" data-end=\"5071\">Fivela de pl\u00e1stico amov\u00edvel<\/strong> para maior comodidade e flexibilidade<br data-start=\"5109\" data-end=\"5112\" \/>\u2022 <strong data-start=\"5114\" data-end=\"5151\">Fecho girat\u00f3rio de metal \/ gancho de lagosta<\/strong> para chaves, cart\u00f5es e porta-cart\u00f5es<br data-start=\"5186\" data-end=\"5189\" \/>\u2022 <strong data-start=\"5191\" data-end=\"5219\">Bracelete impressa a cores<\/strong> com log\u00f3tipo, texto e arte decorativa<br data-start=\"5259\" data-end=\"5262\" \/>\u2022 <strong data-start=\"5264\" data-end=\"5303\">Dispon\u00edvel em v\u00e1rias op\u00e7\u00f5es de largura<\/strong> apresentados como 1 cm, 1,2 cm, 1,5 cm e 2 cm<br data-start=\"5343\" data-end=\"5346\" \/>\u2022 <strong data-start=\"5348\" data-end=\"5400\">Funciona bem com suportes de cart\u00f5es e acess\u00f3rios de identifica\u00e7\u00e3o<\/strong> apresentado nas imagens do produto<br data-start=\"5428\" data-end=\"5431\" \/>\u2022 <strong data-start=\"5433\" data-end=\"5509\">Adequado para confer\u00eancias, escolas, escrit\u00f3rios, feiras comerciais e exposi\u00e7\u00f5es<\/strong><br data-start=\"5509\" data-end=\"5512\" \/>\u2022 <strong data-start=\"5514\" data-end=\"5570\">\u00datil para uso di\u00e1rio e exposi\u00e7\u00e3o repetida \u00e0 marca<\/strong><br data-start=\"5570\" data-end=\"5573\" \/>\u2022 <strong data-start=\"5575\" data-end=\"5605\">F\u00e1cil de distribuir a granel<\/strong> para campanhas e eventos<br data-start=\"5630\" data-end=\"5633\" \/>\u2022 <strong data-start=\"5635\" data-end=\"5693\">Uma alternativa mais flex\u00edvel aos cord\u00f5es de seguran\u00e7a normais<\/strong><\/p>\n<p data-start=\"5697\" data-end=\"6309\"><strong data-start=\"5697\" data-end=\"5715\">Especifica\u00e7\u00f5es<\/strong><br data-start=\"5715\" data-end=\"5718\" \/>Tipo de produto: Cord\u00e3o de seguran\u00e7a com impress\u00e3o personalizada<br data-start=\"5764\" data-end=\"5767\" \/>Estilo: Cord\u00e3o de pesco\u00e7o \/ cord\u00e3o de identifica\u00e7\u00e3o \/ correia para eventos<br data-start=\"5813\" data-end=\"5816\" \/>Material: Correia de tecido com fivela de pl\u00e1stico e ferragens de metal<br data-start=\"5877\" data-end=\"5880\" \/>Fixa\u00e7\u00e3o: Fecho girat\u00f3rio de metal \/ gancho de lagosta<br data-start=\"5925\" data-end=\"5928\" \/>Elemento de liberta\u00e7\u00e3o: Fivela de abertura<br data-start=\"5961\" data-end=\"5964\" \/>Op\u00e7\u00f5es de largura apresentadas nas imagens: 1 cm \/ 1,2 cm \/ 1,5 cm \/ 2 cm<br data-start=\"6024\" data-end=\"6027\" \/>Estilo do log\u00f3tipo: Log\u00f3tipo impresso a cores e trabalho art\u00edstico personalizado<br data-start=\"6081\" data-end=\"6084\" \/>Acess\u00f3rios opcionais apresentados nas imagens: Porta-crach\u00e1, enrolador de crach\u00e1, emparelhamento de porta-cart\u00f5es<br data-start=\"6167\" data-end=\"6170\" \/>Utiliza\u00e7\u00e3o: Cart\u00f5es de identifica\u00e7\u00e3o, crach\u00e1s, passes de visitantes, chaves, cart\u00f5es de acesso, acess\u00f3rios ligeiros<br data-start=\"6246\" data-end=\"6249\" \/>Tema: Eventos, utiliza\u00e7\u00e3o pelo pessoal, confer\u00eancias, escolas, promo\u00e7\u00f5es<\/p>\n<p data-start=\"6311\" data-end=\"6880\"><strong data-start=\"6311\" data-end=\"6338\">Porqu\u00ea escolher este produto<\/strong><br data-start=\"6338\" data-end=\"6341\" \/>Este produto oferece um forte equil\u00edbrio de <strong data-start=\"6381\" data-end=\"6451\">visibilidade da marca, fun\u00e7\u00e3o di\u00e1ria e flexibilidade de personaliza\u00e7\u00e3o<\/strong>. Em compara\u00e7\u00e3o com um cord\u00e3o simples, oferece mais espa\u00e7o para trabalhos art\u00edsticos personalizados, mais impacto visual e a conveni\u00eancia adicional de uma fivela de seguran\u00e7a. \u00c9 leve, pr\u00e1tico e f\u00e1cil de distribuir em eventos, mas tamb\u00e9m tem valor quotidiano suficiente para que os utilizadores o guardem e continuem a utiliz\u00e1-lo. Para marcas, escolas e organiza\u00e7\u00f5es que procuram um acess\u00f3rio de identifica\u00e7\u00e3o \u00fatil e profissional, esta \u00e9 uma op\u00e7\u00e3o fi\u00e1vel.<\/p>\n<p data-start=\"6882\" data-end=\"7182\"><strong data-start=\"6882\" data-end=\"6895\">Ideal para<\/strong><br data-start=\"6895\" data-end=\"6898\" \/>- Confer\u00eancias e feiras<br data-start=\"6927\" data-end=\"6930\" \/>- Utiliza\u00e7\u00e3o do cart\u00e3o de identifica\u00e7\u00e3o da escola e do campus<br data-start=\"6956\" data-end=\"6959\" \/>- Identifica\u00e7\u00e3o do pessoal do escrit\u00f3rio<br data-start=\"6988\" data-end=\"6991\" \/>- Titulares de passes para visitantes<br data-start=\"7013\" data-end=\"7016\" \/>- Programas de registo de eventos<br data-start=\"7045\" data-end=\"7048\" \/>- Cart\u00f5es de s\u00f3cio e utiliza\u00e7\u00e3o do clube<br data-start=\"7079\" data-end=\"7082\" \/>- Promo\u00e7\u00f5es empresariais<br data-start=\"7104\" data-end=\"7107\" \/>- Brindes da exposi\u00e7\u00e3o<br data-start=\"7129\" data-end=\"7132\" \/>- Mercadoria da empresa<br data-start=\"7153\" data-end=\"7156\" \/>- Porta-chaves e porta-crach\u00e1s<\/p>\n<p data-start=\"7184\" data-end=\"7193\"><strong data-start=\"7184\" data-end=\"7191\">FAQ<\/strong><\/p>\n<p data-start=\"7195\" data-end=\"7360\"><strong data-start=\"7195\" data-end=\"7242\">Este lanyard pode ser personalizado com um log\u00f3tipo?<\/strong><br data-start=\"7242\" data-end=\"7245\" \/>Sim. A bracelete pode ser personalizada com <strong data-start=\"7283\" data-end=\"7357\">impress\u00e3o de log\u00f3tipos a cores, arte repetida, texto e padr\u00f5es gr\u00e1ficos<\/strong>.<\/p>\n<p data-start=\"7362\" data-end=\"7503\"><strong data-start=\"7362\" data-end=\"7408\">Este cord\u00e3o de seguran\u00e7a tem uma fivela de seguran\u00e7a?<\/strong><br data-start=\"7408\" data-end=\"7411\" \/>Sim. As imagens do produto mostram um <strong data-start=\"7442\" data-end=\"7470\">fivela de pl\u00e1stico amov\u00edvel<\/strong> design para uma liberta\u00e7\u00e3o c\u00f3moda.<\/p>\n<p data-start=\"7505\" data-end=\"7658\"><strong data-start=\"7505\" data-end=\"7543\">Para que \u00e9 que este cord\u00e3o de seguran\u00e7a pode ser utilizado?<\/strong><br data-start=\"7543\" data-end=\"7546\" \/>Pode ser utilizado para <strong data-start=\"7565\" data-end=\"7655\">Cart\u00f5es de identifica\u00e7\u00e3o, crach\u00e1s, passes de pessoal, cart\u00f5es de visitantes, chaves e outros acess\u00f3rios leves<\/strong>.<\/p>\n<p data-start=\"7660\" data-end=\"7789\"><strong data-start=\"7660\" data-end=\"7694\">Inclui um fecho de metal?<\/strong><br data-start=\"7694\" data-end=\"7697\" \/>Sim. O acess\u00f3rio inferior apresentado nas imagens \u00e9 um <strong data-start=\"7749\" data-end=\"7786\">fecho girat\u00f3rio de metal \/ gancho de lagosta<\/strong>.<\/p>\n<p data-start=\"7791\" data-end=\"7935\"><strong data-start=\"7791\" data-end=\"7832\">Pode ser emparelhado com um porta-crach\u00e1?<\/strong><br data-start=\"7832\" data-end=\"7835\" \/>Sim. As imagens do produto mostram-no a ser utilizado em conjunto com <strong data-start=\"7892\" data-end=\"7932\">acess\u00f3rios para porta-cart\u00f5es e cart\u00f5es de identifica\u00e7\u00e3o<\/strong>.<\/p>\n<p data-start=\"7937\" data-end=\"8071\"><strong data-start=\"7937\" data-end=\"7974\">Que op\u00e7\u00f5es de largura est\u00e3o dispon\u00edveis?<\/strong><br data-start=\"7974\" data-end=\"7977\" \/>A sele\u00e7\u00e3o de largura apresentada nas imagens inclui <strong data-start=\"8026\" data-end=\"8060\">1 cm, 1,2 cm, 1,5 cm e 2 cm<\/strong> op\u00e7\u00f5es.<\/p>\n<p data-start=\"8073\" data-end=\"8255\"><strong data-start=\"8073\" data-end=\"8116\">A bracelete pode ser impressa a cores?<\/strong><br data-start=\"8116\" data-end=\"8119\" \/>Sim. As imagens mostram claramente <strong data-start=\"8148\" data-end=\"8184\">desenhos de braceletes impressos a cores<\/strong>, incluindo cores s\u00f3lidas, riscas, padr\u00f5es florais e log\u00f3tipos.<\/p>\n<p data-start=\"8257\" data-end=\"8425\"><strong data-start=\"8257\" data-end=\"8313\">Este produto \u00e9 adequado para eventos e confer\u00eancias?<\/strong><br data-start=\"8313\" data-end=\"8316\" \/>Sim. \u00c9 ideal para <strong data-start=\"8337\" data-end=\"8422\">feiras comerciais, confer\u00eancias, exposi\u00e7\u00f5es, programas de registo e utiliza\u00e7\u00e3o de crach\u00e1s de eventos<\/strong>.<\/p>\n<p data-start=\"8427\" data-end=\"8592\"><strong data-start=\"8427\" data-end=\"8472\">As escolas e os escrit\u00f3rios podem utilizar este cord\u00e3o?<\/strong><br data-start=\"8472\" data-end=\"8475\" \/>Sim. \u00c9 uma boa op\u00e7\u00e3o para <strong data-start=\"8503\" data-end=\"8589\">cart\u00f5es de identifica\u00e7\u00e3o da escola, cart\u00f5es de acesso aos escrit\u00f3rios, identifica\u00e7\u00e3o do pessoal e transporte di\u00e1rio de chaves<\/strong>.<\/p>\n<p data-start=\"8594\" data-end=\"8805\"><strong data-start=\"8594\" data-end=\"8637\">Porque \u00e9 que este \u00e9 um bom produto promocional?<\/strong><br data-start=\"8637\" data-end=\"8640\" \/>Porque \u00e9 <strong data-start=\"8654\" data-end=\"8726\">\u00fateis, f\u00e1ceis de usar, f\u00e1ceis de personalizar e frequentemente reutilizados ap\u00f3s um evento<\/strong>, A sua utiliza\u00e7\u00e3o \u00e9 muito mais duradoura do que a de muitos brindes \u00fanicos.<\/p>\n<p data-start=\"8807\" data-end=\"8968\" data-is-last-node=\"\" data-is-only-node=\"\">","protected":false},"excerpt":{"rendered":"<p>Este cord\u00e3o de seguran\u00e7a com impress\u00e3o personalizada foi concebido para crach\u00e1s de eventos, identifica\u00e7\u00f5es de pessoal, chaves e utiliza\u00e7\u00e3o promocional. Com tecido impresso a cores, uma fivela de seguran\u00e7a, fecho de metal e larguras personaliz\u00e1veis, \u00e9 uma op\u00e7\u00e3o pr\u00e1tica e altamente vis\u00edvel para confer\u00eancias, escolas, escrit\u00f3rios, exposi\u00e7\u00f5es e brindes de marca.<\/p>","protected":false},"featured_media":47536,"template":"","meta":{"_gspb_post_css":""},"product_brand":[],"product_cat":[35],"product_tag":[],"class_list":{"0":"post-47535","1":"product","2":"type-product","3":"status-publish","4":"has-post-thumbnail","6":"product_cat-tradeshow-events","8":"first","9":"instock","10":"shipping-taxable","11":"product-type-simple"},"_links":{"self":[{"href":"https:\/\/globalgiftsupplier.com\/pt\/wp-json\/wp\/v2\/product\/47535","targetHints":{"allow":["GET"]}}],"collection":[{"href":"https:\/\/globalgiftsupplier.com\/pt\/wp-json\/wp\/v2\/product"}],"about":[{"href":"https:\/\/globalgiftsupplier.com\/pt\/wp-json\/wp\/v2\/types\/product"}],"wp:featuredmedia":[{"embeddable":true,"href":"https:\/\/globalgiftsupplier.com\/pt\/wp-json\/wp\/v2\/media\/47536"}],"wp:attachment":[{"href":"https:\/\/globalgiftsupplier.com\/pt\/wp-json\/wp\/v2\/media?parent=47535"}],"wp:term":[{"taxonomy":"product_brand","embeddable":true,"href":"https:\/\/globalgiftsupplier.com\/pt\/wp-json\/wp\/v2\/product_brand?post=47535"},{"taxonomy":"product_cat","embeddable":true,"href":"https:\/\/globalgiftsupplier.com\/pt\/wp-json\/wp\/v2\/product_cat?post=47535"},{"taxonomy":"product_tag","embeddable":true,"href":"https:\/\/globalgiftsupplier.com\/pt\/wp-json\/wp\/v2\/product_tag?post=47535"}],"curies":[{"name":"wp","href":"https:\/\/api.w.org\/{rel}","templated":true}]}}