{"id":47520,"date":"2026-03-31T15:29:01","date_gmt":"2026-03-31T15:29:01","guid":{"rendered":"https:\/\/globalgiftsupplier.com\/?post_type=product&#038;p=47520"},"modified":"2026-03-31T15:29:01","modified_gmt":"2026-03-31T15:29:01","slug":"custom-printed-lanyard-with-metal-clasp-and-logo","status":"publish","type":"product","link":"https:\/\/globalgiftsupplier.com\/pt\/product\/custom-printed-lanyard-with-metal-clasp-and-logo\/","title":{"rendered":"Lanyard impresso personalizado com fecho de metal e log\u00f3tipo"},"content":{"rendered":"<p data-start=\"1590\" data-end=\"2132\">Este <strong data-start=\"1621\" data-end=\"1647\">cord\u00f5es impressos personalizados<\/strong> \u00e9 um acess\u00f3rio promocional pr\u00e1tico e de alta visibilidade concebido para eventos, escrit\u00f3rios, escolas, programas de retalho e mercadorias de marca. Com a sua constru\u00e7\u00e3o de al\u00e7a longa, fecho de metal seguro e apresenta\u00e7\u00e3o clara do log\u00f3tipo, funciona bem como um artigo \u00fatil para o dia a dia, ao mesmo tempo que d\u00e1 \u00e0 sua marca uma exposi\u00e7\u00e3o repetida em ambientes p\u00fablicos. Quer seja utilizado para chaves, crach\u00e1s, porta-identifica\u00e7\u00f5es, porta-cart\u00f5es, pequenos acess\u00f3rios ou passes para eventos, este cord\u00e3o combina comodidade com um forte valor de marca.<\/p>\n<p data-start=\"2134\" data-end=\"2649\">O produto possui um <strong data-start=\"2157\" data-end=\"2181\">design de al\u00e7a impressa<\/strong> com um aspeto limpo e moderno que pode ser personalizado com diferentes cores, padr\u00f5es gr\u00e1ficos e estilos de log\u00f3tipo. Com base nas imagens do produto, este estilo funciona especialmente bem para marcas que pretendem algo visualmente mais interessante do que uma simples fita. Em vez de uma correia b\u00e1sica de uma cor, oferece espa\u00e7o para <strong data-start=\"2485\" data-end=\"2557\">padr\u00f5es decorativos, trabalhos art\u00edsticos repetidos e apresenta\u00e7\u00e3o de log\u00f3tipos de qualidade superior<\/strong>, A sua marca \u00e9 a mais moderna, ajudando o seu produto a parecer mais elegante e mais memor\u00e1vel em brindes ou na utiliza\u00e7\u00e3o pelo pessoal.<\/p>\n<p data-start=\"2651\" data-end=\"3210\">A <strong data-start=\"2653\" data-end=\"2675\">fecho girat\u00f3rio de metal<\/strong> est\u00e1 preso na extremidade da correia para uma utiliza\u00e7\u00e3o pr\u00e1tica no dia a dia. Este estilo de gancho \u00e9 adequado para prender chaves, capas de cart\u00f5es, porta-identificadores, passes de acesso, puxadores de fecho de correr e acess\u00f3rios leves. As ferragens met\u00e1licas tamb\u00e9m conferem um aspeto mais polido em compara\u00e7\u00e3o com as ferragens de pl\u00e1stico de baixo custo, fazendo com que a correia pare\u00e7a mais premium para brindes de empresas, materiais para eventos e mercadorias de retalho. Algumas das vers\u00f5es ilustradas tamb\u00e9m apresentam ferragens em diferentes acabamentos met\u00e1licos, o que pode ajudar as marcas a combinarem melhor o seu estilo visual.<\/p>\n<p data-start=\"3212\" data-end=\"3681\">Outra carater\u00edstica forte deste estilo de cord\u00e3o \u00e9 a sua <strong data-start=\"3264\" data-end=\"3292\">apresenta\u00e7\u00e3o de log\u00f3tipo personalizado<\/strong>. As imagens mostram a decora\u00e7\u00e3o da correia impressa e os elementos de marca do log\u00f3tipo em relevo, que ajudam o produto a parecer mais personalizado e mais centrado na marca. Isto faz com que seja uma boa escolha para as empresas que pretendem mais do que uma simples correia para eventos. Pode funcionar como um acess\u00f3rio de marca que os clientes, os funcion\u00e1rios ou os participantes no evento continuam a utilizar ap\u00f3s o fim da campanha ou do evento original.<\/p>\n<p data-start=\"3683\" data-end=\"4118\">Uma vez que as lanyards s\u00e3o amplamente utilizadas em confer\u00eancias, feiras, exposi\u00e7\u00f5es, escolas, escrit\u00f3rios e eventos p\u00fablicos, s\u00e3o um dos produtos promocionais mais pr\u00e1ticos para uma exposi\u00e7\u00e3o a longo prazo. As pessoas usam-nas \u00e0 volta do pesco\u00e7o, prendem-nas \u00e0s chaves ou usam-nas como porta-cart\u00f5es todos os dias. Isto significa que a sua marca permanece vis\u00edvel n\u00e3o s\u00f3 durante o evento em si, mas tamb\u00e9m depois, nas desloca\u00e7\u00f5es, no trabalho de escrit\u00f3rio e nas rotinas di\u00e1rias.<\/p>\n<p data-start=\"4120\" data-end=\"4573\">Este produto tamb\u00e9m \u00e9 adequado para <strong data-start=\"4156\" data-end=\"4199\">colec\u00e7\u00f5es promocionais de moda<\/strong> porque a bracelete pode ser adaptada a diferentes padr\u00f5es e combina\u00e7\u00f5es de cores. Desde estilos geom\u00e9tricos arrojados a estampados florais e cores vivas da marca, pode ser personalizada para a identidade da empresa, temas de eventos, lan\u00e7amentos de produtos, merchandise para adeptos, marcas universit\u00e1rias, promo\u00e7\u00f5es de retalho e campanhas comunit\u00e1rias. \u00c9 simples, \u00fatil, f\u00e1cil de distribuir e visualmente eficaz.<\/p>\n<p data-start=\"4575\" data-end=\"4943\">Para as empresas que procuram um acess\u00f3rio pouco volumoso mas de elevada visibilidade, esta fita personalizada oferece um forte equil\u00edbrio entre fun\u00e7\u00e3o, estilo e flexibilidade de marca. \u00c9 adequado para <strong data-start=\"4752\" data-end=\"4861\">brindes para eventos, acess\u00f3rios para o pessoal, presentes para clientes, programas de lembran\u00e7as e colec\u00e7\u00f5es de mercadorias personalizadas<\/strong>, O seu design e a sua forma de apresenta\u00e7\u00e3o, tornando-o um dos artigos mais vers\u00e1teis na categoria de feiras e eventos.<\/p>\n<p data-start=\"4945\" data-end=\"5608\"><strong data-start=\"4945\" data-end=\"4961\">Carater\u00edsticas principais<\/strong><br data-start=\"4961\" data-end=\"4964\" \/>\u2022 <strong data-start=\"4966\" data-end=\"4999\">Design de cord\u00f5es impressos personalizados<\/strong> para uso em eventos e promo\u00e7\u00f5es<br data-start=\"5029\" data-end=\"5032\" \/>\u2022 <strong data-start=\"5034\" data-end=\"5060\">Fecho de metal<\/strong> para chaves, crach\u00e1s, suportes e acess\u00f3rios<br data-start=\"5103\" data-end=\"5106\" \/>\u2022 <strong data-start=\"5108\" data-end=\"5134\">Forte visibilidade do log\u00f3tipo<\/strong> na bracelete e na zona da marca<br data-start=\"5165\" data-end=\"5168\" \/>\u2022 <strong data-start=\"5170\" data-end=\"5225\">Adequado para padr\u00f5es a cores e trabalhos art\u00edsticos personalizados<\/strong><br data-start=\"5225\" data-end=\"5228\" \/>\u2022 <strong data-start=\"5230\" data-end=\"5255\">\u00datil para uso di\u00e1rio<\/strong> em escrit\u00f3rios, escolas, eventos e exposi\u00e7\u00f5es<br data-start=\"5300\" data-end=\"5303\" \/>\u2022 <strong data-start=\"5305\" data-end=\"5344\">Aspeto profissional e elegante<\/strong> em compara\u00e7\u00e3o com os cord\u00f5es normais<br data-start=\"5382\" data-end=\"5385\" \/>\u2022 <strong data-start=\"5387\" data-end=\"5443\">Dispon\u00edvel em v\u00e1rios estilos de padr\u00f5es e cores<\/strong> com base nas imagens do produto<br data-start=\"5471\" data-end=\"5474\" \/>\u2022 <strong data-start=\"5476\" data-end=\"5537\">Ideal para brindes, mercadorias e identifica\u00e7\u00e3o do pessoal<\/strong><br data-start=\"5537\" data-end=\"5540\" \/>\u2022 <strong data-start=\"5542\" data-end=\"5582\">F\u00e1cil de transportar e f\u00e1cil de distribuir<\/strong> em eventos e campanhas<\/p>\n<p data-start=\"5610\" data-end=\"6152\"><strong data-start=\"5610\" data-end=\"5628\">Especifica\u00e7\u00f5es<\/strong><br data-start=\"5628\" data-end=\"5631\" \/>Tipo de produto: Lanyard com impress\u00e3o personalizada<br data-start=\"5667\" data-end=\"5670\" \/>Estilo: Fita para o pesco\u00e7o \/ fita promocional<br data-start=\"5709\" data-end=\"5712\" \/>Material: Bracelete em tecido com ferragens met\u00e1licas<br data-start=\"5754\" data-end=\"5757\" \/>Fixa\u00e7\u00e3o: Fecho girat\u00f3rio de metal \/ gancho de lagosta<br data-start=\"5802\" data-end=\"5805\" \/>Op\u00e7\u00f5es de log\u00f3tipo: Apresenta\u00e7\u00e3o do log\u00f3tipo impresso \/ log\u00f3tipo decorativo<br data-start=\"5862\" data-end=\"5865\" \/>Estilo do padr\u00e3o: Padr\u00e3o personalizado a cores dispon\u00edvel<br data-start=\"5915\" data-end=\"5918\" \/>Acabamento das ferragens: tom prateado, tom dourado, tom dourado rosa apresentados nas imagens do produto<br data-start=\"5997\" data-end=\"6000\" \/>Utiliza\u00e7\u00e3o: Chaves, crach\u00e1s, porta-cart\u00f5es de identifica\u00e7\u00e3o, porta-passe, capas para cart\u00f5es, acess\u00f3rios leves<br data-start=\"6082\" data-end=\"6085\" \/>Tema: Eventos, promo\u00e7\u00f5es, utiliza\u00e7\u00e3o pelo pessoal, mercadorias<br data-start=\"6134\" data-end=\"6137\" \/>Origem: China<\/p>\n<p data-start=\"6154\" data-end=\"6731\"><strong data-start=\"6154\" data-end=\"6181\">Porqu\u00ea escolher este produto<\/strong><br data-start=\"6181\" data-end=\"6184\" \/>Este lanyard oferece uma forte combina\u00e7\u00e3o de <strong data-start=\"6228\" data-end=\"6304\">fun\u00e7\u00e3o pr\u00e1tica, personaliza\u00e7\u00e3o visual e exposi\u00e7\u00e3o repetida da marca<\/strong>. \u00c9 mais elegante do que um simples cord\u00e3o b\u00e1sico, mais f\u00e1cil de personalizar com trabalhos art\u00edsticos e cores e \u00fatil numa vasta gama de ambientes empresariais e de eventos. Uma vez que pode continuar a ser utilizado ap\u00f3s o evento ou promo\u00e7\u00e3o original, d\u00e1 ao seu log\u00f3tipo mais visibilidade a longo prazo do que muitos produtos de oferta \u00fanica. Para as marcas que pretendem um artigo simples com grande utilidade di\u00e1ria e valor de personaliza\u00e7\u00e3o, esta \u00e9 uma escolha fi\u00e1vel.<\/p>\n<p data-start=\"6733\" data-end=\"7041\"><strong data-start=\"6733\" data-end=\"6746\">Ideal para<\/strong><br data-start=\"6746\" data-end=\"6749\" \/>- Brindes para feiras<br data-start=\"6771\" data-end=\"6774\" \/>- Confer\u00eancias e exposi\u00e7\u00f5es<br data-start=\"6803\" data-end=\"6806\" \/>- Eventos empresariais<br data-start=\"6824\" data-end=\"6827\" \/>- Identifica\u00e7\u00e3o do pessoal e utiliza\u00e7\u00e3o no escrit\u00f3rio<br data-start=\"6852\" data-end=\"6855\" \/>- Programas escolares e universit\u00e1rios<br data-start=\"6887\" data-end=\"6890\" \/>- Acess\u00f3rios para s\u00f3cios e clubes<br data-start=\"6923\" data-end=\"6926\" \/>- Colec\u00e7\u00f5es de mercadorias a retalho<br data-start=\"6958\" data-end=\"6961\" \/>- Campanhas de lan\u00e7amento de marcas<br data-start=\"6985\" data-end=\"6988\" \/>- Titulares de passes para eventos<br data-start=\"7008\" data-end=\"7011\" \/>- Utiliza\u00e7\u00e3o para transporte de chaves e distintivos<\/p>\n<p data-start=\"7043\" data-end=\"7052\"><strong data-start=\"7043\" data-end=\"7050\">FAQ<\/strong><\/p>\n<p data-start=\"7054\" data-end=\"7252\"><strong data-start=\"7054\" data-end=\"7101\">Este lanyard pode ser personalizado com um log\u00f3tipo?<\/strong><br data-start=\"7101\" data-end=\"7104\" \/>Sim. A correia pode ser personalizada com o seu log\u00f3tipo, trabalho art\u00edstico ou padr\u00e3o de marca e as imagens do produto tamb\u00e9m mostram op\u00e7\u00f5es decorativas de apresenta\u00e7\u00e3o do log\u00f3tipo.<\/p>\n<p data-start=\"7254\" data-end=\"7413\"><strong data-start=\"7254\" data-end=\"7292\">Para que \u00e9 que este cord\u00e3o de seguran\u00e7a pode ser utilizado?<\/strong><br data-start=\"7292\" data-end=\"7295\" \/>Pode ser utilizada para chaves, crach\u00e1s, porta-cart\u00f5es de identifica\u00e7\u00e3o, capas para cart\u00f5es, passes para eventos e outros acess\u00f3rios leves para o dia a dia.<\/p>\n<p data-start=\"7415\" data-end=\"7563\"><strong data-start=\"7415\" data-end=\"7448\">Inclui um gancho met\u00e1lico?<\/strong><br data-start=\"7448\" data-end=\"7451\" \/>Sim. O cord\u00e3o de seguran\u00e7a \u00e9 apresentado com um <strong data-start=\"7484\" data-end=\"7521\">fecho girat\u00f3rio de metal \/ gancho de lagosta<\/strong> para fixar de forma segura diferentes objectos.<\/p>\n<p data-start=\"7565\" data-end=\"7778\"><strong data-start=\"7565\" data-end=\"7621\">Este produto \u00e9 adequado para feiras e eventos?<\/strong><br data-start=\"7621\" data-end=\"7624\" \/>Sim. \u00c9 uma boa escolha para confer\u00eancias, exposi\u00e7\u00f5es, feiras comerciais e identifica\u00e7\u00e3o do pessoal, porque \u00e9 pr\u00e1tico, vis\u00edvel e f\u00e1cil de distribuir.<\/p>\n<p data-start=\"7780\" data-end=\"7940\"><strong data-start=\"7780\" data-end=\"7823\">A bracelete pode ser impressa a cores?<\/strong><br data-start=\"7823\" data-end=\"7826\" \/>Sim. Com base nas imagens do produto, este estilo \u00e9 adequado para <strong data-start=\"7887\" data-end=\"7937\">padr\u00f5es a cores e desenhos gr\u00e1ficos personalizados<\/strong>.<\/p>\n<p data-start=\"7942\" data-end=\"8108\"><strong data-start=\"7942\" data-end=\"7986\">Est\u00e3o dispon\u00edveis diferentes cores de hardware?<\/strong><br data-start=\"7986\" data-end=\"7989\" \/>As imagens do produto mostram diferentes acabamentos met\u00e1licos, incluindo <strong data-start=\"8052\" data-end=\"8098\">tom de prata, tom de ouro e tom de ouro rosa<\/strong> estilos.<\/p>\n<p data-start=\"8110\" data-end=\"8288\"><strong data-start=\"8110\" data-end=\"8147\">Isto \u00e9 apenas para eventos empresariais?<\/strong><br data-start=\"8147\" data-end=\"8150\" \/>N\u00e3o. Tamb\u00e9m pode ser utilizado para escolas, clubes, artigos para f\u00e3s, acess\u00f3rios de retalho, lembran\u00e7as tur\u00edsticas e colec\u00e7\u00f5es promocionais de marca.<\/p>\n<p data-start=\"8290\" data-end=\"8478\"><strong data-start=\"8290\" data-end=\"8333\">Porque \u00e9 que este \u00e9 um bom produto promocional?<\/strong><br data-start=\"8333\" data-end=\"8336\" \/>Por ser \u00fatil, us\u00e1vel, f\u00e1cil de marcar e frequentemente reutilizado ap\u00f3s o evento original, ajuda a manter o seu log\u00f3tipo vis\u00edvel durante mais tempo.<\/p>\n<p data-start=\"8480\" data-end=\"8646\" data-is-last-node=\"\" data-is-only-node=\"\">","protected":false},"excerpt":{"rendered":"<p>Esta fita impressa personalizada com fecho de metal \u00e9 um acess\u00f3rio promocional elegante e pr\u00e1tico para eventos, crach\u00e1s, chaves e objectos de uso di\u00e1rio. Com uma correia impressa a cores, um gancho de metal seguro e uma \u00e1rea vis\u00edvel para o log\u00f3tipo, \u00e9 uma boa escolha para feiras comerciais, identifica\u00e7\u00e3o de pessoal, mercadoria da empresa e brindes de marca. Os v\u00e1rios estilos de padr\u00f5es e acabamentos de hardware ajudam a criar um aspeto personalizado de maior qualidade.<\/p>","protected":false},"featured_media":47521,"template":"","meta":{"_gspb_post_css":""},"product_brand":[],"product_cat":[35],"product_tag":[],"class_list":{"0":"post-47520","1":"product","2":"type-product","3":"status-publish","4":"has-post-thumbnail","6":"product_cat-tradeshow-events","8":"first","9":"instock","10":"shipping-taxable","11":"product-type-simple"},"_links":{"self":[{"href":"https:\/\/globalgiftsupplier.com\/pt\/wp-json\/wp\/v2\/product\/47520","targetHints":{"allow":["GET"]}}],"collection":[{"href":"https:\/\/globalgiftsupplier.com\/pt\/wp-json\/wp\/v2\/product"}],"about":[{"href":"https:\/\/globalgiftsupplier.com\/pt\/wp-json\/wp\/v2\/types\/product"}],"wp:featuredmedia":[{"embeddable":true,"href":"https:\/\/globalgiftsupplier.com\/pt\/wp-json\/wp\/v2\/media\/47521"}],"wp:attachment":[{"href":"https:\/\/globalgiftsupplier.com\/pt\/wp-json\/wp\/v2\/media?parent=47520"}],"wp:term":[{"taxonomy":"product_brand","embeddable":true,"href":"https:\/\/globalgiftsupplier.com\/pt\/wp-json\/wp\/v2\/product_brand?post=47520"},{"taxonomy":"product_cat","embeddable":true,"href":"https:\/\/globalgiftsupplier.com\/pt\/wp-json\/wp\/v2\/product_cat?post=47520"},{"taxonomy":"product_tag","embeddable":true,"href":"https:\/\/globalgiftsupplier.com\/pt\/wp-json\/wp\/v2\/product_tag?post=47520"}],"curies":[{"name":"wp","href":"https:\/\/api.w.org\/{rel}","templated":true}]}}