{"id":47497,"date":"2026-03-31T10:03:00","date_gmt":"2026-03-31T10:03:00","guid":{"rendered":"https:\/\/globalgiftsupplier.com\/?post_type=product&#038;p=47497"},"modified":"2026-03-31T10:03:01","modified_gmt":"2026-03-31T10:03:01","slug":"custom-felt-bedside-storage-caddy-with-cup-holder","status":"publish","type":"product","link":"https:\/\/globalgiftsupplier.com\/pt\/product\/custom-felt-bedside-storage-caddy-with-cup-holder\/","title":{"rendered":"Caixa de arruma\u00e7\u00e3o de cabeceira em feltro personalizada com suporte para copos"},"content":{"rendered":"<p data-start=\"1340\" data-end=\"1621\">Esta caixa de arruma\u00e7\u00e3o de cabeceira em feltro personalizada \u00e9 um organizador pr\u00e1tico concebido para camas, sof\u00e1s, dormit\u00f3rios e espa\u00e7os de conv\u00edvio. Fabricado em feltro espesso, oferece uma forma suave mas estruturada que ajuda a manter os objectos pessoais arrumados, vis\u00edveis e de f\u00e1cil acesso.<\/p>\n<p data-start=\"1623\" data-end=\"2006\">O design inclui um painel traseiro grande que desliza sob um colch\u00e3o, almofada ou borda do assento para uma coloca\u00e7\u00e3o est\u00e1vel. Os v\u00e1rios bolsos frontais proporcionam arruma\u00e7\u00e3o para telem\u00f3veis, comandos, \u00f3culos, computadores port\u00e1teis, carregadores e outros artigos de uso di\u00e1rio, enquanto o suporte lateral para copos \u00e9 pr\u00e1tico para garrafas, copos ou pequenos recipientes. Os detalhes em velcro antiderrapante ajudam a melhorar o posicionamento e a utiliza\u00e7\u00e3o quotidiana.<\/p>\n<p data-start=\"2008\" data-end=\"2293\">O seu aspeto simples e moderno torna-o adequado para quartos, dormit\u00f3rios, apartamentos, hot\u00e9is, hospitais e ambientes de cuidados. Com uma \u00e1rea frontal clara para a marca, tamb\u00e9m funciona bem como um artigo promocional personalizado para organiza\u00e7\u00e3o dom\u00e9stica, presentes para estudantes e colec\u00e7\u00f5es de estilo de vida pr\u00e1tico.<\/p>\n<p data-start=\"2295\" data-end=\"2650\"><strong data-start=\"2295\" data-end=\"2311\">Carater\u00edsticas principais<\/strong><br data-start=\"2311\" data-end=\"2314\" \/>Organizador de cabeceira em feltro espesso<br data-start=\"2342\" data-end=\"2345\" \/>Design de aba grande para uma coloca\u00e7\u00e3o segura<br data-start=\"2383\" data-end=\"2386\" \/>V\u00e1rios bolsos de arruma\u00e7\u00e3o \u00e0 frente<br data-start=\"2416\" data-end=\"2419\" \/>Pr\u00e1tico suporte lateral para copos<br data-start=\"2445\" data-end=\"2448\" \/>Suporte de velcro antiderrapante<br data-start=\"2472\" data-end=\"2475\" \/>Constru\u00e7\u00e3o macia e estruturada<br data-start=\"2507\" data-end=\"2510\" \/>F\u00e1cil de utilizar na cama, no sof\u00e1 ou na calha<br data-start=\"2543\" data-end=\"2546\" \/>Poupan\u00e7a de espa\u00e7o e port\u00e1til<br data-start=\"2571\" data-end=\"2574\" \/>Adequado para a cria\u00e7\u00e3o de log\u00f3tipos personalizados<br data-start=\"2607\" data-end=\"2610\" \/>Pr\u00e1tico para utiliza\u00e7\u00e3o em casa, no dormit\u00f3rio e em viagem<\/p>\n<p data-start=\"2652\" data-end=\"3177\"><strong data-start=\"2652\" data-end=\"2670\">Especifica\u00e7\u00f5es<\/strong><br data-start=\"2670\" data-end=\"2673\" \/>Tipo de produto: Caixa de arruma\u00e7\u00e3o para a cabeceira da cama<br data-start=\"2708\" data-end=\"2711\" \/>Material: Feltro<br data-start=\"2725\" data-end=\"2728\" \/>Carater\u00edsticas: Pendurado, port\u00e1til, reutiliz\u00e1vel, economizador de espa\u00e7o<br data-start=\"2778\" data-end=\"2781\" \/>Design: Aba de inser\u00e7\u00e3o grande com bolsos frontais e porta-copos lateral<br data-start=\"2845\" data-end=\"2848\" \/>Detalhe do suporte: Design antiderrapante com velcro<br data-start=\"2887\" data-end=\"2890\" \/>Personaliza\u00e7\u00e3o: Impress\u00e3o do log\u00f3tipo dispon\u00edvel<br data-start=\"2928\" data-end=\"2931\" \/>Cor apresentada: Cinzento, preto<br data-start=\"2955\" data-end=\"2958\" \/>Tamanho aproximado apresentado: 14,17 x 11,81 x 12,4 pol.<br data-start=\"3001\" data-end=\"3004\" \/>Aplica\u00e7\u00f5es: Telefone, telecomando, \u00f3culos, port\u00e1til, carregador, garrafa, pequenos acess\u00f3rios<br data-start=\"3085\" data-end=\"3088\" \/>Utiliza\u00e7\u00e3o: Cabeceira de cama, lado do sof\u00e1, beliche, cama de dormit\u00f3rio, cama de hospital, espregui\u00e7adeira<br data-start=\"3161\" data-end=\"3164\" \/>Origem: China<\/p>\n<p data-start=\"3179\" data-end=\"3595\"><strong data-start=\"3179\" data-end=\"3206\">Porqu\u00ea escolher este produto<\/strong><br data-start=\"3206\" data-end=\"3209\" \/>Este caddy de cabeceira \u00e9 um organizador \u00fatil para o dia a dia que resolve um problema comum de arruma\u00e7\u00e3o sem ocupar espa\u00e7o extra no ch\u00e3o ou na mesa. O corpo em feltro espesso confere-lhe um aspeto limpo e duradouro, enquanto o pr\u00e1tico suporte para copos e a disposi\u00e7\u00e3o de v\u00e1rios bolsos aumentam a comodidade. \u00c9 um artigo promocional forte porque \u00e9 funcional, f\u00e1cil de marcar e adequado para uma vasta gama de utilizadores e ambientes.<\/p>\n<p data-start=\"3597\" data-end=\"3918\"><strong data-start=\"3597\" data-end=\"3610\">Ideal para<\/strong><br data-start=\"3610\" data-end=\"3613\" \/>Promo\u00e7\u00f5es de organiza\u00e7\u00e3o do lar<br data-start=\"3641\" data-end=\"3644\" \/>Colec\u00e7\u00f5es de artigos essenciais para o dormit\u00f3rio<br data-start=\"3671\" data-end=\"3674\" \/>Conjuntos de acess\u00f3rios de quarto<br data-start=\"3696\" data-end=\"3699\" \/>Fornecimentos para hotelaria e restaura\u00e7\u00e3o<br data-start=\"3729\" data-end=\"3732\" \/>Presentes de boas-vindas para estudantes<br data-start=\"3753\" data-end=\"3756\" \/>Produtos para viver em apartamento<br data-start=\"3781\" data-end=\"3784\" \/>Organizadores de cabeceira para hospitais<br data-start=\"3811\" data-end=\"3814\" \/>Programas acess\u00f3rios para instala\u00e7\u00f5es de cuidados<br data-start=\"3846\" data-end=\"3849\" \/>Controlo remoto e armazenamento de gadgets<br data-start=\"3882\" data-end=\"3885\" \/>Artigos de estilo de vida com log\u00f3tipo personalizado<\/p>\n<p data-start=\"3920\" data-end=\"3927\"><strong data-start=\"3920\" data-end=\"3927\">FAQ<\/strong><\/p>\n<p data-start=\"3929\" data-end=\"4049\"><strong data-start=\"3929\" data-end=\"3982\">Este porta-camas pode ser personalizado com um log\u00f3tipo?<\/strong><br data-start=\"3982\" data-end=\"3985\" \/>Sim. A \u00e1rea do bolso frontal \u00e9 adequada para a coloca\u00e7\u00e3o de um log\u00f3tipo personalizado.<\/p>\n<p data-start=\"4051\" data-end=\"4170\"><strong data-start=\"4051\" data-end=\"4075\">Como \u00e9 que \u00e9 instalado?<\/strong><br data-start=\"4075\" data-end=\"4078\" \/>A aba traseira desliza sob um colch\u00e3o, almofada ou borda do assento para manter a agenda no lugar.<\/p>\n<p data-start=\"4172\" data-end=\"4293\"><strong data-start=\"4172\" data-end=\"4194\">O que \u00e9 que pode armazenar?<\/strong><br data-start=\"4194\" data-end=\"4197\" \/>Pode guardar telem\u00f3veis, comandos, \u00f3culos, blocos de notas, carregadores, garrafas e outros objectos essenciais do dia a dia.<\/p>\n<p data-start=\"4295\" data-end=\"4402\"><strong data-start=\"4295\" data-end=\"4325\">Tem um suporte para copos?<\/strong><br data-start=\"4325\" data-end=\"4328\" \/>Sim. Inclui um suporte para copos lateral para garrafas, copos ou pequenos recipientes.<\/p>\n<p data-start=\"4404\" data-end=\"4537\"><strong data-start=\"4404\" data-end=\"4451\">\u00c9 adequado para camas de dormit\u00f3rio e beliches?<\/strong><br data-start=\"4451\" data-end=\"4454\" \/>Sim. \u00c9 uma op\u00e7\u00e3o pr\u00e1tica para dormit\u00f3rios, beliches e espa\u00e7os de habita\u00e7\u00e3o compactos.<\/p>\n<p data-start=\"4539\" data-end=\"4682\"><strong data-start=\"4539\" data-end=\"4573\">O material \u00e9 macio ou r\u00edgido?<\/strong><br data-start=\"4573\" data-end=\"4576\" \/>\u00c9 feito de feltro espesso, suave ao tato mas suficientemente estruturado para manter a sua forma durante a utiliza\u00e7\u00e3o.<\/p>","protected":false},"excerpt":{"rendered":"<p>Esta caixa de arruma\u00e7\u00e3o de cabeceira em feltro personalizada mant\u00e9m os objectos essenciais do dia a dia organizados e ao alcance da m\u00e3o. Possui uma constru\u00e7\u00e3o em feltro espesso, v\u00e1rios bolsos de arruma\u00e7\u00e3o, um suporte lateral para copos e um suporte de velcro antiderrapante para uma coloca\u00e7\u00e3o segura em camas, sof\u00e1s e calhas. Um pr\u00e1tico artigo com log\u00f3tipo personalizado para promo\u00e7\u00f5es em casa, no dormit\u00f3rio e na hotelaria.<\/p>","protected":false},"featured_media":47498,"template":"","meta":{"_gspb_post_css":""},"product_brand":[],"product_cat":[30],"product_tag":[],"class_list":{"0":"post-47497","1":"product","2":"type-product","3":"status-publish","4":"has-post-thumbnail","6":"product_cat-home-pets-tools","8":"first","9":"instock","10":"shipping-taxable","11":"product-type-simple"},"_links":{"self":[{"href":"https:\/\/globalgiftsupplier.com\/pt\/wp-json\/wp\/v2\/product\/47497","targetHints":{"allow":["GET"]}}],"collection":[{"href":"https:\/\/globalgiftsupplier.com\/pt\/wp-json\/wp\/v2\/product"}],"about":[{"href":"https:\/\/globalgiftsupplier.com\/pt\/wp-json\/wp\/v2\/types\/product"}],"wp:featuredmedia":[{"embeddable":true,"href":"https:\/\/globalgiftsupplier.com\/pt\/wp-json\/wp\/v2\/media\/47498"}],"wp:attachment":[{"href":"https:\/\/globalgiftsupplier.com\/pt\/wp-json\/wp\/v2\/media?parent=47497"}],"wp:term":[{"taxonomy":"product_brand","embeddable":true,"href":"https:\/\/globalgiftsupplier.com\/pt\/wp-json\/wp\/v2\/product_brand?post=47497"},{"taxonomy":"product_cat","embeddable":true,"href":"https:\/\/globalgiftsupplier.com\/pt\/wp-json\/wp\/v2\/product_cat?post=47497"},{"taxonomy":"product_tag","embeddable":true,"href":"https:\/\/globalgiftsupplier.com\/pt\/wp-json\/wp\/v2\/product_tag?post=47497"}],"curies":[{"name":"wp","href":"https:\/\/api.w.org\/{rel}","templated":true}]}}