{"id":47481,"date":"2026-03-31T09:55:09","date_gmt":"2026-03-31T09:55:09","guid":{"rendered":"https:\/\/globalgiftsupplier.com\/?post_type=product&#038;p=47481"},"modified":"2026-03-31T09:55:09","modified_gmt":"2026-03-31T09:55:09","slug":"custom-felt-diaper-caddy-organizer-tote","status":"publish","type":"product","link":"https:\/\/globalgiftsupplier.com\/pt\/product\/custom-felt-diaper-caddy-organizer-tote\/","title":{"rendered":"Caixa organizadora de fraldas de feltro personalizada"},"content":{"rendered":"<p data-start=\"1360\" data-end=\"1638\">Este saco organizador de fraldas de feltro personalizado foi concebido para facilitar a arruma\u00e7\u00e3o e o transporte no dia a dia. Fabricado em material de feltro, oferece um aspeto limpo e estruturado, ajudando a manter os objectos essenciais ordenados em casa, no carro, durante as viagens ou ao ar livre.<\/p>\n<p data-start=\"1640\" data-end=\"1925\">A agenda inclui divis\u00f3rias amov\u00edveis de gancho e la\u00e7o, permitindo aos utilizadores ajustar a disposi\u00e7\u00e3o interior com base nas diferentes necessidades de arruma\u00e7\u00e3o. Os v\u00e1rios bolsos exteriores permitem o acesso r\u00e1pido a pequenos objectos, enquanto as pegas de transporte longas facilitam a desloca\u00e7\u00e3o de uma divis\u00e3o para outra ou o transporte em viagem.<\/p>\n<p data-start=\"1927\" data-end=\"2236\">Apresentado como um organizador de artigos essenciais para beb\u00e9s, este produto tamb\u00e9m \u00e9 adequado para cosm\u00e9ticos, snacks, livros, brinquedos, artigos de viagem, acess\u00f3rios para autom\u00f3veis e arruma\u00e7\u00e3o dom\u00e9stica geral. A sua forma simples e o painel frontal transparente tamb\u00e9m o tornam uma boa op\u00e7\u00e3o para a cria\u00e7\u00e3o de log\u00f3tipos personalizados, programas de brindes e produtos de arruma\u00e7\u00e3o promocionais.<\/p>\n<p data-start=\"2238\" data-end=\"2620\"><strong data-start=\"2238\" data-end=\"2254\">Carater\u00edsticas principais<\/strong><br data-start=\"2254\" data-end=\"2257\" \/>Organizador de arruma\u00e7\u00e3o em feltro dur\u00e1vel<br data-start=\"2287\" data-end=\"2290\" \/>Design de bolsa port\u00e1til com pegas longas<br data-start=\"2328\" data-end=\"2331\" \/>Divis\u00f3rias amov\u00edveis com ganchos e argolas<br data-start=\"2363\" data-end=\"2366\" \/>M\u00faltiplas op\u00e7\u00f5es de disposi\u00e7\u00e3o interior<br data-start=\"2395\" data-end=\"2398\" \/>V\u00e1rios bolsos exteriores para arruma\u00e7\u00e3o<br data-start=\"2431\" data-end=\"2434\" \/>Dobr\u00e1vel e f\u00e1cil de guardar<br data-start=\"2460\" data-end=\"2463\" \/>Leve e f\u00e1cil de transportar<br data-start=\"2492\" data-end=\"2495\" \/>Adequado para casa, carro, viagens e utiliza\u00e7\u00e3o no exterior<br data-start=\"2542\" data-end=\"2545\" \/>Impress\u00e3o de log\u00f3tipo personalizado dispon\u00edvel<br data-start=\"2575\" data-end=\"2578\" \/>Brinde promocional simples e pr\u00e1tico<\/p>\n<p data-start=\"2622\" data-end=\"3181\"><strong data-start=\"2622\" data-end=\"2640\">Especifica\u00e7\u00f5es<\/strong><br data-start=\"2640\" data-end=\"2643\" \/>Tipo de produto: Bolsa organizadora de arruma\u00e7\u00e3o em feltro<br data-start=\"2684\" data-end=\"2687\" \/>Material: Tecido de feltro<br data-start=\"2708\" data-end=\"2711\" \/>Estrutura: Organizador de topo aberto com divis\u00f3rias amov\u00edveis<br data-start=\"2764\" data-end=\"2767\" \/>Carater\u00edsticas: Port\u00e1til, dobr\u00e1vel, reutiliz\u00e1vel, leve<br data-start=\"2817\" data-end=\"2820\" \/>Pegas: Pegas de transporte duplas<br data-start=\"2847\" data-end=\"2850\" \/>Bolsos: V\u00e1rios bolsos exteriores<br data-start=\"2884\" data-end=\"2887\" \/>Design interior: Disposi\u00e7\u00e3o das divis\u00f3rias ajust\u00e1vel com separadores de gancho e la\u00e7o<br data-start=\"2956\" data-end=\"2959\" \/>Personaliza\u00e7\u00e3o: Impress\u00e3o do log\u00f3tipo dispon\u00edvel<br data-start=\"2997\" data-end=\"3000\" \/>Cor apresentada: Cinzento, azul, amarelo, rosa, roxo, verde, vermelho<br data-start=\"3057\" data-end=\"3060\" \/>Tamanho aproximado apresentado: 33 x 23 x 18 cm<br data-start=\"3095\" data-end=\"3098\" \/>Aplica\u00e7\u00f5es: Ber\u00e7\u00e1rio, casa, carro, hotel, viagem, piquenique, utiliza\u00e7\u00e3o no exterior<br data-start=\"3165\" data-end=\"3168\" \/>Origem: China<\/p>\n<p data-start=\"3183\" data-end=\"3572\"><strong data-start=\"3183\" data-end=\"3210\">Porqu\u00ea escolher este produto<\/strong><br data-start=\"3210\" data-end=\"3213\" \/>Este saco organizador em feltro combina arruma\u00e7\u00e3o, portabilidade e flexibilidade num s\u00f3 produto. As divis\u00f3rias amov\u00edveis facilitam a altern\u00e2ncia entre a utiliza\u00e7\u00e3o para cuidados com o beb\u00e9 e a utiliza\u00e7\u00e3o para arruma\u00e7\u00e3o geral, enquanto a constru\u00e7\u00e3o em feltro limpo lhe confere um aspeto moderno e amigo do presente. \u00c9 uma escolha forte para marcas personalizadas, programas de retalho e campanhas promocionais pr\u00e1ticas.<\/p>\n<p data-start=\"3574\" data-end=\"3888\"><strong data-start=\"3574\" data-end=\"3587\">Ideal para<\/strong><br data-start=\"3587\" data-end=\"3590\" \/>Promo\u00e7\u00f5es de cuidados para beb\u00e9s<br data-start=\"3610\" data-end=\"3613\" \/>Produtos de arruma\u00e7\u00e3o para viveiros<br data-start=\"3637\" data-end=\"3640\" \/>Programas de organiza\u00e7\u00e3o dom\u00e9stica<br data-start=\"3666\" data-end=\"3669\" \/>Conjuntos de oferta para arruma\u00e7\u00e3o do carro<br data-start=\"3690\" data-end=\"3693\" \/>Colec\u00e7\u00f5es de acess\u00f3rios de viagem<br data-start=\"3721\" data-end=\"3724\" \/>Boas-vindas no hotel ou kits familiares<br data-start=\"3752\" data-end=\"3755\" \/>Utiliza\u00e7\u00e3o para piqueniques e arruma\u00e7\u00e3o no exterior<br data-start=\"3785\" data-end=\"3788\" \/>M\u00e3es e campanhas familiares<br data-start=\"3816\" data-end=\"3819\" \/>Programas pr\u00e1ticos de brindes de marca<br data-start=\"3854\" data-end=\"3857\" \/>Colec\u00e7\u00f5es de armazenamento dom\u00e9stico a retalho<\/p>\n<p data-start=\"3890\" data-end=\"3897\"><strong data-start=\"3890\" data-end=\"3897\">FAQ<\/strong><\/p>\n<p data-start=\"3899\" data-end=\"4005\"><strong data-start=\"3899\" data-end=\"3948\">Esta agenda pode ser personalizada com um log\u00f3tipo?<\/strong><br data-start=\"3948\" data-end=\"3951\" \/>Sim. O painel frontal pode ser personalizado com o seu log\u00f3tipo.<\/p>\n<p data-start=\"4007\" data-end=\"4113\"><strong data-start=\"4007\" data-end=\"4038\">As divis\u00f3rias s\u00e3o amov\u00edveis?<\/strong><br data-start=\"4038\" data-end=\"4041\" \/>Sim. As imagens mostram divis\u00f3rias amov\u00edveis com fixa\u00e7\u00e3o por gancho e la\u00e7o.<\/p>\n<p data-start=\"4115\" data-end=\"4280\"><strong data-start=\"4115\" data-end=\"4155\">Para que \u00e9 que esta agenda pode ser utilizada?<\/strong><br data-start=\"4155\" data-end=\"4158\" \/>Pode ser utilizada para fraldas, biber\u00f5es, toalhetes, brinquedos, cosm\u00e9ticos, livros, lanches, acess\u00f3rios para o carro e artigos de arruma\u00e7\u00e3o di\u00e1ria.<\/p>\n<p data-start=\"4282\" data-end=\"4389\"><strong data-start=\"4282\" data-end=\"4301\">\u00c9 dobr\u00e1vel?<\/strong><br data-start=\"4301\" data-end=\"4304\" \/>Sim. A constru\u00e7\u00e3o em feltro permite-lhe ser dobrada para facilitar a arruma\u00e7\u00e3o quando n\u00e3o est\u00e1 a ser utilizada.<\/p>\n<p data-start=\"4391\" data-end=\"4536\"><strong data-start=\"4391\" data-end=\"4424\">\u00c9 apenas para produtos para beb\u00e9s?<\/strong><br data-start=\"4424\" data-end=\"4427\" \/>N\u00e3o. Embora seja ideal como porta-fraldas, tamb\u00e9m funciona bem como organizador para casa, carro, viagem e exterior.<\/p>\n<p data-start=\"4538\" data-end=\"4633\"><strong data-start=\"4538\" data-end=\"4574\">Qual \u00e9 o tamanho apresentado na imagem?<\/strong><br data-start=\"4574\" data-end=\"4577\" \/>O tamanho apresentado \u00e9 de aproximadamente <strong data-start=\"4613\" data-end=\"4632\">33 x 23 x 18 cm<\/strong>.<\/p>","protected":false},"excerpt":{"rendered":"<p>Este saco organizador de fraldas em feltro personalizado \u00e9 uma solu\u00e7\u00e3o pr\u00e1tica de arruma\u00e7\u00e3o para artigos essenciais para o beb\u00e9, artigos para a casa, acess\u00f3rios para o carro e artigos de viagem. Fabricado em material de feltro dur\u00e1vel, inclui divis\u00f3rias amov\u00edveis com ganchos e argolas, v\u00e1rios bolsos exteriores, pegas de transporte resistentes e personaliza\u00e7\u00e3o do log\u00f3tipo para utiliza\u00e7\u00e3o promocional.<\/p>","protected":false},"featured_media":47482,"template":"","meta":{"_gspb_post_css":""},"product_brand":[],"product_cat":[26],"product_tag":[],"class_list":{"0":"post-47481","1":"product","2":"type-product","3":"status-publish","4":"has-post-thumbnail","6":"product_cat-bags","8":"first","9":"instock","10":"shipping-taxable","11":"product-type-simple"},"_links":{"self":[{"href":"https:\/\/globalgiftsupplier.com\/pt\/wp-json\/wp\/v2\/product\/47481","targetHints":{"allow":["GET"]}}],"collection":[{"href":"https:\/\/globalgiftsupplier.com\/pt\/wp-json\/wp\/v2\/product"}],"about":[{"href":"https:\/\/globalgiftsupplier.com\/pt\/wp-json\/wp\/v2\/types\/product"}],"wp:featuredmedia":[{"embeddable":true,"href":"https:\/\/globalgiftsupplier.com\/pt\/wp-json\/wp\/v2\/media\/47482"}],"wp:attachment":[{"href":"https:\/\/globalgiftsupplier.com\/pt\/wp-json\/wp\/v2\/media?parent=47481"}],"wp:term":[{"taxonomy":"product_brand","embeddable":true,"href":"https:\/\/globalgiftsupplier.com\/pt\/wp-json\/wp\/v2\/product_brand?post=47481"},{"taxonomy":"product_cat","embeddable":true,"href":"https:\/\/globalgiftsupplier.com\/pt\/wp-json\/wp\/v2\/product_cat?post=47481"},{"taxonomy":"product_tag","embeddable":true,"href":"https:\/\/globalgiftsupplier.com\/pt\/wp-json\/wp\/v2\/product_tag?post=47481"}],"curies":[{"name":"wp","href":"https:\/\/api.w.org\/{rel}","templated":true}]}}