{"id":47453,"date":"2026-03-31T09:39:39","date_gmt":"2026-03-31T09:39:39","guid":{"rendered":"https:\/\/globalgiftsupplier.com\/?post_type=product&#038;p=47453"},"modified":"2026-03-31T09:39:39","modified_gmt":"2026-03-31T09:39:39","slug":"custom-felt-potato-grow-bag-with-harvest-window","status":"publish","type":"product","link":"https:\/\/globalgiftsupplier.com\/pt\/product\/custom-felt-potato-grow-bag-with-harvest-window\/","title":{"rendered":"Saco de cultivo de batatas em feltro personalizado com janela de colheita"},"content":{"rendered":"<p data-start=\"1373\" data-end=\"1780\">Este saco de cultivo de batatas em feltro personalizado \u00e9 uma solu\u00e7\u00e3o de jardinagem pr\u00e1tica e reutiliz\u00e1vel, concebida para o cultivo de legumes, ervas arom\u00e1ticas, flores e outras plantas pequenas em espa\u00e7os limitados. Fabricado com um tecido de feltro macio mas dur\u00e1vel, ajuda a criar um ambiente de planta\u00e7\u00e3o limpo, facilitando a gest\u00e3o de jardins dom\u00e9sticos, p\u00e1tios, varandas, estufas e \u00e1reas de cultivo exteriores.<\/p>\n<p data-start=\"1782\" data-end=\"2208\">Uma das principais carater\u00edsticas deste saco de cultivo \u00e9 o design da janela de colheita frontal, que permite aos utilizadores verificar o crescimento das plantas e colher convenientemente as ra\u00edzes, como as batatas, sem remover a planta inteira do recipiente. Isto torna-o especialmente \u00fatil para o cultivo de batatas, cenouras, amendoins, cebolas e vegetais semelhantes. O saco tamb\u00e9m inclui pegas laterais para facilitar o levantamento, a desloca\u00e7\u00e3o e o posicionamento durante a planta\u00e7\u00e3o e a colheita.<\/p>\n<p data-start=\"2210\" data-end=\"2555\">O design reutiliz\u00e1vel torna-o adequado para uma utiliza\u00e7\u00e3o sazonal repetida, enquanto a \u00e1rea frontal limpa pode ser personalizada com o seu log\u00f3tipo para marcas de jardinagem, centros de jardinagem, promo\u00e7\u00f5es ao ar livre, campanhas ecol\u00f3gicas e brindes pr\u00e1ticos de estilo de vida. Dispon\u00edvel em v\u00e1rias cores e tamanhos, este saco de cultivo combina a fun\u00e7\u00e3o de jardinagem com um forte valor promocional.<\/p>\n<p data-start=\"2557\" data-end=\"2954\"><strong data-start=\"2557\" data-end=\"2573\">Carater\u00edsticas principais<\/strong><br data-start=\"2573\" data-end=\"2576\" \/>Design de saco de cultivo em feltro reutiliz\u00e1vel<br data-start=\"2605\" data-end=\"2608\" \/>Janela de colheita frontal para f\u00e1cil acesso<br data-start=\"2644\" data-end=\"2647\" \/>Adequado para batatas e tub\u00e9rculos<br data-start=\"2688\" data-end=\"2691\" \/>Pegas laterais para um transporte f\u00e1cil<br data-start=\"2721\" data-end=\"2724\" \/>Solu\u00e7\u00e3o de planta\u00e7\u00e3o que poupa espa\u00e7o<br data-start=\"2754\" data-end=\"2757\" \/>Ideal para jardinagem em casa, no p\u00e1tio e na varanda<br data-start=\"2800\" data-end=\"2803\" \/>Impress\u00e3o de log\u00f3tipo personalizado dispon\u00edvel<br data-start=\"2833\" data-end=\"2836\" \/>Leve e f\u00e1cil de guardar<br data-start=\"2865\" data-end=\"2868\" \/>\u00datil para promo\u00e7\u00f5es sazonais de jardinagem<br data-start=\"2908\" data-end=\"2911\" \/>Adequado para legumes, ervas arom\u00e1ticas e flores<\/p>\n<p data-start=\"2956\" data-end=\"3553\"><strong data-start=\"2956\" data-end=\"2974\">Especifica\u00e7\u00f5es<\/strong><br data-start=\"2974\" data-end=\"2977\" \/>Tipo de produto: Saco de cultivo em feltro \/ saco para plantar batatas<br data-start=\"3025\" data-end=\"3028\" \/>Material: Tecido de feltro<br data-start=\"3049\" data-end=\"3052\" \/>Desenho: Saco de planta\u00e7\u00e3o cil\u00edndrico com janela de colheita<br data-start=\"3103\" data-end=\"3106\" \/>Carater\u00edsticas: Reutiliz\u00e1vel, port\u00e1til, f\u00e1cil acesso \u00e0 colheita<br data-start=\"3154\" data-end=\"3157\" \/>Tamanhos dispon\u00edveis: 7 gal\u00f5es, 10 gal\u00f5es<br data-start=\"3193\" data-end=\"3196\" \/>Refer\u00eancia de tamanho:<br data-start=\"3211\" data-end=\"3214\" \/>7 gal\u00f5es: aprox. 30 x 35 cm<br data-start=\"3242\" data-end=\"3245\" \/>10 gal\u00f5es: aprox. 35 x 40 cm<br data-start=\"3274\" data-end=\"3277\" \/>Op\u00e7\u00f5es de cores apresentadas: Verde, preto, bege<br data-start=\"3317\" data-end=\"3320\" \/>Personaliza\u00e7\u00e3o: Impress\u00e3o do log\u00f3tipo dispon\u00edvel<br data-start=\"3358\" data-end=\"3361\" \/>Aplica\u00e7\u00e3o: Batatas, cenouras, cebolas, amendoins, ervas arom\u00e1ticas, flores, legumes<br data-start=\"3436\" data-end=\"3439\" \/>Cen\u00e1rio de utiliza\u00e7\u00e3o: Jardinagem dom\u00e9stica, planta\u00e7\u00e3o em varanda, jardinagem no p\u00e1tio, utiliza\u00e7\u00e3o em estufa, brindes promocionais<br data-start=\"3537\" data-end=\"3540\" \/>Origem: China<\/p>\n<p data-start=\"3555\" data-end=\"3897\"><strong data-start=\"3555\" data-end=\"3582\">Porqu\u00ea escolher este produto<\/strong><br data-start=\"3582\" data-end=\"3585\" \/>Este saco de cultivo \u00e9 um forte artigo promocional de jardinagem porque \u00e9 pr\u00e1tico, reutiliz\u00e1vel, visualmente simples para a marca e adequado para utiliza\u00e7\u00e3o sazonal. A janela de colheita acrescenta conveni\u00eancia extra e torna-o mais atrativo do que um saco de planta\u00e7\u00e3o normal, especialmente para clientes que cultivam batatas e outras culturas de ra\u00edzes.<\/p>\n<p data-start=\"3899\" data-end=\"4209\"><strong data-start=\"3899\" data-end=\"3912\">Ideal para<\/strong><br data-start=\"3912\" data-end=\"3915\" \/>Centros de jardinagem<br data-start=\"3929\" data-end=\"3932\" \/>Promo\u00e7\u00f5es de jardinagem dom\u00e9stica<br data-start=\"3957\" data-end=\"3960\" \/>Campanhas de primavera e sazonais<br data-start=\"3989\" data-end=\"3992\" \/>Linhas de produtos ecol\u00f3gicos<br data-start=\"4018\" data-end=\"4021\" \/>Marcas de estilo de vida ao ar livre<br data-start=\"4045\" data-end=\"4048\" \/>Brindes para a agricultura e a planta\u00e7\u00e3o<br data-start=\"4082\" data-end=\"4085\" \/>Jardinagem de varandas e p\u00e1tios<br data-start=\"4112\" data-end=\"4115\" \/>Com\u00e9rcio a retalho de acess\u00f3rios de jardim<br data-start=\"4140\" data-end=\"4143\" \/>Kits de planta\u00e7\u00e3o de ervas e legumes<br data-start=\"4175\" data-end=\"4178\" \/>Brindes promocionais para casa e jardim<\/p>\n<p data-start=\"4211\" data-end=\"4218\"><strong data-start=\"4211\" data-end=\"4218\">FAQ<\/strong><\/p>\n<p data-start=\"4220\" data-end=\"4355\"><strong data-start=\"4220\" data-end=\"4268\">Este saco de cultivo pode ser personalizado com um log\u00f3tipo?<\/strong><br data-start=\"4268\" data-end=\"4271\" \/>Sim. A \u00e1rea frontal pode ser personalizada com o seu log\u00f3tipo para uso promocional e de retalho.<\/p>\n<p data-start=\"4357\" data-end=\"4493\"><strong data-start=\"4357\" data-end=\"4398\">O que pode ser plantado neste saco de cultivo?<\/strong><br data-start=\"4398\" data-end=\"4401\" \/>\u00c9 adequado para batatas, cenouras, cebolas, amendoins, ervas arom\u00e1ticas, flores e outros legumes.<\/p>\n<p data-start=\"4495\" data-end=\"4629\"><strong data-start=\"4495\" data-end=\"4539\">Qual \u00e9 a vantagem da janela da frente?<\/strong><br data-start=\"4539\" data-end=\"4542\" \/>A janela de colheita permite aos utilizadores verificar o crescimento e remover mais facilmente os vegetais de raiz.<\/p>\n<p data-start=\"4631\" data-end=\"4724\"><strong data-start=\"4631\" data-end=\"4660\">O saco de cultivo \u00e9 reutiliz\u00e1vel?<\/strong><br data-start=\"4660\" data-end=\"4663\" \/>Sim. Foi concebido para uma utiliza\u00e7\u00e3o repetida ao longo das esta\u00e7\u00f5es de planta\u00e7\u00e3o.<\/p>\n<p data-start=\"4726\" data-end=\"4810\"><strong data-start=\"4726\" data-end=\"4751\">Tem pegas?<\/strong><br data-start=\"4751\" data-end=\"4754\" \/>Sim. As pegas laterais facilitam a desloca\u00e7\u00e3o e o reposicionamento.<\/p>\n<p data-start=\"4812\" data-end=\"4891\"><strong data-start=\"4812\" data-end=\"4841\">Que tamanhos est\u00e3o dispon\u00edveis?<\/strong><br data-start=\"4841\" data-end=\"4844\" \/>As imagens mostram op\u00e7\u00f5es de 7 gal\u00f5es e 10 gal\u00f5es.<\/p>\n<p data-start=\"4893\" data-end=\"5011\"><strong data-start=\"4893\" data-end=\"4938\">\u00c9 adequado para a jardinagem em espa\u00e7os pequenos?<\/strong><br data-start=\"4938\" data-end=\"4941\" \/>Sim. Funciona bem em p\u00e1tios, varandas, jardins e estufas.<\/p>","protected":false},"excerpt":{"rendered":"<p>Este saco de cultivo de batatas em feltro personalizado foi concebido para uma jardinagem pr\u00e1tica em casa e no exterior, com um corpo em tecido reutiliz\u00e1vel, pegas de transporte laterais e uma janela de colheita frontal para facilitar o acesso aos vegetais de raiz. Adequado para batatas, cenouras, amendoins, cebolas, ervas arom\u00e1ticas e outras plantas, \u00e9 um produto de jardinagem \u00fatil para o retalho, promo\u00e7\u00f5es sazonais e campanhas de jardinagem de marca.<\/p>","protected":false},"featured_media":47454,"template":"","meta":{"_gspb_post_css":""},"product_brand":[],"product_cat":[30],"product_tag":[],"class_list":{"0":"post-47453","1":"product","2":"type-product","3":"status-publish","4":"has-post-thumbnail","6":"product_cat-home-pets-tools","8":"first","9":"instock","10":"shipping-taxable","11":"product-type-simple"},"_links":{"self":[{"href":"https:\/\/globalgiftsupplier.com\/pt\/wp-json\/wp\/v2\/product\/47453","targetHints":{"allow":["GET"]}}],"collection":[{"href":"https:\/\/globalgiftsupplier.com\/pt\/wp-json\/wp\/v2\/product"}],"about":[{"href":"https:\/\/globalgiftsupplier.com\/pt\/wp-json\/wp\/v2\/types\/product"}],"wp:featuredmedia":[{"embeddable":true,"href":"https:\/\/globalgiftsupplier.com\/pt\/wp-json\/wp\/v2\/media\/47454"}],"wp:attachment":[{"href":"https:\/\/globalgiftsupplier.com\/pt\/wp-json\/wp\/v2\/media?parent=47453"}],"wp:term":[{"taxonomy":"product_brand","embeddable":true,"href":"https:\/\/globalgiftsupplier.com\/pt\/wp-json\/wp\/v2\/product_brand?post=47453"},{"taxonomy":"product_cat","embeddable":true,"href":"https:\/\/globalgiftsupplier.com\/pt\/wp-json\/wp\/v2\/product_cat?post=47453"},{"taxonomy":"product_tag","embeddable":true,"href":"https:\/\/globalgiftsupplier.com\/pt\/wp-json\/wp\/v2\/product_tag?post=47453"}],"curies":[{"name":"wp","href":"https:\/\/api.w.org\/{rel}","templated":true}]}}