{"id":47360,"date":"2026-03-30T09:08:01","date_gmt":"2026-03-30T09:08:01","guid":{"rendered":"https:\/\/globalgiftsupplier.com\/?post_type=product&#038;p=47360"},"modified":"2026-03-30T09:08:01","modified_gmt":"2026-03-30T09:08:01","slug":"custom-retractable-dog-leash-with-soft-grip-handle-and-logo","status":"publish","type":"product","link":"https:\/\/globalgiftsupplier.com\/pt\/product\/custom-retractable-dog-leash-with-soft-grip-handle-and-logo\/","title":{"rendered":"Trela retr\u00e1til personalizada para c\u00e3es com pega macia e log\u00f3tipo"},"content":{"rendered":"<p data-start=\"1538\" data-end=\"1948\">Esta trela retr\u00e1til personalizada para c\u00e3es \u00e9 um acess\u00f3rio para animais de estima\u00e7\u00e3o pr\u00e1tico e f\u00e1cil de utilizar, concebido para passeios di\u00e1rios, utiliza\u00e7\u00e3o no exterior e promo\u00e7\u00f5es de animais de estima\u00e7\u00e3o com marca. Possui um corpo retr\u00e1til compacto, uma pega confort\u00e1vel e macia e um gancho met\u00e1lico forte para fixa\u00e7\u00e3o r\u00e1pida a uma coleira ou arn\u00eas. O design retr\u00e1til ajuda a manter a trela limpa, ao mesmo tempo que d\u00e1 aos animais de estima\u00e7\u00e3o uma liberdade controlada durante os passeios.<\/p>\n<p data-start=\"1950\" data-end=\"2426\">A trela foi concebida para uma utiliza\u00e7\u00e3o c\u00f3moda com uma s\u00f3 m\u00e3o. A sua fun\u00e7\u00e3o de bloqueio r\u00e1pido, pausa e desbloqueio permite ao dono ajustar mais facilmente o comprimento da trela durante o passeio. O movimento de 360\u00b0 sem emaranhados ajuda a reduzir a tor\u00e7\u00e3o durante a utiliza\u00e7\u00e3o, tornando-a adequada para passeios di\u00e1rios casuais, jogging ligeiro, passeios em parques e outras actividades ao ar livre com animais de estima\u00e7\u00e3o. A pega ergon\u00f3mica antiderrapante foi concebida para proporcionar uma ader\u00eancia mais segura e confort\u00e1vel durante uma utiliza\u00e7\u00e3o prolongada.<\/p>\n<p data-start=\"2428\" data-end=\"2825\">Este produto est\u00e1 dispon\u00edvel em comprimentos de trela de 3M e 5M para corresponder a diferentes h\u00e1bitos de passeio e tamanhos de animais de estima\u00e7\u00e3o. A op\u00e7\u00e3o de 3M \u00e9 adequada para animais de estima\u00e7\u00e3o at\u00e9 cerca de 22 lbs, enquanto a op\u00e7\u00e3o de 5M \u00e9 adequada para animais de estima\u00e7\u00e3o at\u00e9 cerca de 33 lbs. O corpo da trela foi concebido para ser dur\u00e1vel e pr\u00e1tico no dia a dia, oferecendo uma combina\u00e7\u00e3o \u00fatil de controlo, conforto e seguran\u00e7a aos donos de animais.<\/p>\n<p data-start=\"2827\" data-end=\"3144\">Com um painel frontal vis\u00edvel para impress\u00e3o de log\u00f3tipo personalizado, esta trela retr\u00e1til \u00e9 tamb\u00e9m um forte artigo promocional para lojas de animais, cl\u00ednicas veterin\u00e1rias, sal\u00f5es de beleza para c\u00e3es, eventos de ado\u00e7\u00e3o de animais de estima\u00e7\u00e3o e marcas de cuidados para animais de estima\u00e7\u00e3o. \u00c9 um brinde funcional e um produto de retalho pr\u00e1tico que mant\u00e9m a sua marca vis\u00edvel durante a utiliza\u00e7\u00e3o regular.<\/p>\n<p data-start=\"3146\" data-end=\"3599\"><strong data-start=\"3146\" data-end=\"3162\">Carater\u00edsticas principais<\/strong><br data-start=\"3162\" data-end=\"3165\" \/>Pega ergon\u00f3mica macia<br data-start=\"3191\" data-end=\"3194\" \/>Design de trela retr\u00e1til para utiliza\u00e7\u00e3o di\u00e1ria<br data-start=\"3232\" data-end=\"3235\" \/>Controlo r\u00e1pido de bloqueio, pausa e desbloqueio<br data-start=\"3272\" data-end=\"3275\" \/>Movimento de 360\u00b0 sem emaranhados<br data-start=\"3300\" data-end=\"3303\" \/>Extens\u00e3o e retra\u00e7\u00e3o suaves da trela<br data-start=\"3340\" data-end=\"3343\" \/>Trela de nylon resistente para maior durabilidade<br data-start=\"3376\" data-end=\"3379\" \/>Fixa\u00e7\u00e3o segura por gancho met\u00e1lico<br data-start=\"3407\" data-end=\"3410\" \/>Impress\u00e3o de log\u00f3tipo personalizado dispon\u00edvel<br data-start=\"3440\" data-end=\"3443\" \/>Dispon\u00edvel nas op\u00e7\u00f5es 3M e 5M<br data-start=\"3473\" data-end=\"3476\" \/>Adequado para pequenos animais de estima\u00e7\u00e3o e para passeios di\u00e1rios<br data-start=\"3517\" data-end=\"3520\" \/>V\u00e1rias op\u00e7\u00f5es de cores dispon\u00edveis<br data-start=\"3552\" data-end=\"3555\" \/>Bom para programas de retalho e promocionais para animais de estima\u00e7\u00e3o<\/p>\n<p data-start=\"3601\" data-end=\"4276\"><strong data-start=\"3601\" data-end=\"3619\">Especifica\u00e7\u00f5es<\/strong><br data-start=\"3619\" data-end=\"3622\" \/>Tipo de produto: Trela retr\u00e1til para c\u00e3es<br data-start=\"3657\" data-end=\"3660\" \/>Material: Caixa de pl\u00e1stico, trela de nylon, gancho de metal, pega antiderrapante em TPE<br data-start=\"3732\" data-end=\"3735\" \/>Op\u00e7\u00f5es de comprimento da trela: 3M \/ 5M<br data-start=\"3764\" data-end=\"3767\" \/>Tamanho 3M: Aprox. 13 x 8,8 cm<br data-start=\"3795\" data-end=\"3798\" \/>Tamanho 5M: Aprox. 15 x 11 cm<br data-start=\"3825\" data-end=\"3828\" \/>Peso sugerido para o animal de estima\u00e7\u00e3o 3M: At\u00e9 22 lbs <br data-start=\"3907\" data-end=\"3910\" \/>Peso sugerido do animal de estima\u00e7\u00e3o para 5M: At\u00e9 33 lbs <br data-start=\"3989\" data-end=\"3992\" \/>Op\u00e7\u00f5es de cores: Azul, cor-de-rosa, vermelho, verde, amarelo<br data-start=\"4037\" data-end=\"4040\" \/>Estilo do punho: Punho ergon\u00f3mico e macio<br data-start=\"4073\" data-end=\"4076\" \/>Tipo de controlo: Bot\u00e3o de bloqueio \/ pausa \/ desbloqueio<br data-start=\"4118\" data-end=\"4121\" \/>Tipo de gancho: Clipe girat\u00f3rio de metal<br data-start=\"4149\" data-end=\"4152\" \/>M\u00e9todo de impress\u00e3o: Serigrafia \/ tampografia<br data-start=\"4193\" data-end=\"4196\" \/>Posi\u00e7\u00e3o da impress\u00e3o: Painel frontal<br data-start=\"4225\" data-end=\"4228\" \/>Origem: China<br data-start=\"4241\" data-end=\"4244\" \/>Tempo de produ\u00e7\u00e3o: 15 dias \u00fateis<\/p>\n<p data-start=\"4278\" data-end=\"4692\"><strong data-start=\"4278\" data-end=\"4305\">Porqu\u00ea escolher este produto<\/strong><br data-start=\"4305\" data-end=\"4308\" \/>Esta trela retr\u00e1til para c\u00e3es combina conforto, controlo e valor de marca num \u00fanico produto \u00fatil para o dia a dia. \u00c9 f\u00e1cil de segurar, simples de utilizar e adequada para uma utiliza\u00e7\u00e3o di\u00e1ria repetida, o que a torna uma boa escolha para promo\u00e7\u00f5es relacionadas com animais de estima\u00e7\u00e3o e vendas a retalho. Uma vez que os donos de animais de estima\u00e7\u00e3o utilizam regularmente as trelas, o seu log\u00f3tipo pode ganhar exposi\u00e7\u00e3o repetida a longo prazo num artigo pr\u00e1tico que as pessoas guardam e utilizam.<\/p>\n<p data-start=\"4694\" data-end=\"4939\"><strong data-start=\"4694\" data-end=\"4707\">Ideal para<\/strong><br data-start=\"4707\" data-end=\"4710\" \/>Lojas de animais<br data-start=\"4720\" data-end=\"4723\" \/>Cl\u00ednicas veterin\u00e1rias<br data-start=\"4741\" data-end=\"4744\" \/>Sal\u00f5es de beleza para c\u00e3es<br data-start=\"4763\" data-end=\"4766\" \/>Marcas de cuidados para animais de estima\u00e7\u00e3o<br data-start=\"4781\" data-end=\"4784\" \/>Servi\u00e7os de passeio de c\u00e3es<br data-start=\"4804\" data-end=\"4807\" \/>Eventos de ado\u00e7\u00e3o de animais de estima\u00e7\u00e3o<br data-start=\"4826\" data-end=\"4829\" \/>Abrigos para animais<br data-start=\"4844\" data-end=\"4847\" \/>Conjuntos promocionais para animais de estima\u00e7\u00e3o<br data-start=\"4872\" data-end=\"4875\" \/>Colec\u00e7\u00f5es de acess\u00f3rios para animais de estima\u00e7\u00e3o a retalho<br data-start=\"4907\" data-end=\"4910\" \/>Campanhas de produtos de marca para animais de estima\u00e7\u00e3o<\/p>\n<p data-start=\"4941\" data-end=\"4948\"><strong data-start=\"4941\" data-end=\"4948\">FAQ<\/strong><\/p>\n<p data-start=\"4950\" data-end=\"5089\"><strong data-start=\"4950\" data-end=\"4999\">Esta trela para c\u00e3es pode ser personalizada com um log\u00f3tipo?<\/strong><br data-start=\"4999\" data-end=\"5002\" \/>Sim. O painel frontal pode ser impresso com o seu log\u00f3tipo, nome da marca ou arte promocional.<\/p>\n<p data-start=\"5091\" data-end=\"5179\"><strong data-start=\"5091\" data-end=\"5128\">Que comprimentos de trela est\u00e3o dispon\u00edveis?<\/strong><br data-start=\"5128\" data-end=\"5131\" \/>Este produto est\u00e1 dispon\u00edvel nas vers\u00f5es 3M e 5M.<\/p>\n<p data-start=\"5181\" data-end=\"5375\"><strong data-start=\"5181\" data-end=\"5219\">Para que tamanhos de animais \u00e9 adequado?<\/strong><br data-start=\"5219\" data-end=\"5222\" \/>A vers\u00e3o 3M \u00e9 adequada para animais de estima\u00e7\u00e3o at\u00e9 cerca de 22 lbs, e a vers\u00e3o 5M \u00e9 adequada para animais de estima\u00e7\u00e3o at\u00e9 cerca de 33 lbs.<\/p>\n<p data-start=\"5377\" data-end=\"5539\"><strong data-start=\"5377\" data-end=\"5413\">Tem uma fun\u00e7\u00e3o de bloqueio?<\/strong><br data-start=\"5413\" data-end=\"5416\" \/>Sim. Inclui um controlo r\u00e1pido de bloqueio, pausa e desbloqueio para uma opera\u00e7\u00e3o mais f\u00e1cil com uma s\u00f3 m\u00e3o.<\/p>\n<p data-start=\"5541\" data-end=\"5721\"><strong data-start=\"5541\" data-end=\"5588\">A trela torce-se facilmente durante o passeio?<\/strong><br data-start=\"5588\" data-end=\"5591\" \/>Foi concebido com um sistema de movimento sem emaranhados de 360\u00b0 para ajudar a reduzir as tor\u00e7\u00f5es durante os passeios.<\/p>\n<p data-start=\"5723\" data-end=\"5898\"><strong data-start=\"5723\" data-end=\"5763\">Que material \u00e9 utilizado para a trela?<\/strong><br data-start=\"5763\" data-end=\"5766\" \/>Possui um corpo de pl\u00e1stico, uma trela de nylon dur\u00e1vel, um gancho de metal e uma pega em TPE antiderrapante.<\/p>\n<p data-start=\"5900\" data-end=\"6082\"><strong data-start=\"5900\" data-end=\"5944\">O punho \u00e9 confort\u00e1vel para a utiliza\u00e7\u00e3o di\u00e1ria?<\/strong><br data-start=\"5944\" data-end=\"5947\" \/>Sim. A pega tem uma forma que permite uma ader\u00eancia confort\u00e1vel e foi concebida para ajudar a reduzir o deslizamento durante a utiliza\u00e7\u00e3o.<\/p>\n<p data-start=\"6084\" data-end=\"6187\"><strong data-start=\"6084\" data-end=\"6114\">Que cores est\u00e3o dispon\u00edveis?<\/strong><br data-start=\"6114\" data-end=\"6117\" \/>As op\u00e7\u00f5es de cores mais comuns apresentadas incluem azul, cor-de-rosa, vermelho, verde e amarelo.<\/p>\n<p data-start=\"6189\" data-end=\"6351\"><strong data-start=\"6189\" data-end=\"6234\">Este produto \u00e9 adequado para utiliza\u00e7\u00e3o promocional?<\/strong><br data-start=\"6234\" data-end=\"6237\" \/>Sim. \u00c9 um acess\u00f3rio de marca \u00fatil para lojas de animais, cl\u00ednicas veterin\u00e1rias, empresas de cuidados de beleza e campanhas de brindes.<\/p>","protected":false},"excerpt":{"rendered":"<p>Esta trela retr\u00e1til personalizada para c\u00e3es foi concebida para um passeio confort\u00e1vel no dia a dia, com uma pega ergon\u00f3mica macia, um gancho met\u00e1lico seguro e um controlo f\u00e1cil com uma m\u00e3o. Dispon\u00edvel nas op\u00e7\u00f5es 3M e 5M, oferece uma extens\u00e3o suave da trela e um manuseamento fi\u00e1vel para animais de estima\u00e7\u00e3o pequenos. Com uma \u00e1rea de log\u00f3tipo limpa e v\u00e1rias op\u00e7\u00f5es de cores vivas, \u00e9 um produto de marca pr\u00e1tico para lojas de animais, sal\u00f5es de beleza, cl\u00ednicas veterin\u00e1rias e campanhas promocionais para animais de estima\u00e7\u00e3o.<\/p>","protected":false},"featured_media":47361,"template":"","meta":{"_gspb_post_css":""},"product_brand":[],"product_cat":[30],"product_tag":[],"class_list":{"0":"post-47360","1":"product","2":"type-product","3":"status-publish","4":"has-post-thumbnail","6":"product_cat-home-pets-tools","8":"first","9":"instock","10":"shipping-taxable","11":"product-type-simple"},"_links":{"self":[{"href":"https:\/\/globalgiftsupplier.com\/pt\/wp-json\/wp\/v2\/product\/47360","targetHints":{"allow":["GET"]}}],"collection":[{"href":"https:\/\/globalgiftsupplier.com\/pt\/wp-json\/wp\/v2\/product"}],"about":[{"href":"https:\/\/globalgiftsupplier.com\/pt\/wp-json\/wp\/v2\/types\/product"}],"wp:featuredmedia":[{"embeddable":true,"href":"https:\/\/globalgiftsupplier.com\/pt\/wp-json\/wp\/v2\/media\/47361"}],"wp:attachment":[{"href":"https:\/\/globalgiftsupplier.com\/pt\/wp-json\/wp\/v2\/media?parent=47360"}],"wp:term":[{"taxonomy":"product_brand","embeddable":true,"href":"https:\/\/globalgiftsupplier.com\/pt\/wp-json\/wp\/v2\/product_brand?post=47360"},{"taxonomy":"product_cat","embeddable":true,"href":"https:\/\/globalgiftsupplier.com\/pt\/wp-json\/wp\/v2\/product_cat?post=47360"},{"taxonomy":"product_tag","embeddable":true,"href":"https:\/\/globalgiftsupplier.com\/pt\/wp-json\/wp\/v2\/product_tag?post=47360"}],"curies":[{"name":"wp","href":"https:\/\/api.w.org\/{rel}","templated":true}]}}