{"id":47291,"date":"2026-03-30T08:49:39","date_gmt":"2026-03-30T08:49:39","guid":{"rendered":"https:\/\/globalgiftsupplier.com\/?post_type=product&#038;p=47291"},"modified":"2026-03-30T08:49:39","modified_gmt":"2026-03-30T08:49:39","slug":"custom-bottle-shape-compact-umbrella-with-logo-printing","status":"publish","type":"product","link":"https:\/\/globalgiftsupplier.com\/pt\/product\/custom-bottle-shape-compact-umbrella-with-logo-printing\/","title":{"rendered":"Guarda-chuva compacto em forma de garrafa personalizado com impress\u00e3o do log\u00f3tipo"},"content":{"rendered":"<p data-start=\"1444\" data-end=\"1950\">Este guarda-chuva compacto personalizado em forma de garrafa \u00e9 um produto promocional criativo que transforma um artigo pr\u00e1tico do dia a dia num brinde de marca memor\u00e1vel. Quando fechado, o guarda-chuva \u00e9 guardado dentro de uma caixa fina em forma de garrafa que lhe confere um aspeto elegante e moderno e facilita o seu transporte em malas de m\u00e3o, mochilas, bolsas de escrit\u00f3rio, malas de viagem e compartimentos de autom\u00f3veis. O design exclusivo em forma de garrafa tamb\u00e9m ajuda a manter os restos de \u00e1gua da chuva contidos ap\u00f3s a utiliza\u00e7\u00e3o, tornando a arruma\u00e7\u00e3o mais limpa e c\u00f3moda.<\/p>\n<p data-start=\"1952\" data-end=\"2333\">O guarda-chuva \u00e9 f\u00e1cil de utilizar. Tal como se v\u00ea nas imagens do produto, os utilizadores simplesmente desaparafusam a tampa em forma de garrafa, separam o guarda-chuva do estojo e abrem-no diretamente para a prote\u00e7\u00e3o di\u00e1ria contra a chuva. Este conceito de arruma\u00e7\u00e3o simples faz com que o produto se destaque dos guarda-chuvas dobr\u00e1veis normais, ao mesmo tempo que acrescenta uma comodidade extra para quem se desloca para o trabalho, viajantes, estudantes, trabalhadores de escrit\u00f3rio e clientes de retalho.<\/p>\n<p data-start=\"2335\" data-end=\"2770\">A sua estrutura compacta torna-o adequado para ser transportado diariamente sem ocupar muito espa\u00e7o. A caixa exterior em forma de garrafa tamb\u00e9m cria uma superf\u00edcie de marca maior e mais limpa, dando ao seu log\u00f3tipo uma melhor visibilidade tanto quando o guarda-chuva est\u00e1 guardado como quando est\u00e1 a ser utilizado. Isto faz com que seja uma boa op\u00e7\u00e3o para brindes promocionais, campanhas sazonais, brindes para eventos, promo\u00e7\u00f5es de viagens, brindes para hot\u00e9is, marcas de empresas e mercadorias de retalho.<\/p>\n<p data-start=\"2772\" data-end=\"3149\">As imagens do produto mostram v\u00e1rias op\u00e7\u00f5es de cores atractivas, incluindo branco, amarelo, cor-de-rosa, verde, azul e preto, dando \u00e0s marcas mais flexibilidade para combinarem com temas empresariais, cores de campanhas ou promo\u00e7\u00f5es sazonais. O estojo cil\u00edndrico limpo contribui para o aspeto de oferta do produto e ajuda este guarda-chuva a parecer mais premium e distinto do que os guarda-chuvas compactos comuns.<\/p>\n<p data-start=\"3151\" data-end=\"3490\">Por ser pr\u00e1tico, port\u00e1til e visualmente diferente, este guarda-chuva em forma de garrafa funciona especialmente bem para marcas que pretendem um artigo promocional \u00fatil com uma apresenta\u00e7\u00e3o criativa. \u00c9 uma escolha inteligente para clientes, consumidores, funcion\u00e1rios, participantes em eventos e utilizadores comuns que pretendem um guarda-chuva compacto, f\u00e1cil de transportar e de guardar.<\/p>\n<p data-start=\"3492\" data-end=\"3947\"><strong data-start=\"3492\" data-end=\"3508\">Carater\u00edsticas principais<\/strong><br data-start=\"3508\" data-end=\"3511\" \/>Estojo de arruma\u00e7\u00e3o criativo em forma de garrafa<br data-start=\"3546\" data-end=\"3549\" \/>Design de guarda-chuva compacto para portabilidade di\u00e1ria<br data-start=\"3594\" data-end=\"3597\" \/>Ajuda a manter os restos de \u00e1gua da chuva contidos ap\u00f3s a utiliza\u00e7\u00e3o<br data-start=\"3646\" data-end=\"3649\" \/>Conceito f\u00e1cil de abrir e armazenar<br data-start=\"3676\" data-end=\"3679\" \/>Grande \u00e1rea de log\u00f3tipo na caixa da garrafa<br data-start=\"3709\" data-end=\"3712\" \/>Adequado para desloca\u00e7\u00f5es, viagens e utiliza\u00e7\u00e3o di\u00e1ria<br data-start=\"3757\" data-end=\"3760\" \/>Aspeto de prenda para campanhas promocionais<br data-start=\"3807\" data-end=\"3810\" \/>Arruma\u00e7\u00e3o simples e limpa em malas ou autom\u00f3veis<br data-start=\"3849\" data-end=\"3852\" \/>Dispon\u00edvel em v\u00e1rias op\u00e7\u00f5es de cores vivas<br data-start=\"3894\" data-end=\"3897\" \/>Artigo promocional \u00fatil com exposi\u00e7\u00e3o repetida da marca<\/p>\n<p data-start=\"3949\" data-end=\"4334\"><strong data-start=\"3949\" data-end=\"3967\">Especifica\u00e7\u00f5es<\/strong><br data-start=\"3967\" data-end=\"3970\" \/>Tipo de produto: Guarda-chuva compacto em forma de garrafa<br data-start=\"4013\" data-end=\"4016\" \/>Estilo: Guarda-chuva dobr\u00e1vel port\u00e1til com estojo para garrafa<br data-start=\"4065\" data-end=\"4068\" \/>Tamanho fechado: Aprox. 30 cm x 5 cm<br data-start=\"4101\" data-end=\"4104\" \/>Largura da capota aberta: Aprox. 98 cm<br data-start=\"4136\" data-end=\"4139\" \/>Altura de abertura: Aprox. 58 cm<br data-start=\"4165\" data-end=\"4168\" \/>Op\u00e7\u00f5es de cores: Branco, amarelo, cor-de-rosa, verde, azul, preto<br data-start=\"4222\" data-end=\"4225\" \/>Personaliza\u00e7\u00e3o: Impress\u00e3o do log\u00f3tipo dispon\u00edvel<br data-start=\"4263\" data-end=\"4266\" \/>Utiliza\u00e7\u00e3o: Prote\u00e7\u00e3o contra a chuva, viagens, desloca\u00e7\u00f5es, brindes<br data-start=\"4318\" data-end=\"4321\" \/>Origem: China<\/p>\n<p data-start=\"4336\" data-end=\"4699\"><strong data-start=\"4336\" data-end=\"4363\">Porqu\u00ea escolher este produto<\/strong><br data-start=\"4363\" data-end=\"4366\" \/>Este produto combina uma apar\u00eancia criativa em forma de garrafa com a utilidade quotidiana de um guarda-chuva compacto. \u00c9 f\u00e1cil de transportar, f\u00e1cil de guardar e altamente adequado para personaliza\u00e7\u00e3o do log\u00f3tipo, tornando-o uma forte escolha promocional para marcas que pretendem um produto pr\u00e1tico com uma apresenta\u00e7\u00e3o mais \u00fanica do que um guarda-chuva dobr\u00e1vel normal.<\/p>\n<p data-start=\"4701\" data-end=\"4956\"><strong data-start=\"4701\" data-end=\"4714\">Ideal para<\/strong><br data-start=\"4714\" data-end=\"4717\" \/>Brindes para empresas<br data-start=\"4736\" data-end=\"4739\" \/>Promo\u00e7\u00f5es de viagens<br data-start=\"4756\" data-end=\"4759\" \/>Presentes para hot\u00e9is e est\u00e2ncias<br data-start=\"4781\" data-end=\"4784\" \/>Mercadoria a retalho<br data-start=\"4802\" data-end=\"4805\" \/>Brindes para escolas e campus<br data-start=\"4832\" data-end=\"4835\" \/>Kits de boas-vindas para os trabalhadores pendulares<br data-start=\"4856\" data-end=\"4859\" \/>Campanhas promocionais sazonais<br data-start=\"4889\" data-end=\"4892\" \/>Lembran\u00e7as de eventos<br data-start=\"4907\" data-end=\"4910\" \/>Ofertas dos empregados<br data-start=\"4924\" data-end=\"4927\" \/>Acess\u00f3rios de uso di\u00e1rio de marca<\/p>\n<p data-start=\"4958\" data-end=\"4965\"><strong data-start=\"4958\" data-end=\"4965\">FAQ<\/strong><\/p>\n<p data-start=\"4967\" data-end=\"5114\"><strong data-start=\"4967\" data-end=\"5015\">Este guarda-chuva pode ser personalizado com um log\u00f3tipo?<\/strong><br data-start=\"5015\" data-end=\"5018\" \/>Sim. A caixa tipo garrafa pode ser personalizada com o seu log\u00f3tipo, nome da marca ou arte promocional.<\/p>\n<p data-start=\"5116\" data-end=\"5344\"><strong data-start=\"5116\" data-end=\"5187\">O que torna este guarda-chuva diferente de um guarda-chuva compacto normal?<\/strong><br data-start=\"5187\" data-end=\"5190\" \/>A sua principal diferen\u00e7a \u00e9 o estojo de armazenamento em forma de garrafa, que lhe confere um aspeto mais criativo e ajuda a manter a humidade contida depois de o guarda-chuva ser dobrado.<\/p>\n<p data-start=\"5346\" data-end=\"5495\"><strong data-start=\"5346\" data-end=\"5378\">Como \u00e9 que se utiliza o guarda-chuva?<\/strong><br data-start=\"5378\" data-end=\"5381\" \/>Desaperta-se ou abre-se a tampa tipo garrafa, separa-se o guarda-chuva do estojo e, em seguida, abre-se o guarda-chuva para o utilizar.<\/p>\n<p data-start=\"5497\" data-end=\"5663\"><strong data-start=\"5497\" data-end=\"5541\">Este guarda-chuva \u00e9 f\u00e1cil de transportar num saco?<\/strong><br data-start=\"5541\" data-end=\"5544\" \/>Sim. O seu design fino em forma de garrafa foi concebido para ser transportado diariamente em malas de m\u00e3o, mochilas, bolsas e sacos de viagem.<\/p>\n<p data-start=\"5665\" data-end=\"5812\"><strong data-start=\"5665\" data-end=\"5695\">Qual \u00e9 o tamanho do guarda-chuva?<\/strong><br data-start=\"5695\" data-end=\"5698\" \/>As imagens do produto mostram uma largura aberta aproximada de 98 cm, uma altura aberta de 58 cm e um tamanho fechado de 30 cm x 5 cm.<\/p>\n<p data-start=\"5814\" data-end=\"5923\"><strong data-start=\"5814\" data-end=\"5844\">Que cores est\u00e3o dispon\u00edveis?<\/strong><br data-start=\"5844\" data-end=\"5847\" \/>As imagens do produto mostram op\u00e7\u00f5es em branco, amarelo, cor-de-rosa, verde, azul e preto.<\/p>\n<p data-start=\"5925\" data-end=\"6109\"><strong data-start=\"5925\" data-end=\"5964\">A caixa da garrafa \u00e9 apenas decorativa?<\/strong><br data-start=\"5964\" data-end=\"5967\" \/>N\u00e3o. Para al\u00e9m do seu aspeto criativo, o estojo ajuda a guardar o guarda-chuva dobrado de forma mais organizada e pode ajudar a reduzir os pingos de \u00e1gua ap\u00f3s a utiliza\u00e7\u00e3o.<\/p>\n<p data-start=\"6111\" data-end=\"6294\"><strong data-start=\"6111\" data-end=\"6156\">\u00c9 adequado para brindes promocionais?<\/strong><br data-start=\"6156\" data-end=\"6159\" \/>Sim. A sua forma criativa, a sua fun\u00e7\u00e3o pr\u00e1tica e a \u00e1rea vis\u00edvel do log\u00f3tipo fazem dela uma forte op\u00e7\u00e3o para brindes promocionais e campanhas de marca.<\/p>\n<p data-start=\"6296\" data-end=\"6478\"><strong data-start=\"6296\" data-end=\"6329\">A quem se destina este produto?<\/strong><br data-start=\"6329\" data-end=\"6332\" \/>\u00c9 ideal para viajantes, estudantes, trabalhadores de escrit\u00f3rio, compradores e qualquer pessoa que pretenda um guarda-chuva compacto, f\u00e1cil de transportar e guardar.<\/p>","protected":false},"excerpt":{"rendered":"<p>Este guarda-chuva compacto personalizado em forma de garrafa combina uma apresenta\u00e7\u00e3o criativa com uma fun\u00e7\u00e3o quotidiana. Concebido para ser guardado dentro de um elegante estojo tipo garrafa, \u00e9 f\u00e1cil de transportar, ajuda a manter os sacos secos ap\u00f3s a utiliza\u00e7\u00e3o e oferece uma \u00e1rea de impress\u00e3o elegante para o seu log\u00f3tipo. Ideal para viagens, desloca\u00e7\u00f5es, programas de brindes e campanhas promocionais.<\/p>","protected":false},"featured_media":47292,"template":"","meta":{"_gspb_post_css":""},"product_brand":[],"product_cat":[30],"product_tag":[],"class_list":{"0":"post-47291","1":"product","2":"type-product","3":"status-publish","4":"has-post-thumbnail","6":"product_cat-home-pets-tools","8":"first","9":"instock","10":"shipping-taxable","11":"product-type-simple"},"_links":{"self":[{"href":"https:\/\/globalgiftsupplier.com\/pt\/wp-json\/wp\/v2\/product\/47291","targetHints":{"allow":["GET"]}}],"collection":[{"href":"https:\/\/globalgiftsupplier.com\/pt\/wp-json\/wp\/v2\/product"}],"about":[{"href":"https:\/\/globalgiftsupplier.com\/pt\/wp-json\/wp\/v2\/types\/product"}],"wp:featuredmedia":[{"embeddable":true,"href":"https:\/\/globalgiftsupplier.com\/pt\/wp-json\/wp\/v2\/media\/47292"}],"wp:attachment":[{"href":"https:\/\/globalgiftsupplier.com\/pt\/wp-json\/wp\/v2\/media?parent=47291"}],"wp:term":[{"taxonomy":"product_brand","embeddable":true,"href":"https:\/\/globalgiftsupplier.com\/pt\/wp-json\/wp\/v2\/product_brand?post=47291"},{"taxonomy":"product_cat","embeddable":true,"href":"https:\/\/globalgiftsupplier.com\/pt\/wp-json\/wp\/v2\/product_cat?post=47291"},{"taxonomy":"product_tag","embeddable":true,"href":"https:\/\/globalgiftsupplier.com\/pt\/wp-json\/wp\/v2\/product_tag?post=47291"}],"curies":[{"name":"wp","href":"https:\/\/api.w.org\/{rel}","templated":true}]}}