{"id":47280,"date":"2026-03-30T08:47:26","date_gmt":"2026-03-30T08:47:26","guid":{"rendered":"https:\/\/globalgiftsupplier.com\/?post_type=product&#038;p=47280"},"modified":"2026-03-30T08:47:26","modified_gmt":"2026-03-30T08:47:26","slug":"custom-reverse-folding-c-handle-umbrella-with-double-layer-windproof-design","status":"publish","type":"product","link":"https:\/\/globalgiftsupplier.com\/pt\/product\/custom-reverse-folding-c-handle-umbrella-with-double-layer-windproof-design\/","title":{"rendered":"Guarda-chuva personalizado com pega em C dobr\u00e1vel em sentido inverso e design \u00e0 prova de vento de camada dupla"},"content":{"rendered":"<p data-start=\"1490\" data-end=\"1963\">Este guarda-chuva dobr\u00e1vel invertido personalizado \u00e9 um produto promocional moderno e muito pr\u00e1tico, concebido para facilitar a utiliza\u00e7\u00e3o di\u00e1ria em tempo de chuva. Ao contr\u00e1rio dos guarda-chuvas tradicionais, utiliza uma estrutura de dobragem de dentro para fora que ajuda a reter a superf\u00edcie exterior h\u00famida no interior quando o guarda-chuva est\u00e1 fechado. Isto ajuda a reduzir os pingos de \u00e1gua na roupa, no ch\u00e3o, nos assentos do carro e nos espa\u00e7os interiores, tornando-o especialmente conveniente para os trabalhadores pendulares, condutores, viajantes e participantes em eventos.<\/p>\n<p data-start=\"1965\" data-end=\"2349\">O guarda-chuva apresenta um design de cobertura de camada dupla que melhora a durabilidade e ajuda a proporcionar uma melhor resist\u00eancia ao vento. As imagens do produto destacam uma camada exterior com tecido PG repelente de \u00e1gua, uma estrutura interm\u00e9dia \u00e0 prova de vento e uma camada interior concebida para uma secagem mais f\u00e1cil. Esta constru\u00e7\u00e3o em camadas confere ao guarda-chuva um design mais funcional para prote\u00e7\u00e3o di\u00e1ria contra a chuva e utiliza\u00e7\u00e3o repetida.<\/p>\n<p data-start=\"2351\" data-end=\"2700\">Uma carater\u00edstica de destaque deste guarda-chuva \u00e9 a sua pega em forma de C. A pega permite aos utilizadores pendurar o guarda-chuva no pulso, ajudando a libertar as m\u00e3os para transportar sacos, utilizar o telefone, abrir portas ou entrar e sair de um carro. Isto torna-o uma forte escolha promocional para profissionais ocupados, trabalhadores pendulares, compradores, estudantes e campanhas relacionadas com viagens.<\/p>\n<p data-start=\"2702\" data-end=\"3059\">A sua estrutura de abertura invertida \u00e9 especialmente \u00fatil para utiliza\u00e7\u00e3o no autom\u00f3vel. O guarda-chuva pode ser aberto e fechado num movimento ascendente mais compacto, facilitando o seu manuseamento em espa\u00e7os apertados, como portas de autom\u00f3veis, entradas e passeios cheios de gente. Oferece tamb\u00e9m um grande tamanho de capota para uma melhor cobertura, mantendo um comprimento fechado confort\u00e1vel para transporte e armazenamento.<\/p>\n<p data-start=\"3061\" data-end=\"3376\">Com a personaliza\u00e7\u00e3o do log\u00f3tipo na cobertura, este guarda-chuva invertido oferece \u00e0s marcas uma grande \u00e1rea de impress\u00e3o vis\u00edvel num produto que recebe exposi\u00e7\u00e3o p\u00fablica repetida. \u00c9 uma escolha inteligente para brindes de empresas, promo\u00e7\u00f5es de concession\u00e1rios, campanhas de viagens, brindes de retalho, programas de seguros, marcas imobili\u00e1rias e mercadorias para eventos.<\/p>\n<p data-start=\"3378\" data-end=\"3846\"><strong data-start=\"3378\" data-end=\"3394\">Carater\u00edsticas principais<\/strong><br data-start=\"3394\" data-end=\"3397\" \/>O design dobr\u00e1vel em sentido inverso ajuda a manter as superf\u00edcies molhadas no interior<br data-start=\"3450\" data-end=\"3453\" \/>Cobertura de camada dupla para maior durabilidade<br data-start=\"3496\" data-end=\"3499\" \/>Estrutura \u00e0 prova de vento para um melhor desempenho no exterior<br data-start=\"3549\" data-end=\"3552\" \/>Pega em forma de C para um transporte sem m\u00e3os<br data-start=\"3591\" data-end=\"3594\" \/>Conveniente para entrar e sair dos autom\u00f3veis<br data-start=\"3635\" data-end=\"3638\" \/>Ajuda a reduzir os pingos no ch\u00e3o e nos assentos<br data-start=\"3679\" data-end=\"3682\" \/>Grande cobertura da capota para prote\u00e7\u00e3o di\u00e1ria contra a chuva<br data-start=\"3729\" data-end=\"3732\" \/>Design fechado f\u00e1cil de transportar<br data-start=\"3759\" data-end=\"3762\" \/>Impress\u00e3o de log\u00f3tipo personalizado dispon\u00edvel<br data-start=\"3792\" data-end=\"3795\" \/>Adequado para desloca\u00e7\u00f5es di\u00e1rias, viagens e utiliza\u00e7\u00e3o promocional<\/p>\n<p data-start=\"3848\" data-end=\"4275\"><strong data-start=\"3848\" data-end=\"3866\">Especifica\u00e7\u00f5es<\/strong><br data-start=\"3866\" data-end=\"3869\" \/>Tipo de produto: Guarda-chuva dobr\u00e1vel invertido<br data-start=\"3907\" data-end=\"3910\" \/>Estilo: Guarda-chuva invertido com pega em C<br data-start=\"3948\" data-end=\"3951\" \/>Estrutura da capota: Camada dupla<br data-start=\"3981\" data-end=\"3984\" \/>Tecido: Tecido PG<br data-start=\"4001\" data-end=\"4004\" \/>Carater\u00edsticas: \u00c0 prova de vento<br data-start=\"4022\" data-end=\"4025\" \/>Carater\u00edsticas: Design de abertura e fecho invertido<br data-start=\"4063\" data-end=\"4066\" \/>Tipo de pega: Pega m\u00e3os-livres em forma de C<br data-start=\"4105\" data-end=\"4108\" \/>Tamanho aberto: Aprox. 107 cm<br data-start=\"4133\" data-end=\"4136\" \/>Comprimento: Aprox. 80 cm<br data-start=\"4157\" data-end=\"4160\" \/>Op\u00e7\u00f5es de cores: Preto, cor-de-rosa, laranja, vermelho, azul claro<br data-start=\"4211\" data-end=\"4214\" \/>Personaliza\u00e7\u00e3o: Impress\u00e3o do log\u00f3tipo nos pain\u00e9is da cobertura<br data-start=\"4259\" data-end=\"4262\" \/>Origem: China<\/p>\n<p data-start=\"4277\" data-end=\"4604\"><strong data-start=\"4277\" data-end=\"4304\">Porqu\u00ea escolher este produto<\/strong><br data-start=\"4304\" data-end=\"4307\" \/>Este guarda-chuva oferece mais comodidade do que um guarda-chuva normal, combinando a dobragem inversa, o desempenho de redu\u00e7\u00e3o de gotas, uma cobertura de camada dupla resistente ao vento e uma pega em C m\u00e3os-livres. \u00c9 um produto de marca pr\u00e1tico que os clientes podem utilizar regularmente, dando ao seu log\u00f3tipo uma forte visibilidade no dia a dia.<\/p>\n<p data-start=\"4606\" data-end=\"4856\"><strong data-start=\"4606\" data-end=\"4619\">Ideal para<\/strong><br data-start=\"4619\" data-end=\"4622\" \/>Brindes para empresas<br data-start=\"4641\" data-end=\"4644\" \/>Promo\u00e7\u00f5es de concession\u00e1rios de autom\u00f3veis<br data-start=\"4669\" data-end=\"4672\" \/>Campanhas de seguros<br data-start=\"4691\" data-end=\"4694\" \/>Promo\u00e7\u00f5es de viagens<br data-start=\"4711\" data-end=\"4714\" \/>Ofertas de retalho<br data-start=\"4726\" data-end=\"4729\" \/>Brindes para viajantes<br data-start=\"4747\" data-end=\"4750\" \/>Mercadoria para feiras e exposi\u00e7\u00f5es<br data-start=\"4772\" data-end=\"4775\" \/>Marca da escola e da universidade<br data-start=\"4805\" data-end=\"4808\" \/>Promo\u00e7\u00f5es imobili\u00e1rias<br data-start=\"4830\" data-end=\"4833\" \/>Utiliza\u00e7\u00e3o di\u00e1ria em tempo chuvoso<\/p>\n<p data-start=\"4858\" data-end=\"4865\"><strong data-start=\"4858\" data-end=\"4865\">FAQ<\/strong><\/p>\n<p data-start=\"4867\" data-end=\"5003\"><strong data-start=\"4867\" data-end=\"4915\">Este guarda-chuva pode ser personalizado com um log\u00f3tipo?<\/strong><br data-start=\"4915\" data-end=\"4918\" \/>Sim. A cobertura pode ser personalizada com o seu log\u00f3tipo, nome da marca ou arte promocional.<\/p>\n<p data-start=\"5005\" data-end=\"5213\"><strong data-start=\"5005\" data-end=\"5044\">O que \u00e9 um guarda-chuva dobr\u00e1vel invertido?<\/strong><br data-start=\"5044\" data-end=\"5047\" \/>Um guarda-chuva dobr\u00e1vel invertido fecha-se para dentro, ajudando a manter o exterior h\u00famido no interior depois de dobrado. Isto ajuda a reduzir os pingos de \u00e1gua na roupa, no ch\u00e3o e no interior dos autom\u00f3veis.<\/p>\n<p data-start=\"5215\" data-end=\"5377\"><strong data-start=\"5215\" data-end=\"5257\">Qual \u00e9 a vantagem da pega em C?<\/strong><br data-start=\"5257\" data-end=\"5260\" \/>A pega em forma de C pode ser apoiada no pulso, ajudando a libertar as m\u00e3os para transportar sacos, utilizar o telem\u00f3vel ou abrir portas.<\/p>\n<p data-start=\"5379\" data-end=\"5563\"><strong data-start=\"5379\" data-end=\"5417\">Este guarda-chuva \u00e9 adequado para ser utilizado no autom\u00f3vel?<\/strong><br data-start=\"5417\" data-end=\"5420\" \/>Sim. O design de abertura invertida \u00e9 especialmente conveniente quando se entra ou sai de um autom\u00f3vel, uma vez que pode ser aberto e fechado num espa\u00e7o mais apertado.<\/p>\n<p data-start=\"5565\" data-end=\"5704\"><strong data-start=\"5565\" data-end=\"5585\">\u00c9 \u00e0 prova de vento?<\/strong><br data-start=\"5585\" data-end=\"5588\" \/>Sim. O produto \u00e9 apresentado com uma constru\u00e7\u00e3o \u00e0 prova de vento de dupla camada, concebida para uma melhor estabilidade em tempo ventoso.<\/p>\n<p data-start=\"5706\" data-end=\"5796\"><strong data-start=\"5706\" data-end=\"5747\">Que material \u00e9 utilizado para a cobertura?<\/strong><br data-start=\"5747\" data-end=\"5750\" \/>As imagens do produto indicam a utiliza\u00e7\u00e3o do tecido PG.<\/p>\n<p data-start=\"5798\" data-end=\"5919\"><strong data-start=\"5798\" data-end=\"5829\">Qual \u00e9 o tamanho deste guarda-chuva?<\/strong><br data-start=\"5829\" data-end=\"5832\" \/>As imagens do produto mostram um tamanho aberto aproximado de 107 cm e um comprimento de cerca de 80 cm.<\/p>\n<p data-start=\"5921\" data-end=\"6027\"><strong data-start=\"5921\" data-end=\"5951\">Que cores est\u00e3o dispon\u00edveis?<\/strong><br data-start=\"5951\" data-end=\"5954\" \/>As imagens do produto mostram op\u00e7\u00f5es em preto, cor-de-rosa, laranja, vermelho e azul claro.<\/p>\n<p data-start=\"6029\" data-end=\"6212\"><strong data-start=\"6029\" data-end=\"6080\">O guarda-chuva ajuda a reduzir os pingos dentro de casa?<\/strong><br data-start=\"6080\" data-end=\"6083\" \/>Sim. Como o lado h\u00famido se dobra para dentro, ajuda a reduzir os pingos quando se leva o guarda-chuva para carros, escrit\u00f3rios, lojas ou casas.<\/p>","protected":false},"excerpt":{"rendered":"<p data-start=\"1006\" data-end=\"1350\">Este guarda-chuva dobr\u00e1vel invertido personalizado apresenta um design pr\u00e1tico de dentro para fora que ajuda a manter a superf\u00edcie molhada contida ao fechar. Com uma pega confort\u00e1vel em forma de C, uma cobertura de dupla camada e uma estrutura resistente ao vento, \u00e9 um guarda-chuva de marca \u00fatil para desloca\u00e7\u00f5es di\u00e1rias, entradas e sa\u00eddas do carro, viagens e brindes promocionais.<\/p>","protected":false},"featured_media":47281,"template":"","meta":{"_gspb_post_css":""},"product_brand":[],"product_cat":[30],"product_tag":[],"class_list":{"0":"post-47280","1":"product","2":"type-product","3":"status-publish","4":"has-post-thumbnail","6":"product_cat-home-pets-tools","8":"first","9":"instock","10":"shipping-taxable","11":"product-type-simple"},"_links":{"self":[{"href":"https:\/\/globalgiftsupplier.com\/pt\/wp-json\/wp\/v2\/product\/47280","targetHints":{"allow":["GET"]}}],"collection":[{"href":"https:\/\/globalgiftsupplier.com\/pt\/wp-json\/wp\/v2\/product"}],"about":[{"href":"https:\/\/globalgiftsupplier.com\/pt\/wp-json\/wp\/v2\/types\/product"}],"wp:featuredmedia":[{"embeddable":true,"href":"https:\/\/globalgiftsupplier.com\/pt\/wp-json\/wp\/v2\/media\/47281"}],"wp:attachment":[{"href":"https:\/\/globalgiftsupplier.com\/pt\/wp-json\/wp\/v2\/media?parent=47280"}],"wp:term":[{"taxonomy":"product_brand","embeddable":true,"href":"https:\/\/globalgiftsupplier.com\/pt\/wp-json\/wp\/v2\/product_brand?post=47280"},{"taxonomy":"product_cat","embeddable":true,"href":"https:\/\/globalgiftsupplier.com\/pt\/wp-json\/wp\/v2\/product_cat?post=47280"},{"taxonomy":"product_tag","embeddable":true,"href":"https:\/\/globalgiftsupplier.com\/pt\/wp-json\/wp\/v2\/product_tag?post=47280"}],"curies":[{"name":"wp","href":"https:\/\/api.w.org\/{rel}","templated":true}]}}