{"id":47270,"date":"2026-03-30T08:45:08","date_gmt":"2026-03-30T08:45:08","guid":{"rendered":"https:\/\/globalgiftsupplier.com\/?post_type=product&#038;p=47270"},"modified":"2026-03-30T08:45:08","modified_gmt":"2026-03-30T08:45:08","slug":"custom-adjustable-walking-stick-umbrella-with-uv-protection-and-logo-printing","status":"publish","type":"product","link":"https:\/\/globalgiftsupplier.com\/pt\/product\/custom-adjustable-walking-stick-umbrella-with-uv-protection-and-logo-printing\/","title":{"rendered":"Guarda-chuva de bengala ajust\u00e1vel personalizado com prote\u00e7\u00e3o UV e impress\u00e3o do log\u00f3tipo"},"content":{"rendered":"<p data-start=\"1556\" data-end=\"1988\">Este guarda-chuva de bengala ajust\u00e1vel personalizado \u00e9 um produto promocional funcional e distinto que combina a conveni\u00eancia de um guarda-chuva de tamanho normal com o apoio de uma pega tipo bengala. Foi concebido para os utilizadores que pretendem uma prote\u00e7\u00e3o fi\u00e1vel contra as intemp\u00e9ries, juntamente com uma experi\u00eancia de transporte mais est\u00e1vel e confort\u00e1vel, o que o torna especialmente adequado para desloca\u00e7\u00f5es, caminhadas, viagens e utiliza\u00e7\u00e3o di\u00e1ria no exterior.<\/p>\n<p data-start=\"1990\" data-end=\"2415\">O guarda-chuva apresenta uma estrutura reta e robusta com uma grande cobertura que ajuda a proporcionar uma ampla cobertura \u00e0 chuva ou ao sol. Foi concebido com um desempenho \u00e0 prova de \u00e1gua para tempo h\u00famido e prote\u00e7\u00e3o UV para condi\u00e7\u00f5es de sol, o que lhe confere uma utilidade quotidiana mais ampla do que um guarda-chuva normal. Quer seja utilizado nas ruas da cidade, em passeios ao ar livre, em idas \u00e0s compras, em parques, em percursos de viagem ou em eventos, ajuda os utilizadores a manterem-se protegidos em condi\u00e7\u00f5es meteorol\u00f3gicas vari\u00e1veis.<\/p>\n<p data-start=\"2417\" data-end=\"2860\">Uma das principais vantagens deste produto \u00e9 o seu design de altura ajust\u00e1vel. O guarda-chuva pode ser ajustado atrav\u00e9s de v\u00e1rias defini\u00e7\u00f5es de altura para se adaptar melhor a utilizadores de diferentes alturas, tornando-o mais confort\u00e1vel de segurar e mais f\u00e1cil de utilizar como guarda-chuva de apoio. A pega em forma de bengala melhora ainda mais a ader\u00eancia e o manuseamento, criando uma op\u00e7\u00e3o mais pr\u00e1tica para adultos mais velhos, caminhantes di\u00e1rios e utilizadores que preferem um formato est\u00e1vel de guarda-chuva direito.<\/p>\n<p data-start=\"2862\" data-end=\"3246\">A estrutura refor\u00e7ada tamb\u00e9m \u00e9 promovida como suporte de carga, aumentando o atrativo do produto como acess\u00f3rio de chuva do tipo suporte. Combinado com o seu aspeto simples e a sua grande cobertura imprim\u00edvel, torna-se uma forte escolha promocional para campanhas de cuidados de sa\u00fade, companhias de seguros, farm\u00e1cias, programas comunit\u00e1rios para idosos, marcas de exterior, hot\u00e9is, promo\u00e7\u00f5es de retalho e projectos de brindes empresariais.<\/p>\n<p data-start=\"3248\" data-end=\"3461\">O seu log\u00f3tipo pode ser impresso na cobertura para uma visibilidade duradoura da marca. Uma vez que os guarda-chuvas s\u00e3o utilizados repetidamente em p\u00fablico, este produto oferece um forte valor promocional ao mesmo tempo que proporciona uma fun\u00e7\u00e3o pr\u00e1tica no dia a dia.<\/p>\n<p data-start=\"3463\" data-end=\"3919\"><strong data-start=\"3463\" data-end=\"3479\">Carater\u00edsticas principais<\/strong><br data-start=\"3479\" data-end=\"3482\" \/>Design de altura ajust\u00e1vel com v\u00e1rias regula\u00e7\u00f5es<br data-start=\"3529\" data-end=\"3532\" \/>Pega tipo bengala para melhor ader\u00eancia e apoio<br data-start=\"3586\" data-end=\"3589\" \/>Cobertura imperme\u00e1vel para utiliza\u00e7\u00e3o em tempo chuvoso<br data-start=\"3628\" data-end=\"3631\" \/>Prote\u00e7\u00e3o UV para cobertura solar<br data-start=\"3661\" data-end=\"3664\" \/>Grande cobertura para uma prote\u00e7\u00e3o mais ampla<br data-start=\"3697\" data-end=\"3700\" \/>Estrutura forte e reta do guarda-chuva<br data-start=\"3734\" data-end=\"3737\" \/>Design de estilo de suporte de carga para maior praticidade<br data-start=\"3785\" data-end=\"3788\" \/>Impress\u00e3o de log\u00f3tipo personalizado dispon\u00edvel<br data-start=\"3818\" data-end=\"3821\" \/>Adequado para utiliza\u00e7\u00e3o \u00e0 chuva e ao sol<br data-start=\"3860\" data-end=\"3863\" \/>Um artigo promocional \u00fatil com exposi\u00e7\u00e3o repetida a longo prazo<\/p>\n<p data-start=\"3921\" data-end=\"4452\"><strong data-start=\"3921\" data-end=\"3939\">Especifica\u00e7\u00f5es<\/strong><br data-start=\"3939\" data-end=\"3942\" \/>Tipo de produto: Guarda-chuva de bengala<br data-start=\"3978\" data-end=\"3981\" \/>Estilo: Guarda-chuva reto com pega em forma de bengala<br data-start=\"4028\" data-end=\"4031\" \/>Fun\u00e7\u00e3o: Prote\u00e7\u00e3o contra a chuva e utiliza\u00e7\u00e3o como suporte<br data-start=\"4078\" data-end=\"4081\" \/>Regula\u00e7\u00e3o em altura: 83 cm \/ 85 cm \/ 87 cm \/ 89 cm \/ 92 cm<br data-start=\"4135\" data-end=\"4138\" \/>Largura da cobertura aberta: 100 cm<br data-start=\"4163\" data-end=\"4166\" \/>Arco do dossel: 120 cm<br data-start=\"4184\" data-end=\"4187\" \/>Comprimento fechado: 85 cm<br data-start=\"4207\" data-end=\"4210\" \/>Op\u00e7\u00f5es de cores: Preto, azul-marinho, vermelho<br data-start=\"4246\" data-end=\"4249\" \/>Carater\u00edsticas: \u00c0 prova de \u00e1gua<br data-start=\"4268\" data-end=\"4271\" \/>Carater\u00edsticas: Prote\u00e7\u00e3o UV<br data-start=\"4293\" data-end=\"4296\" \/>Estrutura: Eixo ajust\u00e1vel<br data-start=\"4323\" data-end=\"4326\" \/>Desempenho do suporte: At\u00e9 80 kg de suporte de carga mostrado nas imagens do produto<br data-start=\"4395\" data-end=\"4398\" \/>Personaliza\u00e7\u00e3o: Impress\u00e3o do log\u00f3tipo na cobertura<br data-start=\"4436\" data-end=\"4439\" \/>Origem: China<\/p>\n<p data-start=\"4454\" data-end=\"4791\"><strong data-start=\"4454\" data-end=\"4481\">Porqu\u00ea escolher este produto<\/strong><br data-start=\"4481\" data-end=\"4484\" \/>Este produto oferece mais do que um guarda-chuva promocional normal. Combina a prote\u00e7\u00e3o contra as intemp\u00e9ries, o manuseamento ajust\u00e1vel e a praticidade do estilo de apoio num s\u00f3 artigo. Isto torna-o uma escolha forte para as marcas que pretendem um brinde \u00fatil, memor\u00e1vel e de valor superior que os clientes possam continuar a utilizar no dia a dia.<\/p>\n<p data-start=\"4793\" data-end=\"5024\"><strong data-start=\"4793\" data-end=\"4806\">Ideal para<\/strong><br data-start=\"4806\" data-end=\"4809\" \/>Promo\u00e7\u00f5es de cuidados a idosos<br data-start=\"4831\" data-end=\"4834\" \/>Marca de cuidados de sa\u00fade<br data-start=\"4853\" data-end=\"4856\" \/>Brindes de seguros<br data-start=\"4875\" data-end=\"4878\" \/>Campanhas de farm\u00e1cia<br data-start=\"4896\" data-end=\"4899\" \/>Programas de caminhadas ao ar livre<br data-start=\"4923\" data-end=\"4926\" \/>Promo\u00e7\u00f5es de viagens<br data-start=\"4943\" data-end=\"4946\" \/>Presentes de boas-vindas do hotel<br data-start=\"4965\" data-end=\"4968\" \/>Presentes de empresas<br data-start=\"4983\" data-end=\"4986\" \/>Eventos comunit\u00e1rios<br data-start=\"5002\" data-end=\"5005\" \/>Utiliza\u00e7\u00e3o di\u00e1ria em desloca\u00e7\u00f5es pendulares<\/p>\n<p data-start=\"5026\" data-end=\"5033\"><strong data-start=\"5026\" data-end=\"5033\">FAQ<\/strong><\/p>\n<p data-start=\"5035\" data-end=\"5170\"><strong data-start=\"5035\" data-end=\"5083\">Este guarda-chuva pode ser personalizado com um log\u00f3tipo?<\/strong><br data-start=\"5083\" data-end=\"5086\" \/>Sim. A cobertura pode ser personalizada com o seu log\u00f3tipo, nome da marca ou design promocional.<\/p>\n<p data-start=\"5172\" data-end=\"5395\"><strong data-start=\"5172\" data-end=\"5236\">O que torna este guarda-chuva diferente de um guarda-chuva normal?<\/strong><br data-start=\"5236\" data-end=\"5239\" \/>Foi concebida com uma pega tipo bengala e regula\u00e7\u00f5es de altura ajust\u00e1veis, o que lhe confere uma funcionalidade de apoio adicional, para al\u00e9m da prote\u00e7\u00e3o contra a chuva.<\/p>\n<p data-start=\"5397\" data-end=\"5530\"><strong data-start=\"5397\" data-end=\"5426\">A altura \u00e9 regul\u00e1vel?<\/strong><br data-start=\"5426\" data-end=\"5429\" \/>Sim. O guarda-chuva \u00e9 apresentado com cinco n\u00edveis de altura ajust\u00e1veis: 83 cm, 85 cm, 87 cm, 89 cm e 92 cm.<\/p>\n<p data-start=\"5532\" data-end=\"5676\"><strong data-start=\"5532\" data-end=\"5566\">Oferece prote\u00e7\u00e3o UV?<\/strong><br data-start=\"5566\" data-end=\"5569\" \/>Sim. As imagens do produto indicam que \u00e9 adequado tanto para a prote\u00e7\u00e3o imperme\u00e1vel contra a chuva como para a prote\u00e7\u00e3o UV.<\/p>\n<p data-start=\"5678\" data-end=\"5796\"><strong data-start=\"5678\" data-end=\"5706\">Qual \u00e9 o tamanho do dossel?<\/strong><br data-start=\"5706\" data-end=\"5709\" \/>As imagens do produto mostram uma largura aberta de cerca de 100 cm e um arco de cobertura de cerca de 120 cm.<\/p>\n<p data-start=\"5798\" data-end=\"5997\"><strong data-start=\"5798\" data-end=\"5845\">Este guarda-chuva \u00e9 adequado para adultos mais velhos?<\/strong><br data-start=\"5845\" data-end=\"5848\" \/>Sim. A sua pega em forma de bengala e a altura ajust\u00e1vel tornam-no especialmente adequado para idosos e utilizadores que preferem uma estabilidade extra num guarda-chuva direito.<\/p>\n<p data-start=\"5999\" data-end=\"6221\"><strong data-start=\"5999\" data-end=\"6044\">Pode ser utilizado como um objeto de apoio \u00e0 marcha?<\/strong><br data-start=\"6044\" data-end=\"6047\" \/>As imagens do produto mostram uma capacidade de carga at\u00e9 80 kg, o que real\u00e7a o seu design de estilo de suporte. \u00c9 melhor utilizado como um guarda-chuva pr\u00e1tico com vantagens acrescidas em termos de estabilidade.<\/p>\n<p data-start=\"6223\" data-end=\"6320\"><strong data-start=\"6223\" data-end=\"6253\">Que cores est\u00e3o dispon\u00edveis?<\/strong><br data-start=\"6253\" data-end=\"6256\" \/>As imagens do produto mostram op\u00e7\u00f5es de cor preta, azul-marinho e vermelha.<\/p>\n<p data-start=\"6322\" data-end=\"6506\"><strong data-start=\"6322\" data-end=\"6375\">Este produto \u00e9 adequado para brindes promocionais?<\/strong><br data-start=\"6375\" data-end=\"6378\" \/>Sim. \u00c9 altamente adequado para cuidados de sa\u00fade, seguros, servi\u00e7os para idosos, brindes para hot\u00e9is e promo\u00e7\u00f5es de marca ao ar livre ou de estilo de vida.<\/p>","protected":false},"excerpt":{"rendered":"<p data-start=\"1038\" data-end=\"1414\">Este guarda-chuva de bengala ajust\u00e1vel personalizado combina prote\u00e7\u00e3o contra a chuva e apoio para caminhar num pr\u00e1tico artigo promocional. Concebido com uma pega robusta em forma de bengala, altura ajust\u00e1vel, cobertura imperme\u00e1vel e prote\u00e7\u00e3o UV, \u00e9 um produto de marca \u00fatil para desloca\u00e7\u00f5es di\u00e1rias, actividades ao ar livre, promo\u00e7\u00f5es de cuidados a idosos e ofertas de empresas.<\/p>","protected":false},"featured_media":47271,"template":"","meta":{"_gspb_post_css":""},"product_brand":[],"product_cat":[30],"product_tag":[],"class_list":{"0":"post-47270","1":"product","2":"type-product","3":"status-publish","4":"has-post-thumbnail","6":"product_cat-home-pets-tools","8":"first","9":"instock","10":"shipping-taxable","11":"product-type-simple"},"_links":{"self":[{"href":"https:\/\/globalgiftsupplier.com\/pt\/wp-json\/wp\/v2\/product\/47270","targetHints":{"allow":["GET"]}}],"collection":[{"href":"https:\/\/globalgiftsupplier.com\/pt\/wp-json\/wp\/v2\/product"}],"about":[{"href":"https:\/\/globalgiftsupplier.com\/pt\/wp-json\/wp\/v2\/types\/product"}],"wp:featuredmedia":[{"embeddable":true,"href":"https:\/\/globalgiftsupplier.com\/pt\/wp-json\/wp\/v2\/media\/47271"}],"wp:attachment":[{"href":"https:\/\/globalgiftsupplier.com\/pt\/wp-json\/wp\/v2\/media?parent=47270"}],"wp:term":[{"taxonomy":"product_brand","embeddable":true,"href":"https:\/\/globalgiftsupplier.com\/pt\/wp-json\/wp\/v2\/product_brand?post=47270"},{"taxonomy":"product_cat","embeddable":true,"href":"https:\/\/globalgiftsupplier.com\/pt\/wp-json\/wp\/v2\/product_cat?post=47270"},{"taxonomy":"product_tag","embeddable":true,"href":"https:\/\/globalgiftsupplier.com\/pt\/wp-json\/wp\/v2\/product_tag?post=47270"}],"curies":[{"name":"wp","href":"https:\/\/api.w.org\/{rel}","templated":true}]}}