{"id":47239,"date":"2026-03-30T08:37:57","date_gmt":"2026-03-30T08:37:57","guid":{"rendered":"https:\/\/globalgiftsupplier.com\/?post_type=product&#038;p=47239"},"modified":"2026-03-30T08:37:57","modified_gmt":"2026-03-30T08:37:57","slug":"custom-straight-handle-black-coated-golf-umbrella-with-logo-printing","status":"publish","type":"product","link":"https:\/\/globalgiftsupplier.com\/pt\/product\/custom-straight-handle-black-coated-golf-umbrella-with-logo-printing\/","title":{"rendered":"Guarda-chuva de golfe personalizado com cabo reto e revestimento preto com impress\u00e3o do log\u00f3tipo"},"content":{"rendered":"<p data-start=\"1606\" data-end=\"1992\">Este guarda-chuva de golfe personalizado com pega reta \u00e9 um artigo promocional pr\u00e1tico concebido para dias de chuva e utiliza\u00e7\u00e3o di\u00e1ria no exterior. Com a sua estrutura cl\u00e1ssica a todo o comprimento, pega curva confort\u00e1vel e ampla cobertura da copa, oferece um aspeto limpo e profissional que funciona bem para brindes de empresas, campanhas publicit\u00e1rias, promo\u00e7\u00f5es de eventos e mercadorias de marca.<\/p>\n<p data-start=\"1994\" data-end=\"2484\">O guarda-chuva possui um revestimento interior preto que ajuda a adicionar uma fun\u00e7\u00e3o extra para utiliza\u00e7\u00e3o no exterior, tornando-o adequado tanto para prote\u00e7\u00e3o contra a chuva como para as necessidades di\u00e1rias de sombra. O seu generoso tamanho de cobertura proporciona uma ampla cobertura, ajudando a manter os utilizadores mais confort\u00e1veis quando caminham ao ar livre, se deslocam para o trabalho, participam em eventos ou viajam entre locais. Esta combina\u00e7\u00e3o de fun\u00e7\u00e3o e visibilidade torna-o um produto \u00fatil para as marcas que pretendem uma exposi\u00e7\u00e3o duradoura num artigo que os clientes ir\u00e3o efetivamente utilizar.<\/p>\n<p data-start=\"2486\" data-end=\"2954\">O seu design de guarda-chuva reto confere-lhe um aspeto cl\u00e1ssico que se adapta a muitos sectores e p\u00fablicos. A pega curva \u00e9 f\u00e1cil de segurar e transportar, enquanto a estrutura em tamanho real oferece uma estrutura est\u00e1vel e pr\u00e1tica para uma utiliza\u00e7\u00e3o regular. A cobertura tamb\u00e9m oferece uma grande \u00e1rea de personaliza\u00e7\u00e3o para o seu log\u00f3tipo, slogan ou arte promocional, permitindo que a sua marca permane\u00e7a vis\u00edvel em espa\u00e7os p\u00fablicos como ruas, escrit\u00f3rios, campus, hot\u00e9is, eventos comerciais e \u00e1reas de transporte.<\/p>\n<p data-start=\"2956\" data-end=\"3319\">Este guarda-chuva \u00e9 uma escolha forte para empresas que procuram um produto de marca funcional com grande atra\u00e7\u00e3o. Pode ser utilizado como brinde da empresa, presente de agradecimento ao cliente, artigo para o funcion\u00e1rio, pe\u00e7a de merchandising de retalho ou brinde de evento. Quer seja utilizado em tempo de chuva ou sob sol forte, d\u00e1 \u00e0 sua marca uma visibilidade repetida atrav\u00e9s de um acess\u00f3rio pr\u00e1tico para o dia a dia.<\/p>\n<p data-start=\"3321\" data-end=\"3778\"><strong data-start=\"3321\" data-end=\"3337\">Carater\u00edsticas principais<\/strong><br data-start=\"3337\" data-end=\"3340\" \/>Grande cobertura da capota para uma melhor prote\u00e7\u00e3o no exterior<br data-start=\"3391\" data-end=\"3394\" \/>Revestimento interior preto para utiliza\u00e7\u00e3o ao sol e \u00e0 chuva<br data-start=\"3434\" data-end=\"3437\" \/>Design cl\u00e1ssico de guarda-chuva reto<br data-start=\"3469\" data-end=\"3472\" \/>Pega curva e confort\u00e1vel em forma de J<br data-start=\"3499\" data-end=\"3502\" \/>Impress\u00e3o de log\u00f3tipo personalizado dispon\u00edvel nos pain\u00e9is da cobertura<br data-start=\"3549\" data-end=\"3552\" \/>Adequado para utiliza\u00e7\u00e3o promocional e empresarial<br data-start=\"3594\" data-end=\"3597\" \/>Pr\u00e1tico para desloca\u00e7\u00f5es, eventos e actividades ao ar livre<br data-start=\"3652\" data-end=\"3655\" \/>Aspeto limpo e profissional<br data-start=\"3688\" data-end=\"3691\" \/>Dispon\u00edvel em v\u00e1rias op\u00e7\u00f5es de cores<br data-start=\"3726\" data-end=\"3729\" \/>Artigo \u00fatil para oferta com exposi\u00e7\u00e3o repetida da marca<\/p>\n<p data-start=\"3780\" data-end=\"4173\"><strong data-start=\"3780\" data-end=\"3798\">Especifica\u00e7\u00f5es<\/strong><br data-start=\"3798\" data-end=\"3801\" \/>Tipo de produto: Guarda-chuva de pega reta<br data-start=\"3839\" data-end=\"3842\" \/>Material: Cobertura de poli\u00e9ster com revestimento interior preto<br data-start=\"3893\" data-end=\"3896\" \/>Estilo da arma\u00e7\u00e3o: Estrutura de guarda-chuva reta de tamanho normal<br data-start=\"3942\" data-end=\"3945\" \/>Tipo de pega: Punho em J curvo<br data-start=\"3973\" data-end=\"3976\" \/>Di\u00e2metro do dossel: 105 cm<br data-start=\"3999\" data-end=\"4002\" \/>Altura do guarda-chuva: 83 cm<br data-start=\"4024\" data-end=\"4027\" \/>Op\u00e7\u00f5es de cores: Preto, azul, vermelho<br data-start=\"4058\" data-end=\"4061\" \/>Personaliza\u00e7\u00e3o: Impress\u00e3o do log\u00f3tipo dispon\u00edvel<br data-start=\"4099\" data-end=\"4102\" \/>Utiliza\u00e7\u00e3o: Prote\u00e7\u00e3o contra a chuva e o sol, promo\u00e7\u00f5es, brindes, eventos<br data-start=\"4157\" data-end=\"4160\" \/>Origem: China<\/p>\n<p data-start=\"4175\" data-end=\"4624\"><strong data-start=\"4175\" data-end=\"4202\">Porqu\u00ea escolher este produto<\/strong><br data-start=\"4202\" data-end=\"4205\" \/>Este guarda-chuva combina uma forma cl\u00e1ssica, uma cobertura \u00fatil e um forte valor de marca num produto pr\u00e1tico. A grande cobertura e o revestimento interior preto tornam-no adequado para utiliza\u00e7\u00e3o di\u00e1ria no exterior, enquanto a \u00e1rea do log\u00f3tipo personalizado ajuda a sua marca a manter-se vis\u00edvel nos escrit\u00f3rios, nas ruas, em eventos e durante as viagens. Trata-se de um artigo promocional fi\u00e1vel que \u00e9 pr\u00e1tico, apresent\u00e1vel e f\u00e1cil de distribuir em muitos sectores.<\/p>\n<p data-start=\"4626\" data-end=\"4900\"><strong data-start=\"4626\" data-end=\"4639\">Ideal para<\/strong><br data-start=\"4639\" data-end=\"4642\" \/>Presentes de empresas<br data-start=\"4657\" data-end=\"4660\" \/>Brindes para feiras<br data-start=\"4680\" data-end=\"4683\" \/>Promo\u00e7\u00f5es da escola e do campus<br data-start=\"4711\" data-end=\"4714\" \/>Marca de hotelaria e hospitalidade<br data-start=\"4744\" data-end=\"4747\" \/>Promo\u00e7\u00f5es imobili\u00e1rias<br data-start=\"4769\" data-end=\"4772\" \/>Brindes para eventos ao ar livre<br data-start=\"4795\" data-end=\"4798\" \/>Mercadoria a retalho<br data-start=\"4816\" data-end=\"4819\" \/>Kits de boas-vindas aos empregados<br data-start=\"4840\" data-end=\"4843\" \/>Utiliza\u00e7\u00e3o em viagens e desloca\u00e7\u00f5es pendulares<br data-start=\"4867\" data-end=\"4870\" \/>Campanhas publicit\u00e1rias sazonais<\/p>\n<p data-start=\"4902\" data-end=\"4909\"><strong data-start=\"4902\" data-end=\"4909\">FAQ<\/strong><\/p>\n<p data-start=\"4911\" data-end=\"5040\"><strong data-start=\"4911\" data-end=\"4959\">Este guarda-chuva pode ser personalizado com um log\u00f3tipo?<\/strong><br data-start=\"4959\" data-end=\"4962\" \/>Sim. Os pain\u00e9is de cobertura podem ser personalizados com o seu log\u00f3tipo ou desenho promocional.<\/p>\n<p data-start=\"5042\" data-end=\"5224\"><strong data-start=\"5042\" data-end=\"5098\">Este guarda-chuva \u00e9 adequado para chuva e sol?<\/strong><br data-start=\"5098\" data-end=\"5101\" \/>Sim. O revestimento interior preto e a capota de tamanho normal tornam-na adequada tanto para a prote\u00e7\u00e3o contra a chuva como para a utiliza\u00e7\u00e3o quotidiana como escudo solar.<\/p>\n<p data-start=\"5226\" data-end=\"5343\"><strong data-start=\"5226\" data-end=\"5257\">Qual \u00e9 o tamanho deste guarda-chuva?<\/strong><br data-start=\"5257\" data-end=\"5260\" \/>O di\u00e2metro da copa \u00e9 de cerca de 105 cm e a altura total \u00e9 de cerca de 83 cm.<\/p>\n<p data-start=\"5345\" data-end=\"5454\"><strong data-start=\"5345\" data-end=\"5379\">Qual \u00e9 o estilo de pega que utiliza?<\/strong><br data-start=\"5379\" data-end=\"5382\" \/>Possui uma pega curva cl\u00e1ssica em forma de J para um transporte e uma ader\u00eancia confort\u00e1veis.<\/p>\n<p data-start=\"5456\" data-end=\"5540\"><strong data-start=\"5456\" data-end=\"5486\">Que cores est\u00e3o dispon\u00edveis?<\/strong><br data-start=\"5486\" data-end=\"5489\" \/>As imagens mostram op\u00e7\u00f5es de cor preta, azul e vermelha.<\/p>\n<p data-start=\"5542\" data-end=\"5620\"><strong data-start=\"5542\" data-end=\"5573\">Isto \u00e9 um guarda-chuva dobr\u00e1vel?<\/strong><br data-start=\"5573\" data-end=\"5576\" \/>N\u00e3o. Este \u00e9 um guarda-chuva de comprimento normal.<\/p>\n<p data-start=\"5622\" data-end=\"5818\"><strong data-start=\"5622\" data-end=\"5679\">A que tipo de clientes se destina este guarda-chuva?<\/strong><br data-start=\"5679\" data-end=\"5682\" \/>\u00c9 adequado para empresas, escolas, hot\u00e9is, organizadores de eventos, lojas de retalho e marcas que procuram um produto promocional pr\u00e1tico.<\/p>\n<p data-start=\"5820\" data-end=\"5979\"><strong data-start=\"5820\" data-end=\"5863\">Pode ser utilizado como um brinde de empresa?<\/strong><br data-start=\"5863\" data-end=\"5866\" \/>Sim. \u00c9 uma boa op\u00e7\u00e3o para brindes para clientes, brindes para funcion\u00e1rios, brindes para eventos e programas de mercadorias de marca.<\/p>\n<p data-start=\"5981\" data-end=\"6154\"><strong data-start=\"5981\" data-end=\"6033\">O guarda-chuva oferece uma grande \u00e1rea de marca?<\/strong><br data-start=\"6033\" data-end=\"6036\" \/>Sim. A cobertura oferece uma \u00e1rea clara e vis\u00edvel para a impress\u00e3o do log\u00f3tipo, ajudando a melhorar a exposi\u00e7\u00e3o da marca em ambientes exteriores.<\/p>","protected":false},"excerpt":{"rendered":"<p>Este guarda-chuva de golfe personalizado com pega reta apresenta uma grande cobertura, um design cl\u00e1ssico com pega em J e um revestimento interior preto para uma utiliza\u00e7\u00e3o pr\u00e1tica ao sol e \u00e0 chuva. Concebido para a comodidade quotidiana e para uma forte visibilidade da marca, \u00e9 ideal para brindes de empresas, promo\u00e7\u00f5es, eventos ao ar livre, hot\u00e9is, escolas e utiliza\u00e7\u00e3o a retalho. A ampla \u00e1rea de impress\u00e3o ajuda o seu log\u00f3tipo a destacar-se num artigo \u00fatil que as pessoas podem levar sempre consigo.<\/p>","protected":false},"featured_media":47240,"template":"","meta":{"_gspb_post_css":""},"product_brand":[],"product_cat":[30],"product_tag":[],"class_list":{"0":"post-47239","1":"product","2":"type-product","3":"status-publish","4":"has-post-thumbnail","6":"product_cat-home-pets-tools","8":"first","9":"instock","10":"shipping-taxable","11":"product-type-simple"},"_links":{"self":[{"href":"https:\/\/globalgiftsupplier.com\/pt\/wp-json\/wp\/v2\/product\/47239","targetHints":{"allow":["GET"]}}],"collection":[{"href":"https:\/\/globalgiftsupplier.com\/pt\/wp-json\/wp\/v2\/product"}],"about":[{"href":"https:\/\/globalgiftsupplier.com\/pt\/wp-json\/wp\/v2\/types\/product"}],"wp:featuredmedia":[{"embeddable":true,"href":"https:\/\/globalgiftsupplier.com\/pt\/wp-json\/wp\/v2\/media\/47240"}],"wp:attachment":[{"href":"https:\/\/globalgiftsupplier.com\/pt\/wp-json\/wp\/v2\/media?parent=47239"}],"wp:term":[{"taxonomy":"product_brand","embeddable":true,"href":"https:\/\/globalgiftsupplier.com\/pt\/wp-json\/wp\/v2\/product_brand?post=47239"},{"taxonomy":"product_cat","embeddable":true,"href":"https:\/\/globalgiftsupplier.com\/pt\/wp-json\/wp\/v2\/product_cat?post=47239"},{"taxonomy":"product_tag","embeddable":true,"href":"https:\/\/globalgiftsupplier.com\/pt\/wp-json\/wp\/v2\/product_tag?post=47239"}],"curies":[{"name":"wp","href":"https:\/\/api.w.org\/{rel}","templated":true}]}}