{"id":47232,"date":"2026-03-30T08:14:32","date_gmt":"2026-03-30T08:14:32","guid":{"rendered":"https:\/\/globalgiftsupplier.com\/?post_type=product&#038;p=47232"},"modified":"2026-03-30T08:14:32","modified_gmt":"2026-03-30T08:14:32","slug":"custom-clear-pvc-sling-backpack-with-adjustable-shoulder-strap-and-mesh-side-pocket","status":"publish","type":"product","link":"https:\/\/globalgiftsupplier.com\/pt\/product\/custom-clear-pvc-sling-backpack-with-adjustable-shoulder-strap-and-mesh-side-pocket\/","title":{"rendered":"Mochila de funda em PVC transparente personalizada com al\u00e7a de ombro ajust\u00e1vel e bolso lateral em rede"},"content":{"rendered":"<p data-start=\"1533\" data-end=\"1988\">Esta mochila de funda em PVC transparente personalizada \u00e9 um saco promocional pr\u00e1tico concebido para conveni\u00eancia, visibilidade e utiliza\u00e7\u00e3o quotidiana. O seu corpo transparente torna o conte\u00fado f\u00e1cil de ver \u00e0 primeira vista, ajudando os utilizadores a encontrar rapidamente o que precisam, dando ao saco um aspeto limpo e moderno. Quer seja utilizada para eventos, viagens, trabalho, escola ou actividades ao ar livre, esta mochila transparente oferece uma solu\u00e7\u00e3o de transporte simples com um forte potencial de marca.<\/p>\n<p data-start=\"1990\" data-end=\"2352\">A bolsa possui uma \u00fanica al\u00e7a de ombro ajust\u00e1vel que permite um uso confort\u00e1vel a tiracolo ou a tiracolo. A sua forma em estilo de funda facilita o transporte, mantendo as m\u00e3os livres, o que a torna adequada para pessoas que necessitam de acesso r\u00e1pido a objectos essenciais ao longo do dia. O design leve tamb\u00e9m a torna uma op\u00e7\u00e3o \u00fatil para ambientes movimentados onde a portabilidade \u00e9 importante.<\/p>\n<p data-start=\"2354\" data-end=\"2740\">Esta bolsa inclui v\u00e1rias \u00e1reas de arruma\u00e7\u00e3o com fecho de correr para uma melhor organiza\u00e7\u00e3o. O compartimento principal oferece espa\u00e7o para artigos de uso di\u00e1rio, como o telem\u00f3vel, a carteira, as chaves, os bilhetes, os cosm\u00e9ticos, os carregadores e outros artigos pessoais essenciais. Um bolso frontal adicional com fecho ajuda a separar os artigos mais pequenos para um acesso mais r\u00e1pido, enquanto o bolso lateral em rede oferece espa\u00e7o extra para uma garrafa de \u00e1gua, um lanche ou um acess\u00f3rio.<\/p>\n<p data-start=\"2742\" data-end=\"3200\">A constru\u00e7\u00e3o em PVC transparente confere ao saco uma vantagem funcional para locais e locais de trabalho onde \u00e9 prefer\u00edvel transportar artigos vis\u00edveis. Ao mesmo tempo, o painel frontal oferece uma forte \u00e1rea de personaliza\u00e7\u00e3o para impress\u00e3o do log\u00f3tipo, transformando o saco num produto promocional \u00fatil com exposi\u00e7\u00e3o repetida da marca. Uma vez que as pessoas podem utiliz\u00e1-lo para desloca\u00e7\u00f5es, eventos, viagens e passeios casuais, continua a apresentar a sua marca muito depois da oferta ou compra inicial.<\/p>\n<p data-start=\"3202\" data-end=\"3484\">Esta mochila de funda transparente \u00e9 uma boa escolha para eventos desportivos, concertos, exposi\u00e7\u00f5es, escolas, promo\u00e7\u00f5es de viagens, brindes de empresas, ambientes de controlo de seguran\u00e7a e programas de retalho. Combina a fun\u00e7\u00e3o di\u00e1ria, a organiza\u00e7\u00e3o f\u00e1cil e a marca reconhec\u00edvel num produto pr\u00e1tico.<\/p>\n<p data-start=\"3486\" data-end=\"4016\"><strong data-start=\"3486\" data-end=\"3502\">Carater\u00edsticas principais<\/strong><br data-start=\"3502\" data-end=\"3505\" \/>Corpo em PVC transparente para uma f\u00e1cil visibilidade do conte\u00fado<br data-start=\"3551\" data-end=\"3554\" \/>Design de mochila de funda \u00fanica para transporte sem m\u00e3os<br data-start=\"3606\" data-end=\"3609\" \/>Al\u00e7a de ombro ajust\u00e1vel para um ajuste mais confort\u00e1vel<br data-start=\"3661\" data-end=\"3664\" \/>Compartimento principal com fecho de correr para os objectos essenciais do dia a dia<br data-start=\"3710\" data-end=\"3713\" \/>Bolso frontal com fecho de correr para uma arruma\u00e7\u00e3o de acesso r\u00e1pido<br data-start=\"3757\" data-end=\"3760\" \/>Bolso lateral em rede para garrafas ou pequenos acess\u00f3rios<br data-start=\"3809\" data-end=\"3812\" \/>Leve e pr\u00e1tico para utiliza\u00e7\u00e3o di\u00e1ria<br data-start=\"3854\" data-end=\"3857\" \/>Impress\u00e3o de log\u00f3tipo personalizado dispon\u00edvel na frente<br data-start=\"3900\" data-end=\"3903\" \/>Adequado para eventos, viagens, escolas e locais de trabalho<br data-start=\"3955\" data-end=\"3958\" \/>Saco promocional f\u00e1cil de transportar com exposi\u00e7\u00e3o repetida da marca<\/p>\n<p data-start=\"4018\" data-end=\"4525\"><strong data-start=\"4018\" data-end=\"4036\">Especifica\u00e7\u00f5es<\/strong><br data-start=\"4036\" data-end=\"4039\" \/>Tipo de produto: Mochila de funda transparente<br data-start=\"4073\" data-end=\"4076\" \/>Material: PVC com correia e bolso de rede<br data-start=\"4124\" data-end=\"4127\" \/>Estilo: Bolsa de ombro \u00fanica \/ bolsa de tiracolo<br data-start=\"4171\" data-end=\"4174\" \/>Largura: 12,6 polegadas<br data-start=\"4192\" data-end=\"4195\" \/>Altura: 16 polegadas<br data-start=\"4212\" data-end=\"4215\" \/>Profundidade: 5,5 polegadas<br data-start=\"4232\" data-end=\"4235\" \/>Tipo de fecho: Fecho de correr<br data-start=\"4255\" data-end=\"4258\" \/>Design dos bolsos: Compartimento principal, bolso frontal com fecho de correr, bolso lateral em rede<br data-start=\"4328\" data-end=\"4331\" \/>Al\u00e7a: Al\u00e7a de ombro ajust\u00e1vel<br data-start=\"4363\" data-end=\"4366\" \/>Op\u00e7\u00f5es de cores: Preto, azul, cinzento, cor-de-rosa<br data-start=\"4404\" data-end=\"4407\" \/>Personaliza\u00e7\u00e3o: Impress\u00e3o do log\u00f3tipo dispon\u00edvel<br data-start=\"4445\" data-end=\"4448\" \/>Utiliza\u00e7\u00e3o: Saco de transporte di\u00e1rio, saco para eventos, saco de viagem, brinde promocional<br data-start=\"4509\" data-end=\"4512\" \/>Origem: China<\/p>\n<p data-start=\"4527\" data-end=\"4996\"><strong data-start=\"4527\" data-end=\"4554\">Porqu\u00ea escolher este produto<\/strong><br data-start=\"4554\" data-end=\"4557\" \/>Esta mochila de funda transparente \u00e9 \u00fatil, f\u00e1cil de transportar e f\u00e1cil de personalizar, o que a torna um saco promocional forte para muitos sectores e eventos. O design transparente melhora a visibilidade e a comodidade, enquanto a al\u00e7a ajust\u00e1vel, os bolsos com fecho de correr e o bolso lateral em rede acrescentam uma fun\u00e7\u00e3o pr\u00e1tica para o dia a dia. \u00c9 uma escolha inteligente para marcas que pretendem um saco que as pessoas possam realmente utilizar na vida real, mantendo o seu log\u00f3tipo vis\u00edvel em locais p\u00fablicos.<\/p>\n<p data-start=\"4998\" data-end=\"5304\"><strong data-start=\"4998\" data-end=\"5011\">Ideal para<\/strong><br data-start=\"5011\" data-end=\"5014\" \/>Concertos e eventos ao vivo<br data-start=\"5038\" data-end=\"5041\" \/>Jogos desportivos e brindes para adeptos<br data-start=\"5071\" data-end=\"5074\" \/>Feiras e exposi\u00e7\u00f5es<br data-start=\"5101\" data-end=\"5104\" \/>Promo\u00e7\u00f5es da escola e do campus<br data-start=\"5132\" data-end=\"5135\" \/>Campanhas de viagens e turismo<br data-start=\"5163\" data-end=\"5166\" \/>Ambientes de trabalho e de controlo de seguran\u00e7a<br data-start=\"5207\" data-end=\"5210\" \/>Brindes para empresas<br data-start=\"5229\" data-end=\"5232\" \/>Actividades ao ar livre<br data-start=\"5250\" data-end=\"5253\" \/>Mercadoria de marca a retalho<br data-start=\"5279\" data-end=\"5282\" \/>Transporte de bens essenciais para o dia a dia<\/p>\n<p data-start=\"5306\" data-end=\"5313\"><strong data-start=\"5306\" data-end=\"5313\">FAQ<\/strong><\/p>\n<p data-start=\"5315\" data-end=\"5437\"><strong data-start=\"5315\" data-end=\"5358\">Este saco pode ser personalizado com um log\u00f3tipo?<\/strong><br data-start=\"5358\" data-end=\"5361\" \/>Sim. O painel frontal pode ser personalizado com o seu log\u00f3tipo ou design promocional.<\/p>\n<p data-start=\"5439\" data-end=\"5567\"><strong data-start=\"5439\" data-end=\"5473\">De que material \u00e9 feito?<\/strong><br data-start=\"5473\" data-end=\"5476\" \/>\u00c9 fabricada em PVC transparente, com uma al\u00e7a de ombro ajust\u00e1vel e um bolso lateral em rede.<\/p>\n<p data-start=\"5569\" data-end=\"5689\"><strong data-start=\"5569\" data-end=\"5601\">Qual \u00e9 o tamanho desta funda?<\/strong><br data-start=\"5601\" data-end=\"5604\" \/>O saco mede aproximadamente 12,6 polegadas de largura, 16 polegadas de altura e 5,5 polegadas de profundidade.<\/p>\n<p data-start=\"5691\" data-end=\"5825\"><strong data-start=\"5691\" data-end=\"5730\">Tem v\u00e1rios compartimentos?<\/strong><br data-start=\"5730\" data-end=\"5733\" \/>Sim. Inclui um compartimento principal com fecho de correr, um bolso frontal com fecho de correr e um bolso lateral em rede.<\/p>\n<p data-start=\"5827\" data-end=\"5923\"><strong data-start=\"5827\" data-end=\"5864\">A al\u00e7a de ombro \u00e9 ajust\u00e1vel?<\/strong><br data-start=\"5864\" data-end=\"5867\" \/>Sim. A correia \u00e9 ajust\u00e1vel para um ajuste mais confort\u00e1vel.<\/p>\n<p data-start=\"5925\" data-end=\"6096\"><strong data-start=\"5925\" data-end=\"5952\">O que \u00e9 que este saco pode conter?<\/strong><br data-start=\"5952\" data-end=\"5955\" \/>Pode guardar objectos de uso di\u00e1rio, como o telem\u00f3vel, a carteira, as chaves, os carregadores, os cosm\u00e9ticos, os bilhetes, os pequenos acess\u00f3rios e uma garrafa no bolso de rede lateral.<\/p>\n<p data-start=\"6098\" data-end=\"6262\"><strong data-start=\"6098\" data-end=\"6140\">\u00c9 adequado para eventos promocionais?<\/strong><br data-start=\"6140\" data-end=\"6143\" \/>Sim. \u00c9 um brinde pr\u00e1tico para eventos, feiras comerciais, programas de viagens, promo\u00e7\u00f5es desportivas e branding de empresas.<\/p>\n<p data-start=\"6264\" data-end=\"6354\"><strong data-start=\"6264\" data-end=\"6294\">Que cores est\u00e3o dispon\u00edveis?<\/strong><br data-start=\"6294\" data-end=\"6297\" \/>As imagens mostram op\u00e7\u00f5es de acabamento em preto, azul, cinzento e cor-de-rosa.<\/p>\n<p data-start=\"6356\" data-end=\"6558\"><strong data-start=\"6356\" data-end=\"6409\">\u00c9 um bom saco para utilizar em viagens ou em eventos?<\/strong><br data-start=\"6409\" data-end=\"6412\" \/>Sim. O seu design claro torna o conte\u00fado f\u00e1cil de visualizar, o que \u00e9 \u00fatil para viagens, eventos e outras situa\u00e7\u00f5es em que o controlo r\u00e1pido dos sacos pode ser \u00fatil.<\/p>","protected":false},"excerpt":{"rendered":"<p data-start=\"960\" data-end=\"1385\">Estas mochilas de funda em PVC transparente personalizadas foram concebidas para um transporte c\u00f3modo no dia a dia e uma f\u00e1cil visibilidade dos artigos. Com um corpo transparente, uma al\u00e7a de ombro ajust\u00e1vel, compartimentos com fecho de correr e um bolso de rede lateral, s\u00e3o ideais para eventos, viagens, locais de trabalho, escolas e promo\u00e7\u00f5es de marca. Leves, pr\u00e1ticas e f\u00e1ceis de personalizar, oferecem um saco com log\u00f3tipo \u00fatil para clientes em movimento.<\/p>","protected":false},"featured_media":47233,"template":"","meta":{"_gspb_post_css":""},"product_brand":[],"product_cat":[26],"product_tag":[],"class_list":{"0":"post-47232","1":"product","2":"type-product","3":"status-publish","4":"has-post-thumbnail","6":"product_cat-bags","8":"first","9":"instock","10":"shipping-taxable","11":"product-type-simple"},"_links":{"self":[{"href":"https:\/\/globalgiftsupplier.com\/pt\/wp-json\/wp\/v2\/product\/47232","targetHints":{"allow":["GET"]}}],"collection":[{"href":"https:\/\/globalgiftsupplier.com\/pt\/wp-json\/wp\/v2\/product"}],"about":[{"href":"https:\/\/globalgiftsupplier.com\/pt\/wp-json\/wp\/v2\/types\/product"}],"wp:featuredmedia":[{"embeddable":true,"href":"https:\/\/globalgiftsupplier.com\/pt\/wp-json\/wp\/v2\/media\/47233"}],"wp:attachment":[{"href":"https:\/\/globalgiftsupplier.com\/pt\/wp-json\/wp\/v2\/media?parent=47232"}],"wp:term":[{"taxonomy":"product_brand","embeddable":true,"href":"https:\/\/globalgiftsupplier.com\/pt\/wp-json\/wp\/v2\/product_brand?post=47232"},{"taxonomy":"product_cat","embeddable":true,"href":"https:\/\/globalgiftsupplier.com\/pt\/wp-json\/wp\/v2\/product_cat?post=47232"},{"taxonomy":"product_tag","embeddable":true,"href":"https:\/\/globalgiftsupplier.com\/pt\/wp-json\/wp\/v2\/product_tag?post=47232"}],"curies":[{"name":"wp","href":"https:\/\/api.w.org\/{rel}","templated":true}]}}