{"id":47173,"date":"2026-03-30T04:27:32","date_gmt":"2026-03-30T04:27:32","guid":{"rendered":"https:\/\/globalgiftsupplier.com\/?post_type=product&#038;p=47173"},"modified":"2026-03-30T04:27:32","modified_gmt":"2026-03-30T04:27:32","slug":"custom-drawer-gift-boxes-with-foam-insert","status":"publish","type":"product","link":"https:\/\/globalgiftsupplier.com\/pt\/product\/custom-drawer-gift-boxes-with-foam-insert\/","title":{"rendered":"Caixas de oferta de gaveta personalizadas com inser\u00e7\u00e3o de espuma"},"content":{"rendered":"<p data-start=\"6102\" data-end=\"6411\">Estas caixas de oferta com gaveta personalizadas s\u00e3o uma op\u00e7\u00e3o de embalagem de qualidade superior para empresas que pretendem que os seus produtos tenham um aspeto mais requintado, organizado e pronto a oferecer. O design da gaveta deslizante cria uma apresenta\u00e7\u00e3o elegante, enquanto a inser\u00e7\u00e3o de espuma ajustada ajuda a proteger e a apresentar o conte\u00fado no interior.<\/p>\n<p data-start=\"6413\" data-end=\"6824\">Este estilo de caixa \u00e9 adequado para canetas, acess\u00f3rios de escrit\u00f3rio, conjuntos de brindes promocionais, acess\u00f3rios electr\u00f3nicos, pr\u00e9mios e outros produtos embalados de pequena dimens\u00e3o. A inser\u00e7\u00e3o de espuma ajuda a manter o artigo est\u00e1vel durante o armazenamento e a apresenta\u00e7\u00e3o, melhorando tamb\u00e9m o aspeto geral da embalagem. \u00c9 uma boa escolha para as empresas que pretendem uma forma mais elevada e profissional de embalar presentes ou mercadorias de marca.<\/p>\n<p data-start=\"6826\" data-end=\"7154\">A superf\u00edcie exterior pode ser personalizada com o seu log\u00f3tipo ou design, tornando-a adequada para a apresenta\u00e7\u00e3o da marca, brindes para clientes, brindes para funcion\u00e1rios, embalagens para eventos e exposi\u00e7\u00e3o de produtos a retalho. Quer esteja a embalar um produto promocional ou a criar um conjunto de oferta premium, esta caixa de oferta com gaveta acrescenta valor atrav\u00e9s da apresenta\u00e7\u00e3o e prote\u00e7\u00e3o.<\/p>\n<p data-start=\"7156\" data-end=\"7496\"><strong data-start=\"7156\" data-end=\"7172\">Carater\u00edsticas principais<\/strong><br data-start=\"7172\" data-end=\"7175\" \/>Design estilo gaveta deslizante<br data-start=\"7204\" data-end=\"7207\" \/>Inser\u00e7\u00e3o de espuma de prote\u00e7\u00e3o<br data-start=\"7229\" data-end=\"7232\" \/>Dispon\u00edveis log\u00f3tipos personalizados<br data-start=\"7262\" data-end=\"7265\" \/>Apresenta\u00e7\u00e3o elegante e de qualidade<br data-start=\"7294\" data-end=\"7297\" \/>Adequado para conjuntos de oferta e acess\u00f3rios<br data-start=\"7335\" data-end=\"7338\" \/>Ajuda a proteger os produtos durante a armazenagem<br data-start=\"7375\" data-end=\"7378\" \/>Experi\u00eancia profissional de unboxing<br data-start=\"7410\" data-end=\"7413\" \/>Ideal para embalagens promocionais e de retalho<br data-start=\"7455\" data-end=\"7458\" \/>Aspeto limpo e elegante da embalagem<\/p>\n<p data-start=\"7498\" data-end=\"7816\"><strong data-start=\"7498\" data-end=\"7516\">Especifica\u00e7\u00f5es<\/strong><br data-start=\"7516\" data-end=\"7519\" \/>Tipo de produto: Caixa de presente para gaveta<br data-start=\"7548\" data-end=\"7551\" \/>Material: Caixa de papel\u00e3o com inser\u00e7\u00e3o de espuma<br data-start=\"7592\" data-end=\"7595\" \/>Estilo: Caixa de gavetas deslizante<br data-start=\"7622\" data-end=\"7625\" \/>Inser\u00e7\u00e3o: Inser\u00e7\u00e3o de espuma<br data-start=\"7644\" data-end=\"7647\" \/>Cor: cores personalizadas dispon\u00edveis<br data-start=\"7677\" data-end=\"7680\" \/>Log\u00f3tipo: Impress\u00e3o de log\u00f3tipo personalizado dispon\u00edvel<br data-start=\"7716\" data-end=\"7719\" \/>Utiliza\u00e7\u00e3o: Apresenta\u00e7\u00e3o de produtos e embalagens para presentes<br data-start=\"7765\" data-end=\"7768\" \/>Origem: China<br data-start=\"7781\" data-end=\"7784\" \/>Tempo de produ\u00e7\u00e3o: 15 dias \u00fateis<\/p>\n<p data-start=\"7818\" data-end=\"8054\"><strong data-start=\"7818\" data-end=\"7845\">Porqu\u00ea escolher este produto<\/strong><br data-start=\"7845\" data-end=\"7848\" \/>Esta caixa de oferta ajuda a transformar um produto normal numa apresenta\u00e7\u00e3o mais premium. Melhora a experi\u00eancia de embalagem, protege o artigo no interior e aumenta o valor da marca atrav\u00e9s de uma embalagem personalizada profissional.<\/p>\n<p data-start=\"8056\" data-end=\"8272\"><strong data-start=\"8056\" data-end=\"8069\">Ideal para<\/strong><br data-start=\"8069\" data-end=\"8072\" \/>Presentes de empresas<br data-start=\"8087\" data-end=\"8090\" \/>Caixas de oferta para canetas<br data-start=\"8104\" data-end=\"8107\" \/>Conjuntos de ofertas promocionais<br data-start=\"8128\" data-end=\"8131\" \/>Acess\u00f3rios de escrit\u00f3rio<br data-start=\"8149\" data-end=\"8152\" \/>Ofertas para executivos<br data-start=\"8167\" data-end=\"8170\" \/>Embalagem para retalho<br data-start=\"8186\" data-end=\"8189\" \/>Kits de apresenta\u00e7\u00e3o de eventos<br data-start=\"8212\" data-end=\"8215\" \/>Pr\u00e9mios e artigos de recorda\u00e7\u00e3o<br data-start=\"8240\" data-end=\"8243\" \/>Embalagem de mercadorias de marca<\/p>\n<p data-start=\"8274\" data-end=\"8283\"><strong data-start=\"8274\" data-end=\"8281\">FAQ<\/strong><\/p>\n<p data-start=\"8285\" data-end=\"8401\"><strong data-start=\"8285\" data-end=\"8335\">Esta caixa de oferta pode ser personalizada com o nosso log\u00f3tipo?<\/strong><br data-start=\"8335\" data-end=\"8338\" \/>Sim. A caixa pode ser personalizada com o seu log\u00f3tipo ou arte da marca.<\/p>\n<p data-start=\"8403\" data-end=\"8534\"><strong data-start=\"8403\" data-end=\"8435\">Para que serve a inser\u00e7\u00e3o de espuma?<\/strong><br data-start=\"8435\" data-end=\"8438\" \/>A inser\u00e7\u00e3o de espuma ajuda a manter o produto no lugar e protege-o durante o armazenamento e a apresenta\u00e7\u00e3o.<\/p>\n<p data-start=\"8536\" data-end=\"8679\"><strong data-start=\"8536\" data-end=\"8575\">Que produtos podem ser embalados no interior?<\/strong><br data-start=\"8575\" data-end=\"8578\" \/>\u00c9 adequada para canetas, acess\u00f3rios, presentes de escrit\u00f3rio, artigos tecnol\u00f3gicos e outros pequenos produtos promocionais.<\/p>\n<p data-start=\"8681\" data-end=\"8824\"><strong data-start=\"8681\" data-end=\"8730\">Esta embalagem \u00e9 adequada para ofertas premium?<\/strong><br data-start=\"8730\" data-end=\"8733\" \/>Sim. A estrutura da gaveta e o encaixe fazem dela uma boa escolha para embalagens de presentes mais sofisticadas.<\/p>\n<p data-start=\"8826\" data-end=\"8956\"><strong data-start=\"8826\" data-end=\"8873\">Pode ser utilizado para conjuntos de ofertas promocionais?<\/strong><br data-start=\"8873\" data-end=\"8876\" \/>Sim. Funciona muito bem para embalar produtos de marca e conjuntos de oferta selecionados.<\/p>","protected":false},"excerpt":{"rendered":"<p>Estas caixas de oferta com gaveta personalizadas foram concebidas para uma embalagem de marca de qualidade superior e para a apresenta\u00e7\u00e3o de produtos. Com uma estrutura de gaveta deslizante e uma inser\u00e7\u00e3o de espuma protetora, ajudam a proteger o produto no interior, criando uma experi\u00eancia de desembalagem limpa e sofisticada. Ideal para conjuntos de oferta, canetas, presentes de escrit\u00f3rio, acess\u00f3rios e mercadoria promocional.<\/p>","protected":false},"featured_media":47174,"template":"","meta":{"_gspb_post_css":""},"product_brand":[],"product_cat":[26],"product_tag":[],"class_list":{"0":"post-47173","1":"product","2":"type-product","3":"status-publish","4":"has-post-thumbnail","6":"product_cat-bags","8":"first","9":"instock","10":"shipping-taxable","11":"product-type-simple"},"_links":{"self":[{"href":"https:\/\/globalgiftsupplier.com\/pt\/wp-json\/wp\/v2\/product\/47173","targetHints":{"allow":["GET"]}}],"collection":[{"href":"https:\/\/globalgiftsupplier.com\/pt\/wp-json\/wp\/v2\/product"}],"about":[{"href":"https:\/\/globalgiftsupplier.com\/pt\/wp-json\/wp\/v2\/types\/product"}],"wp:featuredmedia":[{"embeddable":true,"href":"https:\/\/globalgiftsupplier.com\/pt\/wp-json\/wp\/v2\/media\/47174"}],"wp:attachment":[{"href":"https:\/\/globalgiftsupplier.com\/pt\/wp-json\/wp\/v2\/media?parent=47173"}],"wp:term":[{"taxonomy":"product_brand","embeddable":true,"href":"https:\/\/globalgiftsupplier.com\/pt\/wp-json\/wp\/v2\/product_brand?post=47173"},{"taxonomy":"product_cat","embeddable":true,"href":"https:\/\/globalgiftsupplier.com\/pt\/wp-json\/wp\/v2\/product_cat?post=47173"},{"taxonomy":"product_tag","embeddable":true,"href":"https:\/\/globalgiftsupplier.com\/pt\/wp-json\/wp\/v2\/product_tag?post=47173"}],"curies":[{"name":"wp","href":"https:\/\/api.w.org\/{rel}","templated":true}]}}