{"id":47154,"date":"2026-03-30T03:33:44","date_gmt":"2026-03-30T03:33:44","guid":{"rendered":"https:\/\/globalgiftsupplier.com\/?post_type=product&#038;p=47154"},"modified":"2026-03-30T03:33:44","modified_gmt":"2026-03-30T03:33:44","slug":"custom-qi-wireless-charging-mouse-pad-10w","status":"publish","type":"product","link":"https:\/\/globalgiftsupplier.com\/pt\/product\/custom-qi-wireless-charging-mouse-pad-10w\/","title":{"rendered":"Tapete de rato personalizado com carregamento sem fios Qi 10W"},"content":{"rendered":"<p data-start=\"1537\" data-end=\"1839\">Este tapete de rato personalizado com carregamento sem fios Qi \u00e9 um acess\u00f3rio de escrit\u00f3rio pr\u00e1tico que combina a utiliza\u00e7\u00e3o di\u00e1ria da secret\u00e1ria com o conveniente carregamento sem fios do telem\u00f3vel. Foi concebido para utilizadores que pretendem um espa\u00e7o de trabalho limpo, mantendo o telem\u00f3vel carregado durante o trabalho, estudo ou utiliza\u00e7\u00e3o di\u00e1ria do computador.<\/p>\n<p data-start=\"1841\" data-end=\"2205\">O tapete de rato possui uma grande superf\u00edcie retangular que proporciona espa\u00e7o suficiente para um movimento confort\u00e1vel do rato. Ao mesmo tempo, a \u00e1rea de carregamento sem fios integrada permite que os smartphones compat\u00edveis sejam carregados simplesmente ao serem colocados sobre o tapete. Isto torna-o um produto de secret\u00e1ria \u00fatil para escrit\u00f3rios, esta\u00e7\u00f5es de trabalho em casa, salas de confer\u00eancias, balc\u00f5es de rece\u00e7\u00e3o e eventos promocionais.<\/p>\n<p data-start=\"2207\" data-end=\"2591\">Fabricado em material PU com um aspeto de superf\u00edcie em madeira, este tapete de rato tem um aspeto profissional e moderno que se adapta a uma vasta gama de ambientes de escrit\u00f3rio. Inclui entrada Tipo C e suporta carregamento sem fios para telem\u00f3veis que cumpram as normas de carregamento sem fios. O produto foi tamb\u00e9m concebido com funcionalidades pr\u00e1ticas de prote\u00e7\u00e3o contra o carregamento, tornando-o adequado para uma utiliza\u00e7\u00e3o regular na secret\u00e1ria.<\/p>\n<p data-start=\"2593\" data-end=\"2966\">Pode ser adicionado um log\u00f3tipo personalizado \u00e0 superf\u00edcie, transformando o tapete de rato num artigo de marca de elevada visibilidade. Uma vez que permanece na secret\u00e1ria e \u00e9 utilizado diariamente, oferece uma exposi\u00e7\u00e3o duradoura da marca, ao mesmo tempo que proporciona uma funcionalidade \u00fatil. \u00c9 uma excelente escolha para presentes de empresa, kits de boas-vindas para funcion\u00e1rios, brindes para feiras, promo\u00e7\u00f5es de escrit\u00f3rio e projectos de marca empresarial.<\/p>\n<p data-start=\"2968\" data-end=\"3357\"><strong data-start=\"2968\" data-end=\"2984\">Carater\u00edsticas principais<\/strong><br data-start=\"2984\" data-end=\"2987\" \/>Fun\u00e7\u00e3o de carregamento sem fios Qi incorporada<br data-start=\"3025\" data-end=\"3028\" \/>10W de pot\u00eancia de sa\u00edda<br data-start=\"3044\" data-end=\"3047\" \/>Grande \u00e1rea de superf\u00edcie do tapete de rato<br data-start=\"3075\" data-end=\"3078\" \/>Material PU com aspeto de madeira<br data-start=\"3122\" data-end=\"3125\" \/>Entrada tipo C<br data-start=\"3137\" data-end=\"3140\" \/>Adequado para telem\u00f3veis compat\u00edveis com carregamento sem fios<br data-start=\"3188\" data-end=\"3191\" \/>Impress\u00e3o de log\u00f3tipo personalizado dispon\u00edvel<br data-start=\"3221\" data-end=\"3224\" \/>\u00datil para secret\u00e1rias e esta\u00e7\u00f5es de trabalho<br data-start=\"3264\" data-end=\"3267\" \/>Combina tapete de rato e carregamento de telem\u00f3vel num s\u00f3 produto<br data-start=\"3319\" data-end=\"3322\" \/>Acess\u00f3rio tecnol\u00f3gico de marca profissional<\/p>\n<p data-start=\"3359\" data-end=\"3696\"><strong data-start=\"3359\" data-end=\"3377\">Especifica\u00e7\u00f5es<\/strong><br data-start=\"3377\" data-end=\"3380\" \/>Tipo de produto: Tapete de rato de carregamento sem fios<br data-start=\"3421\" data-end=\"3424\" \/>Norma de carregamento: Carregamento sem fios Qi<br data-start=\"3463\" data-end=\"3466\" \/>Pot\u00eancia de sa\u00edda: 10W<br data-start=\"3483\" data-end=\"3486\" \/>Material: PU<br data-start=\"3498\" data-end=\"3501\" \/>Porta de entrada: Tipo C<br data-start=\"3519\" data-end=\"3522\" \/>Comprimento: 13,58 polegadas<br data-start=\"3540\" data-end=\"3543\" \/>Largura: 8,58 polegadas<br data-start=\"3559\" data-end=\"3562\" \/>Espessura: 0,236 polegadas<br data-start=\"3583\" data-end=\"3586\" \/>Personaliza\u00e7\u00e3o: Impress\u00e3o do log\u00f3tipo dispon\u00edvel<br data-start=\"3624\" data-end=\"3627\" \/>Utiliza\u00e7\u00e3o: Mesa de escrit\u00f3rio, escrit\u00f3rio em casa, esta\u00e7\u00e3o de trabalho para computador, brinde promocional<\/p>\n<p data-start=\"3698\" data-end=\"3969\"><strong data-start=\"3698\" data-end=\"3725\">Porqu\u00ea escolher este produto<\/strong><br data-start=\"3725\" data-end=\"3728\" \/>Este produto combina organiza\u00e7\u00e3o da secret\u00e1ria, carregamento pr\u00e1tico e visibilidade da marca num s\u00f3 artigo. \u00c9 um acess\u00f3rio promocional \u00fatil que permanece na secret\u00e1ria todos os dias, ajudando a manter o seu log\u00f3tipo \u00e0 vista enquanto oferece uma verdadeira comodidade ao utilizador.<\/p>\n<p data-start=\"3971\" data-end=\"4173\"><strong data-start=\"3971\" data-end=\"3984\">Ideal para<\/strong><br data-start=\"3984\" data-end=\"3987\" \/>Presentes de empresas<br data-start=\"4002\" data-end=\"4005\" \/>Acess\u00f3rios para secret\u00e1rias<br data-start=\"4028\" data-end=\"4031\" \/>Kits de boas-vindas aos empregados<br data-start=\"4052\" data-end=\"4055\" \/>Brindes para feiras<br data-start=\"4075\" data-end=\"4078\" \/>Produtos tecnol\u00f3gicos promocionais<br data-start=\"4103\" data-end=\"4106\" \/>Eventos empresariais<br data-start=\"4121\" data-end=\"4124\" \/>Presentes para o escrit\u00f3rio em casa<br data-start=\"4141\" data-end=\"4144\" \/>Promo\u00e7\u00f5es de acess\u00f3rios para computador<\/p>\n<p data-start=\"4175\" data-end=\"4182\"><strong data-start=\"4175\" data-end=\"4182\">FAQ<\/strong><\/p>\n<p data-start=\"4184\" data-end=\"4318\"><strong data-start=\"4184\" data-end=\"4233\">Este tapete de rato pode ser personalizado com um log\u00f3tipo?<\/strong><br data-start=\"4233\" data-end=\"4236\" \/>Sim. A superf\u00edcie pode ser personalizada com o seu log\u00f3tipo para uso promocional ou de marca.<\/p>\n<p data-start=\"4320\" data-end=\"4428\"><strong data-start=\"4320\" data-end=\"4358\">\u00c9 compat\u00edvel com o carregamento sem fios?<\/strong><br data-start=\"4358\" data-end=\"4361\" \/>Sim. Suporta o carregamento sem fios Qi para telem\u00f3veis compat\u00edveis.<\/p>\n<p data-start=\"4430\" data-end=\"4488\"><strong data-start=\"4430\" data-end=\"4461\">Qual \u00e9 a pot\u00eancia de carga?<\/strong><br data-start=\"4461\" data-end=\"4464\" \/>A pot\u00eancia de sa\u00edda \u00e9 de 10W.<\/p>\n<p data-start=\"4490\" data-end=\"4555\"><strong data-start=\"4490\" data-end=\"4524\">De que material \u00e9 feito?<\/strong><br data-start=\"4524\" data-end=\"4527\" \/>\u00c9 fabricado em material PU.<\/p>\n<p data-start=\"4557\" data-end=\"4615\"><strong data-start=\"4557\" data-end=\"4589\">Qual \u00e9 a interface de entrada?<\/strong><br data-start=\"4589\" data-end=\"4592\" \/>Utiliza uma entrada Tipo C.<\/p>\n<p data-start=\"4617\" data-end=\"4721\"><strong data-start=\"4617\" data-end=\"4648\">Qual \u00e9 o tamanho do tapete de rato?<\/strong><br data-start=\"4648\" data-end=\"4651\" \/>O tamanho do produto \u00e9 de aproximadamente 13,58 polegadas x 8,58 polegadas x 0,236 polegadas.<\/p>\n<p data-start=\"4723\" data-end=\"4835\"><strong data-start=\"4723\" data-end=\"4757\">\u00c9 adequado para utiliza\u00e7\u00e3o no escrit\u00f3rio?<\/strong><br data-start=\"4757\" data-end=\"4760\" \/>Sim. Foi concebido para secret\u00e1rias de escrit\u00f3rio, esta\u00e7\u00f5es de trabalho e escrit\u00f3rios em casa.<\/p>","protected":false},"excerpt":{"rendered":"<p>Este tapete de rato personalizado com carregamento sem fios Qi combina uma superf\u00edcie de rato de secret\u00e1ria suave com um carregador sem fios de 10 W incorporado para telem\u00f3veis compat\u00edveis. Fabricado em material PU com um acabamento em madeira, oferece um aspeto limpo e moderno para secret\u00e1rias de escrit\u00f3rio, esta\u00e7\u00f5es de trabalho dom\u00e9sticas e marcas promocionais. Com uma grande \u00e1rea de log\u00f3tipo imprim\u00edvel e entrada Tipo C, \u00e9 um pr\u00e1tico presente tecnol\u00f3gico de marca para utiliza\u00e7\u00e3o empresarial di\u00e1ria.<\/p>","protected":false},"featured_media":47155,"template":"","meta":{"_gspb_post_css":""},"product_brand":[],"product_cat":[31],"product_tag":[],"class_list":{"0":"post-47154","1":"product","2":"type-product","3":"status-publish","4":"has-post-thumbnail","6":"product_cat-office","8":"first","9":"instock","10":"shipping-taxable","11":"product-type-simple"},"_links":{"self":[{"href":"https:\/\/globalgiftsupplier.com\/pt\/wp-json\/wp\/v2\/product\/47154","targetHints":{"allow":["GET"]}}],"collection":[{"href":"https:\/\/globalgiftsupplier.com\/pt\/wp-json\/wp\/v2\/product"}],"about":[{"href":"https:\/\/globalgiftsupplier.com\/pt\/wp-json\/wp\/v2\/types\/product"}],"wp:featuredmedia":[{"embeddable":true,"href":"https:\/\/globalgiftsupplier.com\/pt\/wp-json\/wp\/v2\/media\/47155"}],"wp:attachment":[{"href":"https:\/\/globalgiftsupplier.com\/pt\/wp-json\/wp\/v2\/media?parent=47154"}],"wp:term":[{"taxonomy":"product_brand","embeddable":true,"href":"https:\/\/globalgiftsupplier.com\/pt\/wp-json\/wp\/v2\/product_brand?post=47154"},{"taxonomy":"product_cat","embeddable":true,"href":"https:\/\/globalgiftsupplier.com\/pt\/wp-json\/wp\/v2\/product_cat?post=47154"},{"taxonomy":"product_tag","embeddable":true,"href":"https:\/\/globalgiftsupplier.com\/pt\/wp-json\/wp\/v2\/product_tag?post=47154"}],"curies":[{"name":"wp","href":"https:\/\/api.w.org\/{rel}","templated":true}]}}