{"id":47137,"date":"2026-03-30T03:27:26","date_gmt":"2026-03-30T03:27:26","guid":{"rendered":"https:\/\/globalgiftsupplier.com\/?post_type=product&#038;p=47137"},"modified":"2026-03-30T03:27:26","modified_gmt":"2026-03-30T03:27:26","slug":"custom-ergonomic-mouse-pad-with-wrist-rest","status":"publish","type":"product","link":"https:\/\/globalgiftsupplier.com\/pt\/product\/custom-ergonomic-mouse-pad-with-wrist-rest\/","title":{"rendered":"Tapete de rato ergon\u00f3mico personalizado com apoio para o pulso"},"content":{"rendered":"<p data-start=\"1482\" data-end=\"1866\">Este tapete de rato ergon\u00f3mico personalizado com apoio para o pulso \u00e9 um acess\u00f3rio de secret\u00e1ria funcional e promocional que combina a utilidade di\u00e1ria com uma forte visibilidade da marca. Concebido para utiliza\u00e7\u00e3o no escrit\u00f3rio, em casa e em esta\u00e7\u00f5es de trabalho, proporciona uma superf\u00edcie confort\u00e1vel para o movimento do rato, ao mesmo tempo que oferece um apoio para os pulsos incorporado para maior conforto durante longos per\u00edodos de trabalho.<\/p>\n<p data-start=\"1868\" data-end=\"2232\">A carater\u00edstica de destaque deste tapete de rato \u00e9 a sua sec\u00e7\u00e3o ergon\u00f3mica de apoio para o pulso, que ajuda a apoiar o pulso durante a utiliza\u00e7\u00e3o do rato. Isto torna-o especialmente adequado para empregados de escrit\u00f3rio, estudantes, trabalhadores remotos e qualquer pessoa que passe muito tempo \u00e0 secret\u00e1ria. A sua forma compacta mas eficaz adapta-se facilmente \u00e0 maioria das secret\u00e1rias e esta\u00e7\u00f5es de trabalho sem ocupar muito espa\u00e7o.<\/p>\n<p data-start=\"2234\" data-end=\"2655\">Uma grande superf\u00edcie imprim\u00edvel permite que o log\u00f3tipo da sua empresa, slogan ou trabalho art\u00edstico personalizado seja apresentado claramente, tornando este produto uma forte op\u00e7\u00e3o para utiliza\u00e7\u00e3o promocional. Uma vez que \u00e9 utilizado repetidamente numa secret\u00e1ria todos os dias, proporciona uma exposi\u00e7\u00e3o da marca a longo prazo e um valor pr\u00e1tico ao mesmo tempo. \u00c9 adequado para brindes de empresas, brindes de confer\u00eancias, kits de boas-vindas a funcion\u00e1rios, promo\u00e7\u00f5es escolares e programas de material de escrit\u00f3rio de marca.<\/p>\n<p data-start=\"2657\" data-end=\"2924\">Dispon\u00edvel em v\u00e1rias cores vivas e cl\u00e1ssicas, este tapete de rato pode corresponder a diferentes estilos de marca e temas promocionais. A sua forma simples, a sua fun\u00e7\u00e3o pr\u00e1tica e a \u00e1rea de impress\u00e3o vis\u00edvel fazem dele um artigo fi\u00e1vel para as empresas que procuram um produto de secret\u00e1ria personalizado \u00fatil.<\/p>\n<p data-start=\"2926\" data-end=\"3242\"><strong data-start=\"2926\" data-end=\"2942\">Carater\u00edsticas principais<\/strong><br data-start=\"2942\" data-end=\"2945\" \/>Tapete de rato ergon\u00f3mico com apoio para o pulso<br data-start=\"2980\" data-end=\"2983\" \/>Design de suporte confort\u00e1vel para utiliza\u00e7\u00e3o di\u00e1ria do computador<br data-start=\"3032\" data-end=\"3035\" \/>Grande \u00e1rea de impress\u00e3o do log\u00f3tipo<br data-start=\"3058\" data-end=\"3061\" \/>Adequado para utiliza\u00e7\u00e3o no escrit\u00f3rio, na escola e em casa<br data-start=\"3102\" data-end=\"3105\" \/>Dispon\u00edvel em v\u00e1rias cores<br data-start=\"3133\" data-end=\"3136\" \/>Acess\u00f3rio de escrit\u00f3rio promocional \u00fatil<br data-start=\"3171\" data-end=\"3174\" \/>Ideal para marcas e brindes<br data-start=\"3206\" data-end=\"3209\" \/>Design compacto para coloca\u00e7\u00e3o na secret\u00e1ria<\/p>\n<p data-start=\"3244\" data-end=\"3442\"><strong data-start=\"3244\" data-end=\"3262\">Especifica\u00e7\u00f5es<\/strong><br data-start=\"3262\" data-end=\"3265\" \/>Tipo de produto: Tapete de rato com apoio para o pulso<br data-start=\"3304\" data-end=\"3307\" \/>Personaliza\u00e7\u00e3o: Impress\u00e3o do log\u00f3tipo dispon\u00edvel<br data-start=\"3345\" data-end=\"3348\" \/>Cores: V\u00e1rias cores dispon\u00edveis<br data-start=\"3381\" data-end=\"3384\" \/>Utiliza\u00e7\u00e3o: Escrit\u00f3rio, secret\u00e1ria, computador, casa, escola, uso promocional<\/p>\n<p data-start=\"3444\" data-end=\"3728\"><strong data-start=\"3444\" data-end=\"3471\">Porqu\u00ea escolher este produto<\/strong><br data-start=\"3471\" data-end=\"3474\" \/>Este tapete de rato \u00e9 um forte artigo promocional porque \u00e9 pr\u00e1tico, vis\u00edvel e utilizado frequentemente em ambientes de trabalho quotidianos. O design de apoio para o pulso acrescenta conforto, enquanto a grande \u00e1rea de impress\u00e3o personalizada ajuda a manter a sua marca \u00e0 vista em secret\u00e1rias e esta\u00e7\u00f5es de trabalho.<\/p>\n<p data-start=\"3730\" data-end=\"3923\"><strong data-start=\"3730\" data-end=\"3743\">Ideal para<\/strong><br data-start=\"3743\" data-end=\"3746\" \/>Brindes de escrit\u00f3rio<br data-start=\"3762\" data-end=\"3765\" \/>Presentes de empresas<br data-start=\"3780\" data-end=\"3783\" \/>Kits de boas-vindas aos empregados<br data-start=\"3804\" data-end=\"3807\" \/>Feiras comerciais<br data-start=\"3818\" data-end=\"3821\" \/>Promo\u00e7\u00f5es escolares<br data-start=\"3838\" data-end=\"3841\" \/>Colec\u00e7\u00f5es de acess\u00f3rios de secret\u00e1ria<br data-start=\"3867\" data-end=\"3870\" \/>Programas acess\u00f3rios de computador<br data-start=\"3897\" data-end=\"3900\" \/>Material de escrit\u00f3rio de marca<\/p>\n<p data-start=\"3925\" data-end=\"3932\"><strong data-start=\"3925\" data-end=\"3932\">FAQ<\/strong><\/p>\n<p data-start=\"3934\" data-end=\"4053\"><strong data-start=\"3934\" data-end=\"3983\">Este tapete de rato pode ser personalizado com um log\u00f3tipo?<\/strong><br data-start=\"3983\" data-end=\"3986\" \/>Sim. A superf\u00edcie principal oferece uma \u00e1rea livre para a impress\u00e3o de log\u00f3tipos personalizados.<\/p>\n<p data-start=\"4055\" data-end=\"4163\"><strong data-start=\"4055\" data-end=\"4089\">Inclui apoio para os pulsos?<\/strong><br data-start=\"4089\" data-end=\"4092\" \/>Sim. Possui um apoio para o pulso integrado para maior conforto durante a utiliza\u00e7\u00e3o.<\/p>\n<p data-start=\"4165\" data-end=\"4285\"><strong data-start=\"4165\" data-end=\"4199\">\u00c9 adequado para utiliza\u00e7\u00e3o no escrit\u00f3rio?<\/strong><br data-start=\"4199\" data-end=\"4202\" \/>Sim. Foi concebido para secret\u00e1rias de escrit\u00f3rio, esta\u00e7\u00f5es de trabalho dom\u00e9sticas e utiliza\u00e7\u00e3o di\u00e1ria do computador.<\/p>\n<p data-start=\"4287\" data-end=\"4396\"><strong data-start=\"4287\" data-end=\"4326\">Ser\u00e1 este um bom produto promocional?<\/strong><br data-start=\"4326\" data-end=\"4329\" \/>Sim. \u00c9 um objeto de secret\u00e1ria de marca \u00fatil com uma forte visibilidade di\u00e1ria.<\/p>\n<p data-start=\"4398\" data-end=\"4487\"><strong data-start=\"4398\" data-end=\"4432\">Est\u00e3o dispon\u00edveis v\u00e1rias cores?<\/strong><br data-start=\"4432\" data-end=\"4435\" \/>Sim. O produto \u00e9 apresentado em v\u00e1rias op\u00e7\u00f5es de cores.<\/p>","protected":false},"excerpt":{"rendered":"<p data-start=\"940\" data-end=\"1376\">Este tapete de rato ergon\u00f3mico personalizado com apoio para o pulso \u00e9 um acess\u00f3rio de escrit\u00f3rio pr\u00e1tico concebido para a utiliza\u00e7\u00e3o di\u00e1ria do computador. O seu apoio para o pulso ajuda a melhorar o conforto durante longas horas \u00e0 secret\u00e1ria, enquanto a grande \u00e1rea de impress\u00e3o frontal o torna ideal para a impress\u00e3o de log\u00f3tipos personalizados. Dispon\u00edvel em v\u00e1rias cores, este tapete de rato \u00e9 uma escolha \u00fatil para escrit\u00f3rios, ofertas para funcion\u00e1rios, feiras, escolas e campanhas promocionais.<\/p>","protected":false},"featured_media":47138,"template":"","meta":{"_gspb_post_css":""},"product_brand":[],"product_cat":[31],"product_tag":[],"class_list":{"0":"post-47137","1":"product","2":"type-product","3":"status-publish","4":"has-post-thumbnail","6":"product_cat-office","8":"first","9":"instock","10":"shipping-taxable","11":"product-type-simple"},"_links":{"self":[{"href":"https:\/\/globalgiftsupplier.com\/pt\/wp-json\/wp\/v2\/product\/47137","targetHints":{"allow":["GET"]}}],"collection":[{"href":"https:\/\/globalgiftsupplier.com\/pt\/wp-json\/wp\/v2\/product"}],"about":[{"href":"https:\/\/globalgiftsupplier.com\/pt\/wp-json\/wp\/v2\/types\/product"}],"wp:featuredmedia":[{"embeddable":true,"href":"https:\/\/globalgiftsupplier.com\/pt\/wp-json\/wp\/v2\/media\/47138"}],"wp:attachment":[{"href":"https:\/\/globalgiftsupplier.com\/pt\/wp-json\/wp\/v2\/media?parent=47137"}],"wp:term":[{"taxonomy":"product_brand","embeddable":true,"href":"https:\/\/globalgiftsupplier.com\/pt\/wp-json\/wp\/v2\/product_brand?post=47137"},{"taxonomy":"product_cat","embeddable":true,"href":"https:\/\/globalgiftsupplier.com\/pt\/wp-json\/wp\/v2\/product_cat?post=47137"},{"taxonomy":"product_tag","embeddable":true,"href":"https:\/\/globalgiftsupplier.com\/pt\/wp-json\/wp\/v2\/product_tag?post=47137"}],"curies":[{"name":"wp","href":"https:\/\/api.w.org\/{rel}","templated":true}]}}