{"id":47112,"date":"2026-03-30T03:10:04","date_gmt":"2026-03-30T03:10:04","guid":{"rendered":"https:\/\/globalgiftsupplier.com\/?post_type=product&#038;p=47112"},"modified":"2026-03-30T03:10:05","modified_gmt":"2026-03-30T03:10:05","slug":"3-in-1-keychain-usb-charging-data-cable-with-led-logo","status":"publish","type":"product","link":"https:\/\/globalgiftsupplier.com\/pt\/product\/3-in-1-keychain-usb-charging-data-cable-with-led-logo\/","title":{"rendered":"Cabo de dados de carregamento USB para porta-chaves 3 em 1 com log\u00f3tipo LED"},"content":{"rendered":"<p data-start=\"1600\" data-end=\"1967\">Este cabo de dados de carregamento USB 3 em 1 com chaveiro e log\u00f3tipo LED \u00e9 um acess\u00f3rio tecnol\u00f3gico promocional compacto e pr\u00e1tico, concebido para a conveni\u00eancia do dia a dia. Com o seu estilo de porta-chaves port\u00e1til e design multi-conetor incorporado, oferece uma solu\u00e7\u00e3o de carregamento simples para utilizadores que transportam diferentes dispositivos e pretendem um cabo f\u00e1cil de ter \u00e0 m\u00e3o.<\/p>\n<p data-start=\"1969\" data-end=\"2343\">O cabo inclui <strong data-start=\"1988\" data-end=\"2062\">tr\u00eas conectores populares numa \u00fanica unidade: Micro USB, Type-C e Lightning<\/strong>. Isto torna-o adequado para carregar uma vasta gama de smartphones, bancos de pot\u00eancia e outros dispositivos electr\u00f3nicos compat\u00edveis. O seu design multiusos ajuda a reduzir a necessidade de transportar v\u00e1rios cabos de carregamento separados, tornando-o especialmente \u00fatil para viagens, desloca\u00e7\u00f5es, trabalho de escrit\u00f3rio e eventos.<\/p>\n<p data-start=\"2345\" data-end=\"2768\">Fabricado em <strong data-start=\"2355\" data-end=\"2370\">ABS e TPE<\/strong>, Este cabo de carregamento foi concebido para flexibilidade, durabilidade e utiliza\u00e7\u00e3o di\u00e1ria. A estrutura de fios de cobre de quatro n\u00facleos ajuda a suportar um desempenho de carregamento eficiente, enquanto o corpo compacto mant\u00e9m o cabo f\u00e1cil de transportar num bolso, mala, bolsa ou preso \u00e0s chaves. Com um comprimento total de aproximadamente <strong data-start=\"2666\" data-end=\"2680\">6,3 polegadas<\/strong>, \u00c9 uma solu\u00e7\u00e3o conveniente para o carregamento a curta dist\u00e2ncia quando a portabilidade \u00e9 mais importante.<\/p>\n<p data-start=\"2770\" data-end=\"3173\">Uma das carater\u00edsticas de destaque deste produto \u00e9 a sua <strong data-start=\"2822\" data-end=\"2855\">\u00e1rea do log\u00f3tipo com ilumina\u00e7\u00e3o LED personalizada<\/strong>, que ajuda a tornar a sua marca mais vis\u00edvel e memor\u00e1vel. Quando ligada, a sec\u00e7\u00e3o do log\u00f3tipo ilumina-se, transformando um acess\u00f3rio \u00fatil do dia a dia num forte artigo promocional. Isto torna-o ideal para brindes de empresas, feiras comerciais, presentes para clientes, kits para funcion\u00e1rios, promo\u00e7\u00f5es tecnol\u00f3gicas e programas de mercadorias de marca.<\/p>\n<p data-start=\"3175\" data-end=\"3360\">As cores dispon\u00edveis apresentadas nos detalhes do produto incluem <strong data-start=\"3233\" data-end=\"3280\">laranja, azul, preto, vermelho, branco e amarelo<\/strong>, O sistema de gest\u00e3o de fundos da sua empresa \u00e9 um sistema de gest\u00e3o de fundos que oferece m\u00faltiplas op\u00e7\u00f5es para combinar com o estilo da sua empresa ou com o tema da sua campanha.<\/p>\n<p data-start=\"3362\" data-end=\"3760\"><strong data-start=\"3362\" data-end=\"3378\">Carater\u00edsticas principais<\/strong><br data-start=\"3378\" data-end=\"3381\" \/>Cabo de carregamento com design 3 em 1<br data-start=\"3409\" data-end=\"3412\" \/>Inclui conectores Micro USB, Type-C e Lightning<br data-start=\"3464\" data-end=\"3467\" \/>Gancho para porta-chaves incorporado para f\u00e1cil transporte<br data-start=\"3507\" data-end=\"3510\" \/>\u00c1rea de marca\u00e7\u00e3o do log\u00f3tipo com ilumina\u00e7\u00e3o LED personalizada<br data-start=\"3548\" data-end=\"3551\" \/>Design compacto e port\u00e1til<br data-start=\"3578\" data-end=\"3581\" \/>Comprimento aproximado de 6,3 polegadas<br data-start=\"3604\" data-end=\"3607\" \/>Fabricado em ABS e TPE<br data-start=\"3628\" data-end=\"3631\" \/>Estrutura do fio de cobre com quatro n\u00facleos<br data-start=\"3662\" data-end=\"3665\" \/>Adequado para carregamento di\u00e1rio do telem\u00f3vel e utiliza\u00e7\u00e3o promocional<br data-start=\"3718\" data-end=\"3721\" \/>Ideal para viagens, escrit\u00f3rio e brindes<\/p>\n<p data-start=\"3762\" data-end=\"4082\"><strong data-start=\"3762\" data-end=\"3789\">Porqu\u00ea escolher este produto<\/strong><br data-start=\"3789\" data-end=\"3792\" \/>Este cabo \u00e9 pequeno, \u00fatil e altamente identific\u00e1vel. O seu design de porta-chaves torna-o f\u00e1cil de transportar para qualquer lugar, enquanto a carater\u00edstica do log\u00f3tipo iluminado acrescenta um impacto visual mais forte para as promo\u00e7\u00f5es. Combina conveni\u00eancia, portabilidade e marca personalizada num produto simples que as pessoas podem utilizar todos os dias.<\/p>\n<p data-start=\"4084\" data-end=\"4333\"><strong data-start=\"4084\" data-end=\"4097\">Ideal para<\/strong><br data-start=\"4097\" data-end=\"4100\" \/>Brindes para feiras<br data-start=\"4120\" data-end=\"4123\" \/>Promo\u00e7\u00f5es empresariais<br data-start=\"4143\" data-end=\"4146\" \/>Presentes da confer\u00eancia<br data-start=\"4162\" data-end=\"4165\" \/>Kits de boas-vindas aos empregados<br data-start=\"4186\" data-end=\"4189\" \/>Acess\u00f3rios de viagem<br data-start=\"4207\" data-end=\"4210\" \/>Acess\u00f3rios para secret\u00e1rias<br data-start=\"4233\" data-end=\"4236\" \/>Colec\u00e7\u00f5es de acess\u00f3rios para telem\u00f3veis<br data-start=\"4263\" data-end=\"4266\" \/>Promo\u00e7\u00f5es tecnol\u00f3gicas<br data-start=\"4281\" data-end=\"4284\" \/>Mercadoria de marca<br data-start=\"4303\" data-end=\"4306\" \/>Presentes de agradecimento ao cliente<\/p>\n<p data-start=\"4335\" data-end=\"4342\"><strong data-start=\"4335\" data-end=\"4342\">FAQ<\/strong><\/p>\n<p data-start=\"4344\" data-end=\"4469\"><strong data-start=\"4344\" data-end=\"4389\">Este cabo pode ser personalizado com um log\u00f3tipo?<\/strong><br data-start=\"4389\" data-end=\"4392\" \/>Sim. Inclui uma \u00e1rea de log\u00f3tipo personalizada com ilumina\u00e7\u00e3o LED para utiliza\u00e7\u00e3o promocional da marca.<\/p>\n<p data-start=\"4471\" data-end=\"4571\"><strong data-start=\"4471\" data-end=\"4504\">Que conectores est\u00e3o inclu\u00eddos?<\/strong><br data-start=\"4504\" data-end=\"4507\" \/>Este cabo inclui conectores Micro USB, Type-C e Lightning.<\/p>\n<p data-start=\"4573\" data-end=\"4638\"><strong data-start=\"4573\" data-end=\"4607\">De que material \u00e9 feito?<\/strong><br data-start=\"4607\" data-end=\"4610\" \/>\u00c9 fabricado em ABS e TPE.<\/p>\n<p data-start=\"4640\" data-end=\"4714\"><strong data-start=\"4640\" data-end=\"4666\">Qual \u00e9 o comprimento do cabo?<\/strong><br data-start=\"4666\" data-end=\"4669\" \/>O comprimento do cabo \u00e9 de aproximadamente 6,3 polegadas.<\/p>\n<p data-start=\"4716\" data-end=\"4847\"><strong data-start=\"4716\" data-end=\"4740\">\u00c9 f\u00e1cil de transportar?<\/strong><br data-start=\"4740\" data-end=\"4743\" \/>Sim. O seu tamanho compacto e o gancho para porta-chaves incorporado facilitam o transporte com chaves, malas ou artigos de viagem.<\/p>\n<p data-start=\"4849\" data-end=\"4994\"><strong data-start=\"4849\" data-end=\"4879\">Que cores est\u00e3o dispon\u00edveis?<\/strong><br data-start=\"4879\" data-end=\"4882\" \/>De acordo com os detalhes do produto fornecidos, as cores dispon\u00edveis incluem laranja, azul, preto, vermelho, branco e amarelo.<\/p>","protected":false},"excerpt":{"rendered":"<p>Este cabo de dados de carregamento USB 3 em 1 com chaveiro e log\u00f3tipo LED combina os conectores Micro USB, Type-C e Lightning num design compacto e port\u00e1til. Fabricado em ABS e TPE, \u00e9 leve, flex\u00edvel e f\u00e1cil de transportar com o seu gancho para porta-chaves incorporado. O log\u00f3tipo personalizado iluminado torna-o uma excelente escolha para brindes promocionais, eventos, viagens, utiliza\u00e7\u00e3o no escrit\u00f3rio e acess\u00f3rios tecnol\u00f3gicos de marca.<\/p>","protected":false},"featured_media":47113,"template":"","meta":{"_gspb_post_css":""},"product_brand":[],"product_cat":[27],"product_tag":[],"class_list":{"0":"post-47112","1":"product","2":"type-product","3":"status-publish","4":"has-post-thumbnail","6":"product_cat-technology","8":"first","9":"instock","10":"shipping-taxable","11":"product-type-simple"},"_links":{"self":[{"href":"https:\/\/globalgiftsupplier.com\/pt\/wp-json\/wp\/v2\/product\/47112","targetHints":{"allow":["GET"]}}],"collection":[{"href":"https:\/\/globalgiftsupplier.com\/pt\/wp-json\/wp\/v2\/product"}],"about":[{"href":"https:\/\/globalgiftsupplier.com\/pt\/wp-json\/wp\/v2\/types\/product"}],"wp:featuredmedia":[{"embeddable":true,"href":"https:\/\/globalgiftsupplier.com\/pt\/wp-json\/wp\/v2\/media\/47113"}],"wp:attachment":[{"href":"https:\/\/globalgiftsupplier.com\/pt\/wp-json\/wp\/v2\/media?parent=47112"}],"wp:term":[{"taxonomy":"product_brand","embeddable":true,"href":"https:\/\/globalgiftsupplier.com\/pt\/wp-json\/wp\/v2\/product_brand?post=47112"},{"taxonomy":"product_cat","embeddable":true,"href":"https:\/\/globalgiftsupplier.com\/pt\/wp-json\/wp\/v2\/product_cat?post=47112"},{"taxonomy":"product_tag","embeddable":true,"href":"https:\/\/globalgiftsupplier.com\/pt\/wp-json\/wp\/v2\/product_tag?post=47112"}],"curies":[{"name":"wp","href":"https:\/\/api.w.org\/{rel}","templated":true}]}}