{"id":47106,"date":"2026-03-30T03:07:34","date_gmt":"2026-03-30T03:07:34","guid":{"rendered":"https:\/\/globalgiftsupplier.com\/?post_type=product&#038;p=47106"},"modified":"2026-03-30T03:07:34","modified_gmt":"2026-03-30T03:07:34","slug":"3-in-1-nylon-braided-multiple-usb-phone-charger-cord","status":"publish","type":"product","link":"https:\/\/globalgiftsupplier.com\/pt\/product\/3-in-1-nylon-braided-multiple-usb-phone-charger-cord\/","title":{"rendered":"Cabo carregador de telem\u00f3vel USB m\u00faltiplo com tran\u00e7a de nylon 3 em 1"},"content":{"rendered":"<p data-start=\"1663\" data-end=\"2055\">Este cabo de carregamento de telem\u00f3vel USB m\u00faltiplo entran\u00e7ado em nylon 3 em 1 \u00e9 um acess\u00f3rio tecnol\u00f3gico pr\u00e1tico e muito \u00fatil, concebido para um carregamento conveniente de v\u00e1rios tipos de dispositivos. Em vez de transportar diferentes cabos para diferentes telem\u00f3veis ou tablets, este cabo de carregamento tudo-em-um oferece uma solu\u00e7\u00e3o simples para utiliza\u00e7\u00e3o di\u00e1ria em casa, no escrit\u00f3rio, no carro ou em viagem.<\/p>\n<p data-start=\"2057\" data-end=\"2438\">O cabo possui <strong data-start=\"2076\" data-end=\"2157\">tr\u00eas tipos de conectores populares num s\u00f3 design: Lightning, Micro USB e Type-C<\/strong>. Isto torna-o adequado para carregar uma vasta gama de smartphones, bancos de pot\u00eancia, tablets e outros dispositivos electr\u00f3nicos compat\u00edveis. \u00c9 uma excelente op\u00e7\u00e3o para as pessoas que utilizam v\u00e1rios dispositivos ou que precisam de um cabo vers\u00e1til que possa lidar com diferentes necessidades de carregamento sem confus\u00e3o extra.<\/p>\n<p data-start=\"2440\" data-end=\"2872\">Fabricado em <strong data-start=\"2450\" data-end=\"2495\">material entran\u00e7ado de nylon e liga de alum\u00ednio<\/strong>, O cabo do carregador foi concebido para ser mais duradouro e de qualidade superior do que os cabos de carregamento de pl\u00e1stico normais. O exterior entran\u00e7ado ajuda a melhorar a flexibilidade e a reduzir o emaranhamento, enquanto o design refor\u00e7ado do conetor suporta uma melhor resist\u00eancia ao desgaste quotidiano. O cabo \u00e9 suave ao toque, tem uma estrutura robusta e \u00e9 pr\u00e1tico para transportar em malas, gavetas de secret\u00e1ria, kits de viagem ou ve\u00edculos.<\/p>\n<p data-start=\"2874\" data-end=\"3164\">Com um comprimento de aproximadamente <strong data-start=\"2905\" data-end=\"2921\">39,37 polegadas<\/strong>, Com o seu design compacto, este cabo proporciona um alcance confort\u00e1vel para carregar em secret\u00e1rias, mesas de cabeceira, ve\u00edculos e outros ambientes di\u00e1rios. O seu design compacto com v\u00e1rios conectores poupa espa\u00e7o e ajuda os utilizadores a manterem-se organizados sem terem de transportar v\u00e1rios cabos separados.<\/p>\n<p data-start=\"3166\" data-end=\"3575\">Este produto \u00e9 tamb\u00e9m um forte artigo promocional porque apoia <strong data-start=\"3233\" data-end=\"3257\">marca com log\u00f3tipo personalizado<\/strong> na \u00e1rea do conetor central. \u00c9 um brinde ideal para empresas que procuram um produto tecnol\u00f3gico pr\u00e1tico que os clientes e os funcion\u00e1rios possam efetivamente utilizar todos os dias. Os cabos de carregamento de marca s\u00e3o especialmente eficazes para feiras comerciais, eventos, confer\u00eancias, brindes para clientes, kits de boas-vindas para funcion\u00e1rios e promo\u00e7\u00f5es de acess\u00f3rios para telem\u00f3veis.<\/p>\n<p data-start=\"3577\" data-end=\"3777\">As cores dispon\u00edveis apresentadas nas informa\u00e7\u00f5es fornecidas sobre o produto incluem <strong data-start=\"3644\" data-end=\"3696\">azul, preto, cor-de-rosa, vermelho, verde, branco e laranja<\/strong>, O sistema de gest\u00e3o de vendas da empresa \u00e9 um sistema de gest\u00e3o de vendas que oferece m\u00faltiplas op\u00e7\u00f5es para programas de correspond\u00eancia de marcas e de mercadorias personalizadas.<\/p>\n<p data-start=\"3779\" data-end=\"4206\"><strong data-start=\"3779\" data-end=\"3795\">Carater\u00edsticas principais<\/strong><br data-start=\"3795\" data-end=\"3798\" \/>Cabo de carregamento com design 3 em 1<br data-start=\"3826\" data-end=\"3829\" \/>Inclui conectores Lightning, Micro USB e Type-C<br data-start=\"3881\" data-end=\"3884\" \/>Cabo entran\u00e7ado em nylon para maior durabilidade<br data-start=\"3924\" data-end=\"3927\" \/>Pe\u00e7as de liga\u00e7\u00e3o em liga de alum\u00ednio<br data-start=\"3957\" data-end=\"3960\" \/>Estrutura flex\u00edvel e resistente ao emaranhado<br data-start=\"3999\" data-end=\"4002\" \/>Comprimento aproximado de 39,37 polegadas<br data-start=\"4027\" data-end=\"4030\" \/>Adequado para smartphones e outros dispositivos compat\u00edveis<br data-start=\"4083\" data-end=\"4086\" \/>Dispon\u00edveis log\u00f3tipos personalizados<br data-start=\"4116\" data-end=\"4119\" \/>Ideal para viagens, escrit\u00f3rio, autom\u00f3vel e utiliza\u00e7\u00e3o di\u00e1ria<br data-start=\"4163\" data-end=\"4166\" \/>Acess\u00f3rio \u00fatil de eletr\u00f3nica promocional<\/p>\n<p data-start=\"4208\" data-end=\"4574\"><strong data-start=\"4208\" data-end=\"4235\">Porqu\u00ea escolher este produto<\/strong><br data-start=\"4235\" data-end=\"4238\" \/>Este cabo de carregamento \u00e9 simples, pr\u00e1tico e f\u00e1cil de utilizar. O seu design multi-conetor torna-o mais conveniente do que transportar cabos de carregamento separados, enquanto o acabamento em nylon entran\u00e7ado e as pe\u00e7as em liga de alum\u00ednio lhe conferem um aspeto mais duradouro e de qualidade superior. \u00c9 um artigo \u00fatil para o dia a dia que tamb\u00e9m funciona muito bem como brinde promocional de marca.<\/p>\n<p data-start=\"4576\" data-end=\"4817\"><strong data-start=\"4576\" data-end=\"4589\">Ideal para<\/strong><br data-start=\"4589\" data-end=\"4592\" \/>Brindes para empresas<br data-start=\"4611\" data-end=\"4614\" \/>Feiras comerciais<br data-start=\"4625\" data-end=\"4628\" \/>Presentes da confer\u00eancia<br data-start=\"4644\" data-end=\"4647\" \/>Acess\u00f3rios para secret\u00e1rias<br data-start=\"4670\" data-end=\"4673\" \/>Promo\u00e7\u00f5es de viagens<br data-start=\"4690\" data-end=\"4693\" \/>Kits de boas-vindas aos empregados<br data-start=\"4714\" data-end=\"4717\" \/>Presentes de agradecimento ao cliente<br data-start=\"4744\" data-end=\"4747\" \/>Colec\u00e7\u00f5es de acess\u00f3rios para telem\u00f3veis<br data-start=\"4774\" data-end=\"4777\" \/>Mercadoria tecnol\u00f3gica<br data-start=\"4793\" data-end=\"4796\" \/>Campanhas promocionais<\/p>\n<p data-start=\"4819\" data-end=\"4826\"><strong data-start=\"4819\" data-end=\"4826\">FAQ<\/strong><\/p>\n<p data-start=\"4828\" data-end=\"4964\"><strong data-start=\"4828\" data-end=\"4873\">Este cabo pode ser personalizado com um log\u00f3tipo?<\/strong><br data-start=\"4873\" data-end=\"4876\" \/>Sim. A sec\u00e7\u00e3o central pode ser personalizada com o seu log\u00f3tipo para uso promocional ou de marca.<\/p>\n<p data-start=\"4966\" data-end=\"5066\"><strong data-start=\"4966\" data-end=\"4999\">Que conectores est\u00e3o inclu\u00eddos?<\/strong><br data-start=\"4999\" data-end=\"5002\" \/>Este cabo inclui conectores Lightning, Micro USB e Tipo C.<\/p>\n<p data-start=\"5068\" data-end=\"5163\"><strong data-start=\"5068\" data-end=\"5102\">De que material \u00e9 feito?<\/strong><br data-start=\"5102\" data-end=\"5105\" \/>\u00c9 fabricado em material entran\u00e7ado de nylon e liga de alum\u00ednio.<\/p>\n<p data-start=\"5165\" data-end=\"5243\"><strong data-start=\"5165\" data-end=\"5191\">Qual \u00e9 o comprimento do cabo?<\/strong><br data-start=\"5191\" data-end=\"5194\" \/>O comprimento do produto \u00e9 de aproximadamente 39,37 polegadas.<\/p>\n<p data-start=\"5245\" data-end=\"5406\"><strong data-start=\"5245\" data-end=\"5278\">\u00c9 adequado para utiliza\u00e7\u00e3o di\u00e1ria?<\/strong><br data-start=\"5278\" data-end=\"5281\" \/>Sim. O seu design entran\u00e7ado e a sua estrutura refor\u00e7ada tornam-no adequado para o escrit\u00f3rio, viagens, carro e utiliza\u00e7\u00e3o regular de carregamento di\u00e1rio.<\/p>\n<p data-start=\"5408\" data-end=\"5558\"><strong data-start=\"5408\" data-end=\"5438\">Que cores est\u00e3o dispon\u00edveis?<\/strong><br data-start=\"5438\" data-end=\"5441\" \/>De acordo com os detalhes do produto fornecidos, as cores dispon\u00edveis incluem azul, preto, cor-de-rosa, vermelho, verde, branco e laranja.<\/p>","protected":false},"excerpt":{"rendered":"<p>Este cabo de carregamento de telem\u00f3vel USB m\u00faltiplo entran\u00e7ado em nylon 3 em 1 combina os conectores Lightning, Micro USB e Type-C num \u00fanico cabo pr\u00e1tico. Fabricado em material entran\u00e7ado de nylon e liga de alum\u00ednio, oferece uma solu\u00e7\u00e3o de carregamento duradoura, flex\u00edvel e pr\u00e1tica para smartphones e dispositivos compat\u00edveis. Est\u00e1 dispon\u00edvel uma marca com log\u00f3tipo personalizado, o que o torna uma excelente escolha para brindes promocionais, utiliza\u00e7\u00e3o no escrit\u00f3rio, viagens e necessidades de carregamento di\u00e1rias.<\/p>","protected":false},"featured_media":47107,"template":"","meta":{"_gspb_post_css":""},"product_brand":[],"product_cat":[27],"product_tag":[],"class_list":{"0":"post-47106","1":"product","2":"type-product","3":"status-publish","4":"has-post-thumbnail","6":"product_cat-technology","8":"first","9":"instock","10":"shipping-taxable","11":"product-type-simple"},"_links":{"self":[{"href":"https:\/\/globalgiftsupplier.com\/pt\/wp-json\/wp\/v2\/product\/47106","targetHints":{"allow":["GET"]}}],"collection":[{"href":"https:\/\/globalgiftsupplier.com\/pt\/wp-json\/wp\/v2\/product"}],"about":[{"href":"https:\/\/globalgiftsupplier.com\/pt\/wp-json\/wp\/v2\/types\/product"}],"wp:featuredmedia":[{"embeddable":true,"href":"https:\/\/globalgiftsupplier.com\/pt\/wp-json\/wp\/v2\/media\/47107"}],"wp:attachment":[{"href":"https:\/\/globalgiftsupplier.com\/pt\/wp-json\/wp\/v2\/media?parent=47106"}],"wp:term":[{"taxonomy":"product_brand","embeddable":true,"href":"https:\/\/globalgiftsupplier.com\/pt\/wp-json\/wp\/v2\/product_brand?post=47106"},{"taxonomy":"product_cat","embeddable":true,"href":"https:\/\/globalgiftsupplier.com\/pt\/wp-json\/wp\/v2\/product_cat?post=47106"},{"taxonomy":"product_tag","embeddable":true,"href":"https:\/\/globalgiftsupplier.com\/pt\/wp-json\/wp\/v2\/product_tag?post=47106"}],"curies":[{"name":"wp","href":"https:\/\/api.w.org\/{rel}","templated":true}]}}