{"id":47080,"date":"2026-03-19T08:35:19","date_gmt":"2026-03-19T08:35:19","guid":{"rendered":"https:\/\/globalgiftsupplier.com\/?post_type=product&#038;p=47080"},"modified":"2026-03-19T08:39:19","modified_gmt":"2026-03-19T08:39:19","slug":"3-in-1-braided-keychain-charging-cable-with-led-laser-logo","status":"publish","type":"product","link":"https:\/\/globalgiftsupplier.com\/pt\/product\/3-in-1-braided-keychain-charging-cable-with-led-laser-logo\/","title":{"rendered":"Cabo de carregamento para porta-chaves entran\u00e7ado 3 em 1 com log\u00f3tipo LED a laser"},"content":{"rendered":"<p data-start=\"1452\" data-end=\"1835\">Este cabo de carregamento para porta-chaves entran\u00e7ado 3 em 1 com log\u00f3tipo LED a laser \u00e9 um acess\u00f3rio tecnol\u00f3gico compacto e altamente pr\u00e1tico, concebido para a conveni\u00eancia do carregamento di\u00e1rio e um forte valor promocional. Combina v\u00e1rios tipos de conectores num pequeno cabo port\u00e1til, o que o torna uma solu\u00e7\u00e3o inteligente para os utilizadores que necessitam de um carregador fi\u00e1vel para diferentes dispositivos em viagem.<\/p>\n<p data-start=\"1837\" data-end=\"2230\">O cabo possui <strong data-start=\"1856\" data-end=\"1927\">tr\u00eas conectores de carregamento populares: Micro USB, Type-C e Lightning<\/strong>, permitindo-lhe funcionar com uma vasta gama de smartphones, tablets e outros dispositivos electr\u00f3nicos. De acordo com as informa\u00e7\u00f5es fornecidas sobre o produto, pode carregar <strong data-start=\"2083\" data-end=\"2123\">at\u00e9 tr\u00eas dispositivos ao mesmo tempo<\/strong>, O seu tamanho \u00e9 de 1,5 cm, o que o torna especialmente \u00fatil para secret\u00e1rias de escrit\u00f3rio, malas de viagem, autom\u00f3veis, folhetos de feiras e para transporte di\u00e1rio.<\/p>\n<p data-start=\"2232\" data-end=\"2623\">Uma carater\u00edstica que se destaca neste artigo \u00e9 a <strong data-start=\"2271\" data-end=\"2296\">log\u00f3tipo laser LED personalizado<\/strong> no corpo do porta-chaves. Quando o cabo \u00e9 ligado, o log\u00f3tipo ilumina-se, ajudando a sua marca a atrair mais aten\u00e7\u00e3o do que um cabo impresso normal. Este efeito de marca iluminada d\u00e1 ao produto um aspeto mais premium e moderno, tornando-o uma forte escolha para campanhas promocionais, brindes para clientes e mercadorias de marca.<\/p>\n<p data-start=\"2625\" data-end=\"3090\">O cabo \u00e9 fabricado com <strong data-start=\"2648\" data-end=\"2686\">materiais ecol\u00f3gicos TPE e ABS<\/strong> e inclui um <strong data-start=\"2702\" data-end=\"2726\">conce\u00e7\u00e3o de cabo entran\u00e7ado<\/strong> para maior durabilidade, flexibilidade e um acabamento premium mais limpo. A constru\u00e7\u00e3o do fio de cobre de quatro n\u00facleos ajuda a melhorar a efici\u00eancia do carregamento e a corrente de sa\u00edda total m\u00e1xima pode atingir <strong data-start=\"2913\" data-end=\"2919\">2A<\/strong> com base nos pormenores fornecidos. Com um tamanho compacto de cerca de <strong data-start=\"2980\" data-end=\"2995\">5,91 polegadas<\/strong>, \u00c9 f\u00e1cil de transportar no bolso, na mala, na mochila, na bolsa de viagem ou preso diretamente \u00e0s chaves.<\/p>\n<p data-start=\"3092\" data-end=\"3437\">O sistema integrado <strong data-start=\"3105\" data-end=\"3122\">porta-chaves<\/strong> acrescenta conveni\u00eancia extra, permitindo aos utilizadores prender o cabo a porta-chaves, sacos ou cord\u00f5es para que seja sempre f\u00e1cil de encontrar e pronto a usar. Isto torna-o muito mais pr\u00e1tico do que os brindes tecnol\u00f3gicos comuns e aumenta a probabilidade de os clientes o guardarem e utilizarem regularmente, dando \u00e0 sua marca uma exposi\u00e7\u00e3o mais duradoura.<\/p>\n<p data-start=\"3439\" data-end=\"3774\">Este produto \u00e9 adequado para <strong data-start=\"3468\" data-end=\"3652\">brindes para empresas, promo\u00e7\u00f5es em feiras, brindes para empresas, folhetos para eventos, colec\u00e7\u00f5es de acess\u00f3rios tecnol\u00f3gicos, artigos para agradecimento de clientes, brindes para escrit\u00f3rios e promo\u00e7\u00f5es relacionadas com viagens<\/strong>. Funciona especialmente bem para as empresas que pretendem um produto promocional pr\u00e1tico que as pessoas utilizem efetivamente na vida quotidiana.<\/p>\n<p data-start=\"3776\" data-end=\"4024\">O produto est\u00e1 dispon\u00edvel em <strong data-start=\"3804\" data-end=\"3823\">preto e branco<\/strong> e oferece uma \u00e1rea de personaliza\u00e7\u00e3o simples na parte da frente da caixa para o seu log\u00f3tipo. A sua forma simples, a constru\u00e7\u00e3o entran\u00e7ada e o efeito de ilumina\u00e7\u00e3o da marca fazem dela uma escolha forte para o marketing promocional moderno.<\/p>\n<p data-start=\"4026\" data-end=\"4236\">Se pretende um acess\u00f3rio de carregamento compacto que seja f\u00e1cil de transportar, amplamente compat\u00edvel e eficaz para a visibilidade da marca, este cabo de carregamento personalizado 3 em 1 entran\u00e7ado para porta-chaves \u00e9 uma excelente op\u00e7\u00e3o para o seu s\u00edtio Web.<\/p>\n<p data-start=\"4238\" data-end=\"4645\"><strong data-start=\"4238\" data-end=\"4254\">Carater\u00edsticas principais<\/strong><br data-start=\"4254\" data-end=\"4257\" \/>Design de cabo de carregamento 3 em 1<br data-start=\"4285\" data-end=\"4288\" \/>Conectores Micro USB, Type-C e Lightning<br data-start=\"4331\" data-end=\"4334\" \/>Log\u00f3tipo laser LED personalizado<br data-start=\"4355\" data-end=\"4358\" \/>Pode carregar at\u00e9 3 dispositivos ao mesmo tempo<br data-start=\"4401\" data-end=\"4404\" \/>Cabo entran\u00e7ado para maior durabilidade e flexibilidade<br data-start=\"4448\" data-end=\"4451\" \/>Materiais TPE e ABS amigos do ambiente<br data-start=\"4485\" data-end=\"4488\" \/>Design compacto de chaveiro para portabilidade<br data-start=\"4527\" data-end=\"4530\" \/>Tamanho aproximado de 5,91 polegadas<br data-start=\"4552\" data-end=\"4555\" \/>Corrente de sa\u00edda total m\u00e1xima at\u00e9 2A<br data-start=\"4592\" data-end=\"4595\" \/>Adequado para viagens, escrit\u00f3rio, eventos e utiliza\u00e7\u00e3o di\u00e1ria<\/p>\n<p data-start=\"4647\" data-end=\"4883\"><strong data-start=\"4647\" data-end=\"4674\">Porqu\u00ea escolher este produto<\/strong><br data-start=\"4674\" data-end=\"4677\" \/>Este cabo de carregamento \u00e9 compacto, pr\u00e1tico e visualmente atrativo. O seu efeito de log\u00f3tipo LED torna a marca mais percet\u00edvel, enquanto o design multi-conetor o torna \u00fatil para uma vasta gama de utilizadores e dispositivos.<\/p>\n<p data-start=\"4885\" data-end=\"5121\"><strong data-start=\"4885\" data-end=\"4898\">Ideal para<\/strong><br data-start=\"4898\" data-end=\"4901\" \/>Brindes para empresas<br data-start=\"4920\" data-end=\"4923\" \/>Feiras comerciais<br data-start=\"4934\" data-end=\"4937\" \/>Eventos promocionais<br data-start=\"4955\" data-end=\"4958\" \/>Conjuntos de prendas tecnol\u00f3gicas<br data-start=\"4972\" data-end=\"4975\" \/>Folhetos do escrit\u00f3rio<br data-start=\"4990\" data-end=\"4993\" \/>Acess\u00f3rios de viagem<br data-start=\"5011\" data-end=\"5014\" \/>Presentes de agradecimento aos clientes<br data-start=\"5038\" data-end=\"5041\" \/>Kits de boas-vindas aos empregados<br data-start=\"5062\" data-end=\"5065\" \/>Colec\u00e7\u00f5es de acess\u00f3rios para telem\u00f3veis<br data-start=\"5092\" data-end=\"5095\" \/>Mercadoria de retalho de marca<\/p>\n<p data-start=\"5123\" data-end=\"5130\"><strong data-start=\"5123\" data-end=\"5130\">FAQ<\/strong><\/p>\n<p data-start=\"5132\" data-end=\"5298\"><strong data-start=\"5132\" data-end=\"5186\">Este cabo de carregamento pode ser personalizado com um log\u00f3tipo?<\/strong><br data-start=\"5186\" data-end=\"5189\" \/>Sim, a caixa frontal pode ser personalizada com o seu log\u00f3tipo, e o log\u00f3tipo pode aparecer com um efeito de ilumina\u00e7\u00e3o LED.<\/p>\n<p data-start=\"5300\" data-end=\"5405\"><strong data-start=\"5300\" data-end=\"5338\">Que tipos de conectores est\u00e3o inclu\u00eddos?<\/strong><br data-start=\"5338\" data-end=\"5341\" \/>Este cabo inclui conectores Micro USB, Type-C e Lightning.<\/p>\n<p data-start=\"5407\" data-end=\"5543\"><strong data-start=\"5407\" data-end=\"5450\">Pode carregar v\u00e1rios dispositivos ao mesmo tempo?<\/strong><br data-start=\"5450\" data-end=\"5453\" \/>Sim, de acordo com os detalhes do produto, pode carregar at\u00e9 tr\u00eas dispositivos ao mesmo tempo.<\/p>\n<p data-start=\"5545\" data-end=\"5686\"><strong data-start=\"5545\" data-end=\"5577\">Este cabo \u00e9 f\u00e1cil de transportar?<\/strong><br data-start=\"5577\" data-end=\"5580\" \/>Sim, tem um tamanho compacto e uma argola para porta-chaves, o que facilita a sua fixa\u00e7\u00e3o a chaves, malas ou equipamento de viagem.<\/p>\n<p data-start=\"5688\" data-end=\"5810\"><strong data-start=\"5688\" data-end=\"5722\">De que material \u00e9 feito?<\/strong><br data-start=\"5722\" data-end=\"5725\" \/>\u00c9 feito de materiais ecol\u00f3gicos TPE e ABS com uma constru\u00e7\u00e3o de cabo entran\u00e7ado.<\/p>","protected":false},"excerpt":{"rendered":"<p>Este cabo de carregamento para porta-chaves entran\u00e7ado 3 em 1 combina os conectores Micro USB, Type-C e Lightning num design compacto. Fabricado em TPE e ABS ecol\u00f3gicos com um cabo entran\u00e7ado dur\u00e1vel, permite um carregamento r\u00e1pido, f\u00e1cil portabilidade e log\u00f3tipo LED personalizado para utiliza\u00e7\u00e3o promocional e de retalho.<\/p>","protected":false},"featured_media":47083,"template":"","meta":{"_gspb_post_css":""},"product_brand":[],"product_cat":[27],"product_tag":[],"class_list":{"0":"post-47080","1":"product","2":"type-product","3":"status-publish","4":"has-post-thumbnail","6":"product_cat-technology","8":"first","9":"instock","10":"shipping-taxable","11":"product-type-simple"},"_links":{"self":[{"href":"https:\/\/globalgiftsupplier.com\/pt\/wp-json\/wp\/v2\/product\/47080","targetHints":{"allow":["GET"]}}],"collection":[{"href":"https:\/\/globalgiftsupplier.com\/pt\/wp-json\/wp\/v2\/product"}],"about":[{"href":"https:\/\/globalgiftsupplier.com\/pt\/wp-json\/wp\/v2\/types\/product"}],"wp:featuredmedia":[{"embeddable":true,"href":"https:\/\/globalgiftsupplier.com\/pt\/wp-json\/wp\/v2\/media\/47083"}],"wp:attachment":[{"href":"https:\/\/globalgiftsupplier.com\/pt\/wp-json\/wp\/v2\/media?parent=47080"}],"wp:term":[{"taxonomy":"product_brand","embeddable":true,"href":"https:\/\/globalgiftsupplier.com\/pt\/wp-json\/wp\/v2\/product_brand?post=47080"},{"taxonomy":"product_cat","embeddable":true,"href":"https:\/\/globalgiftsupplier.com\/pt\/wp-json\/wp\/v2\/product_cat?post=47080"},{"taxonomy":"product_tag","embeddable":true,"href":"https:\/\/globalgiftsupplier.com\/pt\/wp-json\/wp\/v2\/product_tag?post=47080"}],"curies":[{"name":"wp","href":"https:\/\/api.w.org\/{rel}","templated":true}]}}