{"id":47068,"date":"2026-03-19T08:32:54","date_gmt":"2026-03-19T08:32:54","guid":{"rendered":"https:\/\/globalgiftsupplier.com\/?post_type=product&#038;p=47068"},"modified":"2026-03-19T08:32:54","modified_gmt":"2026-03-19T08:32:54","slug":"3-in-1-keychain-charging-cable-with-led-laser-logo","status":"publish","type":"product","link":"https:\/\/globalgiftsupplier.com\/pt\/product\/3-in-1-keychain-charging-cable-with-led-laser-logo\/","title":{"rendered":"Cabo de carregamento para porta-chaves 3 em 1 com log\u00f3tipo LED a laser"},"content":{"rendered":"<p data-start=\"1432\" data-end=\"1790\">Este cabo de carregamento para porta-chaves 3 em 1 com log\u00f3tipo laser LED \u00e9 um artigo tecnol\u00f3gico promocional compacto e \u00fatil, concebido para a conveni\u00eancia do dia a dia moderno. Combina v\u00e1rios conectores de carregamento num \u00fanico cabo port\u00e1til, tornando-o uma escolha inteligente para clientes, funcion\u00e1rios, visitantes de eventos e qualquer pessoa que necessite de uma solu\u00e7\u00e3o de carregamento f\u00e1cil em movimento.<\/p>\n<p data-start=\"1792\" data-end=\"2177\">O cabo inclui tr\u00eas tipos de conectores de carregamento populares: <strong data-start=\"1851\" data-end=\"1887\">Micro USB, Tipo C e Lightning<\/strong>, permitindo aos utilizadores carregar uma vasta gama de telem\u00f3veis e dispositivos electr\u00f3nicos com um \u00fanico acess\u00f3rio. De acordo com os pormenores do produto, pode carregar at\u00e9 <strong data-start=\"2046\" data-end=\"2080\">tr\u00eas dispositivos ao mesmo tempo<\/strong>, O seu design e a sua capacidade de carga s\u00e3o ainda mais pr\u00e1ticos para utiliza\u00e7\u00e3o di\u00e1ria, viagens, trabalho de escrit\u00f3rio ou carregamento de emerg\u00eancia.<\/p>\n<p data-start=\"2179\" data-end=\"2571\">Uma das carater\u00edsticas mais atractivas deste artigo \u00e9 a <strong data-start=\"2235\" data-end=\"2260\">log\u00f3tipo laser LED personalizado<\/strong> no corpo redondo do porta-chaves. Quando ligado e em utiliza\u00e7\u00e3o, o log\u00f3tipo ilumina-se, dando \u00e0 sua marca um aspeto mais apelativo e de qualidade superior. Em compara\u00e7\u00e3o com os cabos de carregamento impressos normais, o efeito do log\u00f3tipo iluminado torna este produto muito mais memor\u00e1vel e ajuda a sua marca a destacar-se em ambientes promocionais.<\/p>\n<p data-start=\"2573\" data-end=\"3029\">O cabo \u00e9 fabricado com <strong data-start=\"2596\" data-end=\"2634\">materiais ecol\u00f3gicos TPE e ABS<\/strong> e inclui um <strong data-start=\"2650\" data-end=\"2674\">conce\u00e7\u00e3o de cabo entran\u00e7ado<\/strong> para maior durabilidade, flexibilidade e um acabamento mais elegante. A constru\u00e7\u00e3o do fio de cobre de quatro n\u00facleos ajuda a suportar um desempenho de carregamento est\u00e1vel, com um <strong data-start=\"2829\" data-end=\"2873\">corrente de sa\u00edda total m\u00e1xima de at\u00e9 2A<\/strong> com base nas informa\u00e7\u00f5es fornecidas sobre o produto. O tamanho compacto de cerca de <strong data-start=\"2943\" data-end=\"2958\">5,91 polegadas<\/strong> torna-o f\u00e1cil de transportar num bolso, saco, mochila, carro ou kit de viagem.<\/p>\n<p data-start=\"3031\" data-end=\"3370\">O seu <strong data-start=\"3044\" data-end=\"3061\">porta-chaves<\/strong> torna este item especialmente conveniente. Os utilizadores podem prend\u00ea-lo a chaves, mochilas, bolsas ou cord\u00f5es, o que ajuda a mant\u00ea-lo acess\u00edvel durante todo o dia. Uma vez que \u00e9 \u00fatil e port\u00e1til, \u00e9 muito mais prov\u00e1vel que seja guardado e reutilizado do que os brindes normais, dando \u00e0 sua marca uma maior visibilidade ao longo do tempo.<\/p>\n<p data-start=\"3372\" data-end=\"3701\">Este produto \u00e9 adequado para <strong data-start=\"3404\" data-end=\"3563\">brindes para empresas, feiras comerciais, promo\u00e7\u00f5es tecnol\u00f3gicas, presentes de escrit\u00f3rio, artigos de agradecimento a clientes, kits de viagem, folhetos para eventos e acess\u00f3rios tecnol\u00f3gicos de marca para venda a retalho<\/strong>. \u00c9 uma boa escolha para empresas que pretendem um produto promocional moderno, funcional e relevante para a utiliza\u00e7\u00e3o quotidiana de dispositivos.<\/p>\n<p data-start=\"3703\" data-end=\"3987\">O cabo \u00e9 apresentado em formato cl\u00e1ssico <strong data-start=\"3733\" data-end=\"3766\">op\u00e7\u00f5es de cores preto e branco<\/strong>, O painel frontal redondo oferece uma \u00e1rea de personaliza\u00e7\u00e3o clara para o seu log\u00f3tipo. O painel frontal redondo oferece uma \u00e1rea de personaliza\u00e7\u00e3o clara para o seu log\u00f3tipo, enquanto o efeito LED acrescenta um toque final mais inovador.<\/p>\n<p data-start=\"3989\" data-end=\"4177\">Se pretende um acess\u00f3rio promocional que combine comodidade, portabilidade e forte visibilidade da marca, este cabo de carregamento para porta-chaves 3 em 1 personalizado \u00e9 uma excelente op\u00e7\u00e3o para o seu s\u00edtio Web.<\/p>\n<p data-start=\"4179\" data-end=\"4553\"><strong data-start=\"4179\" data-end=\"4195\">Carater\u00edsticas principais<\/strong><br data-start=\"4195\" data-end=\"4198\" \/>Design de cabo de carregamento 3 em 1<br data-start=\"4226\" data-end=\"4229\" \/>Conectores Micro USB, Type-C e Lightning<br data-start=\"4272\" data-end=\"4275\" \/>Log\u00f3tipo laser LED personalizado<br data-start=\"4296\" data-end=\"4299\" \/>Pode carregar at\u00e9 3 dispositivos ao mesmo tempo<br data-start=\"4342\" data-end=\"4345\" \/>Cabo entran\u00e7ado para maior durabilidade<br data-start=\"4379\" data-end=\"4382\" \/>Constru\u00e7\u00e3o ecol\u00f3gica em TPE e ABS<br data-start=\"4419\" data-end=\"4422\" \/>Design compacto de chaveiro para f\u00e1cil transporte<br data-start=\"4463\" data-end=\"4466\" \/>Tamanho port\u00e1til de aprox. 5,91 polegadas<br data-start=\"4497\" data-end=\"4500\" \/>Adequado para utiliza\u00e7\u00e3o di\u00e1ria, viagens, escrit\u00f3rio e eventos<\/p>\n<p data-start=\"4555\" data-end=\"4845\"><strong data-start=\"4555\" data-end=\"4582\">Porqu\u00ea escolher este produto<\/strong><br data-start=\"4582\" data-end=\"4585\" \/>Este produto combina a conveni\u00eancia do carregamento pr\u00e1tico com um efeito brilhante do log\u00f3tipo personalizado, tornando-o mais \u00fatil e mais memor\u00e1vel do que os acess\u00f3rios promocionais normais. O seu estilo compacto de porta-chaves tamb\u00e9m o torna f\u00e1cil de transportar e mais suscet\u00edvel de ser utilizado regularmente.<\/p>\n<p data-start=\"4847\" data-end=\"5088\"><strong data-start=\"4847\" data-end=\"4860\">Ideal para<\/strong><br data-start=\"4860\" data-end=\"4863\" \/>Brindes para empresas<br data-start=\"4882\" data-end=\"4885\" \/>Feiras comerciais<br data-start=\"4896\" data-end=\"4899\" \/>Campanhas promocionais<br data-start=\"4920\" data-end=\"4923\" \/>Conjuntos de prendas tecnol\u00f3gicas<br data-start=\"4937\" data-end=\"4940\" \/>Folhetos do escrit\u00f3rio<br data-start=\"4955\" data-end=\"4958\" \/>Acess\u00f3rios de viagem<br data-start=\"4976\" data-end=\"4979\" \/>Presentes de agradecimento ao cliente<br data-start=\"5006\" data-end=\"5009\" \/>Kits de boas-vindas aos empregados<br data-start=\"5030\" data-end=\"5033\" \/>Colec\u00e7\u00f5es de acess\u00f3rios para telem\u00f3veis<br data-start=\"5060\" data-end=\"5063\" \/>Produtos de marca do evento<\/p>\n<p data-start=\"5090\" data-end=\"5097\"><strong data-start=\"5090\" data-end=\"5097\">FAQ<\/strong><\/p>\n<p data-start=\"5099\" data-end=\"5279\"><strong data-start=\"5099\" data-end=\"5153\">Este cabo de carregamento pode ser personalizado com um log\u00f3tipo?<\/strong><br data-start=\"5153\" data-end=\"5156\" \/>Sim, a \u00e1rea frontal redonda pode ser personalizada com o seu log\u00f3tipo, e o log\u00f3tipo apresenta um efeito de ilumina\u00e7\u00e3o LED a laser quando utilizado.<\/p>\n<p data-start=\"5281\" data-end=\"5386\"><strong data-start=\"5281\" data-end=\"5319\">Que tipos de conectores est\u00e3o inclu\u00eddos?<\/strong><br data-start=\"5319\" data-end=\"5322\" \/>Este cabo inclui conectores Micro USB, Type-C e Lightning.<\/p>\n<p data-start=\"5388\" data-end=\"5515\"><strong data-start=\"5388\" data-end=\"5427\">Pode carregar mais do que um dispositivo?<\/strong><br data-start=\"5427\" data-end=\"5430\" \/>De acordo com os pormenores do produto, pode carregar at\u00e9 tr\u00eas dispositivos ao mesmo tempo.<\/p>\n<p data-start=\"5517\" data-end=\"5669\"><strong data-start=\"5517\" data-end=\"5551\">Este produto \u00e9 f\u00e1cil de transportar?<\/strong><br data-start=\"5551\" data-end=\"5554\" \/>Sim, tem um tamanho mini compacto e uma argola para porta-chaves, tornando-o f\u00e1cil de prender a chaves, malas ou acess\u00f3rios de viagem.<\/p>\n<p data-start=\"5671\" data-end=\"5790\"><strong data-start=\"5671\" data-end=\"5705\">De que material \u00e9 feito?<\/strong><br data-start=\"5705\" data-end=\"5708\" \/>\u00c9 fabricado em materiais ecol\u00f3gicos TPE e ABS com uma estrutura de cabo entran\u00e7ado.<\/p>","protected":false},"excerpt":{"rendered":"<p>Este cabo de carregamento 3 em 1 para porta-chaves \u00e9 um acess\u00f3rio tecnol\u00f3gico promocional compacto e pr\u00e1tico com conectores Micro USB, Type-C e Lightning num design port\u00e1til. Com um cabo entran\u00e7ado, uma constru\u00e7\u00e3o dur\u00e1vel em ABS e TPE e um log\u00f3tipo LED personalizado a laser, \u00e9 ideal para carregamento di\u00e1rio, utiliza\u00e7\u00e3o em viagem e brindes de marca.<\/p>","protected":false},"featured_media":47069,"template":"","meta":{"_gspb_post_css":""},"product_brand":[],"product_cat":[27],"product_tag":[],"class_list":{"0":"post-47068","1":"product","2":"type-product","3":"status-publish","4":"has-post-thumbnail","6":"product_cat-technology","8":"first","9":"instock","10":"shipping-taxable","11":"product-type-simple"},"_links":{"self":[{"href":"https:\/\/globalgiftsupplier.com\/pt\/wp-json\/wp\/v2\/product\/47068","targetHints":{"allow":["GET"]}}],"collection":[{"href":"https:\/\/globalgiftsupplier.com\/pt\/wp-json\/wp\/v2\/product"}],"about":[{"href":"https:\/\/globalgiftsupplier.com\/pt\/wp-json\/wp\/v2\/types\/product"}],"wp:featuredmedia":[{"embeddable":true,"href":"https:\/\/globalgiftsupplier.com\/pt\/wp-json\/wp\/v2\/media\/47069"}],"wp:attachment":[{"href":"https:\/\/globalgiftsupplier.com\/pt\/wp-json\/wp\/v2\/media?parent=47068"}],"wp:term":[{"taxonomy":"product_brand","embeddable":true,"href":"https:\/\/globalgiftsupplier.com\/pt\/wp-json\/wp\/v2\/product_brand?post=47068"},{"taxonomy":"product_cat","embeddable":true,"href":"https:\/\/globalgiftsupplier.com\/pt\/wp-json\/wp\/v2\/product_cat?post=47068"},{"taxonomy":"product_tag","embeddable":true,"href":"https:\/\/globalgiftsupplier.com\/pt\/wp-json\/wp\/v2\/product_tag?post=47068"}],"curies":[{"name":"wp","href":"https:\/\/api.w.org\/{rel}","templated":true}]}}