{"id":47055,"date":"2026-03-19T08:26:04","date_gmt":"2026-03-19T08:26:04","guid":{"rendered":"https:\/\/globalgiftsupplier.com\/?post_type=product&#038;p=47055"},"modified":"2026-03-19T08:26:04","modified_gmt":"2026-03-19T08:26:04","slug":"custom-metal-stylus-ballpoint-pen-with-touchscreen-tip","status":"publish","type":"product","link":"https:\/\/globalgiftsupplier.com\/pt\/product\/custom-metal-stylus-ballpoint-pen-with-touchscreen-tip\/","title":{"rendered":"Esferogr\u00e1fica com caneta Stylus em metal personalizada com ponta para ecr\u00e3 t\u00e1til"},"content":{"rendered":"<p data-start=\"1152\" data-end=\"1531\">Esta esferogr\u00e1fica stylus em metal personalizada \u00e9 um produto promocional pr\u00e1tico e moderno, concebido tanto para escrita como para utiliza\u00e7\u00e3o em ecr\u00e3s t\u00e1cteis. Combina a utilidade de uma esferogr\u00e1fica cl\u00e1ssica com a conveni\u00eancia adicional de uma ponta de stylus, tornando-a uma excelente escolha para escrit\u00f3rios, reuni\u00f5es, eventos, escolas, hot\u00e9is, feiras comerciais e programas de branding empresarial.<\/p>\n<p data-start=\"1533\" data-end=\"2009\">A caneta possui um corpo met\u00e1lico elegante com um acabamento de cor suave e detalhes cromados polidos que lhe conferem um aspeto refinado e profissional. Em compara\u00e7\u00e3o com as canetas de pl\u00e1stico comuns, este estilo oferece um aspeto mais premium e uma melhor sensa\u00e7\u00e3o na m\u00e3o, ajudando a sua marca a causar uma impress\u00e3o mais forte durante a utiliza\u00e7\u00e3o quotidiana. \u00c9 uma op\u00e7\u00e3o inteligente para as empresas que pretendem um instrumento de escrita com um aspeto polido, mas ao mesmo tempo pr\u00e1tico e econ\u00f3mico para promo\u00e7\u00f5es em grande escala.<\/p>\n<p data-start=\"2011\" data-end=\"2454\">Uma das principais vantagens deste produto \u00e9 o seu design de dupla fun\u00e7\u00e3o. A ponta da caneta permite aos utilizadores interagir com ecr\u00e3s t\u00e1cteis, tais como telefones, tablets, ecr\u00e3s de self-service e outros dispositivos digitais, enquanto a fun\u00e7\u00e3o de caneta continua a ser \u00fatil para tomar notas, assinar documentos, formul\u00e1rios, reuni\u00f5es e escrever no dia a dia no escrit\u00f3rio. Esta combina\u00e7\u00e3o torna o produto mais vers\u00e1til do que uma caneta promocional normal e confere-lhe uma utilidade di\u00e1ria mais alargada.<\/p>\n<p data-start=\"2456\" data-end=\"2863\">O corpo inclui uma \u00e1rea transparente para o log\u00f3tipo personalizado, permitindo que o nome da sua empresa, marca ou mensagem promocional permane\u00e7a vis\u00edvel durante a utiliza\u00e7\u00e3o repetida. Uma vez que os destinat\u00e1rios podem utilizar este artigo como caneta e como acess\u00f3rio para ecr\u00e3 t\u00e1til, tem um forte valor promocional a longo prazo. Quanto mais \u00fatil for um produto, mais prov\u00e1vel \u00e9 que as pessoas o mantenham por perto, o que ajuda a aumentar a exposi\u00e7\u00e3o repetida da marca ao longo do tempo.<\/p>\n<p data-start=\"2865\" data-end=\"3290\">A partir das imagens, esta caneta est\u00e1 dispon\u00edvel numa gama de cores brilhantes e cl\u00e1ssicas, incluindo preto, cinzento, azul, verde, vermelho, roxo, rosa, laranja e outros tons modernos. Isto facilita a correspond\u00eancia com diferentes estilos de marca da empresa, temas de campanha, cores da escola, paletas de eventos ou promo\u00e7\u00f5es sazonais. Quer a sua empresa pretenda um brinde arrojado ou um aspeto empresarial mais simples, este estilo de caneta oferece um apelo visual flex\u00edvel.<\/p>\n<p data-start=\"3292\" data-end=\"3696\">O seu perfil fino tamb\u00e9m facilita a sua inclus\u00e3o em kits de correio direto, sacos para eventos, conjuntos de ofertas de escrit\u00f3rio, pacotes de boas-vindas, materiais de confer\u00eancia e pacotes promocionais. Combina bem com blocos de notas, pastas, di\u00e1rios, artigos de secret\u00e1ria e outros produtos de escrit\u00f3rio de marca. Para as empresas que procuram oferecer um artigo pr\u00e1tico para o dia a dia que se sinta mais atualizado para uma utiliza\u00e7\u00e3o digital moderna, esta caneta stylus personalizada \u00e9 uma boa escolha.<\/p>\n<p data-start=\"3698\" data-end=\"4034\">Este produto \u00e9 especialmente adequado para eventos empresariais, promo\u00e7\u00f5es tecnol\u00f3gicas, programas de material de escrit\u00f3rio, folhetos para clientes, balc\u00f5es de rece\u00e7\u00e3o de hot\u00e9is, brindes educativos, gabinetes de cuidados de sa\u00fade e kits de integra\u00e7\u00e3o de funcion\u00e1rios. Como funciona tanto em ambientes de trabalho f\u00edsicos como digitais, adapta-se a uma vasta gama de ind\u00fastrias e grupos de utilizadores.<\/p>\n<p data-start=\"4036\" data-end=\"4284\">Se pretende uma caneta promocional que ofere\u00e7a utilidade de escrita e conveni\u00eancia de ecr\u00e3 t\u00e1til, ao mesmo tempo que d\u00e1 ao seu log\u00f3tipo uma apresenta\u00e7\u00e3o elegante e profissional, esta caneta esferogr\u00e1fica stylus de metal personalizada \u00e9 uma excelente adi\u00e7\u00e3o \u00e0 linha de produtos do seu website.<\/p>\n<p data-start=\"4286\" data-end=\"4653\"><strong data-start=\"4286\" data-end=\"4302\">Carater\u00edsticas principais<\/strong><br data-start=\"4302\" data-end=\"4305\" \/>Esferogr\u00e1fica com caneta stylus em metal<br data-start=\"4331\" data-end=\"4334\" \/>Caneta de dupla fun\u00e7\u00e3o e caneta de ecr\u00e3 t\u00e1til<br data-start=\"4374\" data-end=\"4377\" \/>\u00c1rea de impress\u00e3o do log\u00f3tipo personalizado no tambor<br data-start=\"4411\" data-end=\"4414\" \/>Cano de cor elegante com detalhes cromados<br data-start=\"4454\" data-end=\"4457\" \/>Adequado para escrita di\u00e1ria e utiliza\u00e7\u00e3o de dispositivos<br data-start=\"4501\" data-end=\"4504\" \/>Aspeto profissional para promo\u00e7\u00f5es comerciais<br data-start=\"4545\" data-end=\"4548\" \/>Dispon\u00edvel em v\u00e1rias op\u00e7\u00f5es de cores apresentadas nas imagens<br data-start=\"4599\" data-end=\"4602\" \/>Ideal para utiliza\u00e7\u00e3o em escrit\u00f3rios, eventos e marcas empresariais<\/p>\n<p data-start=\"4655\" data-end=\"4968\"><strong data-start=\"4655\" data-end=\"4682\">Porqu\u00ea escolher este produto<\/strong><br data-start=\"4682\" data-end=\"4685\" \/>Este produto destaca-se porque combina a utiliza\u00e7\u00e3o tradicional da escrita com a funcionalidade moderna do ecr\u00e3 t\u00e1til. Oferece mais valor di\u00e1rio do que uma caneta normal, d\u00e1 \u00e0 sua marca uma imagem mais actualizada e proporciona um acabamento met\u00e1lico elegante que ajuda a criar uma impress\u00e3o promocional mais forte.<\/p>\n<p data-start=\"4970\" data-end=\"5199\"><strong data-start=\"4970\" data-end=\"4983\">Ideal para<\/strong><br data-start=\"4983\" data-end=\"4986\" \/>Promo\u00e7\u00f5es do escrit\u00f3rio<br data-start=\"5003\" data-end=\"5006\" \/>Brindes para empresas<br data-start=\"5025\" data-end=\"5028\" \/>Feiras comerciais<br data-start=\"5039\" data-end=\"5042\" \/>Folhetos da confer\u00eancia<br data-start=\"5061\" data-end=\"5064\" \/>Kits de boas-vindas aos empregados<br data-start=\"5085\" data-end=\"5088\" \/>Promo\u00e7\u00f5es escolares<br data-start=\"5105\" data-end=\"5108\" \/>Material de rece\u00e7\u00e3o de hotel<br data-start=\"5133\" data-end=\"5136\" \/>Reuni\u00f5es de neg\u00f3cios<br data-start=\"5153\" data-end=\"5156\" \/>Presentes para clientes<br data-start=\"5168\" data-end=\"5171\" \/>Campanhas relacionadas com a tecnologia<\/p>\n<p data-start=\"5201\" data-end=\"5208\"><strong data-start=\"5201\" data-end=\"5208\">FAQ<\/strong><\/p>\n<p data-start=\"5210\" data-end=\"5349\"><strong data-start=\"5210\" data-end=\"5253\">Esta caneta pode ser personalizada com um log\u00f3tipo?<\/strong><br data-start=\"5253\" data-end=\"5256\" \/>Sim, o barril pode ser personalizado com o log\u00f3tipo da sua empresa, nome da marca ou mensagem promocional.<\/p>\n<p data-start=\"5351\" data-end=\"5481\"><strong data-start=\"5351\" data-end=\"5390\">Esta caneta funciona em ecr\u00e3s t\u00e1cteis?<\/strong><br data-start=\"5390\" data-end=\"5393\" \/>Sim, inclui uma ponta de caneta para utiliza\u00e7\u00e3o em telem\u00f3veis, tablets e outros dispositivos com ecr\u00e3 t\u00e1til.<\/p>\n<p data-start=\"5483\" data-end=\"5677\"><strong data-start=\"5483\" data-end=\"5548\">O que torna esta caneta diferente de uma caneta promocional normal?<\/strong><br data-start=\"5548\" data-end=\"5551\" \/>Combina duas fun\u00e7\u00f5es num s\u00f3 produto, oferecendo aos utilizadores uma caneta de escrita e uma caneta de ecr\u00e3 t\u00e1til para maior comodidade di\u00e1ria.<\/p>\n<p data-start=\"5679\" data-end=\"5882\"><strong data-start=\"5679\" data-end=\"5732\">Este produto \u00e9 adequado para promo\u00e7\u00f5es comerciais?<\/strong><br data-start=\"5732\" data-end=\"5735\" \/>Sim, o seu aspeto met\u00e1lico elegante e o seu design pr\u00e1tico de dupla utiliza\u00e7\u00e3o fazem dele uma escolha forte para escrit\u00f3rios, eventos empresariais, feiras comerciais e brindes para clientes.<\/p>","protected":false},"excerpt":{"rendered":"<p>Esta esferogr\u00e1fica personalizada com caneta stylus em metal combina uma escrita suave com a conveni\u00eancia do ecr\u00e3 t\u00e1til num produto promocional elegante. Com um corpo colorido, detalhes cromados, ponta da caneta stylus de toque suave e \u00e1rea de log\u00f3tipo personalizado, \u00e9 ideal para promo\u00e7\u00f5es de escrit\u00f3rio, brindes de empresas, feiras comerciais, kits para funcion\u00e1rios e utiliza\u00e7\u00e3o quotidiana da marca.<\/p>","protected":false},"featured_media":47056,"template":"","meta":{"_gspb_post_css":""},"product_brand":[],"product_cat":[31],"product_tag":[],"class_list":{"0":"post-47055","1":"product","2":"type-product","3":"status-publish","4":"has-post-thumbnail","6":"product_cat-office","8":"first","9":"instock","10":"shipping-taxable","11":"product-type-simple"},"_links":{"self":[{"href":"https:\/\/globalgiftsupplier.com\/pt\/wp-json\/wp\/v2\/product\/47055","targetHints":{"allow":["GET"]}}],"collection":[{"href":"https:\/\/globalgiftsupplier.com\/pt\/wp-json\/wp\/v2\/product"}],"about":[{"href":"https:\/\/globalgiftsupplier.com\/pt\/wp-json\/wp\/v2\/types\/product"}],"wp:featuredmedia":[{"embeddable":true,"href":"https:\/\/globalgiftsupplier.com\/pt\/wp-json\/wp\/v2\/media\/47056"}],"wp:attachment":[{"href":"https:\/\/globalgiftsupplier.com\/pt\/wp-json\/wp\/v2\/media?parent=47055"}],"wp:term":[{"taxonomy":"product_brand","embeddable":true,"href":"https:\/\/globalgiftsupplier.com\/pt\/wp-json\/wp\/v2\/product_brand?post=47055"},{"taxonomy":"product_cat","embeddable":true,"href":"https:\/\/globalgiftsupplier.com\/pt\/wp-json\/wp\/v2\/product_cat?post=47055"},{"taxonomy":"product_tag","embeddable":true,"href":"https:\/\/globalgiftsupplier.com\/pt\/wp-json\/wp\/v2\/product_tag?post=47055"}],"curies":[{"name":"wp","href":"https:\/\/api.w.org\/{rel}","templated":true}]}}