{"id":46979,"date":"2026-03-19T07:48:13","date_gmt":"2026-03-19T07:48:13","guid":{"rendered":"https:\/\/globalgiftsupplier.com\/?post_type=product&#038;p=46979"},"modified":"2026-03-19T07:48:13","modified_gmt":"2026-03-19T07:48:13","slug":"custom-metal-push-click-action-ball-pen-with-logo-imprint","status":"publish","type":"product","link":"https:\/\/globalgiftsupplier.com\/pt\/product\/custom-metal-push-click-action-ball-pen-with-logo-imprint\/","title":{"rendered":"Caneta de metal personalizada com a\u00e7\u00e3o de clique e impress\u00e3o do log\u00f3tipo"},"content":{"rendered":"<p data-start=\"1130\" data-end=\"1537\">Promova a sua marca com um instrumento de escrita limpo e moderno que combina uma utiliza\u00e7\u00e3o di\u00e1ria pr\u00e1tica com um aspeto comercial elegante. Esta esferogr\u00e1fica personalizada em metal com a\u00e7\u00e3o de clique apresenta um corpo fino, um mecanismo de clique suave e um design de clipe elegante, o que a torna uma escolha inteligente para empresas que pretendem uma caneta promocional com um aspeto mais refinado do que uma vulgar caneta de oferta em pl\u00e1stico.<\/p>\n<p data-start=\"1539\" data-end=\"1957\">Esta caneta foi concebida para empresas que pretendem um produto de escrita simples, profissional e f\u00e1cil de utilizar. O corpo fino confere-lhe um perfil elegante que fica bem em secret\u00e1rias, em blocos de notas, dentro de pastas e em materiais de confer\u00eancia. A a\u00e7\u00e3o de clique torna-a conveniente para tomar notas no dia a dia, utilizar no escrit\u00f3rio, em reuni\u00f5es e eventos, enquanto a superf\u00edcie limpa do corpo proporciona uma \u00e1rea livre para a impress\u00e3o do log\u00f3tipo personalizado.<\/p>\n<p data-start=\"1959\" data-end=\"2359\">A constru\u00e7\u00e3o moderna em metal ajuda a dar \u00e0 caneta uma sensa\u00e7\u00e3o mais substancial e de qualidade superior ao ser manuseada. Em compara\u00e7\u00e3o com as canetas normais de baixo custo, uma caneta de metal cria frequentemente uma primeira impress\u00e3o mais forte e reflecte melhor uma imagem de marca profissional. Este facto torna este produto especialmente adequado para promo\u00e7\u00f5es de empresas, brindes para clientes, kits de boas-vindas para funcion\u00e1rios, secret\u00e1rias de hotel, visitas de vendas e brindes para eventos empresariais.<\/p>\n<p data-start=\"2361\" data-end=\"2826\">O seu design tamb\u00e9m se destaca com um clipe contempor\u00e2neo e um detalhe superior que acrescenta interesse visual sem tornar a caneta demasiado complicada. A combina\u00e7\u00e3o de cores vivas no corpo da caneta e detalhes mais escuros d\u00e1-lhe um estilo fresco e moderno que funciona bem tanto para temas formais como para temas mais criativos. Quer a sua marca prefira cores cl\u00e1ssicas ou tons promocionais mais brilhantes, esta caneta oferece uma apresenta\u00e7\u00e3o vers\u00e1til que continua a parecer organizada e profissional.<\/p>\n<p data-start=\"2828\" data-end=\"3253\">Uma vez que as canetas s\u00e3o um dos artigos promocionais mais utilizados, este produto oferece um valor de marca a longo prazo. Uma caneta \u00fatil \u00e9 suscet\u00edvel de ser mantida numa secret\u00e1ria, transportada num saco, guardada numa gaveta, ou partilhada durante reuni\u00f5es e rotinas di\u00e1rias. Sempre que a caneta \u00e9 utilizada, o seu log\u00f3tipo permanece vis\u00edvel. Esta exposi\u00e7\u00e3o repetida ajuda a fazer das canetas personalizadas um dos produtos promocionais mais fi\u00e1veis e econ\u00f3micos para muitas ind\u00fastrias.<\/p>\n<p data-start=\"3255\" data-end=\"3662\">Esta caneta met\u00e1lica com log\u00f3tipo personalizado \u00e9 adequada para escrit\u00f3rios, escolas, confer\u00eancias, balc\u00f5es de atendimento, programas de hospitalidade, promo\u00e7\u00f5es imobili\u00e1rias, servi\u00e7os financeiros, gabinetes de sa\u00fade, institui\u00e7\u00f5es de ensino e pacotes de eventos de marca. \u00c9 tamb\u00e9m uma boa op\u00e7\u00e3o para as empresas que pretendem uma caneta promocional com um aspeto mais elegante do que um modelo de pl\u00e1stico normal, mantendo-se pr\u00e1tica para uma distribui\u00e7\u00e3o em grande escala.<\/p>\n<p data-start=\"3664\" data-end=\"4068\">O mecanismo de clique \u00e9 simples e pr\u00e1tico, permitindo aos utilizadores estender rapidamente a ponta de escrita com um simples toque. Isto torna a caneta especialmente \u00fatil em ambientes de ritmo acelerado, como recep\u00e7\u00f5es, salas de reuni\u00f5es, mesas de registo de eventos, balc\u00f5es de atendimento ao cliente e ambientes de escrit\u00f3rio di\u00e1rios. A sua forma fina tamb\u00e9m ajuda a encaixar confortavelmente em conjuntos de artigos de papelaria, planificadores, suportes para blocos de notas e sacos de oferta.<\/p>\n<p data-start=\"4070\" data-end=\"4321\">Se procura uma caneta promocional personalizada que combine um aspeto met\u00e1lico elegante, um design suave com a\u00e7\u00e3o de clique e um forte valor de marca para o dia a dia, esta caneta de metal personalizada com a\u00e7\u00e3o de clique \u00e9 uma excelente adi\u00e7\u00e3o ao seu website e linha de produtos.<\/p>\n<p data-start=\"4323\" data-end=\"4710\"><strong data-start=\"4323\" data-end=\"4339\">Carater\u00edsticas principais<\/strong><br data-start=\"4339\" data-end=\"4342\" \/>Caneta de metal com a\u00e7\u00e3o de clique<br data-start=\"4376\" data-end=\"4379\" \/>Cano fino e moderno para um aspeto profissional limpo<br data-start=\"4427\" data-end=\"4430\" \/>\u00c1rea de impress\u00e3o do log\u00f3tipo personalizado no tambor<br data-start=\"4464\" data-end=\"4467\" \/>Detalhe de clipe elegante para um aspeto contempor\u00e2neo<br data-start=\"4516\" data-end=\"4519\" \/>Escrita suave para utiliza\u00e7\u00e3o di\u00e1ria no escrit\u00f3rio e em reuni\u00f5es<br data-start=\"4566\" data-end=\"4569\" \/>Design pr\u00e1tico e retr\u00e1til<br data-start=\"4597\" data-end=\"4600\" \/>Adequado para promo\u00e7\u00f5es comerciais e brindes<br data-start=\"4646\" data-end=\"4649\" \/>Ideal para escrit\u00f3rios, confer\u00eancias, feiras comerciais e pacotes de clientes<\/p>\n<p data-start=\"4712\" data-end=\"5027\"><strong data-start=\"4712\" data-end=\"4747\">Porqu\u00ea escolher esta caneta promocional<\/strong><br data-start=\"4747\" data-end=\"4750\" \/>Esta caneta \u00e9 uma forte escolha promocional porque combina a utilidade da escrita quotidiana com uma apar\u00eancia mais polida e profissional. Em compara\u00e7\u00e3o com as canetas de oferta normais, o corpo met\u00e1lico e o design fino de a\u00e7\u00e3o por clique ajudam a apresentar a sua marca de uma forma mais limpa e moderna.<\/p>\n<p data-start=\"5029\" data-end=\"5290\"><strong data-start=\"5029\" data-end=\"5042\">Ideal para<\/strong><br data-start=\"5042\" data-end=\"5045\" \/>Promo\u00e7\u00f5es do escrit\u00f3rio<br data-start=\"5062\" data-end=\"5065\" \/>Reuni\u00f5es empresariais<br data-start=\"5083\" data-end=\"5086\" \/>Brindes para feiras<br data-start=\"5106\" data-end=\"5109\" \/>Pacotes de agradecimento aos clientes<br data-start=\"5134\" data-end=\"5137\" \/>Kits de boas-vindas \u00e0 confer\u00eancia<br data-start=\"5160\" data-end=\"5163\" \/>Balc\u00f5es de rece\u00e7\u00e3o<br data-start=\"5178\" data-end=\"5181\" \/>Marca de hotelaria e hospitalidade<br data-start=\"5211\" data-end=\"5214\" \/>Marketing imobili\u00e1rio<br data-start=\"5235\" data-end=\"5238\" \/>Programas escolares e universit\u00e1rios<br data-start=\"5264\" data-end=\"5267\" \/>Folhetos de eventos<\/p>\n<p data-start=\"5292\" data-end=\"5299\"><strong data-start=\"5292\" data-end=\"5299\">FAQ<\/strong><\/p>\n<p data-start=\"5301\" data-end=\"5440\"><strong data-start=\"5301\" data-end=\"5344\">Esta caneta pode ser personalizada com um log\u00f3tipo?<\/strong><br data-start=\"5344\" data-end=\"5347\" \/>Sim, o barril pode ser personalizado com o log\u00f3tipo da sua empresa, nome da marca ou mensagem promocional.<\/p>\n<p data-start=\"5442\" data-end=\"5668\"><strong data-start=\"5442\" data-end=\"5507\">O que torna esta caneta diferente de uma caneta promocional normal?<\/strong><br data-start=\"5507\" data-end=\"5510\" \/>Esta caneta possui um corpo met\u00e1lico fino e um design de a\u00e7\u00e3o por clique mais moderno, dando-lhe um aspeto mais limpo e polido do que uma vulgar caneta de oferta de pl\u00e1stico.<\/p>\n<p data-start=\"5670\" data-end=\"5846\"><strong data-start=\"5670\" data-end=\"5719\">Esta caneta \u00e9 adequada para promo\u00e7\u00f5es comerciais?<\/strong><br data-start=\"5719\" data-end=\"5722\" \/>Sim, \u00e9 ideal para escrit\u00f3rios, reuni\u00f5es, brindes para clientes, feiras, kits de confer\u00eancia e outras utiliza\u00e7\u00f5es promocionais profissionais.<\/p>\n<p data-start=\"5848\" data-end=\"6020\"><strong data-start=\"5848\" data-end=\"5894\">Qual \u00e9 a vantagem de uma caneta de press\u00e3o?<\/strong><br data-start=\"5894\" data-end=\"5897\" \/>A caneta de press\u00e3o \u00e9 r\u00e1pida e f\u00e1cil de utilizar, o que a torna conveniente para reuni\u00f5es, anota\u00e7\u00f5es, formul\u00e1rios e escrita di\u00e1ria no escrit\u00f3rio.<\/p>\n<p data-start=\"6022\" data-end=\"6253\" data-is-last-node=\"\" data-is-only-node=\"\"><strong data-start=\"6022\" data-end=\"6070\">A quem \u00e9 que esta caneta promocional \u00e9 mais adequada?<\/strong><br data-start=\"6070\" data-end=\"6073\" \/>\u00c9 ideal para empresas, escolas, hot\u00e9is, ag\u00eancias imobili\u00e1rias, escrit\u00f3rios, confer\u00eancias e marcas que procuram um artigo pr\u00e1tico de escrita personalizada com um aspeto mais profissional.<\/p>","protected":false},"excerpt":{"rendered":"<p>Esta esferogr\u00e1fica met\u00e1lica personalizada com a\u00e7\u00e3o de clique apresenta um corpo fino e moderno, um clipe elegante e um design de escrita retr\u00e1til suave para uma utiliza\u00e7\u00e3o comercial di\u00e1ria. Ideal para escrit\u00f3rios, reuni\u00f5es, feiras, pacotes de clientes e brindes promocionais, oferece uma forma pr\u00e1tica e elegante de apresentar o seu log\u00f3tipo.<\/p>","protected":false},"featured_media":46980,"template":"","meta":{"_gspb_post_css":""},"product_brand":[],"product_cat":[31],"product_tag":[],"class_list":{"0":"post-46979","1":"product","2":"type-product","3":"status-publish","4":"has-post-thumbnail","6":"product_cat-office","8":"first","9":"instock","10":"shipping-taxable","11":"product-type-simple"},"_links":{"self":[{"href":"https:\/\/globalgiftsupplier.com\/pt\/wp-json\/wp\/v2\/product\/46979","targetHints":{"allow":["GET"]}}],"collection":[{"href":"https:\/\/globalgiftsupplier.com\/pt\/wp-json\/wp\/v2\/product"}],"about":[{"href":"https:\/\/globalgiftsupplier.com\/pt\/wp-json\/wp\/v2\/types\/product"}],"wp:featuredmedia":[{"embeddable":true,"href":"https:\/\/globalgiftsupplier.com\/pt\/wp-json\/wp\/v2\/media\/46980"}],"wp:attachment":[{"href":"https:\/\/globalgiftsupplier.com\/pt\/wp-json\/wp\/v2\/media?parent=46979"}],"wp:term":[{"taxonomy":"product_brand","embeddable":true,"href":"https:\/\/globalgiftsupplier.com\/pt\/wp-json\/wp\/v2\/product_brand?post=46979"},{"taxonomy":"product_cat","embeddable":true,"href":"https:\/\/globalgiftsupplier.com\/pt\/wp-json\/wp\/v2\/product_cat?post=46979"},{"taxonomy":"product_tag","embeddable":true,"href":"https:\/\/globalgiftsupplier.com\/pt\/wp-json\/wp\/v2\/product_tag?post=46979"}],"curies":[{"name":"wp","href":"https:\/\/api.w.org\/{rel}","templated":true}]}}