{"id":46912,"date":"2026-03-19T05:48:55","date_gmt":"2026-03-19T05:48:55","guid":{"rendered":"https:\/\/globalgiftsupplier.com\/?post_type=product&#038;p=46912"},"modified":"2026-03-19T05:48:55","modified_gmt":"2026-03-19T05:48:55","slug":"custom-full-color-imprint-3-layer-face-mask-with-logo-design","status":"publish","type":"product","link":"https:\/\/globalgiftsupplier.com\/pt\/product\/custom-full-color-imprint-3-layer-face-mask-with-logo-design\/","title":{"rendered":"M\u00e1scara facial personalizada de 3 camadas com impress\u00e3o a cores e desenho do log\u00f3tipo"},"content":{"rendered":"<p data-start=\"1154\" data-end=\"1572\">Promova a sua marca com um produto que oferece visibilidade di\u00e1ria e uma grande \u00e1rea de impress\u00e3o personalizada com esta m\u00e1scara facial de 3 camadas com impress\u00e3o a cores personalizada. Concebida para utiliza\u00e7\u00e3o de marca, identidade de equipa, distribui\u00e7\u00e3o de eventos e programas promocionais, esta m\u00e1scara oferece \u00e0s empresas e organiza\u00e7\u00f5es um artigo pr\u00e1tico que pode apresentar de forma proeminente log\u00f3tipos, mensagens, trabalhos art\u00edsticos ou designs personalizados no painel frontal.<\/p>\n<p data-start=\"1574\" data-end=\"2001\">Esta m\u00e1scara facial personalizada foi concebida com uma constru\u00e7\u00e3o de 3 camadas e uma ampla superf\u00edcie imprim\u00edvel que a torna especialmente adequada para gr\u00e1ficos a cores, mensagens de marca, trabalhos art\u00edsticos tem\u00e1ticos, desenhos escolares, log\u00f3tipos de empresas, identidade de clubes e visuais relacionados com eventos. Ao contr\u00e1rio de muitos produtos promocionais mais pequenos com espa\u00e7o de impress\u00e3o limitado, este artigo d\u00e1 \u00e0 sua marca uma localiza\u00e7\u00e3o altamente vis\u00edvel que pode ser vista claramente durante o uso quotidiano.<\/p>\n<p data-start=\"2003\" data-end=\"2403\">A forma ajustada e as argolas para as orelhas integradas ajudam a criar uma experi\u00eancia de utiliza\u00e7\u00e3o confort\u00e1vel e segura para uma utiliza\u00e7\u00e3o di\u00e1ria geral. O seu painel frontal simples permite que o seu design se destaque, quer pretenda uma simples coloca\u00e7\u00e3o de log\u00f3tipo, texto a negrito, um padr\u00e3o personalizado ou um conceito visual totalmente impresso. Isto torna-o uma escolha forte para empresas e grupos que pretendem combinar uma utiliza\u00e7\u00e3o pr\u00e1tica com uma marca visual forte.<\/p>\n<p data-start=\"2405\" data-end=\"2817\">Esta m\u00e1scara facial com impress\u00e3o personalizada \u00e9 uma op\u00e7\u00e3o \u00fatil para escolas, lojas de retalho, equipas de empresas, pessoal de hotelaria, equipas de eventos, campanhas sem fins lucrativos, programas de sensibiliza\u00e7\u00e3o, apoiantes de desportos e projectos de mercadorias de marca. Pode ser utilizada como parte de uma apresenta\u00e7\u00e3o coordenada do pessoal, inclu\u00edda em pacotes promocionais, distribu\u00edda durante eventos especiais ou oferecida como um acess\u00f3rio de marca personalizado para clientes e apoiantes.<\/p>\n<p data-start=\"2819\" data-end=\"3259\">Um dos principais pontos fortes deste produto \u00e9 a sua grande flexibilidade de design. O painel frontal pode ser personalizado com a marca da empresa, slogans, trabalhos art\u00edsticos de eventos, gr\u00e1ficos criativos ou temas promocionais, ajudando a sua empresa a criar um item mais personalizado e reconhec\u00edvel. Isto faz com que a m\u00e1scara seja adequada n\u00e3o s\u00f3 para a promo\u00e7\u00e3o de um simples log\u00f3tipo, mas tamb\u00e9m para uma marca de estilo de moda, campanhas de sensibiliza\u00e7\u00e3o, eventos sazonais e programas de identidade personalizados.<\/p>\n<p data-start=\"3261\" data-end=\"3616\">Uma vez que pode ser usada e \u00e9 altamente vis\u00edvel, esta m\u00e1scara facial oferece uma forte exposi\u00e7\u00e3o da marca em compara\u00e7\u00e3o com muitos pequenos artigos para oferta que s\u00e3o f\u00e1ceis de ignorar. Um design personalizado usado em escolas, escrit\u00f3rios, lojas, eventos e espa\u00e7os p\u00fablicos pode ajudar a refor\u00e7ar a imagem da sua marca, criando uma apar\u00eancia mais unificada e profissional para equipas ou grupos promocionais.<\/p>\n<p data-start=\"3618\" data-end=\"4013\">Este produto \u00e9 tamb\u00e9m uma escolha pr\u00e1tica para as organiza\u00e7\u00f5es que pretendem artigos relacionados com vestu\u00e1rio de marca sem entrarem totalmente nas categorias de vestu\u00e1rio padr\u00e3o. Funciona bem para uniformes de empresas, mercadoria promocional, artigos de esp\u00edrito escolar, equipamento para adeptos, kits de apoio a eventos e acess\u00f3rios de retalho personalizados. A forma simples e a grande \u00e1rea de impress\u00e3o tornam-no adapt\u00e1vel a muitos sectores e tipos de campanha.<\/p>\n<p data-start=\"4015\" data-end=\"4245\">Se estiver \u00e0 procura de uma m\u00e1scara facial promocional personalizada com capacidade de impress\u00e3o a cores, uma \u00e1rea de design limpa e um forte valor de marca di\u00e1ria, esta m\u00e1scara facial de 3 camadas \u00e9 uma excelente adi\u00e7\u00e3o ao seu s\u00edtio Web e linha de produtos.<\/p>\n<p data-start=\"4247\" data-end=\"4578\"><strong data-start=\"4247\" data-end=\"4263\">Carater\u00edsticas principais<\/strong><br data-start=\"4263\" data-end=\"4266\" \/>M\u00e1scara facial com 3 camadas<br data-start=\"4290\" data-end=\"4293\" \/>Grande \u00e1rea frontal para impress\u00e3o personalizada a cores<br data-start=\"4339\" data-end=\"4342\" \/>Impress\u00e3o de log\u00f3tipo, texto ou arte personalizada<br data-start=\"4380\" data-end=\"4383\" \/>Design confort\u00e1vel do auricular<br data-start=\"4410\" data-end=\"4413\" \/>Forma justa para uso di\u00e1rio<br data-start=\"4443\" data-end=\"4446\" \/>Forte valor visual da marca<br data-start=\"4474\" data-end=\"4477\" \/>Adequado para equipas, eventos, pessoal e promo\u00e7\u00f5es<br data-start=\"4526\" data-end=\"4529\" \/>Ideal para produtos personalizados e programas de marca<\/p>\n<p data-start=\"4580\" data-end=\"4972\"><strong data-start=\"4580\" data-end=\"4607\">Porqu\u00ea escolher este produto<\/strong><br data-start=\"4607\" data-end=\"4610\" \/>Esta m\u00e1scara facial personalizada \u00e9 uma forte escolha promocional porque oferece uma \u00e1rea de marca grande e altamente vis\u00edvel num produto concebido para utiliza\u00e7\u00e3o di\u00e1ria. Em compara\u00e7\u00e3o com brindes mais pequenos, d\u00e1 ao seu log\u00f3tipo ou design personalizado mais espa\u00e7o para se destacar e facilita a cria\u00e7\u00e3o de um visual de marca mais coordenado para equipas, funcion\u00e1rios, eventos ou campanhas promocionais.<\/p>\n<p data-start=\"4974\" data-end=\"5221\"><strong data-start=\"4974\" data-end=\"4987\">Ideal para<\/strong><br data-start=\"4987\" data-end=\"4990\" \/>Programas escolares<br data-start=\"5005\" data-end=\"5008\" \/>Promo\u00e7\u00f5es de retalho<br data-start=\"5025\" data-end=\"5028\" \/>Uniformes do pessoal da empresa<br data-start=\"5050\" data-end=\"5053\" \/>Equipas de hospitalidade<br data-start=\"5070\" data-end=\"5073\" \/>Equipas de feiras e eventos<br data-start=\"5099\" data-end=\"5102\" \/>Campanhas de sensibiliza\u00e7\u00e3o<br data-start=\"5121\" data-end=\"5124\" \/>Divulga\u00e7\u00e3o de organiza\u00e7\u00f5es sem fins lucrativos<br data-start=\"5142\" data-end=\"5145\" \/>Artigos de desporto para adeptos<br data-start=\"5166\" data-end=\"5169\" \/>Programas de merchandising de marca<br data-start=\"5197\" data-end=\"5200\" \/>Pacotes de brindes personalizados<\/p>\n<p data-start=\"5223\" data-end=\"5230\"><strong data-start=\"5223\" data-end=\"5230\">FAQ<\/strong><\/p>\n<p data-start=\"5232\" data-end=\"5417\"><strong data-start=\"5232\" data-end=\"5302\">Esta m\u00e1scara facial pode ser personalizada com um log\u00f3tipo ou desenho a cores?<\/strong><br data-start=\"5302\" data-end=\"5305\" \/>Sim, o painel frontal pode ser personalizado com log\u00f3tipos, texto, trabalhos art\u00edsticos, padr\u00f5es ou outros desenhos impressos a cores.<\/p>\n<p data-start=\"5419\" data-end=\"5618\"><strong data-start=\"5419\" data-end=\"5467\">O que torna este produto adequado para promo\u00e7\u00f5es?<\/strong><br data-start=\"5467\" data-end=\"5470\" \/>Oferece uma grande \u00e1rea de impress\u00e3o vis\u00edvel num artigo pr\u00e1tico de vestir, ajudando a sua marca a destacar-se mais claramente do que em muitos produtos pequenos de oferta.<\/p>\n<p data-start=\"5620\" data-end=\"5817\"><strong data-start=\"5620\" data-end=\"5666\">A quem se destina esta m\u00e1scara facial personalizada?<\/strong><br data-start=\"5666\" data-end=\"5669\" \/>\u00c9 adequado para empresas, escolas, lojas de retalho, equipas de eventos, pessoal de hotelaria, campanhas de sensibiliza\u00e7\u00e3o, clubes e projectos de merchandising de marca.<\/p>\n<p data-start=\"5819\" data-end=\"6006\"><strong data-start=\"5819\" data-end=\"5866\">Este produto \u00e9 adequado para utiliza\u00e7\u00e3o por funcion\u00e1rios ou equipas?<\/strong><br data-start=\"5866\" data-end=\"5869\" \/>Sim, \u00e9 uma op\u00e7\u00e3o \u00fatil para o pessoal da empresa, equipas de eventos, grupos escolares e outras equipas que pretendam uma apar\u00eancia de marca mais consistente.<\/p>\n<p data-start=\"6008\" data-end=\"6199\" data-is-last-node=\"\" data-is-only-node=\"\"><strong data-start=\"6008\" data-end=\"6061\">Que tipo de desenhos podem ser impressos nesta m\u00e1scara?<\/strong><br data-start=\"6061\" data-end=\"6064\" \/>Pode imprimir log\u00f3tipos de empresas, nomes de marcas, slogans, trabalhos art\u00edsticos a cores, gr\u00e1ficos tem\u00e1ticos, mensagens promocionais ou desenhos visuais personalizados.<\/p>","protected":false},"excerpt":{"rendered":"<p>Esta m\u00e1scara facial de 3 camadas com impress\u00e3o a cores personalizada apresenta uma grande \u00e1rea frontal imprim\u00edvel, presilhas confort\u00e1veis para as orelhas e uma forma limpa e ajustada para utiliza\u00e7\u00e3o promocional quotidiana. Ideal para campanhas de marca, eventos, uniformes de pessoal, escolas, programas de retalho e brindes, oferece uma forma pr\u00e1tica de apresentar o seu log\u00f3tipo personalizado ou trabalho art\u00edstico.<\/p>","protected":false},"featured_media":46913,"template":"","meta":{"_gspb_post_css":""},"product_brand":[],"product_cat":[32],"product_tag":[],"class_list":{"0":"post-46912","1":"product","2":"type-product","3":"status-publish","4":"has-post-thumbnail","6":"product_cat-healthcare-ppe","8":"first","9":"instock","10":"shipping-taxable","11":"product-type-simple"},"_links":{"self":[{"href":"https:\/\/globalgiftsupplier.com\/pt\/wp-json\/wp\/v2\/product\/46912","targetHints":{"allow":["GET"]}}],"collection":[{"href":"https:\/\/globalgiftsupplier.com\/pt\/wp-json\/wp\/v2\/product"}],"about":[{"href":"https:\/\/globalgiftsupplier.com\/pt\/wp-json\/wp\/v2\/types\/product"}],"wp:featuredmedia":[{"embeddable":true,"href":"https:\/\/globalgiftsupplier.com\/pt\/wp-json\/wp\/v2\/media\/46913"}],"wp:attachment":[{"href":"https:\/\/globalgiftsupplier.com\/pt\/wp-json\/wp\/v2\/media?parent=46912"}],"wp:term":[{"taxonomy":"product_brand","embeddable":true,"href":"https:\/\/globalgiftsupplier.com\/pt\/wp-json\/wp\/v2\/product_brand?post=46912"},{"taxonomy":"product_cat","embeddable":true,"href":"https:\/\/globalgiftsupplier.com\/pt\/wp-json\/wp\/v2\/product_cat?post=46912"},{"taxonomy":"product_tag","embeddable":true,"href":"https:\/\/globalgiftsupplier.com\/pt\/wp-json\/wp\/v2\/product_tag?post=46912"}],"curies":[{"name":"wp","href":"https:\/\/api.w.org\/{rel}","templated":true}]}}