{"id":46876,"date":"2026-03-19T03:04:09","date_gmt":"2026-03-19T03:04:09","guid":{"rendered":"https:\/\/globalgiftsupplier.com\/?post_type=product&#038;p=46876"},"modified":"2026-03-19T03:04:09","modified_gmt":"2026-03-19T03:04:09","slug":"custom-promotional-ballpoint-pens-with-colored-grip-and-logo-imprint","status":"publish","type":"product","link":"https:\/\/globalgiftsupplier.com\/pt\/product\/custom-promotional-ballpoint-pens-with-colored-grip-and-logo-imprint\/","title":{"rendered":"Canetas esferogr\u00e1ficas promocionais personalizadas com pega colorida e impress\u00e3o do log\u00f3tipo"},"content":{"rendered":"<p data-start=\"1253\" data-end=\"1672\">Torne a sua marca parte da vida quotidiana com estas canetas esferogr\u00e1ficas promocionais personalizadas, concebidas para proporcionar fun\u00e7\u00e3o e visibilidade num simples produto de marketing. Com um corpo moderno e limpo, um design retr\u00e1til de a\u00e7\u00e3o por clique e uma sec\u00e7\u00e3o de ader\u00eancia com nervuras de aspeto suave, estas canetas s\u00e3o uma escolha pr\u00e1tica para empresas que procuram brindes promocionais acess\u00edveis que as pessoas realmente utilizam.<\/p>\n<p data-start=\"1674\" data-end=\"2111\">Estas canetas promocionais s\u00e3o ideais para tarefas di\u00e1rias de escrita em escrit\u00f3rios, escolas, balc\u00f5es de rece\u00e7\u00e3o, feiras, confer\u00eancias, bancos, cl\u00ednicas, hot\u00e9is e balc\u00f5es de atendimento ao cliente. Como as canetas s\u00e3o um dos artigos promocionais mais utilizados e mais frequentemente guardados, continuam a oferecer uma forte exposi\u00e7\u00e3o da marca muito depois de um evento ter terminado. Sempre que um cliente assina um formul\u00e1rio, escreve uma nota ou guarda uma caneta num saco, o seu log\u00f3tipo permanece vis\u00edvel.<\/p>\n<p data-start=\"2113\" data-end=\"2494\">A caneta apresenta um corpo branco com cores de destaque brilhantes que conferem um aspeto fresco e en\u00e9rgico. O clip colorido e a pega a condizer criam um aspeto limpo de dois tons que ajuda o produto a destacar-se das canetas de oferta normais. Esta combina\u00e7\u00e3o elegante torna-a adequada para muitas necessidades de marca diferentes, desde promo\u00e7\u00f5es empresariais a eventos escolares e campanhas de sensibiliza\u00e7\u00e3o da comunidade.<\/p>\n<p data-start=\"2496\" data-end=\"2861\">Uma sec\u00e7\u00e3o de ader\u00eancia confort\u00e1vel ajuda a melhorar a experi\u00eancia de escrita, tornando a caneta mais f\u00e1cil de segurar durante uma utiliza\u00e7\u00e3o prolongada. O design retr\u00e1til aumenta a comodidade, permitindo aos utilizadores clicar e escrever rapidamente sem se preocuparem com a perda da tampa. Isto torna a caneta especialmente \u00fatil em locais de trabalho, balc\u00f5es de atendimento, salas de aula e locais de eventos movimentados onde a comodidade \u00e9 importante.<\/p>\n<p data-start=\"2863\" data-end=\"3241\">Uma das maiores vantagens desta esferogr\u00e1fica personalizada \u00e9 a sua grande atra\u00e7\u00e3o. \u00c9 adequada para quase todos os sectores e p\u00fablicos, tornando-a um dos produtos promocionais mais vers\u00e1teis dispon\u00edveis. Quer se dirija a estudantes, trabalhadores de escrit\u00f3rio, participantes em eventos, pacientes, clientes ou empregados, uma esferogr\u00e1fica de marca continua a ser uma escolha fi\u00e1vel e econ\u00f3mica.<\/p>\n<p data-start=\"3243\" data-end=\"3588\">O seu log\u00f3tipo pode ser impresso no corpo da caneta, transformando esta ferramenta de escrita quotidiana num ativo de marca port\u00e1til. Uma vez que as canetas s\u00e3o partilhadas, emprestadas, transportadas e reutilizadas, criam naturalmente impress\u00f5es repetidas em escrit\u00f3rios, casas, escolas e espa\u00e7os p\u00fablicos. Esta exposi\u00e7\u00e3o repetida ajuda a refor\u00e7ar o conhecimento da marca, mantendo a sua empresa no topo das aten\u00e7\u00f5es.<\/p>\n<p data-start=\"3590\" data-end=\"3944\">Estas canetas promocionais personalizadas s\u00e3o uma excelente escolha para folhetos de feiras comerciais, promo\u00e7\u00f5es de empresas, kits de boas-vindas, programas de material de escrit\u00f3rio, campanhas escolares, ac\u00e7\u00f5es de sensibiliza\u00e7\u00e3o sem fins lucrativos, marketing na \u00e1rea da sa\u00fade, eventos imobili\u00e1rios e balc\u00f5es de retalho. S\u00e3o tamb\u00e9m uma op\u00e7\u00e3o inteligente para empresas que procuram brindes personalizados econ\u00f3micos com valor pr\u00e1tico a longo prazo.<\/p>\n<p data-start=\"3946\" data-end=\"4321\">Dispon\u00edveis numa variedade de cores vivas, estas canetas retr\u00e1cteis trazem energia e personalidade \u00e0 sua campanha promocional, mantendo ao mesmo tempo um aspeto profissional. Se procura um brinde de marca cl\u00e1ssico que combine utilidade, pre\u00e7o acess\u00edvel e visibilidade di\u00e1ria, estas esferogr\u00e1ficas com log\u00f3tipo personalizado s\u00e3o uma excelente adi\u00e7\u00e3o \u00e0 sua linha de produtos promocionais.<\/p>\n<p data-start=\"4323\" data-end=\"4700\"><strong data-start=\"4323\" data-end=\"4339\">Carater\u00edsticas principais<\/strong><br data-start=\"4339\" data-end=\"4342\" \/>Design retr\u00e1til de a\u00e7\u00e3o por clique<br data-start=\"4373\" data-end=\"4376\" \/>Pega confort\u00e1vel com nervuras para escrever no dia a dia<br data-start=\"4420\" data-end=\"4423\" \/>Barril branco com cores de realce brilhantes<br data-start=\"4461\" data-end=\"4464\" \/>\u00c1rea de impress\u00e3o do log\u00f3tipo personalizado no tambor<br data-start=\"4498\" data-end=\"4501\" \/>Leve e f\u00e1cil de transportar<br data-start=\"4530\" data-end=\"4533\" \/>Ideal para escrit\u00f3rios, escolas, eventos e feiras<br data-start=\"4584\" data-end=\"4587\" \/>Artigo promocional pr\u00e1tico com grande apelo<br data-start=\"4631\" data-end=\"4634\" \/>Adequado para campanhas de empresas, educa\u00e7\u00e3o, cuidados de sa\u00fade e retalho<\/p>\n<p data-start=\"4702\" data-end=\"5115\"><strong data-start=\"4702\" data-end=\"4737\">Porqu\u00ea escolher esta caneta promocional<\/strong><br data-start=\"4737\" data-end=\"4740\" \/>Esta caneta promocional personalizada oferece o equil\u00edbrio perfeito entre custo, fun\u00e7\u00e3o e valor de marca. \u00c9 um produto simples para o quotidiano que os clientes, empregados e participantes em eventos ir\u00e3o provavelmente guardar e utilizar. Em compara\u00e7\u00e3o com muitos artigos de oferta \u00fanica, as canetas proporcionam uma exposi\u00e7\u00e3o di\u00e1ria repetida, tornando-as um dos produtos de marca mais eficazes e fi\u00e1veis para o marketing a longo prazo.<\/p>\n<p data-start=\"5117\" data-end=\"5381\"><strong data-start=\"5117\" data-end=\"5130\">Ideal para<\/strong><br data-start=\"5130\" data-end=\"5133\" \/>Brindes para feiras<br data-start=\"5153\" data-end=\"5156\" \/>Promo\u00e7\u00f5es do escrit\u00f3rio<br data-start=\"5173\" data-end=\"5176\" \/>Eventos escolares<br data-start=\"5189\" data-end=\"5192\" \/>Campanhas de marketing empresarial<br data-start=\"5221\" data-end=\"5224\" \/>Balc\u00f5es de rece\u00e7\u00e3o<br data-start=\"5239\" data-end=\"5242\" \/>Promo\u00e7\u00f5es de cuidados de sa\u00fade<br data-start=\"5263\" data-end=\"5266\" \/>Promo\u00e7\u00f5es banc\u00e1rias e financeiras<br data-start=\"5296\" data-end=\"5299\" \/>Brindes imobili\u00e1rios<br data-start=\"5320\" data-end=\"5323\" \/>Marca de hotelaria e hospitalidade<br data-start=\"5353\" data-end=\"5356\" \/>Eventos de sensibiliza\u00e7\u00e3o da comunidade<\/p>\n<p data-start=\"5383\" data-end=\"5390\"><strong data-start=\"5383\" data-end=\"5390\">FAQ<\/strong><\/p>\n<p data-start=\"5392\" data-end=\"5586\"><strong data-start=\"5392\" data-end=\"5443\">O que faz desta caneta um bom produto promocional?<\/strong><br data-start=\"5443\" data-end=\"5446\" \/>Esta caneta \u00e9 \u00fatil, econ\u00f3mica e f\u00e1cil de distribuir. Uma vez que as pessoas utilizam canetas todos os dias, o seu log\u00f3tipo ganha visibilidade ao longo do tempo.<\/p>\n<p data-start=\"5588\" data-end=\"5727\"><strong data-start=\"5588\" data-end=\"5631\">Esta caneta pode ser personalizada com um log\u00f3tipo?<\/strong><br data-start=\"5631\" data-end=\"5634\" \/>Sim, o barril pode ser personalizado com o log\u00f3tipo da sua empresa, nome da marca ou mensagem promocional.<\/p>\n<p data-start=\"5729\" data-end=\"5901\"><strong data-start=\"5729\" data-end=\"5774\">Onde \u00e9 que estas canetas promocionais podem ser utilizadas?<\/strong><br data-start=\"5774\" data-end=\"5777\" \/>S\u00e3o excelentes para feiras, escolas, escrit\u00f3rios, estabelecimentos de sa\u00fade, hot\u00e9is, bancos, balc\u00f5es de retalho e eventos comunit\u00e1rios.<\/p>\n<p data-start=\"5903\" data-end=\"6110\"><strong data-start=\"5903\" data-end=\"5959\">Porque \u00e9 que as esferogr\u00e1ficas personalizadas s\u00e3o populares como brindes?<\/strong><br data-start=\"5959\" data-end=\"5962\" \/>As canetas esferogr\u00e1ficas personalizadas s\u00e3o populares porque s\u00e3o pr\u00e1ticas, econ\u00f3micas, leves, f\u00e1ceis de distribuir e adequadas para quase todos os sectores.<\/p>\n<p data-start=\"6112\" data-end=\"6294\"><strong data-start=\"6112\" data-end=\"6172\">Estas canetas s\u00e3o adequadas para grandes campanhas promocionais?<\/strong><br data-start=\"6172\" data-end=\"6175\" \/>Sim, s\u00e3o uma excelente escolha para grandes eventos e brindes em massa, porque s\u00e3o muito \u00fateis e f\u00e1ceis de marcar.<\/p>","protected":false},"excerpt":{"rendered":"<p>Canetas esferogr\u00e1ficas promocionais personalizadas com um design retr\u00e1til, pega colorida e impress\u00e3o do log\u00f3tipo personalizado. Um brinde pr\u00e1tico e acess\u00edvel para feiras, escrit\u00f3rios, escolas, eventos e exposi\u00e7\u00e3o quotidiana da marca.<\/p>","protected":false},"featured_media":46877,"template":"","meta":{"_gspb_post_css":""},"product_brand":[],"product_cat":[31],"product_tag":[],"class_list":{"0":"post-46876","1":"product","2":"type-product","3":"status-publish","4":"has-post-thumbnail","6":"product_cat-office","8":"first","9":"instock","10":"shipping-taxable","11":"product-type-simple"},"_links":{"self":[{"href":"https:\/\/globalgiftsupplier.com\/pt\/wp-json\/wp\/v2\/product\/46876","targetHints":{"allow":["GET"]}}],"collection":[{"href":"https:\/\/globalgiftsupplier.com\/pt\/wp-json\/wp\/v2\/product"}],"about":[{"href":"https:\/\/globalgiftsupplier.com\/pt\/wp-json\/wp\/v2\/types\/product"}],"wp:featuredmedia":[{"embeddable":true,"href":"https:\/\/globalgiftsupplier.com\/pt\/wp-json\/wp\/v2\/media\/46877"}],"wp:attachment":[{"href":"https:\/\/globalgiftsupplier.com\/pt\/wp-json\/wp\/v2\/media?parent=46876"}],"wp:term":[{"taxonomy":"product_brand","embeddable":true,"href":"https:\/\/globalgiftsupplier.com\/pt\/wp-json\/wp\/v2\/product_brand?post=46876"},{"taxonomy":"product_cat","embeddable":true,"href":"https:\/\/globalgiftsupplier.com\/pt\/wp-json\/wp\/v2\/product_cat?post=46876"},{"taxonomy":"product_tag","embeddable":true,"href":"https:\/\/globalgiftsupplier.com\/pt\/wp-json\/wp\/v2\/product_tag?post=46876"}],"curies":[{"name":"wp","href":"https:\/\/api.w.org\/{rel}","templated":true}]}}