{"id":46821,"date":"2026-02-27T03:47:47","date_gmt":"2026-02-27T03:47:47","guid":{"rendered":"https:\/\/globalgiftsupplier.com\/?post_type=product&#038;p=46821"},"modified":"2026-02-27T03:47:47","modified_gmt":"2026-02-27T03:47:47","slug":"handsfree-bluetooth-knitted-pom-hat-for-smartphone","status":"publish","type":"product","link":"https:\/\/globalgiftsupplier.com\/pt\/product\/handsfree-bluetooth-knitted-pom-hat-for-smartphone\/","title":{"rendered":"chap\u00e9u de malha com pompom Bluetooth m\u00e3os-livres para smartphone"},"content":{"rendered":"<p data-start=\"788\" data-end=\"1369\">Este gorro com pompons Bluetooth \u00e9 feito de <strong data-start=\"827\" data-end=\"843\">acr\u00edlico macio<\/strong>, O aparelho possui bot\u00f5es de controlo em ABS resistente e uma bateria recarreg\u00e1vel. Inclui um <strong data-start=\"920\" data-end=\"955\">Cabo de carregamento USB para Micro-USB<\/strong>, al\u00e9m de uma interface f\u00e1cil de utilizar com <strong data-start=\"992\" data-end=\"1016\">Luzes indicadoras LED<\/strong>. Os utilizadores recebem aproximadamente <strong data-start=\"1042\" data-end=\"1067\">6-8 horas de reprodu\u00e7\u00e3o<\/strong> (no volume 70% ou inferior). O melhor de tudo \u00e9 que o <strong data-start=\"1111\" data-end=\"1144\">o m\u00f3dulo dos auscultadores \u00e9 amov\u00edvel<\/strong>, O chap\u00e9u pode ser lavado - uma carater\u00edstica importante que aumenta a vida \u00fatil do produto e a satisfa\u00e7\u00e3o do cliente. Adicione o seu <strong data-start=\"1256\" data-end=\"1271\">log\u00f3tipo personalizado<\/strong> e transform\u00e1-lo num s\u00edtio de alta reten\u00e7\u00e3o <strong data-start=\"1306\" data-end=\"1337\">oferta promocional de inverno<\/strong> ou um artigo de marca pronto para venda a retalho.<\/p>\n<hr data-start=\"1371\" data-end=\"1374\" \/>\n<h3 data-start=\"1376\" data-end=\"1405\">Principais carater\u00edsticas e vantagens<\/h3>\n<p data-start=\"1406\" data-end=\"1568\">\u2705 <strong data-start=\"1408\" data-end=\"1459\">Bluetooth 5.0 + Microfone incorporado (chamadas em modo m\u00e3os-livres)<\/strong><br data-start=\"1459\" data-end=\"1462\" \/>Liga-se facilmente a smartphones e tablets para m\u00fasica e chamadas - ideal para desloca\u00e7\u00f5es di\u00e1rias e actividades ao ar livre.<\/p>\n<p data-start=\"1570\" data-end=\"1696\">\u2705 <strong data-start=\"1572\" data-end=\"1599\">6-8 horas Tempo de reprodu\u00e7\u00e3o<\/strong><br data-start=\"1599\" data-end=\"1602\" \/>Aprox. 6-8 horas de reprodu\u00e7\u00e3o com um volume de ~70% (o tempo de carregamento varia consoante o dispositivo e o ambiente).<\/p>\n<p data-start=\"1698\" data-end=\"1836\">\u2705 <strong data-start=\"1700\" data-end=\"1745\">Bateria recarreg\u00e1vel + Carregamento Micro-USB<\/strong><br data-start=\"1745\" data-end=\"1748\" \/>Inclui <strong data-start=\"1757\" data-end=\"1783\">Cabo USB para Micro-USB<\/strong> e luzes indicadoras LED para um carregamento f\u00e1cil de utilizar.<\/p>\n<p data-start=\"1838\" data-end=\"1994\">\u2705 <strong data-start=\"1840\" data-end=\"1881\">Auscultadores amov\u00edveis para facilitar a lavagem<\/strong><br data-start=\"1881\" data-end=\"1884\" \/>O componente de auscultadores incorporado pode ser removido, tornando o gorro lav\u00e1vel e reutiliz\u00e1vel - \u00f3timo para uso di\u00e1rio.<\/p>\n<p data-start=\"1996\" data-end=\"2127\">\u2705 <strong data-start=\"1998\" data-end=\"2032\">Malha acr\u00edlica quente + design Pom<\/strong><br data-start=\"2032\" data-end=\"2035\" \/>Suave, confort\u00e1vel e elegante para o inverno. Um presente pr\u00e1tico que os clientes guardam e utilizam efetivamente.<\/p>\n<p data-start=\"2129\" data-end=\"2298\">\u2705 <strong data-start=\"2131\" data-end=\"2168\">Perfeito para marcas e promo\u00e7\u00f5es<\/strong><br data-start=\"2168\" data-end=\"2171\" \/>O log\u00f3tipo personalizado \u00e9 bem-vindo - ideal para campanhas de inverno, ofertas para funcion\u00e1rios e brindes promocionais que criam uma exposi\u00e7\u00e3o repetida da marca.<\/p>\n<hr data-start=\"2300\" data-end=\"2303\" \/>\n<h3 data-start=\"2305\" data-end=\"2335\">Melhor para (cen\u00e1rios de utiliza\u00e7\u00e3o)<\/h3>\n<p data-start=\"2336\" data-end=\"2385\">Este <strong data-start=\"2341\" data-end=\"2369\">Gorro com pompom Bluetooth<\/strong> \u00e9 \u00f3timo para:<\/p>\n<ul data-start=\"2386\" data-end=\"2638\">\n<li data-start=\"2386\" data-end=\"2431\">\n<p data-start=\"2388\" data-end=\"2431\">Esquiar, caminhar, correr, fazer jogging, andar<\/p>\n<\/li>\n<li data-start=\"2432\" data-end=\"2475\">\n<p data-start=\"2434\" data-end=\"2475\">Viagens de f\u00e9rias, desloca\u00e7\u00f5es pendulares, trabalho ao ar livre<\/p>\n<\/li>\n<li data-start=\"2476\" data-end=\"2531\">\n<p data-start=\"2478\" data-end=\"2531\">Brindes para empresas, promo\u00e7\u00f5es de inverno, brindes para eventos<\/p>\n<\/li>\n<li data-start=\"2532\" data-end=\"2584\">\n<p data-start=\"2534\" data-end=\"2584\">Pacotes de retalho (acess\u00f3rios de inverno + presentes tecnol\u00f3gicos)<\/p>\n<\/li>\n<li data-start=\"2585\" data-end=\"2638\">\n<p data-start=\"2587\" data-end=\"2638\">Valoriza\u00e7\u00e3o dos empregados e uniformes da equipa (esta\u00e7\u00e3o fria)<\/p>\n<\/li>\n<\/ul>\n<hr data-start=\"2640\" data-end=\"2643\" \/>\n<h3 data-start=\"2645\" data-end=\"2665\">Especifica\u00e7\u00f5es<\/h3>\n<ul data-start=\"2666\" data-end=\"2899\">\n<li data-start=\"2666\" data-end=\"2691\">\n<p data-start=\"2668\" data-end=\"2691\"><strong data-start=\"2668\" data-end=\"2681\">Material:<\/strong> Acr\u00edlico<\/p>\n<\/li>\n<li data-start=\"2692\" data-end=\"2739\">\n<p data-start=\"2694\" data-end=\"2739\"><strong data-start=\"2694\" data-end=\"2711\">Tamanho do produto:<\/strong> <strong data-start=\"2712\" data-end=\"2737\">9.06\u2033 \u00d7 8.27\u2033 \u00d7 0.79\u2033<\/strong><\/p>\n<\/li>\n<li data-start=\"2740\" data-end=\"2788\">\n<p data-start=\"2742\" data-end=\"2788\"><strong data-start=\"2742\" data-end=\"2763\">Cores dispon\u00edveis:<\/strong> <strong data-start=\"2764\" data-end=\"2786\">Preto, azul, castanho<\/strong><\/p>\n<\/li>\n<li data-start=\"2789\" data-end=\"2810\">\n<p data-start=\"2791\" data-end=\"2810\"><strong data-start=\"2791\" data-end=\"2802\">Origem:<\/strong> China<\/p>\n<\/li>\n<li data-start=\"2833\" data-end=\"2860\">\n<p data-start=\"2835\" data-end=\"2860\"><strong data-start=\"2835\" data-end=\"2854\">Vendido em branco:<\/strong> Sim<\/p>\n<\/li>\n<li data-start=\"2861\" data-end=\"2899\">\n<p data-start=\"2863\" data-end=\"2899\"><strong data-start=\"2863\" data-end=\"2893\">Personaliza\u00e7\u00e3o dispon\u00edvel:<\/strong> Sim<\/p>\n<\/li>\n<\/ul>\n<hr data-start=\"2901\" data-end=\"2904\" \/>\n<h3 data-start=\"2906\" data-end=\"2943\">Personaliza\u00e7\u00e3o (log\u00f3tipo e marca)<\/h3>\n<ul data-start=\"2944\" data-end=\"3103\">\n<li data-start=\"2944\" data-end=\"3017\">\n<p data-start=\"2946\" data-end=\"3017\"><strong data-start=\"2946\" data-end=\"2963\">Op\u00e7\u00f5es de log\u00f3tipo:<\/strong> Suporte para log\u00f3tipo personalizado (a coloca\u00e7\u00e3o depende do design)<\/p>\n<\/li>\n<li data-start=\"3018\" data-end=\"3103\">\n<p data-start=\"3020\" data-end=\"3103\"><strong data-start=\"3020\" data-end=\"3045\">Grandes \u00e1reas de branding:<\/strong> Painel frontal \/ zona dos punhos (melhor visibilidade para brindes)<\/p>\n<\/li>\n<\/ul>\n<hr data-start=\"3184\" data-end=\"3187\" \/>\n<h3 data-start=\"3189\" data-end=\"3210\">Tempo de produ\u00e7\u00e3o<\/h3>\n<ul data-start=\"3211\" data-end=\"3299\">\n<li data-start=\"3211\" data-end=\"3259\">\n<p data-start=\"3213\" data-end=\"3259\"><strong data-start=\"3213\" data-end=\"3237\">Produ\u00e7\u00e3o standard:<\/strong> <strong data-start=\"3238\" data-end=\"3257\">20 dias \u00fateis<\/strong><\/p>\n<\/li>\n<li data-start=\"3260\" data-end=\"3299\">\n<p data-start=\"3262\" data-end=\"3299\"><strong data-start=\"3262\" data-end=\"3279\">Servi\u00e7o de urg\u00eancia:<\/strong> <strong data-start=\"3280\" data-end=\"3299\">15 dias \u00fateis<\/strong><\/p>\n<\/li>\n<\/ul>\n<hr data-start=\"3301\" data-end=\"3304\" \/>\n<h3 data-start=\"3306\" data-end=\"3332\">Embalagem e expedi\u00e7\u00e3o<\/h3>\n<ul data-start=\"3333\" data-end=\"3442\">\n<li data-start=\"3333\" data-end=\"3369\">\n<p data-start=\"3335\" data-end=\"3369\"><strong data-start=\"3335\" data-end=\"3351\">Embalagem de cart\u00e3o:<\/strong> <strong data-start=\"3352\" data-end=\"3367\">120 unidades\/ctn<\/strong><\/p>\n<\/li>\n<li data-start=\"3370\" data-end=\"3403\">\n<p data-start=\"3372\" data-end=\"3403\"><strong data-start=\"3372\" data-end=\"3390\">Peso da caixa:<\/strong> <strong data-start=\"3391\" data-end=\"3401\">33 lbs<\/strong><\/p>\n<\/li>\n<li data-start=\"3404\" data-end=\"3442\">\n<p data-start=\"3406\" data-end=\"3442\"><strong data-start=\"3406\" data-end=\"3422\">Tamanho da caixa:<\/strong> <strong data-start=\"3423\" data-end=\"3442\">53 \u00d7 53 \u00d7 46 cm<\/strong><\/p>\n<\/li>\n<\/ul>","protected":false},"excerpt":{"rendered":"<p>Torne as promo\u00e7\u00f5es de inverno mais memor\u00e1veis com este <strong data-start=\"426\" data-end=\"465\">chap\u00e9u de malha com pompom Bluetooth m\u00e3os-livres<\/strong>-Um gorro quente e elegante com <strong data-start=\"499\" data-end=\"543\">Auscultadores est\u00e9reo sem fios Bluetooth 5.0<\/strong> e um <strong data-start=\"550\" data-end=\"573\">microfone incorporado<\/strong> para chamadas em modo m\u00e3os-livres. Foi concebido para pessoas que pretendem manter-se quentes enquanto ouvem m\u00fasica, atendem chamadas ou se deslocam em tempo frio - perfeito para trabalhadores ao ar livre, viajantes, corredores, esquiadores e utiliza\u00e7\u00e3o quotidiana.<\/p>","protected":false},"featured_media":46822,"template":"","meta":{"_gspb_post_css":""},"product_brand":[],"product_cat":[27,29],"product_tag":[],"class_list":{"0":"post-46821","1":"product","2":"type-product","3":"status-publish","4":"has-post-thumbnail","6":"product_cat-technology","7":"product_cat-apparel","9":"first","10":"instock","11":"shipping-taxable","12":"product-type-simple"},"_links":{"self":[{"href":"https:\/\/globalgiftsupplier.com\/pt\/wp-json\/wp\/v2\/product\/46821","targetHints":{"allow":["GET"]}}],"collection":[{"href":"https:\/\/globalgiftsupplier.com\/pt\/wp-json\/wp\/v2\/product"}],"about":[{"href":"https:\/\/globalgiftsupplier.com\/pt\/wp-json\/wp\/v2\/types\/product"}],"wp:featuredmedia":[{"embeddable":true,"href":"https:\/\/globalgiftsupplier.com\/pt\/wp-json\/wp\/v2\/media\/46822"}],"wp:attachment":[{"href":"https:\/\/globalgiftsupplier.com\/pt\/wp-json\/wp\/v2\/media?parent=46821"}],"wp:term":[{"taxonomy":"product_brand","embeddable":true,"href":"https:\/\/globalgiftsupplier.com\/pt\/wp-json\/wp\/v2\/product_brand?post=46821"},{"taxonomy":"product_cat","embeddable":true,"href":"https:\/\/globalgiftsupplier.com\/pt\/wp-json\/wp\/v2\/product_cat?post=46821"},{"taxonomy":"product_tag","embeddable":true,"href":"https:\/\/globalgiftsupplier.com\/pt\/wp-json\/wp\/v2\/product_tag?post=46821"}],"curies":[{"name":"wp","href":"https:\/\/api.w.org\/{rel}","templated":true}]}}