{"id":46809,"date":"2026-02-27T03:20:01","date_gmt":"2026-02-27T03:20:01","guid":{"rendered":"https:\/\/globalgiftsupplier.com\/?post_type=product&#038;p=46809"},"modified":"2026-02-27T03:20:01","modified_gmt":"2026-02-27T03:20:01","slug":"ankle-leg-foot-pedal-puller","status":"publish","type":"product","link":"https:\/\/globalgiftsupplier.com\/pt\/product\/ankle-leg-foot-pedal-puller\/","title":{"rendered":"Puxador de pedal para tornozelo e perna"},"content":{"rendered":"<p data-start=\"688\" data-end=\"1190\">Com um comprimento m\u00e1ximo de estiramento de <strong data-start=\"721\" data-end=\"730\">47.2\u2033<\/strong>, Este cabo de tra\u00e7\u00e3o com pedal oferece uma gama de resist\u00eancia pr\u00e1tica para <strong data-start=\"795\" data-end=\"900\">ioga, pilates, aquecimento, alongamentos, ativa\u00e7\u00e3o dos gl\u00fateos, rotinas do dia da perna e movimentos para esculpir o n\u00facleo<\/strong>. \u00c9 leve e f\u00e1cil de guardar, o que o torna ideal para <strong data-start=\"958\" data-end=\"1014\">casa, escrit\u00f3rio, quartos de hotel ou espa\u00e7os privados exteriores<\/strong>. Adicione o seu log\u00f3tipo personalizado para criar uma <strong data-start=\"1062\" data-end=\"1086\">oferta promocional<\/strong> que as pessoas realmente utilizam - perfeito para campanhas de bem-estar, eventos de fitness e programas de sa\u00fade empresariais.<\/p>\n<hr data-start=\"1192\" data-end=\"1195\" \/>\n<h3 data-start=\"1197\" data-end=\"1226\">Principais carater\u00edsticas e vantagens<\/h3>\n<p data-start=\"1227\" data-end=\"1379\">\u2705 <strong data-start=\"1229\" data-end=\"1274\">Pegas de espuma confort\u00e1veis (ader\u00eancia antiderrapante)<\/strong><br data-start=\"1274\" data-end=\"1277\" \/>Os punhos de espuma macia reduzem a fadiga das m\u00e3os e melhoram o controlo durante as sess\u00f5es de pux\u00f5es, alongamentos e tonifica\u00e7\u00e3o.<\/p>\n<p data-start=\"1381\" data-end=\"1552\">\u2705 <strong data-start=\"1383\" data-end=\"1421\">Resist\u00eancia do tubo de l\u00e1tex de alta elasticidade<\/strong><br data-start=\"1421\" data-end=\"1424\" \/>Fabricado com <strong data-start=\"1434\" data-end=\"1471\">Tubo el\u00e1stico de l\u00e1tex TPE + espuma NBR<\/strong>, A sua resist\u00eancia \u00e9 flex\u00edvel mas est\u00e1vel para o exerc\u00edcio di\u00e1rio e a utiliza\u00e7\u00e3o a longo prazo.<\/p>\n<p data-start=\"1554\" data-end=\"1725\">\u2705 <strong data-start=\"1556\" data-end=\"1604\">Design de 4 tubos para melhor tens\u00e3o e estabilidade<\/strong><br data-start=\"1604\" data-end=\"1607\" \/>Carater\u00edsticas <strong data-start=\"1616\" data-end=\"1636\">4 cabos de tra\u00e7\u00e3o<\/strong>, A sua estrutura \u00e9 de alta resist\u00eancia \u00e0 tra\u00e7\u00e3o e elasticidade melhorada - \u00f3ptima para um treino consistente.<\/p>\n<p data-start=\"1727\" data-end=\"1898\">\u2705 <strong data-start=\"1729\" data-end=\"1779\">Movimento suave para exerc\u00edcios de n\u00facleo e de escultura<\/strong><br data-start=\"1779\" data-end=\"1782\" \/>Concebida para suportar movimentos controlados de \u201cpuxar e soltar\u201d, ajudando a reduzir a compress\u00e3o\/esmagamento da pele durante o treino.<\/p>\n<p data-start=\"1900\" data-end=\"2060\">\u2705 <strong data-start=\"1902\" data-end=\"1949\">Ferramenta de fitness port\u00e1til para exerc\u00edcios em qualquer lugar<\/strong><br data-start=\"1949\" data-end=\"1952\" \/>Perfeito para gin\u00e1sio em casa, pausas no escrit\u00f3rio, exerc\u00edcios em viagem e rotinas de bem-estar - f\u00e1cil de transportar e simples de utilizar.<\/p>\n<p data-start=\"2062\" data-end=\"2221\">\u2705 <strong data-start=\"2064\" data-end=\"2104\">Brinde de fitness promocional com log\u00f3tipo personalizado<\/strong><br data-start=\"2104\" data-end=\"2107\" \/>Adicione o seu log\u00f3tipo para obter um artigo de marca adequado <strong data-start=\"2150\" data-end=\"2182\">promo\u00e7\u00f5es de sa\u00fade e bem-estar<\/strong>, campanhas em gin\u00e1sios e ofertas de empresas.<\/p>\n<hr data-start=\"2223\" data-end=\"2226\" \/>\n<h3 data-start=\"2228\" data-end=\"2263\">Sugest\u00f5es de utiliza\u00e7\u00e3o (SEO-Friendly)<\/h3>\n<p data-start=\"2264\" data-end=\"2310\">Este <strong data-start=\"2269\" data-end=\"2294\">banda de resist\u00eancia para pedais<\/strong> \u00e9 ideal para:<\/p>\n<ul data-start=\"2311\" data-end=\"2506\">\n<li data-start=\"2311\" data-end=\"2344\">\n<p data-start=\"2313\" data-end=\"2344\"><strong data-start=\"2313\" data-end=\"2342\">Alongamentos de ioga e Pilates<\/strong><\/p>\n<\/li>\n<li data-start=\"2345\" data-end=\"2381\">\n<p data-start=\"2347\" data-end=\"2381\"><strong data-start=\"2347\" data-end=\"2379\">Dia das pernas e ativa\u00e7\u00e3o dos gl\u00fateos<\/strong><\/p>\n<\/li>\n<li data-start=\"2382\" data-end=\"2422\">\n<p data-start=\"2384\" data-end=\"2422\"><strong data-start=\"2384\" data-end=\"2420\">Aperto de cintura e exerc\u00edcios para o tronco<\/strong><\/p>\n<\/li>\n<li data-start=\"2423\" data-end=\"2465\">\n<p data-start=\"2425\" data-end=\"2465\"><strong data-start=\"2425\" data-end=\"2463\">Tonifica\u00e7\u00e3o dos bra\u00e7os e relaxamento dos ombros<\/strong><\/p>\n<\/li>\n<li data-start=\"2466\" data-end=\"2506\">\n<p data-start=\"2468\" data-end=\"2506\"><strong data-start=\"2468\" data-end=\"2504\">Treino de aquecimento e flexibilidade<\/strong><\/p>\n<\/li>\n<\/ul>\n<blockquote data-start=\"2508\" data-end=\"2601\">\n<p data-start=\"2510\" data-end=\"2601\">Excelente para principiantes, utilizadores de fitness em casa e qualquer pessoa que procure uma ferramenta de treino di\u00e1rio f\u00e1cil.<\/p>\n<\/blockquote>\n<hr data-start=\"2603\" data-end=\"2606\" \/>\n<h3 data-start=\"2608\" data-end=\"2628\">Especifica\u00e7\u00f5es<\/h3>\n<ul data-start=\"2629\" data-end=\"2862\">\n<li data-start=\"2629\" data-end=\"2669\">\n<p data-start=\"2631\" data-end=\"2669\"><strong data-start=\"2631\" data-end=\"2648\">Tamanho do produto:<\/strong> <strong data-start=\"2649\" data-end=\"2667\">9.84\u2033 \u00d7 16.14\u2033<\/strong><\/p>\n<\/li>\n<li data-start=\"2670\" data-end=\"2707\">\n<p data-start=\"2672\" data-end=\"2707\"><strong data-start=\"2672\" data-end=\"2695\">Comprimento m\u00e1ximo de estiramento:<\/strong> <strong data-start=\"2696\" data-end=\"2705\">47.2\u2033<\/strong><\/p>\n<\/li>\n<li data-start=\"2708\" data-end=\"2764\">\n<p data-start=\"2710\" data-end=\"2764\"><strong data-start=\"2710\" data-end=\"2724\">Materiais:<\/strong> <strong data-start=\"2725\" data-end=\"2762\">Tubo el\u00e1stico de l\u00e1tex TPE + espuma NBR<\/strong><\/p>\n<\/li>\n<li data-start=\"2765\" data-end=\"2818\">\n<p data-start=\"2767\" data-end=\"2818\"><strong data-start=\"2767\" data-end=\"2788\">Cores dispon\u00edveis:<\/strong> <strong data-start=\"2789\" data-end=\"2816\">Roxo, vermelho, azul, cor-de-rosa<\/strong><\/p>\n<\/li>\n<li data-start=\"2819\" data-end=\"2840\">\n<p data-start=\"2821\" data-end=\"2840\"><strong data-start=\"2821\" data-end=\"2832\">Origem:<\/strong> China<\/p>\n<\/li>\n<\/ul>\n<hr data-start=\"2864\" data-end=\"2867\" \/>\n<h3 data-start=\"2869\" data-end=\"2890\">Tempo de produ\u00e7\u00e3o<\/h3>\n<ul data-start=\"2891\" data-end=\"2979\">\n<li data-start=\"2891\" data-end=\"2939\">\n<p data-start=\"2893\" data-end=\"2939\"><strong data-start=\"2893\" data-end=\"2917\">Produ\u00e7\u00e3o standard:<\/strong> <strong data-start=\"2918\" data-end=\"2937\">25 dias \u00fateis<\/strong><\/p>\n<\/li>\n<li data-start=\"2940\" data-end=\"2979\">\n<p data-start=\"2942\" data-end=\"2979\"><strong data-start=\"2942\" data-end=\"2959\">Servi\u00e7o de urg\u00eancia:<\/strong> <strong data-start=\"2960\" data-end=\"2979\">18 dias \u00fateis<\/strong><\/p>\n<\/li>\n<\/ul>\n<hr data-start=\"2981\" data-end=\"2984\" \/>\n<h3 data-start=\"2986\" data-end=\"3026\">Porque \u00e9 que funciona como brinde promocional<\/h3>\n<p data-start=\"3027\" data-end=\"3229\">Os artigos de fitness s\u00e3o produtos promocionais de elevada reten\u00e7\u00e3o - as pessoas guardam-nos, reutilizam-nos e v\u00eaem o seu log\u00f3tipo repetidamente. Este puxador de pedal \u00e9 pr\u00e1tico, de baixo custo e f\u00e1cil de distribuir, tornando-o ideal para:<\/p>\n<ul data-start=\"3230\" data-end=\"3378\">\n<li data-start=\"3230\" data-end=\"3264\">\n<p data-start=\"3232\" data-end=\"3264\">Iniciativas de bem-estar das empresas<\/p>\n<\/li>\n<li data-start=\"3265\" data-end=\"3292\">\n<p data-start=\"3267\" data-end=\"3292\">Promo\u00e7\u00f5es de gin\u00e1sio\/est\u00fadio<\/p>\n<\/li>\n<li data-start=\"3293\" data-end=\"3313\">\n<p data-start=\"3295\" data-end=\"3313\">Campanhas de sa\u00fade<\/p>\n<\/li>\n<li data-start=\"3314\" data-end=\"3343\">\n<p data-start=\"3316\" data-end=\"3343\">Eventos desportivos e brindes<\/p>\n<\/li>\n<li data-start=\"3344\" data-end=\"3378\">\n<p data-start=\"3346\" data-end=\"3378\">Feiras comerciais e ofertas para empregados<\/p>\n<\/li>\n<\/ul>","protected":false},"excerpt":{"rendered":"<p>Melhore os seus exerc\u00edcios em casa com este <strong data-start=\"342\" data-end=\"373\">Puxador de pedais tornozelo-perna-p\u00e9<\/strong>-Um compacto e f\u00e1cil de utilizar para principiantes <strong data-start=\"403\" data-end=\"428\">banda de resist\u00eancia para pedais<\/strong> Concebido para a tonifica\u00e7\u00e3o de todo o corpo, alongamentos e treino di\u00e1rio de fitness. Constru\u00eddo com <strong data-start=\"511\" data-end=\"551\">punhos de espuma ecol\u00f3gica de alta qualidade<\/strong> e <strong data-start=\"556\" data-end=\"586\">tubos de l\u00e1tex altamente el\u00e1sticos<\/strong>, O seu manuseamento \u00e9 confort\u00e1vel, a sua resist\u00eancia \u00e9 suave e a sua durabilidade \u00e9 fi\u00e1vel para uma utiliza\u00e7\u00e3o repetida.<\/p>","protected":false},"featured_media":46810,"template":"","meta":{"_gspb_post_css":""},"product_brand":[],"product_cat":[33],"product_tag":[],"class_list":{"0":"post-46809","1":"product","2":"type-product","3":"status-publish","4":"has-post-thumbnail","6":"product_cat-sports-outdoor","8":"first","9":"instock","10":"shipping-taxable","11":"product-type-simple"},"_links":{"self":[{"href":"https:\/\/globalgiftsupplier.com\/pt\/wp-json\/wp\/v2\/product\/46809","targetHints":{"allow":["GET"]}}],"collection":[{"href":"https:\/\/globalgiftsupplier.com\/pt\/wp-json\/wp\/v2\/product"}],"about":[{"href":"https:\/\/globalgiftsupplier.com\/pt\/wp-json\/wp\/v2\/types\/product"}],"wp:featuredmedia":[{"embeddable":true,"href":"https:\/\/globalgiftsupplier.com\/pt\/wp-json\/wp\/v2\/media\/46810"}],"wp:attachment":[{"href":"https:\/\/globalgiftsupplier.com\/pt\/wp-json\/wp\/v2\/media?parent=46809"}],"wp:term":[{"taxonomy":"product_brand","embeddable":true,"href":"https:\/\/globalgiftsupplier.com\/pt\/wp-json\/wp\/v2\/product_brand?post=46809"},{"taxonomy":"product_cat","embeddable":true,"href":"https:\/\/globalgiftsupplier.com\/pt\/wp-json\/wp\/v2\/product_cat?post=46809"},{"taxonomy":"product_tag","embeddable":true,"href":"https:\/\/globalgiftsupplier.com\/pt\/wp-json\/wp\/v2\/product_tag?post=46809"}],"curies":[{"name":"wp","href":"https:\/\/api.w.org\/{rel}","templated":true}]}}