{"id":46801,"date":"2026-02-27T03:08:50","date_gmt":"2026-02-27T03:08:50","guid":{"rendered":"https:\/\/globalgiftsupplier.com\/?post_type=product&#038;p=46801"},"modified":"2026-02-27T03:09:44","modified_gmt":"2026-02-27T03:09:44","slug":"knit-led-bluetooth-beanie-hat","status":"publish","type":"product","link":"https:\/\/globalgiftsupplier.com\/pt\/product\/knit-led-bluetooth-beanie-hat\/","title":{"rendered":"Gorro LED Bluetooth em malha"},"content":{"rendered":"<ul data-start=\"741\" data-end=\"1296\">\n<li data-start=\"741\" data-end=\"858\">\n<p data-start=\"743\" data-end=\"858\"><strong data-start=\"743\" data-end=\"775\">\u00c1udio sem fios Bluetooth 5.0<\/strong>: Liga\u00e7\u00e3o est\u00e1vel com um raio de a\u00e7\u00e3o at\u00e9 <strong data-start=\"822\" data-end=\"829\">15m<\/strong> para m\u00fasica e chamadas telef\u00f3nicas.<\/p>\n<\/li>\n<li data-start=\"859\" data-end=\"974\">\n<p data-start=\"861\" data-end=\"885\"><strong data-start=\"861\" data-end=\"882\">3 modos de luz LED<\/strong>:<\/p>\n<ul data-start=\"888\" data-end=\"974\">\n<li data-start=\"888\" data-end=\"910\">\n<p data-start=\"890\" data-end=\"910\"><strong data-start=\"890\" data-end=\"908\">Brilho 50%<\/strong><\/p>\n<\/li>\n<li data-start=\"913\" data-end=\"936\">\n<p data-start=\"915\" data-end=\"936\"><strong data-start=\"915\" data-end=\"934\">Brilho 100%<\/strong><\/p>\n<\/li>\n<li data-start=\"939\" data-end=\"974\">\n<p data-start=\"941\" data-end=\"974\"><strong data-start=\"941\" data-end=\"972\">Luzes de emerg\u00eancia vermelhas e azuis<\/strong><\/p>\n<\/li>\n<\/ul>\n<\/li>\n<li data-start=\"975\" data-end=\"1066\">\n<p data-start=\"977\" data-end=\"1066\"><strong data-start=\"977\" data-end=\"1004\">Malha quente e confort\u00e1vel<\/strong>: Suave <strong data-start=\"1011\" data-end=\"1022\">acr\u00edlico<\/strong> A malha ajuda a reter o calor no tempo frio.<\/p>\n<\/li>\n<li data-start=\"1067\" data-end=\"1180\">\n<p data-start=\"1069\" data-end=\"1180\"><strong data-start=\"1069\" data-end=\"1091\">\u00d3timo para a marca<\/strong>: Adicione o seu log\u00f3tipo para criar um <strong data-start=\"1119\" data-end=\"1144\">gorro personalizado premium<\/strong> que impulsiona a exposi\u00e7\u00e3o di\u00e1ria da marca.<\/p>\n<\/li>\n<li data-start=\"1181\" data-end=\"1296\">\n<p data-start=\"1183\" data-end=\"1296\"><strong data-start=\"1183\" data-end=\"1211\">Presente promocional perfeito<\/strong>: Popular para promo\u00e7\u00f5es de inverno, eventos ao ar livre, programas de seguran\u00e7a e complementos de retalho.<\/p>\n<\/li>\n<\/ul>\n<h3 data-start=\"1298\" data-end=\"1320\"><strong data-start=\"1302\" data-end=\"1320\">Especifica\u00e7\u00f5es<\/strong><\/h3>\n<ul data-start=\"1321\" data-end=\"1493\">\n<li data-start=\"1321\" data-end=\"1346\">\n<p data-start=\"1323\" data-end=\"1346\"><strong data-start=\"1323\" data-end=\"1336\">Material:<\/strong> Acr\u00edlico<\/p>\n<\/li>\n<li data-start=\"1347\" data-end=\"1390\">\n<p data-start=\"1349\" data-end=\"1390\"><strong data-start=\"1349\" data-end=\"1366\">Tamanho do produto:<\/strong> 7.68\u2033 \u00d7 8.66\u2033 \u00d7 7.87\u2033<\/p>\n<\/li>\n<li data-start=\"1391\" data-end=\"1422\">\n<p data-start=\"1393\" data-end=\"1422\"><strong data-start=\"1393\" data-end=\"1414\">Cores dispon\u00edveis:<\/strong> Preto<\/p>\n<\/li>\n<li data-start=\"1423\" data-end=\"1473\">\n<p data-start=\"1425\" data-end=\"1473\"><strong data-start=\"1425\" data-end=\"1442\">Cor personalizada:<\/strong> Dispon\u00edvel (MOQ <strong data-start=\"1458\" data-end=\"1470\">5000 unidades<\/strong>)<\/p>\n<\/li>\n<li data-start=\"1474\" data-end=\"1493\">\n<p data-start=\"1476\" data-end=\"1493\"><strong data-start=\"1476\" data-end=\"1487\">Origem:<\/strong> China<\/p>\n<\/li>\n<\/ul>\n<h3 data-start=\"1495\" data-end=\"1526\"><strong data-start=\"1499\" data-end=\"1526\">Personaliza\u00e7\u00e3o e impress\u00e3o<\/strong><\/h3>\n<ul data-start=\"1527\" data-end=\"1670\">\n<li data-start=\"1527\" data-end=\"1565\">\n<p data-start=\"1529\" data-end=\"1565\"><strong data-start=\"1529\" data-end=\"1548\">M\u00e9todo de impress\u00e3o:<\/strong> <strong data-start=\"1549\" data-end=\"1563\">Bordados<\/strong><\/p>\n<\/li>\n<li data-start=\"1566\" data-end=\"1604\">\n<p data-start=\"1568\" data-end=\"1604\"><strong data-start=\"1568\" data-end=\"1598\">Personaliza\u00e7\u00e3o dispon\u00edvel:<\/strong> Sim<\/p>\n<\/li>\n<li data-start=\"1605\" data-end=\"1632\">\n<p data-start=\"1607\" data-end=\"1632\"><strong data-start=\"1607\" data-end=\"1626\">Vendido em branco:<\/strong> Sim<\/p>\n<\/li>\n<li data-start=\"1633\" data-end=\"1670\">\n<p data-start=\"1635\" data-end=\"1670\"><strong data-start=\"1635\" data-end=\"1658\">Processo de quatro cores:<\/strong> Dispon\u00edvel<\/p>\n<\/li>\n<\/ul>\n<blockquote data-start=\"1671\" data-end=\"1785\">\n<p data-start=\"1673\" data-end=\"1785\">Sugest\u00e3o: Os log\u00f3tipos bordados t\u00eam um aspeto premium e s\u00e3o ideais para chap\u00e9us de inverno - \u00f3ptimos para ofertas empresariais e campanhas de marca.<\/p>\n<\/blockquote>\n<h3 data-start=\"1787\" data-end=\"1820\"><strong data-start=\"1791\" data-end=\"1820\">Produ\u00e7\u00e3o e servi\u00e7o de urg\u00eancia<\/strong><\/h3>\n<ul data-start=\"1821\" data-end=\"1914\">\n<li data-start=\"1821\" data-end=\"1874\">\n<p data-start=\"1823\" data-end=\"1874\"><strong data-start=\"1823\" data-end=\"1852\">Tempo de produ\u00e7\u00e3o padr\u00e3o:<\/strong> <strong data-start=\"1853\" data-end=\"1872\">30 dias \u00fateis<\/strong><\/p>\n<\/li>\n<li data-start=\"1875\" data-end=\"1914\">\n<p data-start=\"1877\" data-end=\"1914\"><strong data-start=\"1877\" data-end=\"1894\">Servi\u00e7o de urg\u00eancia:<\/strong> <strong data-start=\"1895\" data-end=\"1914\">25 dias \u00fateis<\/strong><\/p>\n<\/li>\n<\/ul>\n<h3 data-start=\"1916\" data-end=\"1944\"><strong data-start=\"1920\" data-end=\"1944\">Embalagem e expedi\u00e7\u00e3o<\/strong><\/h3>\n<ul data-start=\"1945\" data-end=\"2058\">\n<li data-start=\"1945\" data-end=\"1997\">\n<p data-start=\"1947\" data-end=\"1997\"><strong data-start=\"1947\" data-end=\"1971\">Qtd. da caixa \/ Peso:<\/strong> <strong data-start=\"1972\" data-end=\"1995\">120 unidades\/ctn, 40 lbs<\/strong><\/p>\n<\/li>\n<li data-start=\"1998\" data-end=\"2038\">\n<p data-start=\"2000\" data-end=\"2038\"><strong data-start=\"2000\" data-end=\"2016\">Tamanho da caixa:<\/strong> <strong data-start=\"2017\" data-end=\"2036\">53 \u00d7 52 \u00d7 44 cm<\/strong><\/p>\n<\/li>\n<\/ul>\n<h3 data-start=\"2060\" data-end=\"2076\"><strong data-start=\"2064\" data-end=\"2076\">Melhor para<\/strong><\/h3>\n<p data-start=\"2077\" data-end=\"2233\">Promo\u00e7\u00f5es de inverno, eventos ao ar livre, brindes para empregados, feiras comerciais, brindes de marca, campanhas desportivas e ao ar livre, programas de seguran\u00e7a\/visibilidade e pacotes de retalho.<\/p>","protected":false},"excerpt":{"rendered":"<p>Mantenha-se quente, mantenha-se ligado e ilumine o caminho - este <strong data-start=\"344\" data-end=\"395\">Gorro de malha Bluetooth 5.0 com luz LED<\/strong> \u00e9 um brinde promocional pr\u00e1tico e apelativo para eventos de inverno, campanhas ao ar livre e ofertas sazonais para empresas. Com <strong data-start=\"529\" data-end=\"561\">auscultadores sem fios incorporados<\/strong> e <strong data-start=\"566\" data-end=\"590\">3 modos de ilumina\u00e7\u00e3o LED<\/strong>, O sistema de som de alta defini\u00e7\u00e3o, que permite aos utilizadores ouvir m\u00fasica ou atender chamadas em modo m\u00e3os-livres, mantendo-se vis\u00edvel durante caminhadas nocturnas, desloca\u00e7\u00f5es di\u00e1rias ou actividades ao ar livre.<\/p>","protected":false},"featured_media":46802,"template":"","meta":{"_gspb_post_css":""},"product_brand":[],"product_cat":[29],"product_tag":[],"class_list":{"0":"post-46801","1":"product","2":"type-product","3":"status-publish","4":"has-post-thumbnail","6":"product_cat-apparel","8":"first","9":"instock","10":"shipping-taxable","11":"product-type-simple"},"_links":{"self":[{"href":"https:\/\/globalgiftsupplier.com\/pt\/wp-json\/wp\/v2\/product\/46801","targetHints":{"allow":["GET"]}}],"collection":[{"href":"https:\/\/globalgiftsupplier.com\/pt\/wp-json\/wp\/v2\/product"}],"about":[{"href":"https:\/\/globalgiftsupplier.com\/pt\/wp-json\/wp\/v2\/types\/product"}],"wp:featuredmedia":[{"embeddable":true,"href":"https:\/\/globalgiftsupplier.com\/pt\/wp-json\/wp\/v2\/media\/46802"}],"wp:attachment":[{"href":"https:\/\/globalgiftsupplier.com\/pt\/wp-json\/wp\/v2\/media?parent=46801"}],"wp:term":[{"taxonomy":"product_brand","embeddable":true,"href":"https:\/\/globalgiftsupplier.com\/pt\/wp-json\/wp\/v2\/product_brand?post=46801"},{"taxonomy":"product_cat","embeddable":true,"href":"https:\/\/globalgiftsupplier.com\/pt\/wp-json\/wp\/v2\/product_cat?post=46801"},{"taxonomy":"product_tag","embeddable":true,"href":"https:\/\/globalgiftsupplier.com\/pt\/wp-json\/wp\/v2\/product_tag?post=46801"}],"curies":[{"name":"wp","href":"https:\/\/api.w.org\/{rel}","templated":true}]}}