{"id":46780,"date":"2026-02-25T09:42:15","date_gmt":"2026-02-25T09:42:15","guid":{"rendered":"https:\/\/globalgiftsupplier.com\/?post_type=product&#038;p=46780"},"modified":"2026-02-25T09:42:15","modified_gmt":"2026-02-25T09:42:15","slug":"5pcs-multi-color-latex-exercise-long-resistance-loop-bands","status":"publish","type":"product","link":"https:\/\/globalgiftsupplier.com\/pt\/product\/5pcs-multi-color-latex-exercise-long-resistance-loop-bands\/","title":{"rendered":"5pcs Bandas de l\u00e1tex multicoloridas para exerc\u00edcios de resist\u00eancia longa"},"content":{"rendered":"<p data-start=\"912\" data-end=\"1307\">Cada banda deste conjunto \u00e9 <strong data-start=\"937\" data-end=\"973\">12 polegadas de comprimento e 2 polegadas de largura<\/strong>, com n\u00edveis de resist\u00eancia que variam entre <strong data-start=\"1011\" data-end=\"1022\">5-40lbs<\/strong>. Quer pretenda tonificar as pernas, os gl\u00fateos ou os bra\u00e7os, este conjunto foi concebido para atingir todos os seus objectivos de fitness. Estas bandas de resist\u00eancia s\u00e3o port\u00e1teis, leves e incluem um saco de transporte para facilitar a arruma\u00e7\u00e3o e o transporte, o que as torna ideais para exerc\u00edcios em casa e em viagem.<\/p>\n<p data-start=\"1309\" data-end=\"1460\">Adicione o seu <strong data-start=\"1318\" data-end=\"1334\">log\u00f3tipo da empresa<\/strong> para as bandas ou bolsa de armazenamento para um brinde promocional \u00fanico que ajudar\u00e1 a aumentar a visibilidade da marca enquanto promove a boa forma f\u00edsica.<\/p>\n<h4 data-start=\"1462\" data-end=\"1484\"><strong data-start=\"1467\" data-end=\"1484\">Carater\u00edsticas principais:<\/strong><\/h4>\n<ul data-start=\"1485\" data-end=\"2269\">\n<li data-start=\"1485\" data-end=\"1725\">\n<p data-start=\"1487\" data-end=\"1567\"><strong data-start=\"1487\" data-end=\"1519\">N\u00edveis de resist\u00eancia vers\u00e1teis:<\/strong> Inclui cinco bandas com diferentes resist\u00eancias:<\/p>\n<ul data-start=\"1570\" data-end=\"1725\">\n<li data-start=\"1570\" data-end=\"1599\">\n<p data-start=\"1572\" data-end=\"1599\"><strong data-start=\"1572\" data-end=\"1582\">Verde:<\/strong> 0,35mm (5-10lbs)<\/p>\n<\/li>\n<li data-start=\"1602\" data-end=\"1630\">\n<p data-start=\"1604\" data-end=\"1630\"><strong data-start=\"1604\" data-end=\"1613\">Azul:<\/strong> 0,5mm (10-15lbs)<\/p>\n<\/li>\n<li data-start=\"1633\" data-end=\"1663\">\n<p data-start=\"1635\" data-end=\"1663\"><strong data-start=\"1635\" data-end=\"1646\">Amarelo:<\/strong> 0,7mm (15-20lbs)<\/p>\n<\/li>\n<li data-start=\"1666\" data-end=\"1693\">\n<p data-start=\"1668\" data-end=\"1693\"><strong data-start=\"1668\" data-end=\"1676\">Vermelho:<\/strong> 0,9mm (20-30lbs)<\/p>\n<\/li>\n<li data-start=\"1696\" data-end=\"1725\">\n<p data-start=\"1698\" data-end=\"1725\"><strong data-start=\"1698\" data-end=\"1708\">Preto:<\/strong> 1,1mm (30-40lbs)<\/p>\n<\/li>\n<\/ul>\n<\/li>\n<li data-start=\"1726\" data-end=\"1836\">\n<p data-start=\"1728\" data-end=\"1836\"><strong data-start=\"1728\" data-end=\"1755\">Dur\u00e1vel e amigo do ambiente:<\/strong> Fabricado em <strong data-start=\"1766\" data-end=\"1788\">100% l\u00e1tex natural<\/strong>, garantindo durabilidade e resist\u00eancia constante.<\/p>\n<\/li>\n<li data-start=\"1837\" data-end=\"1927\">\n<p data-start=\"1839\" data-end=\"1927\"><strong data-start=\"1839\" data-end=\"1862\">Compacto e port\u00e1til:<\/strong> Inclui um saco de transporte, que facilita a arruma\u00e7\u00e3o e o transporte para qualquer lugar.<\/p>\n<\/li>\n<li data-start=\"1928\" data-end=\"2020\">\n<p data-start=\"1930\" data-end=\"2020\"><strong data-start=\"1930\" data-end=\"1950\">Marca personalizada:<\/strong> Adicione o seu log\u00f3tipo \u00e0s bandas ou \u00e0 bolsa para brindes promocionais personalizados.<\/p>\n<\/li>\n<li data-start=\"2021\" data-end=\"2133\">\n<p data-start=\"2023\" data-end=\"2133\"><strong data-start=\"2023\" data-end=\"2049\">Ideal para qualquer exerc\u00edcio f\u00edsico:<\/strong> Ideal para Yoga, Pilates, treino de for\u00e7a, alongamentos, ativa\u00e7\u00e3o dos gl\u00fateos e muito mais.<\/p>\n<\/li>\n<li data-start=\"2134\" data-end=\"2269\">\n<p data-start=\"2136\" data-end=\"2269\"><strong data-start=\"2136\" data-end=\"2164\">Resist\u00eancia de longa dura\u00e7\u00e3o:<\/strong> Mant\u00e9m a resist\u00eancia ap\u00f3s v\u00e1rias utiliza\u00e7\u00f5es, garantindo um desempenho fi\u00e1vel ao longo da sua rotina de exerc\u00edcios.<\/p>\n<\/li>\n<\/ul>\n<h4 data-start=\"2271\" data-end=\"2295\"><strong data-start=\"2276\" data-end=\"2295\">Especifica\u00e7\u00f5es:<\/strong><\/h4>\n<ul data-start=\"2296\" data-end=\"2765\">\n<li data-start=\"2296\" data-end=\"2321\">\n<p data-start=\"2298\" data-end=\"2321\"><strong data-start=\"2298\" data-end=\"2309\">Comprimento:<\/strong> 12 polegadas<\/p>\n<\/li>\n<li data-start=\"2322\" data-end=\"2345\">\n<p data-start=\"2324\" data-end=\"2345\"><strong data-start=\"2324\" data-end=\"2334\">Largura:<\/strong> 2 polegadas<\/p>\n<\/li>\n<li data-start=\"2346\" data-end=\"2396\">\n<p data-start=\"2348\" data-end=\"2396\"><strong data-start=\"2348\" data-end=\"2361\">Material:<\/strong> <strong data-start=\"2362\" data-end=\"2384\">100% L\u00e1tex natural<\/strong>, sem TPE<\/p>\n<\/li>\n<li data-start=\"2397\" data-end=\"2520\">\n<p data-start=\"2399\" data-end=\"2421\"><strong data-start=\"2399\" data-end=\"2421\">N\u00edveis de resist\u00eancia:<\/strong><\/p>\n<ul data-start=\"2424\" data-end=\"2520\">\n<li data-start=\"2424\" data-end=\"2440\">\n<p data-start=\"2426\" data-end=\"2440\">Verde: 5-10lbs<\/p>\n<\/li>\n<li data-start=\"2443\" data-end=\"2459\">\n<p data-start=\"2445\" data-end=\"2459\">Azul: 10-15lbs<\/p>\n<\/li>\n<li data-start=\"2462\" data-end=\"2480\">\n<p data-start=\"2464\" data-end=\"2480\">Amarelo: 15-20lbs<\/p>\n<\/li>\n<li data-start=\"2483\" data-end=\"2498\">\n<p data-start=\"2485\" data-end=\"2498\">Vermelho: 20-30 lbs<\/p>\n<\/li>\n<li data-start=\"2501\" data-end=\"2520\">\n<p data-start=\"2503\" data-end=\"2520\">Preto: 30-40lbs<\/p>\n<\/li>\n<\/ul>\n<\/li>\n<li data-start=\"2521\" data-end=\"2585\">\n<p data-start=\"2523\" data-end=\"2585\"><strong data-start=\"2523\" data-end=\"2543\">Peso de envio:<\/strong> 32 lbs por caixa (1000 unidades por caixa)<\/p>\n<\/li>\n<li data-start=\"2586\" data-end=\"2631\">\n<p data-start=\"2588\" data-end=\"2631\"><strong data-start=\"2588\" data-end=\"2607\">Tamanho da embalagem:<\/strong> 34 cm x 28 cm x 38 cm<\/p>\n<\/li>\n<li data-start=\"2632\" data-end=\"2708\">\n<p data-start=\"2634\" data-end=\"2708\"><strong data-start=\"2634\" data-end=\"2654\">Tempo de produ\u00e7\u00e3o:<\/strong> 30 dias \u00fateis (servi\u00e7o urgente dispon\u00edvel em 28 dias)<\/p>\n<\/li>\n<li data-start=\"2709\" data-end=\"2743\">\n<p data-start=\"2711\" data-end=\"2743\"><strong data-start=\"2711\" data-end=\"2730\">M\u00e9todo de impress\u00e3o:<\/strong> Serigrafia<\/p>\n<\/li>\n<li data-start=\"2744\" data-end=\"2765\">\n<p data-start=\"2746\" data-end=\"2765\"><strong data-start=\"2746\" data-end=\"2757\">Origem:<\/strong> China<\/p>\n<\/li>\n<\/ul>\n<h4 data-start=\"2767\" data-end=\"2793\"><strong data-start=\"2772\" data-end=\"2793\">Cores dispon\u00edveis:<\/strong><\/h4>\n<p data-start=\"2794\" data-end=\"2827\">Verde, azul, amarelo, vermelho, preto<\/p>\n<h4 data-start=\"2999\" data-end=\"3018\"><strong data-start=\"3004\" data-end=\"3018\">Ideal para:<\/strong><\/h4>\n<ul data-start=\"3019\" data-end=\"3144\">\n<li data-start=\"3019\" data-end=\"3144\">\n<p data-start=\"3021\" data-end=\"3144\"><strong data-start=\"3021\" data-end=\"3144\">Brindes para empresas, brindes promocionais, entusiastas do fitness, est\u00fadios de ioga, centros de pilates, programas de sa\u00fade e bem-estar.<\/strong><\/p>\n<\/li>\n<\/ul>\n<hr data-start=\"3146\" data-end=\"3149\" \/>\n<h3 data-start=\"3151\" data-end=\"3191\"><strong data-start=\"3155\" data-end=\"3191\">Porqu\u00ea escolher as nossas bandas de resist\u00eancia?<\/strong><\/h3>\n<p data-start=\"3192\" data-end=\"3580\">O nosso <strong data-start=\"3196\" data-end=\"3233\">el\u00e1sticos de resist\u00eancia multicoloridos<\/strong> s\u00e3o a combina\u00e7\u00e3o perfeita de durabilidade, conforto e versatilidade. Quer seja um principiante ou um atleta experiente, este conjunto de bandas vai ajud\u00e1-lo a levar os seus treinos para o n\u00edvel seguinte. N\u00e3o se destinam apenas aos entusiastas do gin\u00e1sio - s\u00e3o \u00f3ptimas para quem procura melhorar a flexibilidade e a for\u00e7a no conforto da sua casa ou em viagem.<\/p>\n<h3 data-start=\"3582\" data-end=\"3629\"><strong data-start=\"3586\" data-end=\"3629\">Perfeito para personaliza\u00e7\u00e3o e promo\u00e7\u00f5es:<\/strong><\/h3>\n<p data-start=\"3630\" data-end=\"3966\">Estas bandas s\u00e3o fant\u00e1sticas <strong data-start=\"3657\" data-end=\"3678\">brindes promocionais<\/strong> para eventos relacionados com o fitness ou brindes de empresas. Adicione o seu <strong data-start=\"3739\" data-end=\"3755\">log\u00f3tipo da empresa<\/strong> para aumentar a visibilidade da marca e, ao mesmo tempo, ajudar os outros a atingir os seus objectivos de fitness. O <strong data-start=\"3839\" data-end=\"3851\">Sem TPE<\/strong> e <strong data-start=\"3856\" data-end=\"3873\">l\u00e1tex natural<\/strong> O material garante que os seus clientes v\u00e3o adorar a qualidade e a durabilidade destes produtos.<\/p>","protected":false},"excerpt":{"rendered":"<p>Estes produtos de alta qualidade <strong data-start=\"378\" data-end=\"403\">Bandas de resist\u00eancia para la\u00e7os<\/strong> s\u00e3o perfeitas para qualquer entusiasta do fitness ou profissional que pretenda melhorar os seus treinos. O conjunto inclui 5 bandas diferentes, cada uma com diferentes n\u00edveis de resist\u00eancia, permitindo sess\u00f5es de treino personaliz\u00e1veis. Ideais para Yoga, Pilates, alongamentos e exerc\u00edcios de fortalecimento, estas bandas foram concebidas para ajudar a melhorar a flexibilidade, a ativa\u00e7\u00e3o dos gl\u00fateos e a tonifica\u00e7\u00e3o muscular geral. Fabricadas em <strong data-start=\"788\" data-end=\"810\">100% l\u00e1tex natural<\/strong> e <strong data-start=\"815\" data-end=\"827\">Sem TPE<\/strong>, Estas bandas de resist\u00eancia fornecem uma resist\u00eancia consistente mesmo ap\u00f3s muitas repeti\u00e7\u00f5es.<\/p>","protected":false},"featured_media":46781,"template":"","meta":{"_gspb_post_css":""},"product_brand":[],"product_cat":[34],"product_tag":[],"class_list":{"0":"post-46780","1":"product","2":"type-product","3":"status-publish","4":"has-post-thumbnail","6":"product_cat-stress-balls-games-toys","8":"first","9":"instock","10":"shipping-taxable","11":"product-type-simple"},"_links":{"self":[{"href":"https:\/\/globalgiftsupplier.com\/pt\/wp-json\/wp\/v2\/product\/46780","targetHints":{"allow":["GET"]}}],"collection":[{"href":"https:\/\/globalgiftsupplier.com\/pt\/wp-json\/wp\/v2\/product"}],"about":[{"href":"https:\/\/globalgiftsupplier.com\/pt\/wp-json\/wp\/v2\/types\/product"}],"wp:featuredmedia":[{"embeddable":true,"href":"https:\/\/globalgiftsupplier.com\/pt\/wp-json\/wp\/v2\/media\/46781"}],"wp:attachment":[{"href":"https:\/\/globalgiftsupplier.com\/pt\/wp-json\/wp\/v2\/media?parent=46780"}],"wp:term":[{"taxonomy":"product_brand","embeddable":true,"href":"https:\/\/globalgiftsupplier.com\/pt\/wp-json\/wp\/v2\/product_brand?post=46780"},{"taxonomy":"product_cat","embeddable":true,"href":"https:\/\/globalgiftsupplier.com\/pt\/wp-json\/wp\/v2\/product_cat?post=46780"},{"taxonomy":"product_tag","embeddable":true,"href":"https:\/\/globalgiftsupplier.com\/pt\/wp-json\/wp\/v2\/product_tag?post=46780"}],"curies":[{"name":"wp","href":"https:\/\/api.w.org\/{rel}","templated":true}]}}