{"id":46734,"date":"2026-02-16T08:38:53","date_gmt":"2026-02-16T08:38:53","guid":{"rendered":"https:\/\/globalgiftsupplier.com\/?post_type=product&#038;p=46734"},"modified":"2026-02-16T08:49:12","modified_gmt":"2026-02-16T08:49:12","slug":"yoga-fitness-exercises-natural-latex-resistance-loop-band","status":"publish","type":"product","link":"https:\/\/globalgiftsupplier.com\/pt\/product\/yoga-fitness-exercises-natural-latex-resistance-loop-band\/","title":{"rendered":"Faixa de la\u00e7o de resist\u00eancia de l\u00e1tex natural para exerc\u00edcios de fitness de ioga"},"content":{"rendered":"<ul data-start=\"951\" data-end=\"1426\">\n<li data-start=\"951\" data-end=\"1059\">\n<p data-start=\"953\" data-end=\"1059\"><strong data-start=\"953\" data-end=\"989\">Resist\u00eancia dur\u00e1vel e consistente:<\/strong> Fabricada em l\u00e1tex natural 100%, sem TPE, com uma resist\u00eancia duradoura.<\/p>\n<\/li>\n<li data-start=\"1060\" data-end=\"1154\">\n<p data-start=\"1062\" data-end=\"1154\"><strong data-start=\"1062\" data-end=\"1080\">Utiliza\u00e7\u00e3o vers\u00e1til:<\/strong> Ideal para Yoga, Pilates, alongamentos, ativa\u00e7\u00e3o dos gl\u00fateos, dia de pernas e muito mais.<\/p>\n<\/li>\n<li data-start=\"1155\" data-end=\"1251\">\n<p data-start=\"1157\" data-end=\"1251\"><strong data-start=\"1157\" data-end=\"1184\">Espessura personaliz\u00e1vel:<\/strong> Dispon\u00edvel nas espessuras de 0,014\u2033, 0,02\u2033, 0,028\u2033, 0,035\u2033 ou 0,043\u2033.<\/p>\n<\/li>\n<li data-start=\"1252\" data-end=\"1320\">\n<p data-start=\"1254\" data-end=\"1320\"><strong data-start=\"1254\" data-end=\"1277\">Port\u00e1til e compacto:<\/strong> F\u00e1cil de transportar e guardar para utiliza\u00e7\u00e3o em viagem.<\/p>\n<\/li>\n<li data-start=\"1321\" data-end=\"1426\">\n<p data-start=\"1323\" data-end=\"1426\"><strong data-start=\"1323\" data-end=\"1343\">Marca personalizada:<\/strong> Acrescente o seu log\u00f3tipo para aumentar a visibilidade da marca e torn\u00e1-lo num brinde promocional perfeito.<\/p>\n<\/li>\n<\/ul>\n<h4 data-start=\"1428\" data-end=\"1452\"><strong data-start=\"1433\" data-end=\"1452\">Especifica\u00e7\u00f5es:<\/strong><\/h4>\n<ul data-start=\"1453\" data-end=\"1896\">\n<li data-start=\"1453\" data-end=\"1478\">\n<p data-start=\"1455\" data-end=\"1478\"><strong data-start=\"1455\" data-end=\"1466\">Comprimento:<\/strong> 12 polegadas<\/p>\n<\/li>\n<li data-start=\"1479\" data-end=\"1502\">\n<p data-start=\"1481\" data-end=\"1502\"><strong data-start=\"1481\" data-end=\"1491\">Largura:<\/strong> 2 polegadas<\/p>\n<\/li>\n<li data-start=\"1503\" data-end=\"1567\">\n<p data-start=\"1505\" data-end=\"1567\"><strong data-start=\"1505\" data-end=\"1527\">Op\u00e7\u00f5es de espessura:<\/strong> 0.014\u2033, 0.02\u2033, 0.028\u2033, 0.035\u2033, 0.043\u2033<\/p>\n<\/li>\n<li data-start=\"1568\" data-end=\"1614\">\n<p data-start=\"1570\" data-end=\"1614\"><strong data-start=\"1570\" data-end=\"1583\">Material:<\/strong> 100% L\u00e1tex natural, sem TPE<\/p>\n<\/li>\n<li data-start=\"1652\" data-end=\"1697\">\n<p data-start=\"1654\" data-end=\"1697\"><strong data-start=\"1654\" data-end=\"1673\">Tamanho da embalagem:<\/strong> 34 cm x 28 cm x 38 cm<\/p>\n<\/li>\n<li data-start=\"1698\" data-end=\"1762\">\n<p data-start=\"1700\" data-end=\"1762\"><strong data-start=\"1700\" data-end=\"1720\">Peso de envio:<\/strong> 32 lbs por caixa (1000 unidades por caixa)<\/p>\n<\/li>\n<li data-start=\"1763\" data-end=\"1839\">\n<p data-start=\"1765\" data-end=\"1839\"><strong data-start=\"1765\" data-end=\"1785\">Tempo de produ\u00e7\u00e3o:<\/strong> 30 dias \u00fateis (servi\u00e7o urgente dispon\u00edvel em 28 dias)<\/p>\n<\/li>\n<li data-start=\"1840\" data-end=\"1874\">\n<p data-start=\"1842\" data-end=\"1874\"><strong data-start=\"1842\" data-end=\"1861\">M\u00e9todo de impress\u00e3o:<\/strong> Serigrafia<\/p>\n<\/li>\n<li data-start=\"1875\" data-end=\"1896\">\n<p data-start=\"1877\" data-end=\"1896\"><strong data-start=\"1877\" data-end=\"1888\">Origem:<\/strong> China<\/p>\n<\/li>\n<\/ul>\n<h4 data-start=\"1898\" data-end=\"1924\"><strong data-start=\"1903\" data-end=\"1924\">Cores dispon\u00edveis:<\/strong><\/h4>\n<p data-start=\"1925\" data-end=\"1958\">Verde, azul, amarelo, vermelho, preto<\/p>\n<h4 data-start=\"2130\" data-end=\"2149\"><strong data-start=\"2135\" data-end=\"2149\">Ideal para:<\/strong><\/h4>\n<ul data-start=\"2150\" data-end=\"2231\">\n<li data-start=\"2150\" data-end=\"2231\">\n<p data-start=\"2152\" data-end=\"2231\"><strong data-start=\"2152\" data-end=\"2231\">Brindes para empresas, brindes promocionais, equipamento de fitness, marca personalizada.<\/strong><\/p>\n<\/li>\n<\/ul>","protected":false},"excerpt":{"rendered":"<p>Esta banda de loop para exerc\u00edcios de Pilates yoga fitness personalizada por atacado \u00e9 feita de l\u00e1tex natural 100% e n\u00e3o cont\u00e9m TPE. Mant\u00e9m o mesmo n\u00edvel de resist\u00eancia ap\u00f3s muitas repeti\u00e7\u00f5es, garantindo durabilidade e consist\u00eancia ao longo do seu treino. Esta mini banda vers\u00e1til pode ser utilizada para Yoga, Pilates, alongamentos, ativa\u00e7\u00e3o dos gl\u00fateos, dia de pernas e muito mais. Cada banda tem 12 polegadas de comprimento e 2 polegadas de largura, com uma espessura de 0,014 \u2033. Est\u00e3o dispon\u00edveis op\u00e7\u00f5es de espessura personalizadas, variando de 0,02 \u2033 a 0,043 \u2033. Adicione seu logotipo a este produto popular e torne-o um excelente brinde promocional que atrair\u00e1 a aten\u00e7\u00e3o e aumentar\u00e1 a visibilidade de sua marca.<\/p>","protected":false},"featured_media":46738,"template":"","meta":{"_gspb_post_css":""},"product_brand":[],"product_cat":[33],"product_tag":[],"class_list":{"0":"post-46734","1":"product","2":"type-product","3":"status-publish","4":"has-post-thumbnail","6":"product_cat-sports-outdoor","8":"first","9":"instock","10":"shipping-taxable","11":"product-type-simple"},"_links":{"self":[{"href":"https:\/\/globalgiftsupplier.com\/pt\/wp-json\/wp\/v2\/product\/46734","targetHints":{"allow":["GET"]}}],"collection":[{"href":"https:\/\/globalgiftsupplier.com\/pt\/wp-json\/wp\/v2\/product"}],"about":[{"href":"https:\/\/globalgiftsupplier.com\/pt\/wp-json\/wp\/v2\/types\/product"}],"wp:featuredmedia":[{"embeddable":true,"href":"https:\/\/globalgiftsupplier.com\/pt\/wp-json\/wp\/v2\/media\/46738"}],"wp:attachment":[{"href":"https:\/\/globalgiftsupplier.com\/pt\/wp-json\/wp\/v2\/media?parent=46734"}],"wp:term":[{"taxonomy":"product_brand","embeddable":true,"href":"https:\/\/globalgiftsupplier.com\/pt\/wp-json\/wp\/v2\/product_brand?post=46734"},{"taxonomy":"product_cat","embeddable":true,"href":"https:\/\/globalgiftsupplier.com\/pt\/wp-json\/wp\/v2\/product_cat?post=46734"},{"taxonomy":"product_tag","embeddable":true,"href":"https:\/\/globalgiftsupplier.com\/pt\/wp-json\/wp\/v2\/product_tag?post=46734"}],"curies":[{"name":"wp","href":"https:\/\/api.w.org\/{rel}","templated":true}]}}