{"id":46728,"date":"2026-02-16T08:28:14","date_gmt":"2026-02-16T08:28:14","guid":{"rendered":"https:\/\/globalgiftsupplier.com\/?post_type=product&#038;p=46728"},"modified":"2026-02-16T08:28:14","modified_gmt":"2026-02-16T08:28:14","slug":"4-in-1-finger-capsule-charger-magnetic-wireless-power-bank","status":"publish","type":"product","link":"https:\/\/globalgiftsupplier.com\/pt\/product\/4-in-1-finger-capsule-charger-magnetic-wireless-power-bank\/","title":{"rendered":"Carregador de c\u00e1psulas de dedo 4 em 1 banco de energia magn\u00e9tico sem fios"},"content":{"rendered":"<ul data-start=\"901\" data-end=\"1416\">\n<li data-start=\"901\" data-end=\"995\">\n<p data-start=\"903\" data-end=\"995\"><strong data-start=\"903\" data-end=\"921\">Design \u00fanico:<\/strong> Banco de pot\u00eancia em forma de dedo ou c\u00e1psula com um porta-chaves para f\u00e1cil portabilidade.<\/p>\n<\/li>\n<li data-start=\"996\" data-end=\"1112\">\n<p data-start=\"998\" data-end=\"1112\"><strong data-start=\"998\" data-end=\"1016\">Alta capacidade:<\/strong> Inclui 1 power bank de base (5000mAh) e 4 power banks de dedo (1000mAh cada), totalizando 9000mAh.<\/p>\n<\/li>\n<li data-start=\"1113\" data-end=\"1226\">\n<p data-start=\"1115\" data-end=\"1226\"><strong data-start=\"1115\" data-end=\"1143\">Compatibilidade universal:<\/strong> Inclui 3 adaptadores para compatibilidade com quase todos os smartphones e auriculares.<\/p>\n<\/li>\n<li data-start=\"1227\" data-end=\"1313\">\n<p data-start=\"1229\" data-end=\"1313\"><strong data-start=\"1229\" data-end=\"1249\">Marca personalizada:<\/strong> Adicione o seu log\u00f3tipo \u00e0 capa protetora para um toque personalizado.<\/p>\n<\/li>\n<li data-start=\"1314\" data-end=\"1416\">\n<p data-start=\"1316\" data-end=\"1416\"><strong data-start=\"1316\" data-end=\"1339\">Apelo promocional:<\/strong> O seu aspeto sofisticado torna-o perfeito como artigo de oferta para aumentar a notoriedade da marca.<\/p>\n<\/li>\n<\/ul>\n<h4 data-start=\"1418\" data-end=\"1442\"><strong data-start=\"1423\" data-end=\"1442\">Especifica\u00e7\u00f5es:<\/strong><\/h4>\n<ul data-start=\"1443\" data-end=\"1931\">\n<li data-start=\"1443\" data-end=\"1484\">\n<p data-start=\"1445\" data-end=\"1484\"><strong data-start=\"1445\" data-end=\"1474\">Base Capacidade do Power Bank:<\/strong> 5000mAh<\/p>\n<\/li>\n<li data-start=\"1485\" data-end=\"1544\">\n<p data-start=\"1487\" data-end=\"1544\"><strong data-start=\"1487\" data-end=\"1518\">Dedo Capacidade do Power Bank:<\/strong> 1000mAh cada (4 pe\u00e7as)<\/p>\n<\/li>\n<li data-start=\"1545\" data-end=\"1576\">\n<p data-start=\"1547\" data-end=\"1576\"><strong data-start=\"1547\" data-end=\"1566\">Capacidade total:<\/strong> 9000mAh<\/p>\n<\/li>\n<li data-start=\"1577\" data-end=\"1617\">\n<p data-start=\"1579\" data-end=\"1617\"><strong data-start=\"1579\" data-end=\"1593\">Tamanho da base:<\/strong> 5,73\u2033 x 3,06\u2033 x 0,63\u2033<\/p>\n<\/li>\n<li data-start=\"1618\" data-end=\"1660\">\n<p data-start=\"1620\" data-end=\"1660\"><strong data-start=\"1620\" data-end=\"1636\">Tamanho do dedo:<\/strong> 2,93\u2033 x 1,32\u2033 x 0,69\u2033<\/p>\n<\/li>\n<li data-start=\"1661\" data-end=\"1686\">\n<p data-start=\"1663\" data-end=\"1686\"><strong data-start=\"1663\" data-end=\"1676\">Material:<\/strong> ABS, PC<\/p>\n<\/li>\n<li data-start=\"1687\" data-end=\"1751\">\n<p data-start=\"1689\" data-end=\"1751\"><strong data-start=\"1689\" data-end=\"1709\">Peso de envio:<\/strong> 33,5 lbs por caixa (40 unidades por caixa)<\/p>\n<\/li>\n<li data-start=\"1752\" data-end=\"1797\">\n<p data-start=\"1754\" data-end=\"1797\"><strong data-start=\"1754\" data-end=\"1773\">Tamanho da embalagem:<\/strong> 39 cm x 31 cm x 24 cm<\/p>\n<\/li>\n<li data-start=\"1798\" data-end=\"1874\">\n<p data-start=\"1800\" data-end=\"1874\"><strong data-start=\"1800\" data-end=\"1820\">Tempo de produ\u00e7\u00e3o:<\/strong> 15 dias \u00fateis (servi\u00e7o urgente dispon\u00edvel em 12 dias)<\/p>\n<\/li>\n<li data-start=\"1875\" data-end=\"1909\">\n<p data-start=\"1877\" data-end=\"1909\"><strong data-start=\"1877\" data-end=\"1896\">M\u00e9todo de impress\u00e3o:<\/strong> Serigrafia<\/p>\n<\/li>\n<li data-start=\"1910\" data-end=\"1931\">\n<p data-start=\"1912\" data-end=\"1931\"><strong data-start=\"1912\" data-end=\"1923\">Origem:<\/strong> China<\/p>\n<\/li>\n<\/ul>\n<h4 data-start=\"1933\" data-end=\"1959\"><strong data-start=\"1938\" data-end=\"1959\">Cores dispon\u00edveis:<\/strong><\/h4>\n<p data-start=\"1960\" data-end=\"1974\">Branco, preto<\/p>\n<h4 data-start=\"2146\" data-end=\"2165\"><strong data-start=\"2151\" data-end=\"2165\">Ideal para:<\/strong><\/h4>\n<ul data-start=\"2166\" data-end=\"2248\">\n<li data-start=\"2166\" data-end=\"2248\">\n<p data-start=\"2168\" data-end=\"2248\"><strong data-start=\"2168\" data-end=\"2248\">Brindes para empresas, brindes promocionais, acess\u00f3rios para telem\u00f3veis, marcas personalizadas.<\/strong><\/p>\n<\/li>\n<\/ul>","protected":false},"excerpt":{"rendered":"<p>Esta inovadora e compacta power bank combina funcionalidade e estilo, concebida sob a forma de um dedo ou de uma c\u00e1psula. O power bank de base tem uma capacidade de 5000mAh, enquanto cada power bank de dedo tem 1000mAh, fazendo com que a capacidade total seja de 9000mAh. Inclui tr\u00eas adaptadores de uso comum (compat\u00edveis com a maioria dos smartphones e auriculares) e possui um design de porta-chaves, facilitando o seu transporte. Quer o utilize para venda a retalho ou como brinde promocional, a inclus\u00e3o do seu log\u00f3tipo no power bank garante que a sua marca receber\u00e1 grande visibilidade e aten\u00e7\u00e3o.<\/p>","protected":false},"featured_media":46729,"template":"","meta":{"_gspb_post_css":""},"product_brand":[],"product_cat":[27],"product_tag":[],"class_list":{"0":"post-46728","1":"product","2":"type-product","3":"status-publish","4":"has-post-thumbnail","6":"product_cat-technology","8":"first","9":"instock","10":"shipping-taxable","11":"product-type-simple"},"_links":{"self":[{"href":"https:\/\/globalgiftsupplier.com\/pt\/wp-json\/wp\/v2\/product\/46728","targetHints":{"allow":["GET"]}}],"collection":[{"href":"https:\/\/globalgiftsupplier.com\/pt\/wp-json\/wp\/v2\/product"}],"about":[{"href":"https:\/\/globalgiftsupplier.com\/pt\/wp-json\/wp\/v2\/types\/product"}],"wp:featuredmedia":[{"embeddable":true,"href":"https:\/\/globalgiftsupplier.com\/pt\/wp-json\/wp\/v2\/media\/46729"}],"wp:attachment":[{"href":"https:\/\/globalgiftsupplier.com\/pt\/wp-json\/wp\/v2\/media?parent=46728"}],"wp:term":[{"taxonomy":"product_brand","embeddable":true,"href":"https:\/\/globalgiftsupplier.com\/pt\/wp-json\/wp\/v2\/product_brand?post=46728"},{"taxonomy":"product_cat","embeddable":true,"href":"https:\/\/globalgiftsupplier.com\/pt\/wp-json\/wp\/v2\/product_cat?post=46728"},{"taxonomy":"product_tag","embeddable":true,"href":"https:\/\/globalgiftsupplier.com\/pt\/wp-json\/wp\/v2\/product_tag?post=46728"}],"curies":[{"name":"wp","href":"https:\/\/api.w.org\/{rel}","templated":true}]}}