{"id":46719,"date":"2026-02-16T08:17:05","date_gmt":"2026-02-16T08:17:05","guid":{"rendered":"https:\/\/globalgiftsupplier.com\/?post_type=product&#038;p=46719"},"modified":"2026-02-16T08:17:05","modified_gmt":"2026-02-16T08:17:05","slug":"3-in-1-retractable-fast-charging-cable","status":"publish","type":"product","link":"https:\/\/globalgiftsupplier.com\/pt\/product\/3-in-1-retractable-fast-charging-cable\/","title":{"rendered":"Cabo de carregamento r\u00e1pido retr\u00e1til 3 em 1"},"content":{"rendered":"<h4 data-start=\"902\" data-end=\"924\"><\/h4>\n<ul data-start=\"925\" data-end=\"1412\">\n<li data-start=\"925\" data-end=\"1022\">\n<p data-start=\"927\" data-end=\"1022\"><strong data-start=\"927\" data-end=\"945\">Design 3 em 1:<\/strong> Inclui conectores Lightning, Micro USB e Type-C para um carregamento vers\u00e1til.<\/p>\n<\/li>\n<li data-start=\"1023\" data-end=\"1122\">\n<p data-start=\"1025\" data-end=\"1122\"><strong data-start=\"1025\" data-end=\"1053\">Comprimento do cabo ajust\u00e1vel:<\/strong> O cabo estende-se at\u00e9 47,3\u2033 e pode ser recolhido sem ficar emaranhado.<\/p>\n<\/li>\n<li data-start=\"1123\" data-end=\"1232\">\n<p data-start=\"1125\" data-end=\"1232\"><strong data-start=\"1125\" data-end=\"1153\">Compatibilidade universal:<\/strong> Funciona com a maioria dos smartphones, c\u00e2maras, leitores de jogos de v\u00eddeo e leitores de MP3\/MP4.<\/p>\n<\/li>\n<li data-start=\"1233\" data-end=\"1326\">\n<p data-start=\"1235\" data-end=\"1326\"><strong data-start=\"1235\" data-end=\"1255\">Marca personalizada:<\/strong> Personalize a capa protetora com o seu log\u00f3tipo para aumentar a visibilidade.<\/p>\n<\/li>\n<li data-start=\"1327\" data-end=\"1412\">\n<p data-start=\"1329\" data-end=\"1412\"><strong data-start=\"1329\" data-end=\"1353\">Ideal para brindes:<\/strong> Um produto promocional perfeito que atrair\u00e1 a aten\u00e7\u00e3o.<\/p>\n<\/li>\n<\/ul>\n<h4 data-start=\"1414\" data-end=\"1438\"><strong data-start=\"1419\" data-end=\"1438\">Especifica\u00e7\u00f5es:<\/strong><\/h4>\n<ul data-start=\"1439\" data-end=\"1829\">\n<li data-start=\"1439\" data-end=\"1489\">\n<p data-start=\"1441\" data-end=\"1489\"><strong data-start=\"1441\" data-end=\"1458\">Comprimento do cabo:<\/strong> Ajust\u00e1vel, comprimento m\u00e1ximo 47,3\u2033<\/p>\n<\/li>\n<li data-start=\"1490\" data-end=\"1555\">\n<p data-start=\"1492\" data-end=\"1555\"><strong data-start=\"1492\" data-end=\"1512\">Compat\u00edvel com:<\/strong> Dispositivos Lightning, Micro USB e Type-C<\/p>\n<\/li>\n<li data-start=\"1556\" data-end=\"1577\">\n<p data-start=\"1558\" data-end=\"1577\"><strong data-start=\"1558\" data-end=\"1571\">Material:<\/strong> TPE<\/p>\n<\/li>\n<li data-start=\"1578\" data-end=\"1610\">\n<p data-start=\"1580\" data-end=\"1610\"><strong data-start=\"1580\" data-end=\"1589\">Tamanho:<\/strong> 47\u2033 (comprimento do cabo)<\/p>\n<\/li>\n<li data-start=\"1643\" data-end=\"1706\">\n<p data-start=\"1645\" data-end=\"1706\"><strong data-start=\"1645\" data-end=\"1665\">Peso de envio:<\/strong> 25 lbs por caixa de cart\u00e3o (250 unidades por caixa de cart\u00e3o)<\/p>\n<\/li>\n<li data-start=\"1707\" data-end=\"1772\">\n<p data-start=\"1709\" data-end=\"1772\"><strong data-start=\"1709\" data-end=\"1729\">Tempo de produ\u00e7\u00e3o:<\/strong> 15 dias \u00fateis (servi\u00e7o de urg\u00eancia dispon\u00edvel)<\/p>\n<\/li>\n<li data-start=\"1773\" data-end=\"1807\">\n<p data-start=\"1775\" data-end=\"1807\"><strong data-start=\"1775\" data-end=\"1794\">M\u00e9todo de impress\u00e3o:<\/strong> Serigrafia<\/p>\n<\/li>\n<li data-start=\"1808\" data-end=\"1829\">\n<p data-start=\"1810\" data-end=\"1829\"><strong data-start=\"1810\" data-end=\"1821\">Origem:<\/strong> China<\/p>\n<\/li>\n<\/ul>\n<h4 data-start=\"1831\" data-end=\"1857\"><strong data-start=\"1836\" data-end=\"1857\">Cores dispon\u00edveis:<\/strong><\/h4>\n<p data-start=\"1858\" data-end=\"1894\">Dourado, preto, azul, vermelho, cor-de-rosa, cinzento<\/p>\n<h4 data-start=\"2066\" data-end=\"2085\"><strong data-start=\"2071\" data-end=\"2085\">Ideal para:<\/strong><\/h4>\n<ul data-start=\"2086\" data-end=\"2168\">\n<li data-start=\"2086\" data-end=\"2168\">\n<p data-start=\"2088\" data-end=\"2168\"><strong data-start=\"2088\" data-end=\"2168\">Brindes para empresas, brindes promocionais, acess\u00f3rios para telem\u00f3veis, marcas personalizadas.<\/strong><\/p>\n<\/li>\n<\/ul>","protected":false},"excerpt":{"rendered":"<p>Este cabo de carregamento rel\u00e2mpago multi-retr\u00e1til 3 em 1 \u00e9 fornecido com tr\u00eas adaptadores normalmente utilizados - compat\u00edvel com a maioria dos smartphones, leitores de jogos de v\u00eddeo, c\u00e2maras e leitores de MP3\/MP4. Com um comprimento de cabo ajust\u00e1vel que se estende at\u00e9 47,3\u2033, oferece uma solu\u00e7\u00e3o conveniente e sem emaranhados para todas as suas necessidades de carregamento. O cabo de mola pode ser esticado e retra\u00eddo sem torcer ou emaranhar, tornando-o perfeito para v\u00e1rios cen\u00e1rios. O cabo de alimenta\u00e7\u00e3o foi concebido para ser elegante e port\u00e1til, o que o torna um brinde promocional ideal. Adicione o seu log\u00f3tipo \u00e0 capa protetora da bobina para aumentar a visibilidade da marca.<\/p>","protected":false},"featured_media":46720,"template":"","meta":{"_gspb_post_css":""},"product_brand":[],"product_cat":[27],"product_tag":[],"class_list":{"0":"post-46719","1":"product","2":"type-product","3":"status-publish","4":"has-post-thumbnail","6":"product_cat-technology","8":"first","9":"instock","10":"shipping-taxable","11":"product-type-simple"},"_links":{"self":[{"href":"https:\/\/globalgiftsupplier.com\/pt\/wp-json\/wp\/v2\/product\/46719","targetHints":{"allow":["GET"]}}],"collection":[{"href":"https:\/\/globalgiftsupplier.com\/pt\/wp-json\/wp\/v2\/product"}],"about":[{"href":"https:\/\/globalgiftsupplier.com\/pt\/wp-json\/wp\/v2\/types\/product"}],"wp:featuredmedia":[{"embeddable":true,"href":"https:\/\/globalgiftsupplier.com\/pt\/wp-json\/wp\/v2\/media\/46720"}],"wp:attachment":[{"href":"https:\/\/globalgiftsupplier.com\/pt\/wp-json\/wp\/v2\/media?parent=46719"}],"wp:term":[{"taxonomy":"product_brand","embeddable":true,"href":"https:\/\/globalgiftsupplier.com\/pt\/wp-json\/wp\/v2\/product_brand?post=46719"},{"taxonomy":"product_cat","embeddable":true,"href":"https:\/\/globalgiftsupplier.com\/pt\/wp-json\/wp\/v2\/product_cat?post=46719"},{"taxonomy":"product_tag","embeddable":true,"href":"https:\/\/globalgiftsupplier.com\/pt\/wp-json\/wp\/v2\/product_tag?post=46719"}],"curies":[{"name":"wp","href":"https:\/\/api.w.org\/{rel}","templated":true}]}}