{"id":46713,"date":"2026-02-16T06:06:04","date_gmt":"2026-02-16T06:06:04","guid":{"rendered":"https:\/\/globalgiftsupplier.com\/?post_type=product&#038;p=46713"},"modified":"2026-02-16T06:07:11","modified_gmt":"2026-02-16T06:07:11","slug":"portable-mini-power-bank-with-3-in-1-charge-cable","status":"publish","type":"product","link":"https:\/\/globalgiftsupplier.com\/pt\/product\/portable-mini-power-bank-with-3-in-1-charge-cable\/","title":{"rendered":"Mini Power Bank port\u00e1til com cabo de carregamento 3 em 1"},"content":{"rendered":"<p data-start=\"289\" data-end=\"799\">\n<h4 data-start=\"801\" data-end=\"823\"><strong data-start=\"806\" data-end=\"823\">Carater\u00edsticas principais:<\/strong><\/h4>\n<ul data-start=\"824\" data-end=\"1354\">\n<li data-start=\"824\" data-end=\"901\">\n<p data-start=\"826\" data-end=\"901\"><strong data-start=\"826\" data-end=\"847\">Capacidade e pot\u00eancia:<\/strong> 2300mAh, sa\u00edda de 2,4A para um carregamento r\u00e1pido e eficiente.<\/p>\n<\/li>\n<li data-start=\"902\" data-end=\"1030\">\n<p data-start=\"904\" data-end=\"1030\"><strong data-start=\"904\" data-end=\"932\">Compatibilidade universal:<\/strong> Inclui adaptadores Lightning, Micro USB e Tipo C para compatibilidade com quase todos os smartphones.<\/p>\n<\/li>\n<li data-start=\"1031\" data-end=\"1114\">\n<p data-start=\"1033\" data-end=\"1114\"><strong data-start=\"1033\" data-end=\"1061\">Comprimento do cabo ajust\u00e1vel:<\/strong> O cabo estende-se de 5,91\u2033 a 27,56\u2033 sem ficar emaranhado.<\/p>\n<\/li>\n<li data-start=\"1115\" data-end=\"1191\">\n<p data-start=\"1117\" data-end=\"1191\"><strong data-start=\"1117\" data-end=\"1140\">Compacto e port\u00e1til:<\/strong> F\u00e1cil de transportar e perfeito para viagens ou utiliza\u00e7\u00e3o di\u00e1ria.<\/p>\n<\/li>\n<li data-start=\"1192\" data-end=\"1278\">\n<p data-start=\"1194\" data-end=\"1278\"><strong data-start=\"1194\" data-end=\"1214\">Marca personalizada:<\/strong> Adicione o seu log\u00f3tipo \u00e0 capa protetora para um toque personalizado.<\/p>\n<\/li>\n<li data-start=\"1279\" data-end=\"1354\">\n<p data-start=\"1281\" data-end=\"1354\"><strong data-start=\"1281\" data-end=\"1302\">Oferta perfeita:<\/strong> Um \u00f3timo artigo promocional para empresas e eventos.<\/p>\n<\/li>\n<\/ul>\n<h4 data-start=\"1356\" data-end=\"1380\"><strong data-start=\"1361\" data-end=\"1380\">Especifica\u00e7\u00f5es:<\/strong><\/h4>\n<ul data-start=\"1381\" data-end=\"1761\">\n<li data-start=\"1381\" data-end=\"1406\">\n<p data-start=\"1383\" data-end=\"1406\"><strong data-start=\"1383\" data-end=\"1396\">Capacidade:<\/strong> 2300mAh<\/p>\n<\/li>\n<li data-start=\"1407\" data-end=\"1427\">\n<p data-start=\"1409\" data-end=\"1427\"><strong data-start=\"1409\" data-end=\"1420\">Sa\u00edda:<\/strong> 2.4A<\/p>\n<\/li>\n<li data-start=\"1428\" data-end=\"1481\">\n<p data-start=\"1430\" data-end=\"1481\"><strong data-start=\"1430\" data-end=\"1447\">Comprimento do cabo:<\/strong> Ajust\u00e1vel de 5,91\u2033 a 27,56\u2033<\/p>\n<\/li>\n<li data-start=\"1482\" data-end=\"1503\">\n<p data-start=\"1484\" data-end=\"1503\"><strong data-start=\"1484\" data-end=\"1497\">Material:<\/strong> ABS<\/p>\n<\/li>\n<li data-start=\"1504\" data-end=\"1539\">\n<p data-start=\"1506\" data-end=\"1539\"><strong data-start=\"1506\" data-end=\"1515\">Tamanho:<\/strong> 2,53\u2033 x 2,42\u2033 x 1,56\u2033<\/p>\n<\/li>\n<li data-start=\"1540\" data-end=\"1564\">\n<p data-start=\"1542\" data-end=\"1564\"><strong data-start=\"1542\" data-end=\"1553\">Peso:<\/strong> 0,165 kg<\/p>\n<\/li>\n<li data-start=\"1565\" data-end=\"1620\">\n<p data-start=\"1567\" data-end=\"1620\"><strong data-start=\"1567\" data-end=\"1587\">Peso de envio:<\/strong> 31 lbs por caixa (80 pcs\/ctn)<\/p>\n<\/li>\n<li data-start=\"1621\" data-end=\"1642\">\n<p data-start=\"1623\" data-end=\"1642\"><strong data-start=\"1623\" data-end=\"1634\">Origem:<\/strong> China<\/p>\n<\/li>\n<li data-start=\"1643\" data-end=\"1717\">\n<p data-start=\"1645\" data-end=\"1717\"><strong data-start=\"1645\" data-end=\"1665\">Tempo de produ\u00e7\u00e3o:<\/strong> 17 dias \u00fateis (servi\u00e7o urgente dispon\u00edvel, 15 dias)<\/p>\n<\/li>\n<li data-start=\"1718\" data-end=\"1761\">\n<p data-start=\"1720\" data-end=\"1761\"><strong data-start=\"1720\" data-end=\"1739\">M\u00e9todo de impress\u00e3o:<\/strong> Impress\u00e3o serigr\u00e1fica<\/p>\n<\/li>\n<\/ul>\n<h4 data-start=\"1763\" data-end=\"1789\"><strong data-start=\"1768\" data-end=\"1789\">Cores dispon\u00edveis:<\/strong><\/h4>\n<p data-start=\"1790\" data-end=\"1816\">Branco, preto, verde, vermelho<\/p>\n<h4 data-start=\"1988\" data-end=\"2007\"><strong data-start=\"1993\" data-end=\"2007\">Ideal para:<\/strong><\/h4>\n<ul data-start=\"2008\" data-end=\"2089\">\n<li data-start=\"2008\" data-end=\"2089\">\n<p data-start=\"2010\" data-end=\"2089\"><strong data-start=\"2010\" data-end=\"2089\">Brindes para empresas, acess\u00f3rios para telem\u00f3veis, produtos promocionais, marcas personalizadas.<\/strong><\/p>\n<\/li>\n<\/ul>","protected":false},"excerpt":{"rendered":"<p>Este mini banco de energia elegante e port\u00e1til tem uma capacidade de 2300 mAh e uma sa\u00edda de 2,4 A, perfeita para carregar os seus dispositivos m\u00f3veis em movimento. Inclui um cabo de carregamento 3 em 1 com conectores Lightning, Micro USB e Tipo C, tornando-o compat\u00edvel com a maioria dos smartphones. O cabo de mola se estende de 5,91 \"a 27,56\" e garante que n\u00e3o haja emaranhamento ou tor\u00e7\u00e3o. Este banco de energia \u00e9 compacto, leve e inclui espa\u00e7o de marca personaliz\u00e1vel na capa protetora, tornando-o ideal para brindes ou uso promocional.<\/p>","protected":false},"featured_media":46714,"template":"","meta":{"_gspb_post_css":""},"product_brand":[],"product_cat":[27],"product_tag":[],"class_list":{"0":"post-46713","1":"product","2":"type-product","3":"status-publish","4":"has-post-thumbnail","6":"product_cat-technology","8":"first","9":"instock","10":"shipping-taxable","11":"product-type-simple"},"_links":{"self":[{"href":"https:\/\/globalgiftsupplier.com\/pt\/wp-json\/wp\/v2\/product\/46713","targetHints":{"allow":["GET"]}}],"collection":[{"href":"https:\/\/globalgiftsupplier.com\/pt\/wp-json\/wp\/v2\/product"}],"about":[{"href":"https:\/\/globalgiftsupplier.com\/pt\/wp-json\/wp\/v2\/types\/product"}],"wp:featuredmedia":[{"embeddable":true,"href":"https:\/\/globalgiftsupplier.com\/pt\/wp-json\/wp\/v2\/media\/46714"}],"wp:attachment":[{"href":"https:\/\/globalgiftsupplier.com\/pt\/wp-json\/wp\/v2\/media?parent=46713"}],"wp:term":[{"taxonomy":"product_brand","embeddable":true,"href":"https:\/\/globalgiftsupplier.com\/pt\/wp-json\/wp\/v2\/product_brand?post=46713"},{"taxonomy":"product_cat","embeddable":true,"href":"https:\/\/globalgiftsupplier.com\/pt\/wp-json\/wp\/v2\/product_cat?post=46713"},{"taxonomy":"product_tag","embeddable":true,"href":"https:\/\/globalgiftsupplier.com\/pt\/wp-json\/wp\/v2\/product_tag?post=46713"}],"curies":[{"name":"wp","href":"https:\/\/api.w.org\/{rel}","templated":true}]}}