{"id":46653,"date":"2026-02-13T01:54:24","date_gmt":"2026-02-13T01:54:24","guid":{"rendered":"https:\/\/globalgiftsupplier.com\/?post_type=product&#038;p=46653"},"modified":"2026-02-13T02:00:44","modified_gmt":"2026-02-13T02:00:44","slug":"usb-charging-cable-retractable-3-in-1","status":"publish","type":"product","link":"https:\/\/globalgiftsupplier.com\/pt\/product\/usb-charging-cable-retractable-3-in-1\/","title":{"rendered":"Cabo de carregamento USB retr\u00e1til 3 em 1"},"content":{"rendered":"<ul data-start=\"974\" data-end=\"1457\">\n<li data-start=\"974\" data-end=\"1052\">\n<p data-start=\"976\" data-end=\"1052\"><strong data-start=\"976\" data-end=\"994\">Design 3 em 1:<\/strong> Compat\u00edvel com dispositivos Lightning, Type-C e micro USB.<\/p>\n<\/li>\n<li data-start=\"1053\" data-end=\"1132\">\n<p data-start=\"1055\" data-end=\"1132\"><strong data-start=\"1055\" data-end=\"1079\">Carregamento a alta velocidade:<\/strong> Corrente de sa\u00edda total at\u00e9 2,1 A para um carregamento mais r\u00e1pido.<\/p>\n<\/li>\n<li data-start=\"1133\" data-end=\"1242\">\n<p data-start=\"1135\" data-end=\"1242\"><strong data-start=\"1135\" data-end=\"1158\">Dur\u00e1vel e flex\u00edvel:<\/strong> Revestimento TPE elegante e estrutura de rodas \u00fanica para maior durabilidade e flexibilidade.<\/p>\n<\/li>\n<li data-start=\"1243\" data-end=\"1333\">\n<p data-start=\"1245\" data-end=\"1333\"><strong data-start=\"1245\" data-end=\"1268\">Compacto e port\u00e1til:<\/strong> Pequeno e leve, ideal para viagens, escrit\u00f3rio ou utiliza\u00e7\u00e3o no exterior.<\/p>\n<\/li>\n<li data-start=\"1334\" data-end=\"1395\">\n<p data-start=\"1336\" data-end=\"1395\"><strong data-start=\"1336\" data-end=\"1362\">Dispon\u00edvel log\u00f3tipo personalizado:<\/strong> Personalize com a sua pr\u00f3pria marca.<\/p>\n<\/li>\n<li data-start=\"1396\" data-end=\"1457\">\n<p data-start=\"1398\" data-end=\"1457\"><strong data-start=\"1398\" data-end=\"1411\">Garantia:<\/strong> Garantia de 12 meses + servi\u00e7o de apoio ao cliente 24 horas por dia.<\/p>\n<\/li>\n<\/ul>\n<h4 data-start=\"1201\" data-end=\"1225\">Especifica\u00e7\u00f5es:<\/h4>\n<ul data-start=\"1226\" data-end=\"1484\">\n<li data-start=\"1226\" data-end=\"1275\">\n<p data-start=\"1228\" data-end=\"1275\"><strong data-start=\"1228\" data-end=\"1248\">Peso de envio:<\/strong> 500 unidades por caixa, 22 lbs<\/p>\n<\/li>\n<li data-start=\"1276\" data-end=\"1325\">\n<p data-start=\"1278\" data-end=\"1325\"><strong data-start=\"1278\" data-end=\"1303\">Dimens\u00f5es da embalagem:<\/strong> 53 cm x 38 cm x 20 cm<\/p>\n<\/li>\n<li data-start=\"1326\" data-end=\"1371\">\n<p data-start=\"1328\" data-end=\"1371\"><strong data-start=\"1328\" data-end=\"1348\">Personaliza\u00e7\u00e3o:<\/strong> Log\u00f3tipos personalizados dispon\u00edveis<\/p>\n<\/li>\n<li data-start=\"1372\" data-end=\"1401\">\n<p data-start=\"1374\" data-end=\"1401\"><strong data-start=\"1374\" data-end=\"1391\">Servi\u00e7o de urg\u00eancia:<\/strong> Dispon\u00edvel<\/p>\n<\/li>\n<li data-start=\"1402\" data-end=\"1443\">\n<p data-start=\"1404\" data-end=\"1443\"><strong data-start=\"1404\" data-end=\"1423\">M\u00e9todo de impress\u00e3o:<\/strong> Impress\u00e3o serigr\u00e1fica<\/p>\n<\/li>\n<\/ul>\n<h4 data-start=\"1486\" data-end=\"1512\">Cores dispon\u00edveis:<\/h4>\n<p data-start=\"1513\" data-end=\"1542\">Preto, azul, vermelho, cinzento, dourado.<\/p>\n<h4 data-start=\"1544\" data-end=\"1565\"><strong>Ideal para:<\/strong><\/h4>\n<ul data-start=\"1566\" data-end=\"1610\">\n<li data-start=\"1566\" data-end=\"1610\">\n<p data-start=\"1568\" data-end=\"1610\">Escrit\u00f3rio, viagens, telem\u00f3vel, autom\u00f3vel, exterior.<\/p>\n<\/li>\n<\/ul>","protected":false},"excerpt":{"rendered":"<p>Este cabo de carregamento retr\u00e1til 3 em 1 est\u00e1 equipado com tr\u00eas portas USB: Lightning, Type-C e micro USB. Com um comprimento m\u00e1ximo de 1 metro, este cabo permite carregar at\u00e9 3 dispositivos electr\u00f3nicos em simult\u00e2neo. Os fios de cobre de quatro n\u00facleos aumentam a velocidade de carregamento e a corrente de sa\u00edda m\u00e1xima total pode atingir 2,1 A (total, n\u00e3o por porta). Com um revestimento TPE elegante de alta qualidade e uma estrutura em forma de roda, este cabo foi concebido para ser dur\u00e1vel, flex\u00edvel e f\u00e1cil de utilizar. O seu tamanho pequeno e design leve tornam-no perfeito para portabilidade e utiliza\u00e7\u00e3o em movimento. O produto inclui uma garantia de 12 meses e um servi\u00e7o de apoio ao cliente 24 horas por dia. Est\u00e3o dispon\u00edveis op\u00e7\u00f5es de log\u00f3tipo personalizado para personalizar com a sua marca.<\/p>","protected":false},"featured_media":46665,"template":"","meta":{"_gspb_post_css":""},"product_brand":[],"product_cat":[27],"product_tag":[],"class_list":{"0":"post-46653","1":"product","2":"type-product","3":"status-publish","4":"has-post-thumbnail","6":"product_cat-technology","8":"first","9":"instock","10":"shipping-taxable","11":"product-type-simple"},"_links":{"self":[{"href":"https:\/\/globalgiftsupplier.com\/pt\/wp-json\/wp\/v2\/product\/46653","targetHints":{"allow":["GET"]}}],"collection":[{"href":"https:\/\/globalgiftsupplier.com\/pt\/wp-json\/wp\/v2\/product"}],"about":[{"href":"https:\/\/globalgiftsupplier.com\/pt\/wp-json\/wp\/v2\/types\/product"}],"wp:featuredmedia":[{"embeddable":true,"href":"https:\/\/globalgiftsupplier.com\/pt\/wp-json\/wp\/v2\/media\/46665"}],"wp:attachment":[{"href":"https:\/\/globalgiftsupplier.com\/pt\/wp-json\/wp\/v2\/media?parent=46653"}],"wp:term":[{"taxonomy":"product_brand","embeddable":true,"href":"https:\/\/globalgiftsupplier.com\/pt\/wp-json\/wp\/v2\/product_brand?post=46653"},{"taxonomy":"product_cat","embeddable":true,"href":"https:\/\/globalgiftsupplier.com\/pt\/wp-json\/wp\/v2\/product_cat?post=46653"},{"taxonomy":"product_tag","embeddable":true,"href":"https:\/\/globalgiftsupplier.com\/pt\/wp-json\/wp\/v2\/product_tag?post=46653"}],"curies":[{"name":"wp","href":"https:\/\/api.w.org\/{rel}","templated":true}]}}