{"id":47571,"date":"2026-03-31T15:58:50","date_gmt":"2026-03-31T15:58:50","guid":{"rendered":"https:\/\/globalgiftsupplier.com\/?post_type=product&#038;p=47571"},"modified":"2026-03-31T15:58:50","modified_gmt":"2026-03-31T15:58:50","slug":"custom-silicone-wristband-with-logo","status":"publish","type":"product","link":"https:\/\/globalgiftsupplier.com\/it\/product\/custom-silicone-wristband-with-logo\/","title":{"rendered":"Braccialetto in silicone personalizzato con logo"},"content":{"rendered":"<p data-start=\"1545\" data-end=\"2038\">Questo <strong data-start=\"1576\" data-end=\"1605\">braccialetto in silicone personalizzato<\/strong> \u00e8 un prodotto promozionale semplice ma potente, progettato per <strong data-start=\"1664\" data-end=\"1800\">visibilit\u00e0 del marchio, omaggi per eventi, campagne di sensibilizzazione, spirito di squadra, attivit\u00e0 scolastiche, programmi di raccolta fondi e merchandising al dettaglio.<\/strong>. In base alle immagini del prodotto, questo modello \u00e8 caratterizzato da una forma a fascia pulita con <strong data-start=\"1875\" data-end=\"1936\">testo personalizzato, logo ed effetti artistici in rilievo o incassati<\/strong>, \u00c8 la scelta ideale per le organizzazioni che desiderano un articolo a basso costo con un'elevata visibilit\u00e0 ripetuta.<\/p>\n<p data-start=\"2040\" data-end=\"2542\">I braccialetti in silicone rimangono uno degli accessori promozionali pi\u00f9 pratici perch\u00e9 sono <strong data-start=\"2134\" data-end=\"2229\">Leggero, comodo da indossare, facile da distribuire e da riconoscere a distanza.<\/strong>. Le persone possono indossarli durante eventi, attivit\u00e0 sportive, programmi scolastici, corse di beneficenza, campagne per i fan, concerti, promozioni al dettaglio e progetti comunitari. Una volta indossato, il braccialetto mantiene il messaggio visibile per tutto il giorno, aiutando il vostro marchio, slogan o campagna a rimanere in vista in modo naturale e ripetuto.<\/p>\n<p data-start=\"2544\" data-end=\"3117\">Le immagini del prodotto mostrano diversi <strong data-start=\"2576\" data-end=\"2605\">combinazioni di colori personalizzate<\/strong>, Anche i braccialetti monocolore e i disegni di logo o testo a contrasto. Questo rende il braccialetto adatto a diversi stili di branding. Un'azienda pu\u00f2 utilizzarlo per la promozione del logo, una scuola per le attivit\u00e0 di sensibilizzazione, un'organizzazione no-profit per i messaggi di sensibilizzazione e un organizzatore di eventi come semplice oggetto di partecipazione o accessorio d'ingresso. Poich\u00e9 la superficie della banda pu\u00f2 contenere un breve messaggio, il nome di un marchio o una grafica personalizzata, funziona altrettanto bene per <strong data-start=\"3070\" data-end=\"3114\">uso promozionale e connessione emotiva<\/strong>.<\/p>\n<p data-start=\"3119\" data-end=\"3640\">Un altro importante vantaggio di questo prodotto \u00e8 la sua <strong data-start=\"3170\" data-end=\"3185\">versatilit\u00e0<\/strong>. Pu\u00f2 essere utilizzato come omaggio, come articolo per i sostenitori, come braccialetto per la campagna o come accessorio per la vendita al dettaglio. Rispetto a molti prodotti per eventi in carta o plastica, i braccialetti in silicone hanno maggiori probabilit\u00e0 di essere conservati e indossati di nuovo. Ci\u00f2 contribuisce a estendere il vostro marchio oltre l'evento o la promozione originale. Per le aziende e le organizzazioni che cercano un prodotto con <strong data-start=\"3535\" data-end=\"3603\">forte visibilit\u00e0, semplicit\u00e0 di produzione e facilit\u00e0 di distribuzione all'ingrosso<\/strong>, \u00e8 una scelta molto affidabile.<\/p>\n<p data-start=\"3642\" data-end=\"4099\">I braccialetti mostrati nelle immagini suggeriscono anche diversi <strong data-start=\"3700\" data-end=\"3729\">effetti di presentazione del logo<\/strong>, Anche i modelli in rilievo, in rilievo o colorati. In questo modo il prodotto risulta pi\u00f9 personalizzato e pi\u00f9 specifico per il marchio, invece di sembrare un generico braccialetto di gomma. Sia che si desideri un look audace da tifoso sportivo, un messaggio aziendale pulito o un braccialetto per la campagna elettorale con un breve slogan, questo stile pu\u00f2 essere adattato per adattarsi al pubblico e al tono giusto.<\/p>\n<p data-start=\"4101\" data-end=\"4552\">Poich\u00e9 i braccialetti in silicone sono facili da impilare, confezionare e distribuire, sono particolarmente utili per <strong data-start=\"4199\" data-end=\"4226\">promozioni di grandi volumi<\/strong>. Si prestano bene per tavoli di registrazione, eventi per i tifosi, kit di benvenuto per le scuole, raccolte di fondi per beneficenza, programmi di club, lanci di prodotti, concerti, attivit\u00e0 ecclesiastiche, campagne di sensibilizzazione e omaggi alle casse dei negozi. Sono anche un'ottima opzione per i marchi che desiderano un articolo con una <strong data-start=\"4496\" data-end=\"4549\">basso costo di distribuzione e forte valore di utilizzo ripetuto<\/strong>.<\/p>\n<p data-start=\"4554\" data-end=\"4855\">Se avete bisogno di un prodotto promozionale semplice che sia <strong data-start=\"4603\" data-end=\"4661\">accessibili, indossabili, personalizzabili e altamente visibili.<\/strong>, Questo braccialetto in silicone personalizzato \u00e8 un'opzione intelligente. \u00c8 facile da abbinare ai vostri colori, facile da personalizzare con un messaggio o un logo e utile in molti settori e tipi di eventi diversi.<\/p>\n<p data-start=\"4857\" data-end=\"5549\"><strong data-start=\"4857\" data-end=\"4873\">Caratteristiche principali<\/strong><br data-start=\"4873\" data-end=\"4876\" \/>\u2022 <strong data-start=\"4878\" data-end=\"4907\">Braccialetto in silicone personalizzato<\/strong> per promozioni, sensibilizzazione e utilizzo in occasione di eventi<br data-start=\"4948\" data-end=\"4951\" \/>\u2022 <strong data-start=\"4953\" data-end=\"5009\">Adatto per la personalizzazione di logo, slogan e messaggio<\/strong><br data-start=\"5009\" data-end=\"5012\" \/>\u2022 <strong data-start=\"5014\" data-end=\"5052\">Design semplice e confortevole della fascia<\/strong> per l'uso quotidiano<br data-start=\"5067\" data-end=\"5070\" \/>\u2022 <strong data-start=\"5072\" data-end=\"5127\">Disponibile in pi\u00f9 colori e combinazioni di colori<\/strong> in base alle immagini<br data-start=\"5147\" data-end=\"5150\" \/>\u2022 <strong data-start=\"5152\" data-end=\"5222\">Buona visibilit\u00e0 per i nomi dei marchi, i testi delle campagne e i messaggi brevi<\/strong><br data-start=\"5222\" data-end=\"5225\" \/>\u2022 <strong data-start=\"5227\" data-end=\"5296\">Utile per omaggi, supporto ai fan, eventi scolastici e raccolta fondi<\/strong><br data-start=\"5296\" data-end=\"5299\" \/>\u2022 <strong data-start=\"5301\" data-end=\"5331\">Facile da distribuire in grandi quantit\u00e0<\/strong> per campagne ed eventi di grandi dimensioni<br data-start=\"5362\" data-end=\"5365\" \/>\u2022 <strong data-start=\"5367\" data-end=\"5394\">Leggero e resistente<\/strong> per un uso ripetuto<br data-start=\"5410\" data-end=\"5413\" \/>\u2022 <strong data-start=\"5415\" data-end=\"5482\">Pu\u00f2 essere utilizzato come merchandising promozionale o come accessorio per i sostenitori<\/strong><br data-start=\"5482\" data-end=\"5485\" \/>\u2022 <strong data-start=\"5487\" data-end=\"5547\">Un articolo di marca a basso costo con un valore di esposizione di lunga durata<\/strong><\/p>\n<p data-start=\"5551\" data-end=\"6107\"><strong data-start=\"5551\" data-end=\"5569\">Specifiche tecniche<\/strong><br data-start=\"5569\" data-end=\"5572\" \/><strong data-start=\"5572\" data-end=\"5589\">Tipo di prodotto:<\/strong> Polsino in silicone<br data-start=\"5608\" data-end=\"5611\" \/><strong data-start=\"5611\" data-end=\"5621\">Stile:<\/strong> Braccialetto promozionale \/ fascia di sensibilizzazione \/ braccialetto per eventi<br data-start=\"5677\" data-end=\"5680\" \/><strong data-start=\"5680\" data-end=\"5693\">Materiale:<\/strong> Silicone<br data-start=\"5702\" data-end=\"5705\" \/><strong data-start=\"5705\" data-end=\"5715\">Forma:<\/strong> Braccialetto a circuito chiuso<br data-start=\"5737\" data-end=\"5740\" \/><strong data-start=\"5740\" data-end=\"5755\">Stile del logo:<\/strong> Testo personalizzato, logo, slogan, effetto in stile goffrato o in stile sbavato mostrato nelle immagini<br data-start=\"5838\" data-end=\"5841\" \/><strong data-start=\"5841\" data-end=\"5857\">Stile del colore:<\/strong> Opzioni di colore monocolore e bicolore mostrate nelle immagini del prodotto<br data-start=\"5921\" data-end=\"5924\" \/><strong data-start=\"5924\" data-end=\"5932\">Utilizzo:<\/strong> Eventi, campagne di sensibilizzazione, scuole, supporto sportivo, club, raccolta fondi, omaggi, merchandising al dettaglio<br data-start=\"6036\" data-end=\"6039\" \/><strong data-start=\"6039\" data-end=\"6049\">Tema:<\/strong> Promozioni, branding, abbigliamento per tifosi, accessori per eventi<\/p>\n<p data-start=\"6109\" data-end=\"6571\"><strong data-start=\"6109\" data-end=\"6136\">Perch\u00e9 scegliere questo prodotto<\/strong><br data-start=\"6136\" data-end=\"6139\" \/>Questo prodotto offre un forte equilibrio di <strong data-start=\"6179\" data-end=\"6251\">basso costo, alta visibilit\u00e0, facilit\u00e0 di personalizzazione e valore di usura ripetibile<\/strong>. A differenza degli opuscoli stampati una tantum, un braccialetto in silicone pu\u00f2 continuare a essere indossato anche dopo l'evento originale, consentendo al vostro logo o messaggio di rimanere visibile pi\u00f9 a lungo. \u00c8 ideale per le aziende, le scuole, i club, gli enti di beneficenza e gli organizzatori di eventi che desiderano un pratico articolo promozionale con un ampio appeal e una distribuzione semplice.<\/p>\n<p data-start=\"6573\" data-end=\"6864\"><strong data-start=\"6573\" data-end=\"6586\">Ideale per<\/strong><br data-start=\"6586\" data-end=\"6589\" \/>- Campagne di sensibilizzazione<br data-start=\"6610\" data-end=\"6613\" \/>- Eventi di raccolta fondi per beneficenza<br data-start=\"6641\" data-end=\"6644\" \/>- Attivit\u00e0 scolastiche e del campus<br data-start=\"6674\" data-end=\"6677\" \/>- Spirito di squadra e sostegno dei tifosi<br data-start=\"6706\" data-end=\"6709\" \/>- Concerti e festival<br data-start=\"6733\" data-end=\"6736\" \/>- Programmi della Chiesa e della comunit\u00e0<br data-start=\"6767\" data-end=\"6770\" \/>- Promozioni sportive<br data-start=\"6789\" data-end=\"6792\" \/>- Articoli per i soci del club<br data-start=\"6815\" data-end=\"6818\" \/>- Accessori per la vendita al dettaglio<br data-start=\"6838\" data-end=\"6841\" \/>- Omaggi aziendali<\/p>\n<p data-start=\"6866\" data-end=\"6875\"><strong data-start=\"6866\" data-end=\"6873\">FAQ<\/strong><\/p>\n<p data-start=\"6877\" data-end=\"7040\"><strong data-start=\"6877\" data-end=\"6926\">Questo braccialetto pu\u00f2 essere personalizzato con un logo?<\/strong><br data-start=\"6926\" data-end=\"6929\" \/>S\u00ec. Il braccialetto pu\u00f2 essere personalizzato con <strong data-start=\"6971\" data-end=\"7037\">il vostro logo, il nome del marchio, lo slogan, il messaggio della campagna o un breve testo<\/strong>.<\/p>\n<p data-start=\"7042\" data-end=\"7194\"><strong data-start=\"7042\" data-end=\"7088\">Di che materiale \u00e8 fatto questo braccialetto?<\/strong><br data-start=\"7088\" data-end=\"7091\" \/>Viene presentato come un <strong data-start=\"7112\" data-end=\"7134\">braccialetto in silicone<\/strong>, morbido, flessibile e adatto a essere indossato ripetutamente.<\/p>\n<p data-start=\"7196\" data-end=\"7386\"><strong data-start=\"7196\" data-end=\"7230\">Posso scegliere colori diversi?<\/strong><br data-start=\"7230\" data-end=\"7233\" \/>S\u00ec. Le immagini del prodotto mostrano <strong data-start=\"7262\" data-end=\"7323\">molteplici opzioni di colore e combinazioni di colori a contrasto<\/strong>, che consente di abbinare facilmente i diversi stili di campagna o di marchio.<\/p>\n<p data-start=\"7388\" data-end=\"7595\"><strong data-start=\"7388\" data-end=\"7429\">\u00c8 un buon prodotto per gli omaggi?<\/strong><br data-start=\"7429\" data-end=\"7432\" \/>S\u00ec. I braccialetti in silicone sono uno dei prodotti pi\u00f9 popolari. <strong data-start=\"7485\" data-end=\"7512\">articoli da regalo a basso costo<\/strong> perch\u00e9 sono leggeri, visibili e facili da distribuire in grandi quantit\u00e0.<\/p>\n<p data-start=\"7597\" data-end=\"7771\"><strong data-start=\"7597\" data-end=\"7650\">Questo prodotto pu\u00f2 essere utilizzato per campagne di sensibilizzazione?<\/strong><br data-start=\"7650\" data-end=\"7653\" \/>S\u00ec, \u00e8 un'ottima soluzione per <strong data-start=\"7681\" data-end=\"7768\">campagne di sensibilizzazione, raccolta fondi, messaggi per i sostenitori e promozioni legate alla causa.<\/strong>.<\/p>\n<p data-start=\"7773\" data-end=\"7929\"><strong data-start=\"7773\" data-end=\"7816\">Le scuole e i club possono utilizzare questo prodotto?<\/strong><br data-start=\"7816\" data-end=\"7819\" \/>S\u00ec. Funziona molto bene per <strong data-start=\"7847\" data-end=\"7926\">scuole, club, squadre, eventi giovanili, campagne di sensibilizzazione e programmi per studenti.<\/strong>.<\/p>\n<p data-start=\"7931\" data-end=\"8171\"><strong data-start=\"7931\" data-end=\"7973\">Il logo deve essere solo stampato?<\/strong><br data-start=\"7973\" data-end=\"7976\" \/>Non necessariamente. In base alle immagini del prodotto, i braccialetti possono essere presentati con <strong data-start=\"8059\" data-end=\"8085\">diversi effetti del logo<\/strong>, compresi gli stili di personalizzazione in rilievo, a rilievo o a colori.<\/p>\n<p data-start=\"8173\" data-end=\"8364\"><strong data-start=\"8173\" data-end=\"8217\">\u00c8 adatto per la vendita al dettaglio?<\/strong><br data-start=\"8217\" data-end=\"8220\" \/>S\u00ec. Oltre che per gli omaggi, pu\u00f2 funzionare anche come <strong data-start=\"8273\" data-end=\"8301\">semplice accessorio di marca<\/strong> per la vendita al dettaglio, il merchandising dei sostenitori e i souvenir dell'evento.<\/p>\n<p data-start=\"8366\" data-end=\"8571\"><strong data-start=\"8366\" data-end=\"8409\">Perch\u00e9 \u00e8 un buon prodotto promozionale?<\/strong><br data-start=\"8409\" data-end=\"8412\" \/>Perch\u00e9 \u00e8 <strong data-start=\"8426\" data-end=\"8495\">indossabili, facili da distribuire, economici e suscettibili di essere riutilizzati<\/strong>, Il vostro marchio o il vostro messaggio avranno una visibilit\u00e0 ripetuta anche dopo la fine dell'evento.<\/p>","protected":false},"excerpt":{"rendered":"<p>Questo braccialetto in silicone personalizzato \u00e8 un prodotto promozionale semplice, conveniente e altamente visibile, pensato per eventi, campagne di sensibilizzazione, sostegno ai team, raccolte fondi e omaggi di marca. Disponibile in pi\u00f9 colori con possibilit\u00e0 di personalizzare logo, testo e messaggio, \u00e8 un pratico braccialetto per scuole, club, enti di beneficenza, eventi sportivi, merchandising al dettaglio e promozioni aziendali.<\/p>","protected":false},"featured_media":47572,"template":"","meta":{"_gspb_post_css":""},"product_brand":[],"product_cat":[35],"product_tag":[],"class_list":{"0":"post-47571","1":"product","2":"type-product","3":"status-publish","4":"has-post-thumbnail","6":"product_cat-tradeshow-events","8":"first","9":"instock","10":"shipping-taxable","11":"product-type-simple"},"_links":{"self":[{"href":"https:\/\/globalgiftsupplier.com\/it\/wp-json\/wp\/v2\/product\/47571","targetHints":{"allow":["GET"]}}],"collection":[{"href":"https:\/\/globalgiftsupplier.com\/it\/wp-json\/wp\/v2\/product"}],"about":[{"href":"https:\/\/globalgiftsupplier.com\/it\/wp-json\/wp\/v2\/types\/product"}],"wp:featuredmedia":[{"embeddable":true,"href":"https:\/\/globalgiftsupplier.com\/it\/wp-json\/wp\/v2\/media\/47572"}],"wp:attachment":[{"href":"https:\/\/globalgiftsupplier.com\/it\/wp-json\/wp\/v2\/media?parent=47571"}],"wp:term":[{"taxonomy":"product_brand","embeddable":true,"href":"https:\/\/globalgiftsupplier.com\/it\/wp-json\/wp\/v2\/product_brand?post=47571"},{"taxonomy":"product_cat","embeddable":true,"href":"https:\/\/globalgiftsupplier.com\/it\/wp-json\/wp\/v2\/product_cat?post=47571"},{"taxonomy":"product_tag","embeddable":true,"href":"https:\/\/globalgiftsupplier.com\/it\/wp-json\/wp\/v2\/product_tag?post=47571"}],"curies":[{"name":"wp","href":"https:\/\/api.w.org\/{rel}","templated":true}]}}