{"id":47542,"date":"2026-03-31T15:43:24","date_gmt":"2026-03-31T15:43:24","guid":{"rendered":"https:\/\/globalgiftsupplier.com\/?post_type=product&#038;p=47542"},"modified":"2026-03-31T15:43:24","modified_gmt":"2026-03-31T15:43:24","slug":"custom-full-color-lanyard-with-badge-reel-and-id-holder","status":"publish","type":"product","link":"https:\/\/globalgiftsupplier.com\/it\/product\/custom-full-color-lanyard-with-badge-reel-and-id-holder\/","title":{"rendered":"Cordoncino personalizzato a colori con avvolgitore per badge e portadocumenti"},"content":{"rendered":"<p data-start=\"1660\" data-end=\"2224\">Questo <strong data-start=\"1691\" data-end=\"1750\">cordino personalizzato a colori con avvolgitore per badge e portadocumenti<\/strong> \u00e8 un accessorio pratico e ben visibile, progettato per <strong data-start=\"1808\" data-end=\"1924\">eventi, conferenze, scuole, uffici, mostre, fiere, identificazione del personale e campagne promozionali.<\/strong>. In base alle immagini del prodotto, questo stile combina una <strong data-start=\"1977\" data-end=\"1999\">laccetto da collo stampato<\/strong>, <strong data-start=\"2001\" data-end=\"2016\">chiusura in metallo<\/strong>, <strong data-start=\"2018\" data-end=\"2047\">fibbia a strappo opzionale<\/strong>, <strong data-start=\"2049\" data-end=\"2075\">bobina per badge retrattile<\/strong>, e <strong data-start=\"2081\" data-end=\"2118\">accoppiamento portadocumenti trasparente o incorniciato<\/strong>, \u00c8 quindi una scelta importante per le organizzazioni che desiderano avere in un unico prodotto sia il marchio che le funzioni quotidiane.<\/p>\n<p data-start=\"2226\" data-end=\"2766\">Il cordino \u00e8 costruito per contenere <strong data-start=\"2255\" data-end=\"2352\">Carte d'identit\u00e0, badge per il personale, pass per i visitatori, tessere di accesso, tessere nominative e accessori leggeri<\/strong> in un modo facile da indossare e da usare. Il cinturino mantiene il tesserino visibile e accessibile, mentre la bobina del badge consente di tirare in avanti il tesserino o il pass collegato quando \u00e8 necessario per la scansione, la strisciata o l'identificazione rapida. Questo rende il prodotto particolarmente utile nei luoghi di lavoro, nelle scuole, negli eventi, negli ospedali, nelle mostre e in tutti gli ambienti in cui le persone devono mostrare regolarmente un badge durante la giornata.<\/p>\n<p data-start=\"2768\" data-end=\"3279\">Una delle caratteristiche pi\u00f9 forti di questo prodotto \u00e8 la sua <strong data-start=\"2821\" data-end=\"2850\">design stampato a colori<\/strong>. Le immagini mostrano un'ampia variet\u00e0 di stili visivi, tra cui <strong data-start=\"2911\" data-end=\"3047\">strisce a tinta unita, strisce multicolore, grafica di carattere, grafica geometrica, layout incentrati sul logo e motivi decorativi personalizzati.<\/strong>. Questo rende il cordino pi\u00f9 attraente di una semplice versione standard e offre ai marchi una maggiore libert\u00e0 di creare uno stile che si adatti all'identit\u00e0 aziendale, al tema dell'evento, ai colori della scuola, alla grafica della campagna o al design della confezione del prodotto.<\/p>\n<p data-start=\"3281\" data-end=\"3815\">Il <strong data-start=\"3285\" data-end=\"3311\">bobina per badge retrattile<\/strong> aggiunge ulteriore comodit\u00e0 e rende questo modello pi\u00f9 funzionale per l'uso quotidiano. Invece di estrarre il badge da un supporto o di sfilare l'intero cordino dal collo, l'utente pu\u00f2 semplicemente estendere la bobina per scansionare o visualizzare il badge e lasciarla tornare indietro automaticamente. Ci\u00f2 \u00e8 particolarmente utile per <strong data-start=\"3603\" data-end=\"3713\">tessere d'ingresso per uffici, tessere per studenti, documenti d'identit\u00e0 per dipendenti, pass di accesso, badge per visitatori e credenziali per fiere.<\/strong>. Grazie a questa caratteristica aggiuntiva, il prodotto offre un valore pratico superiore a quello di un cordino di base.<\/p>\n<p data-start=\"3817\" data-end=\"4420\">Le immagini mostrano anche <strong data-start=\"3838\" data-end=\"3874\">diverse combinazioni di accessori<\/strong>, Il prodotto \u00e8 stato sviluppato in modo da offrire un'ampia gamma di accessori, tra cui portabadge, bobine retrattili, fibbie a strappo, fibbie a sgancio rapido, ganci girevoli e connettori per cinturini telefonici. Ci\u00f2 conferisce al prodotto una maggiore versatilit\u00e0 per diversi tipi di clienti e scenari di utilizzo. Alcuni acquirenti possono desiderare un semplice cordino per eventi con chiusura, mentre altri possono desiderare una soluzione pi\u00f9 completa per i badge del personale con bobina e supporto. Questa flessibilit\u00e0 rende il prodotto adatto a <strong data-start=\"4287\" data-end=\"4417\">omaggi promozionali, uso interno all'azienda, programmi di registrazione, istituzioni educative e collezioni di accessori per la vendita al dettaglio.<\/strong>.<\/p>\n<p data-start=\"4422\" data-end=\"4928\">Un altro vantaggio \u00e8 la <strong data-start=\"4447\" data-end=\"4467\">ampia gamma di colori<\/strong> visibili nelle immagini del prodotto. Le cinghie standard a tinta unita sono mostrate in molte tonalit\u00e0 e le versioni stampate dimostrano che il prodotto pu\u00f2 supportare stili di branding brillanti e creativi. Questo aiuta le aziende e le organizzazioni a creare cordini pi\u00f9 distintivi e personalizzati piuttosto che generici. Che si tratti di un look aziendale semplice, di un design divertente per un evento o di un cordino colorato in stile merchandising, questo prodotto pu\u00f2 supportare un'ampia gamma di indicazioni visive.<\/p>\n<p data-start=\"4930\" data-end=\"5341\">Poich\u00e9 i cordini vengono spesso indossati quotidianamente o tenuti attaccati alle carte d'identit\u00e0 e ai pass di accesso, continuano a promuovere il logo anche dopo la fine dell'evento o dell'omaggio originale. Ci\u00f2 rende questo prodotto una scelta importante per le aziende che desiderano <strong data-start=\"5166\" data-end=\"5219\">esposizione a lungo termine del marchio attraverso un articolo utile<\/strong>. \u00c8 leggero, facile da distribuire, pratico per l'uso reale e altamente adattabile a diversi settori.<\/p>\n<p data-start=\"5343\" data-end=\"5595\">Per le aziende, le scuole, gli organizzatori di eventi e le istituzioni che hanno bisogno di un articolo di marca che sia visibile e funzionale, questo stile di cordino personalizzato offre una combinazione affidabile di <strong data-start=\"5524\" data-end=\"5592\">flessibilit\u00e0 del design, possibilit\u00e0 di accessori e praticit\u00e0 quotidiana<\/strong>.<\/p>\n<p data-start=\"5597\" data-end=\"6369\"><strong data-start=\"5597\" data-end=\"5613\">Caratteristiche principali<\/strong><br data-start=\"5613\" data-end=\"5616\" \/>\u2022 <strong data-start=\"5618\" data-end=\"5654\">Design personalizzato del cordino a colori<\/strong> per il branding e l'uso promozionale<br data-start=\"5687\" data-end=\"5690\" \/>\u2022 <strong data-start=\"5692\" data-end=\"5718\">Bobina per badge retrattile<\/strong> per una facile scansione e visualizzazione dei badge<br data-start=\"5754\" data-end=\"5757\" \/>\u2022 <strong data-start=\"5759\" data-end=\"5804\">Abbinamento del supporto ID mostrato nelle immagini del prodotto<\/strong> per carte e pass<br data-start=\"5825\" data-end=\"5828\" \/>\u2022 <strong data-start=\"5830\" data-end=\"5867\">Chiusura girevole in metallo \/ gancio a moschettone<\/strong> per un fissaggio sicuro<br data-start=\"5889\" data-end=\"5892\" \/>\u2022 <strong data-start=\"5894\" data-end=\"5955\">Fibbia a strappo e fibbia a sgancio rapido opzionali<\/strong> mostrato nelle immagini<br data-start=\"5971\" data-end=\"5974\" \/>\u2022 <strong data-start=\"5976\" data-end=\"6049\">Adatto per carte d'identit\u00e0, badge per il personale, pass per i visitatori e carte d'accesso.<\/strong><br data-start=\"6049\" data-end=\"6052\" \/>\u2022 <strong data-start=\"6054\" data-end=\"6107\">Stampa luminosa del logo e grafica decorativa del cinturino<\/strong> per un forte impatto visivo<br data-start=\"6132\" data-end=\"6135\" \/>\u2022 <strong data-start=\"6137\" data-end=\"6211\">Utile per uffici, scuole, conferenze, fiere ed esposizioni<\/strong><br data-start=\"6211\" data-end=\"6214\" \/>\u2022 <strong data-start=\"6216\" data-end=\"6254\">Leggero e facile da distribuire<\/strong> per eventi e campagne<br data-start=\"6279\" data-end=\"6282\" \/>\u2022 <strong data-start=\"6284\" data-end=\"6332\">Pi\u00f9 pratico di un cordino standard di base<\/strong> per le opzioni di bobina e supporto<\/p>\n<p data-start=\"6371\" data-end=\"7104\"><strong data-start=\"6371\" data-end=\"6389\">Specifiche tecniche<\/strong><br data-start=\"6389\" data-end=\"6392\" \/>Tipo di prodotto: Cordino stampato personalizzato con avvolgitore di badge e portadocumenti<br data-start=\"6458\" data-end=\"6461\" \/>Stile: Cordino da collo \/ cordino identificativo \/ cordino per eventi<br data-start=\"6509\" data-end=\"6512\" \/>Materiale: Cinturino in tessuto con accessori in plastica e metallo<br data-start=\"6569\" data-end=\"6572\" \/>Attacco: Chiusura girevole in metallo \/ gancio a moschettone<br data-start=\"6617\" data-end=\"6620\" \/>Accessori opzionali mostrati nelle immagini: Avvolgitore per badge retrattile, porta badge trasparente, porta ID incorniciato, fibbia a strappo, fibbia a sgancio rapido, connettore per cinturino telefonico<br data-start=\"6781\" data-end=\"6784\" \/>Stile del logo: Logo e grafica personalizzati stampati in quadricromia<br data-start=\"6838\" data-end=\"6841\" \/>Stile di colore: Disponibili tinte unite e motivi personalizzati a colori<br data-start=\"6907\" data-end=\"6910\" \/>Utilizzo: tessere identificative per il personale, badge per conferenze, tessere per visitatori, tessere di accesso, badge scolastici, pass per eventi, accessori leggeri<br data-start=\"7026\" data-end=\"7029\" \/>Tema: Eventi, uso del personale, uso della scuola, uso dell'ufficio, conferenze, promozioni<\/p>\n<p data-start=\"7106\" data-end=\"7695\"><strong data-start=\"7106\" data-end=\"7133\">Perch\u00e9 scegliere questo prodotto<\/strong><br data-start=\"7133\" data-end=\"7136\" \/>Questo prodotto offre un forte equilibrio di <strong data-start=\"7176\" data-end=\"7247\">visibilit\u00e0 del marchio, praticit\u00e0 d'uso quotidiano e flessibilit\u00e0 degli accessori<\/strong>. Rispetto a un cordino semplice, offre pi\u00f9 spazio per la stampa personalizzata, pi\u00f9 opzioni funzionali utili e una maggiore praticit\u00e0 quotidiana. L'aggiunta di un avvolgitore e di un supporto per badge lo rende particolarmente utile per uffici, scuole ed eventi in cui l'identificazione deve essere mostrata frequentemente. Poich\u00e9 gli utenti spesso continuano a utilizzare i cordini anche dopo l'evento originale, questo prodotto pu\u00f2 garantire un'esposizione pi\u00f9 lunga del marchio rispetto a molti altri articoli da regalare una tantum.<\/p>\n<p data-start=\"7697\" data-end=\"8061\"><strong data-start=\"7697\" data-end=\"7710\">Ideale per<\/strong><br data-start=\"7710\" data-end=\"7713\" \/>- Badge per fiere e mostre<br data-start=\"7747\" data-end=\"7750\" \/>- Programmi di identificazione del personale d'ufficio<br data-start=\"7776\" data-end=\"7779\" \/>- Carte della scuola e del campus<br data-start=\"7804\" data-end=\"7807\" \/>- Pass e tessere di accesso per i visitatori<br data-start=\"7840\" data-end=\"7843\" \/>- Materiale di registrazione alla conferenza<br data-start=\"7878\" data-end=\"7881\" \/>- ID del personale dell'ospedale e della clinica<br data-start=\"7912\" data-end=\"7915\" \/>- Eventi aziendali e omaggi di marca<br data-start=\"7955\" data-end=\"7958\" \/>- Tessere associative e programmi di club<br data-start=\"7994\" data-end=\"7997\" \/>- Kit per l'organizzazione di eventi<br data-start=\"8019\" data-end=\"8022\" \/>- Collezioni di merchandising promozionale<\/p>\n<p data-start=\"8063\" data-end=\"8072\"><strong data-start=\"8063\" data-end=\"8070\">FAQ<\/strong><\/p>\n<p data-start=\"8074\" data-end=\"8225\"><strong data-start=\"8074\" data-end=\"8121\">Questo cordino pu\u00f2 essere personalizzato con un logo?<\/strong><br data-start=\"8121\" data-end=\"8124\" \/>S\u00ec. Il cinturino pu\u00f2 essere personalizzato con <strong data-start=\"8162\" data-end=\"8222\">stampa del logo a colori, testo del marchio e grafica personalizzata<\/strong>.<\/p>\n<p data-start=\"8227\" data-end=\"8439\"><strong data-start=\"8227\" data-end=\"8270\">Questo prodotto include una bobina per badge?<\/strong><br data-start=\"8270\" data-end=\"8273\" \/>Le immagini del prodotto mostrano <strong data-start=\"8297\" data-end=\"8351\">stili di cordino abbinati a bobine per badge retrattili<\/strong>, quindi pu\u00f2 essere presentato come un design di cordino che supporta questa combinazione di accessori.<\/p>\n<p data-start=\"8441\" data-end=\"8629\"><strong data-start=\"8441\" data-end=\"8478\">Pu\u00f2 essere utilizzato con un portadocumenti?<\/strong><br data-start=\"8478\" data-end=\"8481\" \/>S\u00ec. Le immagini del prodotto mostrano chiaramente <strong data-start=\"8518\" data-end=\"8556\">Abbinamento di portadocumenti e portabadge<\/strong>, \u00c8 adatto a tessere per il personale, badge per i visitatori e pass per gli eventi.<\/p>\n<p data-start=\"8631\" data-end=\"8806\"><strong data-start=\"8631\" data-end=\"8669\">Per cosa pu\u00f2 essere utilizzato questo cordino?<\/strong><br data-start=\"8669\" data-end=\"8672\" \/>Pu\u00f2 essere utilizzato per <strong data-start=\"8691\" data-end=\"8803\">Carte d'identit\u00e0, badge per il personale, pass per i visitatori, tessere scolastiche, tessere di accesso agli uffici, chiavi e accessori leggeri<\/strong>.<\/p>\n<p data-start=\"8808\" data-end=\"8924\"><strong data-start=\"8808\" data-end=\"8839\">Ha una chiusura in metallo?<\/strong><br data-start=\"8839\" data-end=\"8842\" \/>S\u00ec. Le immagini del prodotto mostrano un <strong data-start=\"8873\" data-end=\"8910\">chiusura girevole in metallo \/ gancio a moschettone<\/strong> allegato.<\/p>\n<p data-start=\"8926\" data-end=\"9061\"><strong data-start=\"8926\" data-end=\"8962\">\u00c8 disponibile una fibbia a strappo?<\/strong><br data-start=\"8962\" data-end=\"8965\" \/>S\u00ec. Alcune delle versioni mostrate nelle immagini includono un <strong data-start=\"9014\" data-end=\"9058\">fibbia a strappo o fibbia a sgancio rapido<\/strong>.<\/p>\n<p data-start=\"9063\" data-end=\"9244\"><strong data-start=\"9063\" data-end=\"9106\">Il cinturino pu\u00f2 essere stampato a colori?<\/strong><br data-start=\"9106\" data-end=\"9109\" \/>S\u00ec. Le immagini del prodotto mostrano <strong data-start=\"9138\" data-end=\"9167\">cinghie stampate a colori<\/strong> con strisce, loghi, motivi, grafica dei personaggi e opere d'arte decorative.<\/p>\n<p data-start=\"9246\" data-end=\"9452\"><strong data-start=\"9246\" data-end=\"9291\">\u00c8 adatto per uffici e scuole?<\/strong><br data-start=\"9291\" data-end=\"9294\" \/>S\u00ec. \u00c8 particolarmente adatto per <strong data-start=\"9329\" data-end=\"9395\">documenti di identit\u00e0 della scuola, tessere del personale, badge per i visitatori e accesso agli uffici.<\/strong> perch\u00e9 la bobina per badge facilita la presentazione dei biglietti.<\/p>\n<p data-start=\"9454\" data-end=\"9647\"><strong data-start=\"9454\" data-end=\"9497\">Perch\u00e9 \u00e8 un buon prodotto promozionale?<\/strong><br data-start=\"9497\" data-end=\"9500\" \/>Perch\u00e9 \u00e8 <strong data-start=\"9514\" data-end=\"9577\">utili, indossabili, facili da brandizzare e spesso riutilizzati ogni giorno<\/strong>, Il vostro logo \u00e8 visibile in ambienti di lavoro ed eventi reali.<\/p>\n<p data-start=\"9649\" data-end=\"9811\" data-is-last-node=\"\" data-is-only-node=\"\">","protected":false},"excerpt":{"rendered":"<p>Questo cordino personalizzato a colori con avvolgitore di badge e portadocumenti \u00e8 un pratico accessorio promozionale per i documenti d'identit\u00e0 del personale, le tessere dei visitatori, i pass per gli eventi e l'uso in ufficio. Dotato di una vivace stampa all-over, di una sicura chiusura in metallo, di una fibbia a strappo opzionale, di un avvolgitore per badge retrattile e di un accoppiamento con un porta tessere, \u00e8 ideale per conferenze, scuole, mostre, uffici e omaggi di marca.<\/p>","protected":false},"featured_media":47543,"template":"","meta":{"_gspb_post_css":""},"product_brand":[],"product_cat":[35],"product_tag":[],"class_list":{"0":"post-47542","1":"product","2":"type-product","3":"status-publish","4":"has-post-thumbnail","6":"product_cat-tradeshow-events","8":"first","9":"instock","10":"shipping-taxable","11":"product-type-simple"},"_links":{"self":[{"href":"https:\/\/globalgiftsupplier.com\/it\/wp-json\/wp\/v2\/product\/47542","targetHints":{"allow":["GET"]}}],"collection":[{"href":"https:\/\/globalgiftsupplier.com\/it\/wp-json\/wp\/v2\/product"}],"about":[{"href":"https:\/\/globalgiftsupplier.com\/it\/wp-json\/wp\/v2\/types\/product"}],"wp:featuredmedia":[{"embeddable":true,"href":"https:\/\/globalgiftsupplier.com\/it\/wp-json\/wp\/v2\/media\/47543"}],"wp:attachment":[{"href":"https:\/\/globalgiftsupplier.com\/it\/wp-json\/wp\/v2\/media?parent=47542"}],"wp:term":[{"taxonomy":"product_brand","embeddable":true,"href":"https:\/\/globalgiftsupplier.com\/it\/wp-json\/wp\/v2\/product_brand?post=47542"},{"taxonomy":"product_cat","embeddable":true,"href":"https:\/\/globalgiftsupplier.com\/it\/wp-json\/wp\/v2\/product_cat?post=47542"},{"taxonomy":"product_tag","embeddable":true,"href":"https:\/\/globalgiftsupplier.com\/it\/wp-json\/wp\/v2\/product_tag?post=47542"}],"curies":[{"name":"wp","href":"https:\/\/api.w.org\/{rel}","templated":true}]}}