{"id":47535,"date":"2026-03-31T15:39:00","date_gmt":"2026-03-31T15:39:00","guid":{"rendered":"https:\/\/globalgiftsupplier.com\/?post_type=product&#038;p=47535"},"modified":"2026-03-31T15:39:00","modified_gmt":"2026-03-31T15:39:00","slug":"custom-printed-breakaway-lanyard-with-logo","status":"publish","type":"product","link":"https:\/\/globalgiftsupplier.com\/it\/product\/custom-printed-breakaway-lanyard-with-logo\/","title":{"rendered":"Cordino a strappo con logo stampato personalizzato"},"content":{"rendered":"<p data-start=\"1481\" data-end=\"2108\">Questo <strong data-start=\"1512\" data-end=\"1548\">cordino a strappo stampato su misura<\/strong> \u00e8 un accessorio promozionale pratico e altamente visibile progettato per <strong data-start=\"1618\" data-end=\"1719\">eventi, conferenze, scuole, uffici, mostre, identificazione del personale e merchandising di marca.<\/strong>. In base alle immagini del prodotto, questo stile combina una <strong data-start=\"1772\" data-end=\"1800\">cinturino stampato a colori<\/strong>, a <strong data-start=\"1804\" data-end=\"1832\">fibbia a strappo in plastica<\/strong>, e un <strong data-start=\"1840\" data-end=\"1862\">chiusura girevole in metallo<\/strong> per creare un utile oggetto di uso quotidiano che offre anche una forte esposizione del logo. \u00c8 adatto a contenere <strong data-start=\"1967\" data-end=\"2057\">Carte d'identit\u00e0, tessere per visitatori, badge, tessere di accesso, chiavi e accessori leggeri.<\/strong> mantenendo il branding chiaro e facile da notare.<\/p>\n<p data-start=\"2110\" data-end=\"2702\">Uno dei vantaggi pi\u00f9 importanti di questo prodotto \u00e8 la sua <strong data-start=\"2165\" data-end=\"2193\">flessibilit\u00e0 di stampa personalizzata<\/strong>. Le immagini mostrano un'ampia gamma di modelli di cinturini colorati, tra cui <strong data-start=\"2261\" data-end=\"2370\">tinte unite, strisce, stampe floreali, grafiche geometriche, motivi multicolore e logo ripetuti<\/strong>. Questo fa s\u00ec che il prodotto sia adatto non solo per l'uso di base dei documenti d'identit\u00e0 per ufficio, ma anche per <strong data-start=\"2455\" data-end=\"2578\">campagne per eventi, programmi scolastici, materiale per fiere, tessere associative, prodotti al dettaglio e set di regali promozionali.<\/strong>. I marchi possono creare un look semplice e pulito o un design pi\u00f9 decorativo, a seconda del pubblico a cui si rivolgono e dello stile della campagna.<\/p>\n<p data-start=\"2704\" data-end=\"3306\">Il <strong data-start=\"2708\" data-end=\"2728\">fibbia a strappo<\/strong> aggiunge ulteriore praticit\u00e0 all'uso quotidiano. Consente di sganciare rapidamente il cordino quando \u00e8 necessario, il che \u00e8 utile nei luoghi di lavoro, nelle scuole, nelle conferenze e negli ambienti attivi in cui gli utenti possono desiderare una soluzione pi\u00f9 flessibile per la cinghia da collo. Il <strong data-start=\"2965\" data-end=\"2987\">chiusura girevole in metallo<\/strong> in basso offre un punto di collegamento sicuro per agganciare un portabadge, una custodia per carte, un portachiavi o un altro oggetto leggero. Alcune immagini mostrano anche il cordino abbinato a un <strong data-start=\"3172\" data-end=\"3214\">portabadge o avvolgitore di badge retrattile<\/strong>, che contribuisce a dimostrarne l'idoneit\u00e0 per le applicazioni di identificazione e di tessera di accesso.<\/p>\n<p data-start=\"3308\" data-end=\"3816\">Un altro vantaggio fondamentale \u00e8 la <strong data-start=\"3335\" data-end=\"3363\">variet\u00e0 di opzioni di larghezza<\/strong> mostrato nelle immagini del prodotto. Il display di selezione della larghezza mostra <strong data-start=\"3427\" data-end=\"3461\">1 cm, 1,2 cm, 1,5 cm e 2 cm.<\/strong> Questo stile pu\u00f2 essere adattato a diverse dimensioni di logo, preferenze d'uso e design. Una larghezza ridotta pu\u00f2 essere adatta a portacarte leggeri o a un branding minimo, mentre i cordini pi\u00f9 larghi offrono pi\u00f9 spazio per loghi, testi e opere d'arte decorative. Questo rende il prodotto pi\u00f9 flessibile per i progetti aziendali e promozionali.<\/p>\n<p data-start=\"3818\" data-end=\"4211\">Le immagini del prodotto suggeriscono anche <strong data-start=\"3850\" data-end=\"3899\">pi\u00f9 stili di materiale della cinghia o look di tessitura<\/strong>, per dare agli acquirenti pi\u00f9 spazio per creare il giusto equilibrio tra colore, struttura e presentazione della stampa. Sia che abbiate bisogno di un cordino identificativo pulito in stile business, di un regalo audace per una conferenza o di un accessorio colorato per la scuola, questo formato di cordino offre una combinazione affidabile di funzionalit\u00e0 quotidiana e valore visivo del marchio.<\/p>\n<p data-start=\"4213\" data-end=\"4658\">Poich\u00e9 i cordini vengono indossati o portati ripetutamente, continuano a promuovere un logo anche dopo la fine dell'evento o della campagna originale. Questo li rende uno dei prodotti promozionali pi\u00f9 utili a basso volume per le organizzazioni che desiderano <strong data-start=\"4439\" data-end=\"4467\">esposizione del marchio a lungo termine<\/strong>. Spesso le persone continuano a utilizzarli come badge di lavoro, tessere per il campus, chiavi dell'ufficio, accesso all'edificio o accessori personali, il che contribuisce a estendere la visibilit\u00e0 del vostro marchio ben oltre l'omaggio di una sola volta.<\/p>\n<p data-start=\"4660\" data-end=\"4941\">Questo cordino a strappo personalizzato \u00e8 la scelta ideale per le aziende e le organizzazioni che desiderano un <strong data-start=\"4756\" data-end=\"4816\">prodotto funzionale, personalizzabile e facile da distribuire<\/strong>. \u00c8 sufficientemente semplice per l'utilizzo in eventi ad alto volume, ma abbastanza attraente da poter essere utilizzato come merchandising di marca o come accessorio per il personale.<\/p>\n<p data-start=\"4943\" data-end=\"5695\"><strong data-start=\"4943\" data-end=\"4959\">Caratteristiche principali<\/strong><br data-start=\"4959\" data-end=\"4962\" \/>\u2022 <strong data-start=\"4964\" data-end=\"5000\">Cordino a strappo stampato su misura<\/strong> per eventi, uso del personale e promozioni<br data-start=\"5038\" data-end=\"5041\" \/>\u2022 <strong data-start=\"5043\" data-end=\"5071\">Fibbia a strappo in plastica<\/strong> per una maggiore comodit\u00e0 e flessibilit\u00e0<br data-start=\"5109\" data-end=\"5112\" \/>\u2022 <strong data-start=\"5114\" data-end=\"5151\">Chiusura girevole in metallo \/ gancio a moschettone<\/strong> per chiavi, badge e porta tessere<br data-start=\"5186\" data-end=\"5189\" \/>\u2022 <strong data-start=\"5191\" data-end=\"5219\">Cinturino stampato a colori<\/strong> con logo, testo e grafica decorativa<br data-start=\"5259\" data-end=\"5262\" \/>\u2022 <strong data-start=\"5264\" data-end=\"5303\">Disponibile in diverse opzioni di larghezza<\/strong> indicato come 1 cm, 1,2 cm, 1,5 cm e 2 cm.<br data-start=\"5343\" data-end=\"5346\" \/>\u2022 <strong data-start=\"5348\" data-end=\"5400\">Funziona bene con i portabadge e gli accessori per documenti d'identit\u00e0<\/strong> mostrato nelle immagini del prodotto<br data-start=\"5428\" data-end=\"5431\" \/>\u2022 <strong data-start=\"5433\" data-end=\"5509\">Adatto per conferenze, scuole, uffici, fiere ed esposizioni<\/strong><br data-start=\"5509\" data-end=\"5512\" \/>\u2022 <strong data-start=\"5514\" data-end=\"5570\">Utile per l'uso quotidiano e per l'esposizione ripetuta al marchio<\/strong><br data-start=\"5570\" data-end=\"5573\" \/>\u2022 <strong data-start=\"5575\" data-end=\"5605\">Facile da distribuire in grandi quantit\u00e0<\/strong> per campagne ed eventi<br data-start=\"5630\" data-end=\"5633\" \/>\u2022 <strong data-start=\"5635\" data-end=\"5693\">Un'alternativa pi\u00f9 flessibile ai semplici cordini standard<\/strong><\/p>\n<p data-start=\"5697\" data-end=\"6309\"><strong data-start=\"5697\" data-end=\"5715\">Specifiche tecniche<\/strong><br data-start=\"5715\" data-end=\"5718\" \/>Tipo di prodotto: Cordino a strappo stampato su misura<br data-start=\"5764\" data-end=\"5767\" \/>Stile: Cordino da collo \/ cordino ID \/ cinghia per eventi<br data-start=\"5813\" data-end=\"5816\" \/>Materiale: Cinturino in tessuto con fibbia in plastica e minuteria metallica<br data-start=\"5877\" data-end=\"5880\" \/>Attacco: Chiusura girevole in metallo \/ gancio a moschettone<br data-start=\"5925\" data-end=\"5928\" \/>Funzione di sgancio: Fibbia a strappo<br data-start=\"5961\" data-end=\"5964\" \/>Opzioni di larghezza mostrate nelle immagini: 1 cm \/ 1,2 cm \/ 1,5 cm \/ 2 cm<br data-start=\"6024\" data-end=\"6027\" \/>Stile del logo: Logo stampato a colori e grafica personalizzata<br data-start=\"6081\" data-end=\"6084\" \/>Accessori opzionali mostrati nelle immagini: Porta badge, avvolgitore di badge, accoppiamento con porta-card.<br data-start=\"6167\" data-end=\"6170\" \/>Utilizzo: carte d'identit\u00e0, badge, pass per visitatori, chiavi, carte d'accesso, accessori leggeri<br data-start=\"6246\" data-end=\"6249\" \/>Tema: Eventi, uso del personale, conferenze, scuole, promozioni<\/p>\n<p data-start=\"6311\" data-end=\"6880\"><strong data-start=\"6311\" data-end=\"6338\">Perch\u00e9 scegliere questo prodotto<\/strong><br data-start=\"6338\" data-end=\"6341\" \/>Questo prodotto offre un forte equilibrio di <strong data-start=\"6381\" data-end=\"6451\">visibilit\u00e0 del marchio, funzionalit\u00e0 quotidiana e flessibilit\u00e0 di personalizzazione<\/strong>. Rispetto a un cordino semplice, offre pi\u00f9 spazio per la grafica personalizzata, un maggiore impatto visivo e la comodit\u00e0 di una fibbia a strappo. \u00c8 leggero, pratico e facile da distribuire in occasione di eventi, ma ha anche un valore quotidiano tale da indurre gli utenti a conservarlo e continuare a utilizzarlo. Per i marchi, le scuole e le organizzazioni che cercano un accessorio di identificazione utile e professionale, questa \u00e8 un'opzione affidabile.<\/p>\n<p data-start=\"6882\" data-end=\"7182\"><strong data-start=\"6882\" data-end=\"6895\">Ideale per<\/strong><br data-start=\"6895\" data-end=\"6898\" \/>- Conferenze e fiere<br data-start=\"6927\" data-end=\"6930\" \/>- Uso del documento d'identit\u00e0 della scuola e del campus<br data-start=\"6956\" data-end=\"6959\" \/>- Identificazione del personale dell'ufficio<br data-start=\"6988\" data-end=\"6991\" \/>- Titolari di pass per visitatori<br data-start=\"7013\" data-end=\"7016\" \/>- Programmi di registrazione degli eventi<br data-start=\"7045\" data-end=\"7048\" \/>- Tessere associative e utilizzo del club<br data-start=\"7079\" data-end=\"7082\" \/>- Promozioni aziendali<br data-start=\"7104\" data-end=\"7107\" \/>- Omaggi per la mostra<br data-start=\"7129\" data-end=\"7132\" \/>- Merce aziendale<br data-start=\"7153\" data-end=\"7156\" \/>- Portachiavi e badge<\/p>\n<p data-start=\"7184\" data-end=\"7193\"><strong data-start=\"7184\" data-end=\"7191\">FAQ<\/strong><\/p>\n<p data-start=\"7195\" data-end=\"7360\"><strong data-start=\"7195\" data-end=\"7242\">Questo cordino pu\u00f2 essere personalizzato con un logo?<\/strong><br data-start=\"7242\" data-end=\"7245\" \/>S\u00ec. Il cinturino pu\u00f2 essere personalizzato con <strong data-start=\"7283\" data-end=\"7357\">stampa del logo in quadricromia, ripetizione di immagini, testi e motivi grafici<\/strong>.<\/p>\n<p data-start=\"7362\" data-end=\"7503\"><strong data-start=\"7362\" data-end=\"7408\">Questo cordino ha una fibbia a strappo?<\/strong><br data-start=\"7408\" data-end=\"7411\" \/>S\u00ec. Le immagini del prodotto mostrano un <strong data-start=\"7442\" data-end=\"7470\">fibbia a strappo in plastica<\/strong> per un comodo rilascio.<\/p>\n<p data-start=\"7505\" data-end=\"7658\"><strong data-start=\"7505\" data-end=\"7543\">Per cosa pu\u00f2 essere utilizzato questo cordino?<\/strong><br data-start=\"7543\" data-end=\"7546\" \/>Pu\u00f2 essere utilizzato per <strong data-start=\"7565\" data-end=\"7655\">Carte d'identit\u00e0, badge, tessere per il personale, tessere per i visitatori, chiavi e altri accessori leggeri<\/strong>.<\/p>\n<p data-start=\"7660\" data-end=\"7789\"><strong data-start=\"7660\" data-end=\"7694\">Include una chiusura in metallo?<\/strong><br data-start=\"7694\" data-end=\"7697\" \/>S\u00ec. L'attacco inferiore mostrato nelle immagini \u00e8 un <strong data-start=\"7749\" data-end=\"7786\">chiusura girevole in metallo \/ gancio a moschettone<\/strong>.<\/p>\n<p data-start=\"7791\" data-end=\"7935\"><strong data-start=\"7791\" data-end=\"7832\">Pu\u00f2 essere abbinato a un portabadge?<\/strong><br data-start=\"7832\" data-end=\"7835\" \/>S\u00ec. Le immagini del prodotto mostrano che viene utilizzato insieme a <strong data-start=\"7892\" data-end=\"7932\">Accessori per portabadge e carte d'identit\u00e0<\/strong>.<\/p>\n<p data-start=\"7937\" data-end=\"8071\"><strong data-start=\"7937\" data-end=\"7974\">Quali sono le opzioni di larghezza disponibili?<\/strong><br data-start=\"7974\" data-end=\"7977\" \/>La selezione di larghezze mostrata nelle immagini comprende <strong data-start=\"8026\" data-end=\"8060\">1 cm, 1,2 cm, 1,5 cm e 2 cm.<\/strong> opzioni.<\/p>\n<p data-start=\"8073\" data-end=\"8255\"><strong data-start=\"8073\" data-end=\"8116\">Il cinturino pu\u00f2 essere stampato a colori?<\/strong><br data-start=\"8116\" data-end=\"8119\" \/>S\u00ec. Le immagini mostrano chiaramente <strong data-start=\"8148\" data-end=\"8184\">disegni di cinturini stampati a colori<\/strong>, tra cui tinte unite, strisce, motivi floreali e loghi.<\/p>\n<p data-start=\"8257\" data-end=\"8425\"><strong data-start=\"8257\" data-end=\"8313\">Questo prodotto \u00e8 adatto per eventi e conferenze?<\/strong><br data-start=\"8313\" data-end=\"8316\" \/>S\u00ec, \u00e8 ideale per <strong data-start=\"8337\" data-end=\"8422\">fiere, conferenze, mostre, programmi di registrazione e utilizzo di badge per eventi.<\/strong>.<\/p>\n<p data-start=\"8427\" data-end=\"8592\"><strong data-start=\"8427\" data-end=\"8472\">Scuole e uffici possono utilizzare questo cordino?<\/strong><br data-start=\"8472\" data-end=\"8475\" \/>S\u00ec, \u00e8 un'ottima soluzione per <strong data-start=\"8503\" data-end=\"8589\">carte d'identit\u00e0 scolastiche, carte d'accesso agli uffici, identificazione del personale e trasporto giornaliero delle chiavi.<\/strong>.<\/p>\n<p data-start=\"8594\" data-end=\"8805\"><strong data-start=\"8594\" data-end=\"8637\">Perch\u00e9 \u00e8 un buon prodotto promozionale?<\/strong><br data-start=\"8637\" data-end=\"8640\" \/>Perch\u00e9 \u00e8 <strong data-start=\"8654\" data-end=\"8726\">utile, indossabile, facile da personalizzare e spesso riutilizzato dopo un evento<\/strong>, e garantisce un'esposizione del logo pi\u00f9 duratura rispetto a molti altri articoli da regalare una tantum.<\/p>\n<p data-start=\"8807\" data-end=\"8968\" data-is-last-node=\"\" data-is-only-node=\"\">","protected":false},"excerpt":{"rendered":"<p>Questo cordino a strappo stampato su misura \u00e8 progettato per badge di eventi, documenti di identit\u00e0 del personale, chiavi e uso promozionale. Grazie al tessuto stampato in quadricromia, alla fibbia a strappo, alla chiusura in metallo e alla larghezza personalizzabile, \u00e8 un cordino pratico e ben visibile per conferenze, scuole, uffici, mostre e omaggi di marca.<\/p>","protected":false},"featured_media":47536,"template":"","meta":{"_gspb_post_css":""},"product_brand":[],"product_cat":[35],"product_tag":[],"class_list":{"0":"post-47535","1":"product","2":"type-product","3":"status-publish","4":"has-post-thumbnail","6":"product_cat-tradeshow-events","8":"first","9":"instock","10":"shipping-taxable","11":"product-type-simple"},"_links":{"self":[{"href":"https:\/\/globalgiftsupplier.com\/it\/wp-json\/wp\/v2\/product\/47535","targetHints":{"allow":["GET"]}}],"collection":[{"href":"https:\/\/globalgiftsupplier.com\/it\/wp-json\/wp\/v2\/product"}],"about":[{"href":"https:\/\/globalgiftsupplier.com\/it\/wp-json\/wp\/v2\/types\/product"}],"wp:featuredmedia":[{"embeddable":true,"href":"https:\/\/globalgiftsupplier.com\/it\/wp-json\/wp\/v2\/media\/47536"}],"wp:attachment":[{"href":"https:\/\/globalgiftsupplier.com\/it\/wp-json\/wp\/v2\/media?parent=47535"}],"wp:term":[{"taxonomy":"product_brand","embeddable":true,"href":"https:\/\/globalgiftsupplier.com\/it\/wp-json\/wp\/v2\/product_brand?post=47535"},{"taxonomy":"product_cat","embeddable":true,"href":"https:\/\/globalgiftsupplier.com\/it\/wp-json\/wp\/v2\/product_cat?post=47535"},{"taxonomy":"product_tag","embeddable":true,"href":"https:\/\/globalgiftsupplier.com\/it\/wp-json\/wp\/v2\/product_tag?post=47535"}],"curies":[{"name":"wp","href":"https:\/\/api.w.org\/{rel}","templated":true}]}}