{"id":47527,"date":"2026-03-31T15:34:53","date_gmt":"2026-03-31T15:34:53","guid":{"rendered":"https:\/\/globalgiftsupplier.com\/?post_type=product&#038;p=47527"},"modified":"2026-03-31T15:34:53","modified_gmt":"2026-03-31T15:34:53","slug":"custom-printed-lanyard-with-badge-holder-and-metal-clasp","status":"publish","type":"product","link":"https:\/\/globalgiftsupplier.com\/it\/product\/custom-printed-lanyard-with-badge-holder-and-metal-clasp\/","title":{"rendered":"Cordino stampato personalizzato con portabadge e chiusura in metallo"},"content":{"rendered":"<p data-start=\"1592\" data-end=\"2200\">Questo <strong data-start=\"1623\" data-end=\"1667\">cordino stampato personalizzato con portabadge<\/strong> \u00e8 un articolo promozionale pratico e ad alta visibilit\u00e0 progettato per eventi, mostre, uffici, scuole, conferenze e per l'uso quotidiano dei documenti di identit\u00e0. In base alle immagini del prodotto, questo stile combina <strong data-start=\"1855\" data-end=\"1884\">tessuto stampato a colori<\/strong>, a <strong data-start=\"1888\" data-end=\"1910\">chiusura girevole in metallo<\/strong>, e un'opzione <strong data-start=\"1928\" data-end=\"1950\">portabadge trasparente<\/strong> per creare un accessorio di marca che sia utile e visivamente accattivante. \u00c8 ideale per contenere carte d'identit\u00e0, pass per i visitatori, tessere d'accesso, badge per il personale e accessori leggeri, oltre che per esporre ripetutamente il vostro logo nel corso della giornata.<\/p>\n<p data-start=\"2202\" data-end=\"2681\">Il design del cinturino stampato conferisce a questo prodotto un aspetto pi\u00f9 pregiato e accattivante rispetto a un semplice cordino standard. Le immagini mostrano diverse opzioni di motivi colorati, tra cui stampe geometriche, grafiche giocose, disegni di ispirazione floreale e layout puliti incentrati sul marchio. Questo rende il cordino adatto non solo per un uso identificativo di base, ma anche per <strong data-start=\"2559\" data-end=\"2644\">campagne di marca, merchandising per eventi, programmi per studenti e collezioni promozionali.<\/strong> dove la presentazione visiva \u00e8 importante.<\/p>\n<p data-start=\"2683\" data-end=\"3236\">Un forte vantaggio di questo prodotto \u00e8 la sua <strong data-start=\"2725\" data-end=\"2756\">flessibilit\u00e0 del marchio personalizzato<\/strong>. Il cinturino pu\u00f2 mostrare loghi ripetuti, grafica di sfondo colorata e temi di stampa coordinati che si adattano a diversi eventi, settori o identit\u00e0 aziendali. Alcune versioni nelle immagini mostrano anche un <strong data-start=\"2959\" data-end=\"2991\">fibbia a sgancio rapido in plastica<\/strong>, mentre altri si concentrano su una classica chiusura in metallo. Questo rende il prodotto adattabile alle diverse preferenze degli utenti e agli usi pratici, sia che si tratti di un semplice cordino per eventi, di un cinturino identificativo per il personale o di un accessorio promozionale pi\u00f9 decorativo.<\/p>\n<p data-start=\"3238\" data-end=\"3783\">Il <strong data-start=\"3242\" data-end=\"3268\">attacco a fibbia in metallo<\/strong> all'estremit\u00e0 del cordino \u00e8 adatto per collegare portabadge, portabiglietti da visita, portafogli identificativi, chiavi, unit\u00e0 USB e altri oggetti leggeri di uso quotidiano. L'hardware conferisce al prodotto un aspetto pi\u00f9 curato e professionale, rendendolo pi\u00f9 raffinato per conferenze, programmi per il personale, scuole, merchandising al dettaglio e omaggi per i clienti. I modelli di portabadge mostrati nelle immagini contribuiscono inoltre a trasformare il cordino in una soluzione di identificazione pronta all'uso per le organizzazioni che necessitano sia di branding che di funzionalit\u00e0.<\/p>\n<p data-start=\"3785\" data-end=\"4250\">Questo cordino personalizzato \u00e8 anche una scelta forte per <strong data-start=\"3833\" data-end=\"3861\">distribuzione ad alto volume<\/strong> perch\u00e9 \u00e8 leggero, facile da imballare, facile da distribuire e adatto a un'ampia gamma di destinatari. Pu\u00f2 essere utilizzato in occasione di fiere, eventi aziendali, programmi educativi, festival, mostre, promozioni al dettaglio e banchi di registrazione dei soci. Poich\u00e9 gli utenti spesso continuano a usare i cordini anche dopo l'evento originale, offrono un'esposizione pi\u00f9 lunga del marchio rispetto a molti altri articoli da regalare una tantum.<\/p>\n<p data-start=\"4252\" data-end=\"4565\">Per le aziende e gli organizzatori di eventi alla ricerca di un prodotto semplice ma efficace che combini branding, uso quotidiano e presentazione colorata, questo cordino stampato personalizzato con portabadge \u00e8 un'opzione affidabile. \u00c8 facile da personalizzare, da distribuire e utile sia in ambienti professionali che informali.<\/p>\n<p data-start=\"4567\" data-end=\"5280\"><strong data-start=\"4567\" data-end=\"4583\">Caratteristiche principali<\/strong><br data-start=\"4583\" data-end=\"4586\" \/>\u2022 <strong data-start=\"4588\" data-end=\"4621\">Design del cordino stampato su misura<\/strong> per il branding e l'uso promozionale<br data-start=\"4654\" data-end=\"4657\" \/>\u2022 <strong data-start=\"4659\" data-end=\"4711\">Stile del portabadge trasparente mostrato nelle immagini del prodotto<\/strong> per carte d'identit\u00e0 e pass per eventi<br data-start=\"4741\" data-end=\"4744\" \/>\u2022 <strong data-start=\"4746\" data-end=\"4783\">Chiusura girevole in metallo \/ gancio a moschettone<\/strong> per il fissaggio pratico<br data-start=\"4808\" data-end=\"4811\" \/>\u2022 <strong data-start=\"4813\" data-end=\"4875\">Stile di fibbia a sgancio rapido opzionale mostrato in alcune versioni<\/strong><br data-start=\"4875\" data-end=\"4878\" \/>\u2022 <strong data-start=\"4880\" data-end=\"4909\">Stampa del cinturino in quadricromia<\/strong> con logo, motivi e opere d'arte a tema<br data-start=\"4949\" data-end=\"4952\" \/>\u2022 <strong data-start=\"4954\" data-end=\"5029\">Adatto per documenti d'identit\u00e0 del personale, carte d'accesso, chiavi e accessori leggeri<\/strong><br data-start=\"5029\" data-end=\"5032\" \/>\u2022 <strong data-start=\"5034\" data-end=\"5065\">Forte area di branding visivo<\/strong> per l'esposizione ripetuta del logo<br data-start=\"5092\" data-end=\"5095\" \/>\u2022 <strong data-start=\"5097\" data-end=\"5158\">Utile per conferenze, scuole, uffici e mostre<\/strong><br data-start=\"5158\" data-end=\"5161\" \/>\u2022 <strong data-start=\"5163\" data-end=\"5201\">Leggero e facile da distribuire<\/strong> in occasione di eventi e campagne<br data-start=\"5225\" data-end=\"5228\" \/>\u2022 <strong data-start=\"5230\" data-end=\"5278\">Un'alternativa pi\u00f9 elegante ai cordini semplici<\/strong><\/p>\n<p data-start=\"5282\" data-end=\"5789\"><strong data-start=\"5282\" data-end=\"5300\">Specifiche tecniche<\/strong><br data-start=\"5300\" data-end=\"5303\" \/>Tipo di prodotto: Cordino stampato personalizzato con portabadge<br data-start=\"5357\" data-end=\"5360\" \/>Stile: Cordino da collo \/ cordino ID \/ cinghia per eventi<br data-start=\"5406\" data-end=\"5409\" \/>Materiale: Cinturino in tessuto con minuteria metallica<br data-start=\"5451\" data-end=\"5454\" \/>Attacco: Chiusura girevole in metallo \/ gancio a moschettone<br data-start=\"5499\" data-end=\"5502\" \/>Parti opzionali mostrate nelle immagini: Fibbia a sgancio rapido in plastica, portabadge trasparente<br data-start=\"5582\" data-end=\"5585\" \/>Stile del logo: Logo stampato in quadricromia e motivo grafico<br data-start=\"5642\" data-end=\"5645\" \/>Uso: carte d'identit\u00e0, badge, pass per eventi, portachiavi, tessere di accesso, accessori leggeri<br data-start=\"5726\" data-end=\"5729\" \/>Tema: Eventi, uso del personale, conferenze, scuole, promozioni<\/p>\n<p data-start=\"5791\" data-end=\"6334\"><strong data-start=\"5791\" data-end=\"5818\">Perch\u00e9 scegliere questo prodotto<\/strong><br data-start=\"5818\" data-end=\"5821\" \/>Questo prodotto offre una forte combinazione di <strong data-start=\"5865\" data-end=\"5933\">funzionalit\u00e0 giornaliera, colorato visual branding e praticit\u00e0 per gli eventi<\/strong>. Rispetto a un cordino semplice, offre pi\u00f9 spazio per la grafica personalizzata, una maggiore visibilit\u00e0 del logo e una presentazione complessiva pi\u00f9 attraente. Inoltre, \u00e8 un prodotto che si pu\u00f2 continuare a utilizzare anche dopo l'evento originale, il che contribuisce a prolungare l'esposizione del marchio nel tempo. Per le aziende, le scuole e gli organizzatori di eventi che desiderano un utile accessorio di marca con un aspetto pi\u00f9 personalizzato, si tratta di una scelta valida.<\/p>\n<p data-start=\"6336\" data-end=\"6680\"><strong data-start=\"6336\" data-end=\"6349\">Ideale per<\/strong><br data-start=\"6349\" data-end=\"6352\" \/>- Registrazione a fiere e mostre<br data-start=\"6392\" data-end=\"6395\" \/>- Badge per conferenze ed eventi<br data-start=\"6424\" data-end=\"6427\" \/>- Uso del documento d'identit\u00e0 della scuola e del campus<br data-start=\"6453\" data-end=\"6456\" \/>- Identificazione del personale dell'ufficio<br data-start=\"6485\" data-end=\"6488\" \/>- Titolari di pass per visitatori<br data-start=\"6510\" data-end=\"6513\" \/>- Promozioni al dettaglio e merchandising del marchio<br data-start=\"6554\" data-end=\"6557\" \/>- Tessere associative e programmi di club<br data-start=\"6593\" data-end=\"6596\" \/>- Utilizzo dell'accesso ai festival e agli eventi<br data-start=\"6627\" data-end=\"6630\" \/>- Omaggi aziendali<br data-start=\"6651\" data-end=\"6654\" \/>- Pacchetti regalo promozionali<\/p>\n<p data-start=\"6682\" data-end=\"6691\"><strong data-start=\"6682\" data-end=\"6689\">FAQ<\/strong><\/p>\n<p data-start=\"6693\" data-end=\"6881\"><strong data-start=\"6693\" data-end=\"6740\">Questo cordino pu\u00f2 essere personalizzato con un logo?<\/strong><br data-start=\"6740\" data-end=\"6743\" \/>S\u00ec. La cinghia \u00e8 progettata per <strong data-start=\"6774\" data-end=\"6821\">stampa personalizzata a colori di loghi e motivi<\/strong>, che lo rende adatto alle promozioni di marca e all'uso in occasione di eventi.<\/p>\n<p data-start=\"6883\" data-end=\"7112\"><strong data-start=\"6883\" data-end=\"6928\">Questo prodotto include un portabadge?<\/strong><br data-start=\"6928\" data-end=\"6931\" \/>Le immagini del prodotto mostrano <strong data-start=\"6955\" data-end=\"7015\">stili di portabadge e combinazioni di cordino e portabadge<\/strong>. Potete presentarlo sul vostro sito web come un cordino abbinabile a un portabadge.<\/p>\n<p data-start=\"7114\" data-end=\"7274\"><strong data-start=\"7114\" data-end=\"7152\">Per cosa pu\u00f2 essere utilizzato questo cordino?<\/strong><br data-start=\"7152\" data-end=\"7155\" \/>Pu\u00f2 essere utilizzato per <strong data-start=\"7174\" data-end=\"7271\">Carte d'identit\u00e0, badge per il personale, pass per i visitatori, tessere di accesso, chiavi e altri accessori leggeri.<\/strong>.<\/p>\n<p data-start=\"7276\" data-end=\"7392\"><strong data-start=\"7276\" data-end=\"7307\">Ha una chiusura in metallo?<\/strong><br data-start=\"7307\" data-end=\"7310\" \/>S\u00ec. Le immagini del prodotto mostrano un <strong data-start=\"7341\" data-end=\"7378\">chiusura girevole in metallo \/ gancio a moschettone<\/strong> allegato.<\/p>\n<p data-start=\"7394\" data-end=\"7570\"><strong data-start=\"7394\" data-end=\"7434\">\u00c8 disponibile una fibbia a sgancio rapido?<\/strong><br data-start=\"7434\" data-end=\"7437\" \/>Alcune versioni mostrate nelle immagini includono un <strong data-start=\"7481\" data-end=\"7513\">fibbia a sgancio rapido in plastica<\/strong>. Questo pu\u00f2 essere evidenziato come opzione di stile disponibile.<\/p>\n<p data-start=\"7572\" data-end=\"7745\"><strong data-start=\"7572\" data-end=\"7615\">Il cinturino pu\u00f2 essere stampato a colori?<\/strong><br data-start=\"7615\" data-end=\"7618\" \/>S\u00ec. Le immagini del prodotto mostrano chiaramente <strong data-start=\"7655\" data-end=\"7685\">disegni stampati a colori<\/strong>, tra cui loghi, strisce, punti e motivi decorativi.<\/p>\n<p data-start=\"7747\" data-end=\"7966\"><strong data-start=\"7747\" data-end=\"7803\">Questo prodotto \u00e8 adatto per eventi e conferenze?<\/strong><br data-start=\"7803\" data-end=\"7806\" \/>S\u00ec, \u00e8 un'opzione forte per <strong data-start=\"7837\" data-end=\"7911\">eventi, conferenze, mostre, scuole, uffici e programmi per il personale<\/strong> perch\u00e9 unisce il branding alla funzionalit\u00e0 quotidiana.<\/p>\n<p data-start=\"7968\" data-end=\"8148\"><strong data-start=\"7968\" data-end=\"8011\">Perch\u00e9 \u00e8 un buon prodotto promozionale?<\/strong><br data-start=\"8011\" data-end=\"8014\" \/>Perch\u00e9 \u00e8 <strong data-start=\"8028\" data-end=\"8097\">utili, visibili, facili da personalizzare e spesso riutilizzati dopo gli eventi<\/strong>, e aiuta a mantenere il vostro logo regolarmente visibile al pubblico.<\/p>\n<p data-start=\"8150\" data-end=\"8315\"><strong data-start=\"8150\" data-end=\"8194\">Pu\u00f2 essere utilizzato per scuole o uffici?<\/strong><br data-start=\"8194\" data-end=\"8197\" \/>S\u00ec, \u00e8 adatto per <strong data-start=\"8221\" data-end=\"8312\">ID del personale, tessere di accesso, programmi del campus, pass per i visitatori e uso dell'identificazione dell'ufficio.<\/strong>.<\/p>","protected":false},"excerpt":{"rendered":"<p data-start=\"1060\" data-end=\"1472\">Questo cordino stampato personalizzato con portabadge \u00e8 un pratico accessorio promozionale progettato per i documenti d'identit\u00e0 del personale, i pass per gli eventi, le chiavi e gli oggetti di uso quotidiano. Dotato di tessuto stampato in quadricromia, di una sicura chiusura in metallo, di una fibbia di sicurezza in plastica opzionale e di un portabadge trasparente come mostrato nelle immagini del prodotto, \u00e8 ideale per conferenze, scuole, uffici, fiere e omaggi di marca.<\/p>\n<p data-start=\"1474\" data-end=\"1510\">","protected":false},"featured_media":47528,"template":"","meta":{"_gspb_post_css":""},"product_brand":[],"product_cat":[35],"product_tag":[],"class_list":{"0":"post-47527","1":"product","2":"type-product","3":"status-publish","4":"has-post-thumbnail","6":"product_cat-tradeshow-events","8":"first","9":"instock","10":"shipping-taxable","11":"product-type-simple"},"_links":{"self":[{"href":"https:\/\/globalgiftsupplier.com\/it\/wp-json\/wp\/v2\/product\/47527","targetHints":{"allow":["GET"]}}],"collection":[{"href":"https:\/\/globalgiftsupplier.com\/it\/wp-json\/wp\/v2\/product"}],"about":[{"href":"https:\/\/globalgiftsupplier.com\/it\/wp-json\/wp\/v2\/types\/product"}],"wp:featuredmedia":[{"embeddable":true,"href":"https:\/\/globalgiftsupplier.com\/it\/wp-json\/wp\/v2\/media\/47528"}],"wp:attachment":[{"href":"https:\/\/globalgiftsupplier.com\/it\/wp-json\/wp\/v2\/media?parent=47527"}],"wp:term":[{"taxonomy":"product_brand","embeddable":true,"href":"https:\/\/globalgiftsupplier.com\/it\/wp-json\/wp\/v2\/product_brand?post=47527"},{"taxonomy":"product_cat","embeddable":true,"href":"https:\/\/globalgiftsupplier.com\/it\/wp-json\/wp\/v2\/product_cat?post=47527"},{"taxonomy":"product_tag","embeddable":true,"href":"https:\/\/globalgiftsupplier.com\/it\/wp-json\/wp\/v2\/product_tag?post=47527"}],"curies":[{"name":"wp","href":"https:\/\/api.w.org\/{rel}","templated":true}]}}