{"id":47520,"date":"2026-03-31T15:29:01","date_gmt":"2026-03-31T15:29:01","guid":{"rendered":"https:\/\/globalgiftsupplier.com\/?post_type=product&#038;p=47520"},"modified":"2026-03-31T15:29:01","modified_gmt":"2026-03-31T15:29:01","slug":"custom-printed-lanyard-with-metal-clasp-and-logo","status":"publish","type":"product","link":"https:\/\/globalgiftsupplier.com\/it\/product\/custom-printed-lanyard-with-metal-clasp-and-logo\/","title":{"rendered":"Cordino stampato personalizzato con chiusura in metallo e logo"},"content":{"rendered":"<p data-start=\"1590\" data-end=\"2132\">Questo <strong data-start=\"1621\" data-end=\"1647\">cordino stampato personalizzato<\/strong> \u00e8 un accessorio promozionale pratico e ad alta visibilit\u00e0 progettato per eventi, uffici, scuole, programmi di vendita al dettaglio e merchandising di marca. Grazie alla sua struttura a cinghia lunga, alla chiusura metallica sicura e alla presentazione chiara del logo, \u00e8 un oggetto utile per tutti i giorni e offre al contempo al vostro marchio un'esposizione ripetuta in ambienti pubblici. Utilizzato per chiavi, badge, portadocumenti, portacarte, piccoli accessori o pass per eventi, questo cordino unisce la praticit\u00e0 a un forte valore di branding.<\/p>\n<p data-start=\"2134\" data-end=\"2649\">Il prodotto \u00e8 dotato di un <strong data-start=\"2157\" data-end=\"2181\">cinturino stampato<\/strong> con un look pulito e moderno che pu\u00f2 essere personalizzato con diversi colori, motivi grafici e stili di logo. In base alle immagini del prodotto, questo stile funziona particolarmente bene per i marchi che desiderano qualcosa di visivamente pi\u00f9 interessante di un semplice cordino. Invece di un cinturino monocolore di base, offre spazio per <strong data-start=\"2485\" data-end=\"2557\">motivi decorativi, grafica ripetuta e presentazione di loghi di qualit\u00e0 superiore.<\/strong>, aiutando il vostro prodotto ad apparire pi\u00f9 alla moda e pi\u00f9 memorabile negli omaggi o nell'uso da parte del personale.<\/p>\n<p data-start=\"2651\" data-end=\"3210\">A <strong data-start=\"2653\" data-end=\"2675\">chiusura girevole in metallo<\/strong> \u00e8 fissato all'estremit\u00e0 del cinturino per un pratico uso quotidiano. Questo tipo di gancio \u00e8 adatto per agganciare chiavi, custodie per carte di credito, portadocumenti, pass di accesso, tiretti per cerniere e accessori leggeri. L'hardware in metallo conferisce inoltre un aspetto pi\u00f9 raffinato rispetto ai raccordi in plastica a basso costo, rendendo il cordino pi\u00f9 pregiato per i regali aziendali, il materiale per gli eventi e il merchandising al dettaglio. Alcune delle versioni illustrate mostrano anche l'hardware in diverse finiture metalliche, che possono aiutare i marchi ad abbinare meglio il loro stile visivo.<\/p>\n<p data-start=\"3212\" data-end=\"3681\">Un'altra caratteristica di questo stile di cordino \u00e8 il suo <strong data-start=\"3264\" data-end=\"3292\">presentazione del logo personalizzato<\/strong>. Le immagini mostrano sia la decorazione stampata della tracolla che gli elementi in rilievo del logo, che conferiscono al prodotto un aspetto pi\u00f9 personalizzato e pi\u00f9 focalizzato sul marchio. Questo lo rende una scelta forte per le aziende che vogliono qualcosa di pi\u00f9 di una semplice tracolla per eventi. Pu\u00f2 fungere da accessorio di marca che i clienti, i dipendenti o i partecipanti all'evento continuano a utilizzare anche dopo la fine della campagna o dell'evento originale.<\/p>\n<p data-start=\"3683\" data-end=\"4118\">Poich\u00e9 i cordini sono ampiamente utilizzati in conferenze, fiere, mostre, scuole, uffici ed eventi pubblici, sono uno dei prodotti promozionali pi\u00f9 pratici per un'esposizione a lungo termine. Le persone li indossano al collo, li tengono attaccati alle chiavi o li usano quotidianamente come portacarte. Ci\u00f2 significa che il vostro marchio rimane visibile non solo durante l'evento stesso, ma anche dopo, durante gli spostamenti, il lavoro d'ufficio e la routine quotidiana.<\/p>\n<p data-start=\"4120\" data-end=\"4573\">Questo prodotto \u00e8 adatto anche a <strong data-start=\"4156\" data-end=\"4199\">collezioni promozionali all'avanguardia<\/strong> perch\u00e9 il cinturino pu\u00f2 essere adattato a diversi modelli e combinazioni di colori. Dagli audaci stili geometrici alle stampe floreali e ai colori vivaci del marchio, pu\u00f2 essere personalizzato per l'identit\u00e0 aziendale, i temi degli eventi, il lancio di prodotti, il merchandising dei fan, il branding universitario, le promozioni al dettaglio e le campagne comunitarie. \u00c8 semplice, utile, facile da distribuire e visivamente efficace.<\/p>\n<p data-start=\"4575\" data-end=\"4943\">Per le aziende che cercano un accessorio poco ingombrante ma ad alta visibilit\u00e0, questo cordino personalizzato offre un forte equilibrio tra funzionalit\u00e0, stile e flessibilit\u00e0 del marchio. \u00c8 adatto per <strong data-start=\"4752\" data-end=\"4861\">omaggi per eventi, accessori per il personale, regali per i clienti, programmi di souvenir e collezioni di prodotti personalizzati.<\/strong>, che lo rende uno degli articoli pi\u00f9 versatili della categoria fiere ed eventi.<\/p>\n<p data-start=\"4945\" data-end=\"5608\"><strong data-start=\"4945\" data-end=\"4961\">Caratteristiche principali<\/strong><br data-start=\"4961\" data-end=\"4964\" \/>\u2022 <strong data-start=\"4966\" data-end=\"4999\">Design del cordino stampato su misura<\/strong> per eventi e promozioni<br data-start=\"5029\" data-end=\"5032\" \/>\u2022 <strong data-start=\"5034\" data-end=\"5060\">Attacco a fibbia in metallo<\/strong> per chiavi, badge, supporti e accessori<br data-start=\"5103\" data-end=\"5106\" \/>\u2022 <strong data-start=\"5108\" data-end=\"5134\">Forte visibilit\u00e0 del logo<\/strong> sul cinturino e sull'area del marchio<br data-start=\"5165\" data-end=\"5168\" \/>\u2022 <strong data-start=\"5170\" data-end=\"5225\">Adatta per modelli a colori e opere d'arte personalizzate<\/strong><br data-start=\"5225\" data-end=\"5228\" \/>\u2022 <strong data-start=\"5230\" data-end=\"5255\">Utile per l'uso quotidiano<\/strong> in uffici, scuole, eventi e mostre<br data-start=\"5300\" data-end=\"5303\" \/>\u2022 <strong data-start=\"5305\" data-end=\"5344\">Aspetto professionale ed elegante<\/strong> rispetto ai cordini standard semplici<br data-start=\"5382\" data-end=\"5385\" \/>\u2022 <strong data-start=\"5387\" data-end=\"5443\">Disponibile in diversi modelli e colori<\/strong> in base alle immagini del prodotto<br data-start=\"5471\" data-end=\"5474\" \/>\u2022 <strong data-start=\"5476\" data-end=\"5537\">Ideali per gli omaggi, il merchandising e l'identificazione del personale<\/strong><br data-start=\"5537\" data-end=\"5540\" \/>\u2022 <strong data-start=\"5542\" data-end=\"5582\">Facile da trasportare e da distribuire<\/strong> in occasione di eventi e campagne<\/p>\n<p data-start=\"5610\" data-end=\"6152\"><strong data-start=\"5610\" data-end=\"5628\">Specifiche tecniche<\/strong><br data-start=\"5628\" data-end=\"5631\" \/>Tipo di prodotto: Cordino stampato personalizzato<br data-start=\"5667\" data-end=\"5670\" \/>Stile: Cordino da collo \/ cinturino promozionale<br data-start=\"5709\" data-end=\"5712\" \/>Materiale: Cinturino in tessuto con minuteria metallica<br data-start=\"5754\" data-end=\"5757\" \/>Attacco: Chiusura girevole in metallo \/ gancio a moschettone<br data-start=\"5802\" data-end=\"5805\" \/>Opzioni logo: Logo stampato \/ presentazione del logo decorativo<br data-start=\"5862\" data-end=\"5865\" \/>Stile del motivo: Disponibile modello personalizzato a colori<br data-start=\"5915\" data-end=\"5918\" \/>Finiture hardware: tonalit\u00e0 argento, oro e oro rosa mostrate nelle immagini del prodotto<br data-start=\"5997\" data-end=\"6000\" \/>Uso: chiavi, badge, portadocumenti, portapass, custodie per carte, accessori leggeri<br data-start=\"6082\" data-end=\"6085\" \/>Tema: Eventi, promozioni, uso del personale, merchandising<br data-start=\"6134\" data-end=\"6137\" \/>Origine: Cina<\/p>\n<p data-start=\"6154\" data-end=\"6731\"><strong data-start=\"6154\" data-end=\"6181\">Perch\u00e9 scegliere questo prodotto<\/strong><br data-start=\"6181\" data-end=\"6184\" \/>Questo cordino offre una forte combinazione di <strong data-start=\"6228\" data-end=\"6304\">funzione pratica, personalizzazione visiva e esposizione ripetuta al marchio<\/strong>. \u00c8 pi\u00f9 elegante di un semplice cordino di base, pi\u00f9 facile da personalizzare con disegni e colori e utile in un'ampia gamma di contesti aziendali e di eventi. Poich\u00e9 pu\u00f2 continuare a essere utilizzato anche dopo l'evento o la promozione originaria, offre al vostro logo una visibilit\u00e0 pi\u00f9 a lungo termine rispetto a molti prodotti da regalare una tantum. Per i marchi che desiderano un articolo semplice con una forte utilit\u00e0 quotidiana e un valore di personalizzazione, questa \u00e8 una scelta affidabile.<\/p>\n<p data-start=\"6733\" data-end=\"7041\"><strong data-start=\"6733\" data-end=\"6746\">Ideale per<\/strong><br data-start=\"6746\" data-end=\"6749\" \/>- Omaggi per fiere<br data-start=\"6771\" data-end=\"6774\" \/>- Conferenze e mostre<br data-start=\"6803\" data-end=\"6806\" \/>- Eventi aziendali<br data-start=\"6824\" data-end=\"6827\" \/>- ID del personale e uso dell'ufficio<br data-start=\"6852\" data-end=\"6855\" \/>- Programmi scolastici e universitari<br data-start=\"6887\" data-end=\"6890\" \/>- Accessori per soci e club<br data-start=\"6923\" data-end=\"6926\" \/>- Collezioni di merce al dettaglio<br data-start=\"6958\" data-end=\"6961\" \/>- Campagne di lancio del marchio<br data-start=\"6985\" data-end=\"6988\" \/>- Titolari di pass per eventi<br data-start=\"7008\" data-end=\"7011\" \/>- Utilizzo di chiavi e badge<\/p>\n<p data-start=\"7043\" data-end=\"7052\"><strong data-start=\"7043\" data-end=\"7050\">FAQ<\/strong><\/p>\n<p data-start=\"7054\" data-end=\"7252\"><strong data-start=\"7054\" data-end=\"7101\">Questo cordino pu\u00f2 essere personalizzato con un logo?<\/strong><br data-start=\"7101\" data-end=\"7104\" \/>S\u00ec. Il cinturino pu\u00f2 essere personalizzato con il logo, la grafica o il motivo del marchio e le immagini del prodotto mostrano anche le opzioni di presentazione del logo decorativo.<\/p>\n<p data-start=\"7254\" data-end=\"7413\"><strong data-start=\"7254\" data-end=\"7292\">Per cosa pu\u00f2 essere utilizzato questo cordino?<\/strong><br data-start=\"7292\" data-end=\"7295\" \/>Pu\u00f2 essere utilizzato per chiavi, badge, portadocumenti, custodie per carte, pass per eventi e altri accessori leggeri di uso quotidiano.<\/p>\n<p data-start=\"7415\" data-end=\"7563\"><strong data-start=\"7415\" data-end=\"7448\">Include un gancio di metallo?<\/strong><br data-start=\"7448\" data-end=\"7451\" \/>S\u00ec. Il cordino \u00e8 raffigurato con un <strong data-start=\"7484\" data-end=\"7521\">chiusura girevole in metallo \/ gancio a moschettone<\/strong> per fissare in modo sicuro diversi oggetti.<\/p>\n<p data-start=\"7565\" data-end=\"7778\"><strong data-start=\"7565\" data-end=\"7621\">Questo prodotto \u00e8 adatto a fiere ed eventi?<\/strong><br data-start=\"7621\" data-end=\"7624\" \/>S\u00ec. \u00c8 una scelta importante per conferenze, mostre, fiere e per l'identificazione del personale, perch\u00e9 \u00e8 pratico, visibile e facile da distribuire.<\/p>\n<p data-start=\"7780\" data-end=\"7940\"><strong data-start=\"7780\" data-end=\"7823\">Il cinturino pu\u00f2 essere stampato a colori?<\/strong><br data-start=\"7823\" data-end=\"7826\" \/>S\u00ec. In base alle immagini del prodotto, questo stile \u00e8 adatto per <strong data-start=\"7887\" data-end=\"7937\">modelli a colori e progetti grafici personalizzati<\/strong>.<\/p>\n<p data-start=\"7942\" data-end=\"8108\"><strong data-start=\"7942\" data-end=\"7986\">Sono disponibili diversi colori di hardware?<\/strong><br data-start=\"7986\" data-end=\"7989\" \/>Le immagini del prodotto mostrano diverse finiture metalliche, tra cui <strong data-start=\"8052\" data-end=\"8098\">tonalit\u00e0 argento, oro e oro rosa<\/strong> stili.<\/p>\n<p data-start=\"8110\" data-end=\"8288\"><strong data-start=\"8110\" data-end=\"8147\">\u00c8 solo per gli eventi aziendali?<\/strong><br data-start=\"8147\" data-end=\"8150\" \/>No. Pu\u00f2 essere utilizzato anche per scuole, club, merchandising per tifosi, accessori per la vendita al dettaglio, souvenir turistici e collezioni promozionali di marca.<\/p>\n<p data-start=\"8290\" data-end=\"8478\"><strong data-start=\"8290\" data-end=\"8333\">Perch\u00e9 \u00e8 un buon prodotto promozionale?<\/strong><br data-start=\"8333\" data-end=\"8336\" \/>Essendo utile, indossabile, facile da brandizzare e spesso riutilizzato dopo l'evento originale, aiuta a mantenere il vostro logo visibile pi\u00f9 a lungo.<\/p>\n<p data-start=\"8480\" data-end=\"8646\" data-is-last-node=\"\" data-is-only-node=\"\">","protected":false},"excerpt":{"rendered":"<p>Questo cordino stampato personalizzato con chiusura in metallo \u00e8 un accessorio promozionale elegante e pratico per eventi, badge, chiavi e oggetti di uso quotidiano. Grazie al cinturino stampato in quadricromia, al gancio metallico sicuro e all'area visibile per il logo, \u00e8 un'ottima scelta per fiere, identificazione del personale, merchandising aziendale e omaggi di marca. I diversi modelli e le finiture dell'hardware contribuiscono a creare un look personalizzato di qualit\u00e0 superiore.<\/p>","protected":false},"featured_media":47521,"template":"","meta":{"_gspb_post_css":""},"product_brand":[],"product_cat":[35],"product_tag":[],"class_list":{"0":"post-47520","1":"product","2":"type-product","3":"status-publish","4":"has-post-thumbnail","6":"product_cat-tradeshow-events","8":"first","9":"instock","10":"shipping-taxable","11":"product-type-simple"},"_links":{"self":[{"href":"https:\/\/globalgiftsupplier.com\/it\/wp-json\/wp\/v2\/product\/47520","targetHints":{"allow":["GET"]}}],"collection":[{"href":"https:\/\/globalgiftsupplier.com\/it\/wp-json\/wp\/v2\/product"}],"about":[{"href":"https:\/\/globalgiftsupplier.com\/it\/wp-json\/wp\/v2\/types\/product"}],"wp:featuredmedia":[{"embeddable":true,"href":"https:\/\/globalgiftsupplier.com\/it\/wp-json\/wp\/v2\/media\/47521"}],"wp:attachment":[{"href":"https:\/\/globalgiftsupplier.com\/it\/wp-json\/wp\/v2\/media?parent=47520"}],"wp:term":[{"taxonomy":"product_brand","embeddable":true,"href":"https:\/\/globalgiftsupplier.com\/it\/wp-json\/wp\/v2\/product_brand?post=47520"},{"taxonomy":"product_cat","embeddable":true,"href":"https:\/\/globalgiftsupplier.com\/it\/wp-json\/wp\/v2\/product_cat?post=47520"},{"taxonomy":"product_tag","embeddable":true,"href":"https:\/\/globalgiftsupplier.com\/it\/wp-json\/wp\/v2\/product_tag?post=47520"}],"curies":[{"name":"wp","href":"https:\/\/api.w.org\/{rel}","templated":true}]}}