{"id":47506,"date":"2026-03-31T10:05:58","date_gmt":"2026-03-31T10:05:58","guid":{"rendered":"https:\/\/globalgiftsupplier.com\/?post_type=product&#038;p=47506"},"modified":"2026-03-31T10:05:58","modified_gmt":"2026-03-31T10:05:58","slug":"custom-kraft-paper-bag-with-flat-bottom","status":"publish","type":"product","link":"https:\/\/globalgiftsupplier.com\/it\/product\/custom-kraft-paper-bag-with-flat-bottom\/","title":{"rendered":"Sacchetto di carta kraft personalizzato con fondo piatto"},"content":{"rendered":"<p data-start=\"1185\" data-end=\"1465\">Questo sacchetto di carta kraft personalizzato \u00e8 una soluzione di imballaggio semplice e pratica per la ristorazione, l'asporto, la panetteria e la vendita al dettaglio. Realizzato in carta kraft marrone, offre un aspetto naturale e pulito che si presta bene sia per l'imballaggio quotidiano che per la presentazione di un marchio.<\/p>\n<p data-start=\"1467\" data-end=\"1820\">La struttura del fondo piatto aiuta il sacchetto a stare in piedi pi\u00f9 facilmente durante il riempimento, l'imballaggio o l'esposizione dei prodotti. \u00c8 adatto per snack, panini, pane, frutta, piccoli generi alimentari, prodotti da forno e altri prodotti leggeri. L'area frontale pu\u00f2 essere personalizzata con il vostro logo, rendendola un'opzione utile per bar, panetterie, ristoranti, stand gastronomici e negozi al dettaglio.<\/p>\n<p data-start=\"1822\" data-end=\"2100\">Il suo design leggero e poco ingombrante lo rende facile da immagazzinare in grandi quantit\u00e0 e comodo per l'uso quotidiano in azienda. Con una finitura kraft classica e un'area personalizzabile per il marchio, questo sacchetto di carta \u00e8 una scelta affidabile per le aziende che cercano un packaging semplice, funzionale e conveniente.<\/p>\n<p data-start=\"2102\" data-end=\"2426\"><strong data-start=\"2102\" data-end=\"2118\">Caratteristiche principali<\/strong><br data-start=\"2118\" data-end=\"2121\" \/>Materiale in carta kraft marrone<br data-start=\"2147\" data-end=\"2150\" \/>Design a fondo piatto<br data-start=\"2168\" data-end=\"2171\" \/>Facile da aprire e riempire<br data-start=\"2192\" data-end=\"2195\" \/>Stile di confezionamento semplice e ordinato<br data-start=\"2226\" data-end=\"2229\" \/>Adatto per uso alimentare e per la vendita al dettaglio<br data-start=\"2261\" data-end=\"2264\" \/>Stampa del logo personalizzato disponibile<br data-start=\"2294\" data-end=\"2297\" \/>Leggero e facile da riporre<br data-start=\"2326\" data-end=\"2329\" \/>Pratico per il confezionamento di prodotti da asporto e da forno<br data-start=\"2372\" data-end=\"2375\" \/>Aspetto kraft naturale<br data-start=\"2393\" data-end=\"2396\" \/>Ottimo per le esigenze di confezionamento quotidiane<\/p>\n<p data-start=\"2428\" data-end=\"2821\"><strong data-start=\"2428\" data-end=\"2446\">Specifiche tecniche<\/strong><br data-start=\"2446\" data-end=\"2449\" \/>Tipo di prodotto: Sacchetto di carta kraft<br data-start=\"2478\" data-end=\"2481\" \/>Materiale: Carta kraft<br data-start=\"2502\" data-end=\"2505\" \/>Colore: marrone<br data-start=\"2517\" data-end=\"2520\" \/>Design: Sacchetto di carta a fondo piatto<br data-start=\"2549\" data-end=\"2552\" \/>Personalizzazione: Stampa del logo disponibile<br data-start=\"2590\" data-end=\"2593\" \/>Dimensioni approssimative: 27 x 15 x 9 cm<br data-start=\"2627\" data-end=\"2630\" \/>Stile: Borsa da imballaggio monouso<br data-start=\"2661\" data-end=\"2664\" \/>Utilizzo: Imballaggio alimentare, sacchetto dello spuntino, sacchetto del panificio, sacchetto da asporto, sacchetto al dettaglio<br data-start=\"2734\" data-end=\"2737\" \/>Applicazioni: Pane, panini, frutta, snack, pasticceria, prodotti di piccole dimensioni<br data-start=\"2805\" data-end=\"2808\" \/>Origine: Cina<\/p>\n<p data-start=\"2823\" data-end=\"3184\"><strong data-start=\"2823\" data-end=\"2850\">Perch\u00e9 scegliere questo prodotto<\/strong><br data-start=\"2850\" data-end=\"2853\" \/>Questo sacchetto di carta kraft \u00e8 un pratico articolo da imballaggio di uso quotidiano. Il design a fondo piatto ne migliora l'usabilit\u00e0, mentre l'aspetto kraft naturale gli conferisce una presentazione pulita e semplice. \u00c8 facile da marcare, facile da conservare e adatta a molti contesti aziendali, il che la rende un'ottima scelta di packaging per gli ordini con logo personalizzato.<\/p>\n<p data-start=\"3186\" data-end=\"3465\"><strong data-start=\"3186\" data-end=\"3199\">Ideale per<\/strong><br data-start=\"3199\" data-end=\"3202\" \/>Imballaggi per panifici<br data-start=\"3218\" data-end=\"3221\" \/>Confezioni per caff\u00e8 da asporto<br data-start=\"3244\" data-end=\"3247\" \/>Sacchetti per snack e panini<br data-start=\"3270\" data-end=\"3273\" \/>Imballaggi per frutta e generi alimentari leggeri<br data-start=\"3306\" data-end=\"3309\" \/>Imballaggio per bancarelle di prodotti alimentari<br data-start=\"3329\" data-end=\"3332\" \/>Uso ristorante da asporto<br data-start=\"3355\" data-end=\"3358\" \/>Borse da banco per la vendita al dettaglio<br data-start=\"3377\" data-end=\"3380\" \/>Negozio di articoli da regalo: confezione semplice<br data-start=\"3406\" data-end=\"3409\" \/>Imballaggio per alimenti per eventi<br data-start=\"3429\" data-end=\"3432\" \/>Programmi di sacchetti di carta con marchio personalizzato<\/p>\n<p data-start=\"3467\" data-end=\"3474\"><strong data-start=\"3467\" data-end=\"3474\">FAQ<\/strong><\/p>\n<p data-start=\"3476\" data-end=\"3578\"><strong data-start=\"3476\" data-end=\"3519\">Questa borsa pu\u00f2 essere personalizzata con un logo?<\/strong><br data-start=\"3519\" data-end=\"3522\" \/>S\u00ec. La superficie frontale pu\u00f2 essere personalizzata con il vostro logo.<\/p>\n<p data-start=\"3580\" data-end=\"3702\"><strong data-start=\"3580\" data-end=\"3613\">Per cosa \u00e8 adatta la borsa?<\/strong><br data-start=\"3613\" data-end=\"3616\" \/>\u00c8 adatto per snack, panini, pane, frutta, pasticcini e articoli leggeri per la vendita al dettaglio.<\/p>\n<p data-start=\"3704\" data-end=\"3820\"><strong data-start=\"3704\" data-end=\"3735\">Ha un fondo piatto?<\/strong><br data-start=\"3735\" data-end=\"3738\" \/>S\u00ec. Il design a fondo piatto consente di stare in piedi pi\u00f9 facilmente durante il riempimento e l'imballaggio.<\/p>\n<p data-start=\"3822\" data-end=\"3950\"><strong data-start=\"3822\" data-end=\"3858\">\u00c8 adatto all'uso da asporto?<\/strong><br data-start=\"3858\" data-end=\"3861\" \/>S\u00ec. \u00c8 un'opzione pratica per i cibi da asporto, i prodotti da forno e le confezioni per i negozi di tutti i giorni.<\/p>\n<p data-start=\"3952\" data-end=\"4042\"><strong data-start=\"3952\" data-end=\"3988\">Quali sono le dimensioni mostrate nell'immagine?<\/strong><br data-start=\"3988\" data-end=\"3991\" \/>Le dimensioni esposte sono di circa 27 x 15 x 9 cm.<\/p>\n<p data-start=\"4044\" data-end=\"4148\"><strong data-start=\"4044\" data-end=\"4068\">\u00c8 facile da riporre?<\/strong><br data-start=\"4068\" data-end=\"4071\" \/>S\u00ec. Le borse sono leggere e possono essere impilate per essere riposte comodamente.<\/p>","protected":false},"excerpt":{"rendered":"<p>Questo sacchetto di carta kraft personalizzato \u00e8 caratterizzato da un semplice design a fondo piatto per facilitare l'appoggio, il riempimento e il trasporto. Realizzato in carta kraft marrone, \u00e8 una pratica opzione di imballaggio per la ristorazione, la panetteria, l'asporto e la vendita al dettaglio. Un utile articolo con logo personalizzato per l'imballaggio quotidiano e la promozione del marchio.<\/p>","protected":false},"featured_media":47507,"template":"","meta":{"_gspb_post_css":""},"product_brand":[],"product_cat":[26],"product_tag":[],"class_list":{"0":"post-47506","1":"product","2":"type-product","3":"status-publish","4":"has-post-thumbnail","6":"product_cat-bags","8":"first","9":"instock","10":"shipping-taxable","11":"product-type-simple"},"_links":{"self":[{"href":"https:\/\/globalgiftsupplier.com\/it\/wp-json\/wp\/v2\/product\/47506","targetHints":{"allow":["GET"]}}],"collection":[{"href":"https:\/\/globalgiftsupplier.com\/it\/wp-json\/wp\/v2\/product"}],"about":[{"href":"https:\/\/globalgiftsupplier.com\/it\/wp-json\/wp\/v2\/types\/product"}],"wp:featuredmedia":[{"embeddable":true,"href":"https:\/\/globalgiftsupplier.com\/it\/wp-json\/wp\/v2\/media\/47507"}],"wp:attachment":[{"href":"https:\/\/globalgiftsupplier.com\/it\/wp-json\/wp\/v2\/media?parent=47506"}],"wp:term":[{"taxonomy":"product_brand","embeddable":true,"href":"https:\/\/globalgiftsupplier.com\/it\/wp-json\/wp\/v2\/product_brand?post=47506"},{"taxonomy":"product_cat","embeddable":true,"href":"https:\/\/globalgiftsupplier.com\/it\/wp-json\/wp\/v2\/product_cat?post=47506"},{"taxonomy":"product_tag","embeddable":true,"href":"https:\/\/globalgiftsupplier.com\/it\/wp-json\/wp\/v2\/product_tag?post=47506"}],"curies":[{"name":"wp","href":"https:\/\/api.w.org\/{rel}","templated":true}]}}