{"id":47453,"date":"2026-03-31T09:39:39","date_gmt":"2026-03-31T09:39:39","guid":{"rendered":"https:\/\/globalgiftsupplier.com\/?post_type=product&#038;p=47453"},"modified":"2026-03-31T09:39:39","modified_gmt":"2026-03-31T09:39:39","slug":"custom-felt-potato-grow-bag-with-harvest-window","status":"publish","type":"product","link":"https:\/\/globalgiftsupplier.com\/it\/product\/custom-felt-potato-grow-bag-with-harvest-window\/","title":{"rendered":"Sacco di coltivazione per patate in feltro personalizzato con finestra per il raccolto"},"content":{"rendered":"<p data-start=\"1373\" data-end=\"1780\">Questo sacco per patate in feltro personalizzato \u00e8 una soluzione pratica e riutilizzabile per la coltivazione di ortaggi, erbe, fiori e altre piccole piante in spazi limitati. Realizzato con un tessuto in feltro morbido ma resistente, aiuta a creare un ambiente ordinato per le piante e facilita la gestione di giardini domestici, cortili, balconi, serre e aree di coltivazione all'aperto.<\/p>\n<p data-start=\"1782\" data-end=\"2208\">Una caratteristica fondamentale di questo sacco di coltivazione \u00e8 il design della finestra di raccolta anteriore, che consente agli utenti di controllare la crescita delle piante e di raccogliere comodamente le colture a radice, come le patate, senza rimuovere l'intera pianta dal contenitore. Ci\u00f2 lo rende particolarmente utile per la coltivazione di patate, carote, arachidi, cipolle e ortaggi simili. Il sacco \u00e8 inoltre dotato di maniglie laterali per facilitare il sollevamento, lo spostamento e il posizionamento durante la semina e il raccolto.<\/p>\n<p data-start=\"2210\" data-end=\"2555\">Il design riutilizzabile la rende adatta a un uso stagionale ripetuto, mentre l'area frontale pulita pu\u00f2 essere personalizzata con il vostro logo per marchi di giardinaggio, centri di giardinaggio, promozioni all'aperto, campagne ecologiche e omaggi pratici sullo stile di vita. Disponibile in diversi colori e dimensioni, questa borsa per la coltivazione combina la funzione di giardinaggio con un forte valore promozionale.<\/p>\n<p data-start=\"2557\" data-end=\"2954\"><strong data-start=\"2557\" data-end=\"2573\">Caratteristiche principali<\/strong><br data-start=\"2573\" data-end=\"2576\" \/>Design della borsa per la coltivazione in feltro riutilizzabile<br data-start=\"2605\" data-end=\"2608\" \/>Finestra di raccolta anteriore per un facile accesso<br data-start=\"2644\" data-end=\"2647\" \/>Adatto per patate e ortaggi a radice<br data-start=\"2688\" data-end=\"2691\" \/>Maniglie laterali per un facile trasporto<br data-start=\"2721\" data-end=\"2724\" \/>Soluzione d'impianto salvaspazio<br data-start=\"2754\" data-end=\"2757\" \/>Ottimo per il giardinaggio in casa, sul patio e sul balcone<br data-start=\"2800\" data-end=\"2803\" \/>Stampa del logo personalizzato disponibile<br data-start=\"2833\" data-end=\"2836\" \/>Leggero e facile da riporre<br data-start=\"2865\" data-end=\"2868\" \/>Utile per le promozioni di giardinaggio stagionale<br data-start=\"2908\" data-end=\"2911\" \/>Adatto per verdure, erbe e fiori<\/p>\n<p data-start=\"2956\" data-end=\"3553\"><strong data-start=\"2956\" data-end=\"2974\">Specifiche tecniche<\/strong><br data-start=\"2974\" data-end=\"2977\" \/>Tipo di prodotto: Sacco per coltivazione in feltro \/ sacco per piantine di patate<br data-start=\"3025\" data-end=\"3028\" \/>Materiale: Tessuto di feltro<br data-start=\"3049\" data-end=\"3052\" \/>Design: Sacchetto cilindrico con finestra per il raccolto<br data-start=\"3103\" data-end=\"3106\" \/>Caratteristiche: Riutilizzabile, portatile, facile accesso al raccolto<br data-start=\"3154\" data-end=\"3157\" \/>Dimensioni disponibili: 7 galloni, 10 galloni<br data-start=\"3193\" data-end=\"3196\" \/>Riferimento alle dimensioni:<br data-start=\"3211\" data-end=\"3214\" \/>7 galloni: circa 30 x 35 cm<br data-start=\"3242\" data-end=\"3245\" \/>10 galloni: circa 35 x 40 cm<br data-start=\"3274\" data-end=\"3277\" \/>Opzioni di colore mostrate: Verde, nero, beige<br data-start=\"3317\" data-end=\"3320\" \/>Personalizzazione: Stampa del logo disponibile<br data-start=\"3358\" data-end=\"3361\" \/>Applicazione: Patate, carote, cipolle, arachidi, erbe, fiori, verdure.<br data-start=\"3436\" data-end=\"3439\" \/>Scenario d'uso: giardinaggio domestico, piantumazione sul balcone, giardinaggio sul patio, uso in serra, regali promozionali<br data-start=\"3537\" data-end=\"3540\" \/>Origine: Cina<\/p>\n<p data-start=\"3555\" data-end=\"3897\"><strong data-start=\"3555\" data-end=\"3582\">Perch\u00e9 scegliere questo prodotto<\/strong><br data-start=\"3582\" data-end=\"3585\" \/>Questa borsa per la coltivazione \u00e8 un articolo promozionale per il giardinaggio di grande valore, perch\u00e9 \u00e8 pratica, riutilizzabile, visivamente semplice per il branding e adatta all'uso stagionale. La finestra per il raccolto aggiunge ulteriore praticit\u00e0 e lo rende pi\u00f9 attraente di un sacchetto da semina standard, soprattutto per i clienti che coltivano patate e altre colture a radice.<\/p>\n<p data-start=\"3899\" data-end=\"4209\"><strong data-start=\"3899\" data-end=\"3912\">Ideale per<\/strong><br data-start=\"3912\" data-end=\"3915\" \/>Centri di giardinaggio<br data-start=\"3929\" data-end=\"3932\" \/>Promozioni per il giardinaggio in casa<br data-start=\"3957\" data-end=\"3960\" \/>Campagne di primavera e stagionali<br data-start=\"3989\" data-end=\"3992\" \/>Linee di prodotti eco-compatibili<br data-start=\"4018\" data-end=\"4021\" \/>Marchi di lifestyle all'aperto<br data-start=\"4045\" data-end=\"4048\" \/>Omaggi per l'agricoltura e la piantumazione<br data-start=\"4082\" data-end=\"4085\" \/>Giardinaggio su balconi e terrazze<br data-start=\"4112\" data-end=\"4115\" \/>Vendita al dettaglio di accessori da giardino<br data-start=\"4140\" data-end=\"4143\" \/>Kit per la semina di erbe e ortaggi<br data-start=\"4175\" data-end=\"4178\" \/>Regali promozionali per la casa e il giardino<\/p>\n<p data-start=\"4211\" data-end=\"4218\"><strong data-start=\"4211\" data-end=\"4218\">FAQ<\/strong><\/p>\n<p data-start=\"4220\" data-end=\"4355\"><strong data-start=\"4220\" data-end=\"4268\">Questa borsa per la coltivazione pu\u00f2 essere personalizzata con un logo?<\/strong><br data-start=\"4268\" data-end=\"4271\" \/>S\u00ec. L'area frontale pu\u00f2 essere personalizzata con il vostro logo per uso promozionale e di vendita al dettaglio.<\/p>\n<p data-start=\"4357\" data-end=\"4493\"><strong data-start=\"4357\" data-end=\"4398\">Cosa si pu\u00f2 piantare in questo sacchetto di coltivazione?<\/strong><br data-start=\"4398\" data-end=\"4401\" \/>\u00c8 adatto per patate, carote, cipolle, arachidi, erbe, fiori e altre verdure.<\/p>\n<p data-start=\"4495\" data-end=\"4629\"><strong data-start=\"4495\" data-end=\"4539\">Qual \u00e8 il vantaggio della finestra frontale?<\/strong><br data-start=\"4539\" data-end=\"4542\" \/>La finestra di raccolta consente di controllare la crescita e di rimuovere pi\u00f9 facilmente gli ortaggi a radice.<\/p>\n<p data-start=\"4631\" data-end=\"4724\"><strong data-start=\"4631\" data-end=\"4660\">La borsa per la coltivazione \u00e8 riutilizzabile?<\/strong><br data-start=\"4660\" data-end=\"4663\" \/>S\u00ec. \u00c8 progettato per essere utilizzato ripetutamente durante le stagioni di semina.<\/p>\n<p data-start=\"4726\" data-end=\"4810\"><strong data-start=\"4726\" data-end=\"4751\">Ha le maniglie?<\/strong><br data-start=\"4751\" data-end=\"4754\" \/>S\u00ec. Le maniglie laterali facilitano lo spostamento e il riposizionamento.<\/p>\n<p data-start=\"4812\" data-end=\"4891\"><strong data-start=\"4812\" data-end=\"4841\">Quali sono le dimensioni disponibili?<\/strong><br data-start=\"4841\" data-end=\"4844\" \/>Le immagini mostrano le opzioni da 7 e 10 galloni.<\/p>\n<p data-start=\"4893\" data-end=\"5011\"><strong data-start=\"4893\" data-end=\"4938\">\u00c8 adatto al giardinaggio in spazi ridotti?<\/strong><br data-start=\"4938\" data-end=\"4941\" \/>S\u00ec. Funziona bene per patii, balconi, giardini e serre.<\/p>","protected":false},"excerpt":{"rendered":"<p>Questa borsa per patate in feltro personalizzata \u00e8 progettata per il giardinaggio pratico in casa e all'aperto e presenta un corpo in tessuto riutilizzabile, maniglie laterali per il trasporto e una finestra frontale per il raccolto che facilita l'accesso agli ortaggi a radice. Adatto per patate, carote, arachidi, cipolle, erbe aromatiche e altre piante, \u00e8 un prodotto di giardinaggio utile per la vendita al dettaglio, le promozioni stagionali e le campagne di giardinaggio con marchio.<\/p>","protected":false},"featured_media":47454,"template":"","meta":{"_gspb_post_css":""},"product_brand":[],"product_cat":[30],"product_tag":[],"class_list":{"0":"post-47453","1":"product","2":"type-product","3":"status-publish","4":"has-post-thumbnail","6":"product_cat-home-pets-tools","8":"first","9":"instock","10":"shipping-taxable","11":"product-type-simple"},"_links":{"self":[{"href":"https:\/\/globalgiftsupplier.com\/it\/wp-json\/wp\/v2\/product\/47453","targetHints":{"allow":["GET"]}}],"collection":[{"href":"https:\/\/globalgiftsupplier.com\/it\/wp-json\/wp\/v2\/product"}],"about":[{"href":"https:\/\/globalgiftsupplier.com\/it\/wp-json\/wp\/v2\/types\/product"}],"wp:featuredmedia":[{"embeddable":true,"href":"https:\/\/globalgiftsupplier.com\/it\/wp-json\/wp\/v2\/media\/47454"}],"wp:attachment":[{"href":"https:\/\/globalgiftsupplier.com\/it\/wp-json\/wp\/v2\/media?parent=47453"}],"wp:term":[{"taxonomy":"product_brand","embeddable":true,"href":"https:\/\/globalgiftsupplier.com\/it\/wp-json\/wp\/v2\/product_brand?post=47453"},{"taxonomy":"product_cat","embeddable":true,"href":"https:\/\/globalgiftsupplier.com\/it\/wp-json\/wp\/v2\/product_cat?post=47453"},{"taxonomy":"product_tag","embeddable":true,"href":"https:\/\/globalgiftsupplier.com\/it\/wp-json\/wp\/v2\/product_tag?post=47453"}],"curies":[{"name":"wp","href":"https:\/\/api.w.org\/{rel}","templated":true}]}}