{"id":47429,"date":"2026-03-31T09:30:30","date_gmt":"2026-03-31T09:30:30","guid":{"rendered":"https:\/\/globalgiftsupplier.com\/?post_type=product&#038;p=47429"},"modified":"2026-03-31T09:30:30","modified_gmt":"2026-03-31T09:30:30","slug":"custom-led-light-up-baseball-cap-with-logo","status":"publish","type":"product","link":"https:\/\/globalgiftsupplier.com\/it\/product\/custom-led-light-up-baseball-cap-with-logo\/","title":{"rendered":"Cappello da baseball illuminato a LED personalizzato con logo"},"content":{"rendered":"<p data-start=\"1471\" data-end=\"1808\">Questo cappellino da baseball con luci LED personalizzate \u00e8 un prodotto promozionale divertente e in grado di attirare l'attenzione, pensato per eventi, attivit\u00e0 all'aperto, campagne di brand e uso notturno. Grazie alla striscia luminosa incorporata lungo la tesa, il cappellino aggiunge un effetto visivo luminoso, pur mantenendo lo stile casual e familiare di un classico cappellino da baseball.<\/p>\n<p data-start=\"1810\" data-end=\"2127\">Il cappellino \u00e8 dotato di un'area sul pannello frontale per la personalizzazione del logo, che lo rende adatto a promozioni di marketing, festival, concerti, eventi sportivi, attivit\u00e0 di squadra, corse notturne e programmi di omaggi. \u00c8 inoltre dotato di una chiusura a strappo regolabile per una vestibilit\u00e0 flessibile, che consente di adattarlo comodamente a teste di diverse dimensioni.<\/p>\n<p data-start=\"2129\" data-end=\"2411\">Progettato con dettagli pratici, questo berretto include una disposizione nascosta degli interruttori, una struttura a fili staccabili e un design a batteria sostituibile, come mostrato nelle immagini del prodotto. La comoda fascia tergisudore e la tesa curva standard lo rendono adatto a un uso prolungato sia per eventi che per contesti casual.<\/p>\n<p data-start=\"2413\" data-end=\"2679\">Questo prodotto \u00e8 ideale per le aziende che cercano un berretto promozionale che si distingua maggiormente rispetto ai normali copricapi. Combina valore del marchio, visibilit\u00e0 e novit\u00e0 in un unico articolo da indossare, rendendolo una buona opzione per le campagne in cui \u00e8 importante una presentazione accattivante.<\/p>\n<p data-start=\"2681\" data-end=\"3027\"><strong data-start=\"2681\" data-end=\"2697\">Caratteristiche principali<\/strong><br data-start=\"2697\" data-end=\"2700\" \/>Tesa illuminata a LED<br data-start=\"2724\" data-end=\"2727\" \/>Area di stampa del logo personalizzato sul pannello frontale<br data-start=\"2767\" data-end=\"2770\" \/>Classico cappellino da baseball<br data-start=\"2796\" data-end=\"2799\" \/>Chiusura a gancio regolabile<br data-start=\"2831\" data-end=\"2834\" \/>Design dell'interruttore nascosto<br data-start=\"2854\" data-end=\"2857\" \/>Struttura della batteria sostituibile<br data-start=\"2886\" data-end=\"2889\" \/>Design a filo staccabile<br data-start=\"2911\" data-end=\"2914\" \/>Confortevole fascia antisudore<br data-start=\"2935\" data-end=\"2938\" \/>Adatto per eventi e attivit\u00e0 notturne<br data-start=\"2978\" data-end=\"2981\" \/>Utili per campagne promozionali e omaggi<\/p>\n<p data-start=\"3029\" data-end=\"3552\"><strong data-start=\"3029\" data-end=\"3047\">Specifiche tecniche<\/strong><br data-start=\"3047\" data-end=\"3050\" \/>Tipo di prodotto: Cappello da baseball a LED<br data-start=\"3080\" data-end=\"3083\" \/>Materiale: Cappuccio in tessuto con componente luminoso a LED incorporato<br data-start=\"3137\" data-end=\"3140\" \/>Stile: Cappello da baseball<br data-start=\"3159\" data-end=\"3162\" \/>Stile della tesa: Tesa curva<br data-start=\"3185\" data-end=\"3188\" \/>Tipo di chiusura: Cinturino a strappo regolabile<br data-start=\"3232\" data-end=\"3235\" \/>Circonferenza della testa: Circa 20-23,6 pollici<br data-start=\"3277\" data-end=\"3280\" \/>Lunghezza della tesa: Circa 3,07 pollici<br data-start=\"3312\" data-end=\"3315\" \/>Caratteristiche: Interruttore nascosto, fili staccabili, batteria sostituibile<br data-start=\"3376\" data-end=\"3379\" \/>Opzioni di colore: Nero, bianco<br data-start=\"3406\" data-end=\"3409\" \/>Personalizzazione: Stampa del logo disponibile<br data-start=\"3447\" data-end=\"3450\" \/>Applicazione: Eventi, concerti, feste, promozioni, attivit\u00e0 di squadra, uso notturno all'aperto<br data-start=\"3536\" data-end=\"3539\" \/>Origine: Cina<\/p>\n<p data-start=\"3554\" data-end=\"3903\"><strong data-start=\"3554\" data-end=\"3581\">Perch\u00e9 scegliere questo prodotto<\/strong><br data-start=\"3581\" data-end=\"3584\" \/>Questo berretto a LED offre un'attrattiva visiva maggiore rispetto a un normale cappello promozionale. Aiuta i marchi ad attirare l'attenzione in eventi notturni e luoghi affollati, pur essendo pratico come prodotto da indossare. Grazie alle dimensioni regolabili e alla personalizzazione del logo, \u00e8 un prodotto utile per le campagne che necessitano sia di branding che di novit\u00e0.<\/p>\n<p data-start=\"3905\" data-end=\"4154\"><strong data-start=\"3905\" data-end=\"3918\">Ideale per<\/strong><br data-start=\"3918\" data-end=\"3921\" \/>Omaggi per i concerti<br data-start=\"3938\" data-end=\"3941\" \/>Merchandising del festival<br data-start=\"3961\" data-end=\"3964\" \/>Promozioni per eventi notturni<br data-start=\"3986\" data-end=\"3989\" \/>Campagne di attivazione del marchio<br data-start=\"4015\" data-end=\"4018\" \/>Articoli per tifosi dello sport<br data-start=\"4040\" data-end=\"4043\" \/>Attivit\u00e0 di squadra<br data-start=\"4058\" data-end=\"4061\" \/>Forniture per feste<br data-start=\"4075\" data-end=\"4078\" \/>Programmi di abbigliamento promozionale<br data-start=\"4106\" data-end=\"4109\" \/>Regali per eventi all'aperto<br data-start=\"4128\" data-end=\"4131\" \/>Vendita al dettaglio di prodotti innovativi<\/p>\n<p data-start=\"4156\" data-end=\"4163\"><strong data-start=\"4156\" data-end=\"4163\">FAQ<\/strong><\/p>\n<p data-start=\"4165\" data-end=\"4269\"><strong data-start=\"4165\" data-end=\"4208\">Questo berretto pu\u00f2 essere personalizzato con un logo?<\/strong><br data-start=\"4208\" data-end=\"4211\" \/>S\u00ec. Il pannello frontale \u00e8 adatto per l'apposizione di un logo personalizzato.<\/p>\n<p data-start=\"4271\" data-end=\"4353\"><strong data-start=\"4271\" data-end=\"4297\">Il tappo \u00e8 regolabile?<\/strong><br data-start=\"4297\" data-end=\"4300\" \/>S\u00ec. \u00c8 dotato di una chiusura regolabile con ganci.<\/p>\n<p data-start=\"4355\" data-end=\"4501\"><strong data-start=\"4355\" data-end=\"4416\">Cosa rende questo berretto diverso da un normale berretto da baseball?<\/strong><br data-start=\"4416\" data-end=\"4419\" \/>Include un design a tesa illuminata che crea un effetto promozionale pi\u00f9 visibile.<\/p>\n<p data-start=\"4503\" data-end=\"4652\"><strong data-start=\"4503\" data-end=\"4547\">\u00c8 adatto agli eventi e all'uso notturno?<\/strong><br data-start=\"4547\" data-end=\"4550\" \/>S\u00ec. \u00c8 ideale per concerti, festival, feste, promozioni all'aperto e altre attivit\u00e0 in condizioni di scarsa illuminazione.<\/p>\n<p data-start=\"4654\" data-end=\"4752\"><strong data-start=\"4654\" data-end=\"4688\">Ha un design a batteria?<\/strong><br data-start=\"4688\" data-end=\"4691\" \/>S\u00ec. Le immagini del prodotto mostrano la struttura della batteria sostituibile.<\/p>","protected":false},"excerpt":{"rendered":"<p>Questo cappellino da baseball a LED personalizzato combina lo stile classico dei copricapi con un design a tesa illuminata per una maggiore visibilit\u00e0 e impatto promozionale. Dotato di chiusura regolabile, interruttore nascosto, batteria sostituibile e area con logo personalizzato sul davanti, \u00e8 un articolo pratico e accattivante per eventi, promozioni notturne, concerti, attivit\u00e0 di squadra e omaggi di marca.<\/p>","protected":false},"featured_media":47430,"template":"","meta":{"_gspb_post_css":""},"product_brand":[],"product_cat":[29],"product_tag":[],"class_list":{"0":"post-47429","1":"product","2":"type-product","3":"status-publish","4":"has-post-thumbnail","6":"product_cat-apparel","8":"first","9":"instock","10":"shipping-taxable","11":"product-type-simple"},"_links":{"self":[{"href":"https:\/\/globalgiftsupplier.com\/it\/wp-json\/wp\/v2\/product\/47429","targetHints":{"allow":["GET"]}}],"collection":[{"href":"https:\/\/globalgiftsupplier.com\/it\/wp-json\/wp\/v2\/product"}],"about":[{"href":"https:\/\/globalgiftsupplier.com\/it\/wp-json\/wp\/v2\/types\/product"}],"wp:featuredmedia":[{"embeddable":true,"href":"https:\/\/globalgiftsupplier.com\/it\/wp-json\/wp\/v2\/media\/47430"}],"wp:attachment":[{"href":"https:\/\/globalgiftsupplier.com\/it\/wp-json\/wp\/v2\/media?parent=47429"}],"wp:term":[{"taxonomy":"product_brand","embeddable":true,"href":"https:\/\/globalgiftsupplier.com\/it\/wp-json\/wp\/v2\/product_brand?post=47429"},{"taxonomy":"product_cat","embeddable":true,"href":"https:\/\/globalgiftsupplier.com\/it\/wp-json\/wp\/v2\/product_cat?post=47429"},{"taxonomy":"product_tag","embeddable":true,"href":"https:\/\/globalgiftsupplier.com\/it\/wp-json\/wp\/v2\/product_tag?post=47429"}],"curies":[{"name":"wp","href":"https:\/\/api.w.org\/{rel}","templated":true}]}}