{"id":47416,"date":"2026-03-31T09:27:47","date_gmt":"2026-03-31T09:27:47","guid":{"rendered":"https:\/\/globalgiftsupplier.com\/?post_type=product&#038;p=47416"},"modified":"2026-03-31T09:27:47","modified_gmt":"2026-03-31T09:27:47","slug":"custom-silicone-magnetic-cable-organizer-tie-for-earphones-cords-keys-and-daily-storage","status":"publish","type":"product","link":"https:\/\/globalgiftsupplier.com\/it\/product\/custom-silicone-magnetic-cable-organizer-tie-for-earphones-cords-keys-and-daily-storage\/","title":{"rendered":"Fascetta organizzatrice magnetica in silicone personalizzata per auricolari, chiavi e conservazione giornaliera"},"content":{"rendered":"<p data-start=\"1476\" data-end=\"1833\">Questa fascetta organizer magnetica in silicone personalizzata \u00e8 un accessorio semplice e utile per tutti i giorni, progettato per tenere in ordine e gestire facilmente i piccoli oggetti. Grazie al corpo flessibile in silicone e alle estremit\u00e0 con chiusura magnetica, pu\u00f2 avvolgere rapidamente i fili degli auricolari, i cavi di ricarica, i cavi USB, le penne, le note, le chiavi e altri oggetti leggeri di uso quotidiano.<\/p>\n<p data-start=\"1835\" data-end=\"2176\">Le sue dimensioni compatte lo rendono facile da trasportare in una borsa, un cassetto, un organizer da scrivania o una borsa da viaggio. Il materiale in morbido silicone \u00e8 flessibile, riutilizzabile e facile da maneggiare, mentre il design magnetico consente di fissarlo e rimuoverlo rapidamente. Questo prodotto \u00e8 adatto per le scrivanie degli uffici, l'archiviazione domestica, l'uso scolastico, l'organizzazione dei viaggi e i set di accessori tecnologici.<\/p>\n<p data-start=\"2178\" data-end=\"2511\">La sezione finale rotonda offre anche la possibilit\u00e0 di personalizzare il logo, rendendolo un pratico articolo di marca per campagne promozionali, omaggi aziendali, fiere, eventi tecnologici, promozioni scolastiche e programmi di vendita al dettaglio. Grazie alle molteplici opzioni di colori vivaci e all'ampio utilizzo quotidiano, \u00e8 un articolo promozionale a basso costo con un forte valore di utilizzo ripetuto.<\/p>\n<p data-start=\"2513\" data-end=\"2794\">Questo organizer \u00e8 particolarmente adatto ai marchi che cercano prodotti omaggio piccoli ma funzionali, facili da distribuire e utili nella vita quotidiana. Funziona bene nei kit di benvenuto per l'ufficio, nelle promozioni di elettronica, nei set di cancelleria, nelle confezioni da viaggio e nelle collezioni per l'organizzazione della scrivania.<\/p>\n<p data-start=\"2796\" data-end=\"3245\"><strong data-start=\"2796\" data-end=\"2812\">Caratteristiche principali<\/strong><br data-start=\"2812\" data-end=\"2815\" \/>Fascetta organizzatrice per cavi in silicone flessibile<br data-start=\"2852\" data-end=\"2855\" \/>Chiusura magnetica per un fissaggio rapido<br data-start=\"2891\" data-end=\"2894\" \/>Design leggero e riutilizzabile<br data-start=\"2925\" data-end=\"2928\" \/>Adatto per cavi, auricolari, chiavi, appunti, penne e piccoli accessori<br data-start=\"3000\" data-end=\"3003\" \/>Facile da trasportare e da riporre<br data-start=\"3026\" data-end=\"3029\" \/>Aiuta a mantenere organizzate scrivanie, cassetti e borse<br data-start=\"3074\" data-end=\"3077\" \/>Disponibile in pi\u00f9 colori<br data-start=\"3105\" data-end=\"3108\" \/>Stampa del logo personalizzato disponibile<br data-start=\"3138\" data-end=\"3141\" \/>Utile per l'ufficio, la scuola, la casa e i viaggi<br data-start=\"3184\" data-end=\"3187\" \/>Ideale per omaggi promozionali e set di accessori di marca<\/p>\n<p data-start=\"3247\" data-end=\"3796\"><strong data-start=\"3247\" data-end=\"3265\">Specifiche tecniche<\/strong><br data-start=\"3265\" data-end=\"3268\" \/>Tipo di prodotto: Fascetta magnetica organizer per cavi<br data-start=\"3310\" data-end=\"3313\" \/>Materiale: Silicone e magnete<br data-start=\"3342\" data-end=\"3345\" \/>Funzione: Gestione dei cavi e organizzazione di piccoli oggetti<br data-start=\"3399\" data-end=\"3402\" \/>Utilizzo: Auricolari, cavi di ricarica, cavi USB, chiavi, banconote, penne, portaoggetti per la scrivania<br data-start=\"3479\" data-end=\"3482\" \/>Tipo di chiusura: Magnetico<br data-start=\"3504\" data-end=\"3507\" \/>Opzioni di colore: Sono disponibili pi\u00f9 colori<br data-start=\"3547\" data-end=\"3550\" \/>Personalizzazione: Stampa del logo disponibile<br data-start=\"3588\" data-end=\"3591\" \/>Lunghezza complessiva: Circa 4,33 pollici<br data-start=\"3622\" data-end=\"3625\" \/>Lunghezza della cravatta utilizzabile: Circa 3,03 pollici<br data-start=\"3659\" data-end=\"3662\" \/>Stile: Cinghia organizer morbida e riutilizzabile<br data-start=\"3698\" data-end=\"3701\" \/>Applicazioni: Ufficio, scuola, casa, viaggi, eventi promozionali, omaggi al dettaglio<br data-start=\"3780\" data-end=\"3783\" \/>Origine: Cina<\/p>\n<p data-start=\"3798\" data-end=\"4136\"><strong data-start=\"3798\" data-end=\"3825\">Perch\u00e9 scegliere questo prodotto<\/strong><br data-start=\"3825\" data-end=\"3828\" \/>Questo prodotto \u00e8 compatto, conveniente e molto pratico per l'uso quotidiano. Offre un forte valore promozionale perch\u00e9 \u00e8 facile da brandizzare, da distribuire e utile in molte situazioni. Il suo design riutilizzabile contribuisce ad aumentare l'esposizione ripetuta del vostro logo in uffici, case, scuole e ambienti di viaggio.<\/p>\n<p data-start=\"4138\" data-end=\"4427\"><strong data-start=\"4138\" data-end=\"4151\">Ideale per<\/strong><br data-start=\"4151\" data-end=\"4154\" \/>Promozioni sugli accessori tecnologici<br data-start=\"4179\" data-end=\"4182\" \/>Omaggi per l'ufficio<br data-start=\"4198\" data-end=\"4201\" \/>Campagne scolastiche e di cancelleria<br data-start=\"4232\" data-end=\"4235\" \/>Dispense della fiera<br data-start=\"4254\" data-end=\"4257\" \/>Kit di benvenuto aziendali<br data-start=\"4279\" data-end=\"4282\" \/>Prodotti per l'organizzazione della scrivania<br data-start=\"4308\" data-end=\"4311\" \/>Set di accessori da viaggio<br data-start=\"4332\" data-end=\"4335\" \/>Componenti aggiuntivi per l'imballaggio dell'elettronica<br data-start=\"4364\" data-end=\"4367\" \/>Articoli da regalo d'impulso per la vendita al dettaglio<br data-start=\"4392\" data-end=\"4395\" \/>Merchandising promozionale per tutti i giorni<\/p>\n<p data-start=\"4429\" data-end=\"4436\"><strong data-start=\"4429\" data-end=\"4436\">FAQ<\/strong><\/p>\n<p data-start=\"4438\" data-end=\"4542\"><strong data-start=\"4438\" data-end=\"4485\">Questo prodotto pu\u00f2 essere personalizzato con un logo?<\/strong><br data-start=\"4485\" data-end=\"4488\" \/>S\u00ec. L'area terminale rotonda pu\u00f2 essere personalizzata con un logo.<\/p>\n<p data-start=\"4544\" data-end=\"4623\"><strong data-start=\"4544\" data-end=\"4567\">Di cosa \u00e8 fatto?<\/strong><br data-start=\"4567\" data-end=\"4570\" \/>\u00c8 realizzato in silicone con estremit\u00e0 magnetiche incorporate.<\/p>\n<p data-start=\"4625\" data-end=\"4769\"><strong data-start=\"4625\" data-end=\"4653\">Per cosa pu\u00f2 essere utilizzato?<\/strong><br data-start=\"4653\" data-end=\"4656\" \/>Pu\u00f2 essere utilizzato per organizzare auricolari, cavi di ricarica, cavi USB, appunti, chiavi, penne e altri piccoli oggetti di uso quotidiano.<\/p>\n<p data-start=\"4771\" data-end=\"4836\"><strong data-start=\"4771\" data-end=\"4790\">\u00c8 riutilizzabile?<\/strong><br data-start=\"4790\" data-end=\"4793\" \/>S\u00ec. \u00c8 progettato per un uso quotidiano e ripetuto.<\/p>\n<p data-start=\"4838\" data-end=\"4955\"><strong data-start=\"4838\" data-end=\"4872\">\u00c8 adatto all'uso in ufficio?<\/strong><br data-start=\"4872\" data-end=\"4875\" \/>S\u00ec. \u00c8 adatto per l'organizzazione della scrivania, la gestione dei cavi e la conservazione dei cassetti.<\/p>\n<p data-start=\"4957\" data-end=\"5088\"><strong data-start=\"4957\" data-end=\"4987\">Pu\u00f2 essere utilizzato per i viaggi?<\/strong><br data-start=\"4987\" data-end=\"4990\" \/>S\u00ec. Il suo design leggero e compatto lo rende comodo per le borse da viaggio e le tasche degli accessori.<\/p>\n<p data-start=\"5090\" data-end=\"5209\"><strong data-start=\"5090\" data-end=\"5124\">\u00c8 un buon regalo promozionale?<\/strong><br data-start=\"5124\" data-end=\"5127\" \/>S\u00ec. \u00c8 pratico, colorato, facile da brandizzare e adatto a un'ampia distribuzione.<\/p>","protected":false},"excerpt":{"rendered":"<p>Questa fascetta magnetica personalizzata per l'organizzazione dei cavi \u00e8 un accessorio pratico e colorato per la conservazione quotidiana e la gestione dei cavi. Realizzata in silicone flessibile con chiusura magnetica, aiuta a tenere in ordine auricolari, cavi di ricarica, penne, chiavi e piccoli oggetti. Compatta, riutilizzabile e facile da trasportare, \u00e8 un utile regalo promozionale per uffici, scuole, campagne tecnologiche e omaggi al dettaglio.<\/p>","protected":false},"featured_media":47417,"template":"","meta":{"_gspb_post_css":""},"product_brand":[],"product_cat":[27],"product_tag":[],"class_list":{"0":"post-47416","1":"product","2":"type-product","3":"status-publish","4":"has-post-thumbnail","6":"product_cat-technology","8":"first","9":"instock","10":"shipping-taxable","11":"product-type-simple"},"_links":{"self":[{"href":"https:\/\/globalgiftsupplier.com\/it\/wp-json\/wp\/v2\/product\/47416","targetHints":{"allow":["GET"]}}],"collection":[{"href":"https:\/\/globalgiftsupplier.com\/it\/wp-json\/wp\/v2\/product"}],"about":[{"href":"https:\/\/globalgiftsupplier.com\/it\/wp-json\/wp\/v2\/types\/product"}],"wp:featuredmedia":[{"embeddable":true,"href":"https:\/\/globalgiftsupplier.com\/it\/wp-json\/wp\/v2\/media\/47417"}],"wp:attachment":[{"href":"https:\/\/globalgiftsupplier.com\/it\/wp-json\/wp\/v2\/media?parent=47416"}],"wp:term":[{"taxonomy":"product_brand","embeddable":true,"href":"https:\/\/globalgiftsupplier.com\/it\/wp-json\/wp\/v2\/product_brand?post=47416"},{"taxonomy":"product_cat","embeddable":true,"href":"https:\/\/globalgiftsupplier.com\/it\/wp-json\/wp\/v2\/product_cat?post=47416"},{"taxonomy":"product_tag","embeddable":true,"href":"https:\/\/globalgiftsupplier.com\/it\/wp-json\/wp\/v2\/product_tag?post=47416"}],"curies":[{"name":"wp","href":"https:\/\/api.w.org\/{rel}","templated":true}]}}