{"id":47399,"date":"2026-03-31T09:21:57","date_gmt":"2026-03-31T09:21:57","guid":{"rendered":"https:\/\/globalgiftsupplier.com\/?post_type=product&#038;p=47399"},"modified":"2026-03-31T09:21:57","modified_gmt":"2026-03-31T09:21:57","slug":"custom-heat-resistant-bbq-grill-gloves-with-silicone-grip-and-extended-wrist-protection","status":"publish","type":"product","link":"https:\/\/globalgiftsupplier.com\/it\/product\/custom-heat-resistant-bbq-grill-gloves-with-silicone-grip-and-extended-wrist-protection\/","title":{"rendered":"Guanti personalizzati per grigliate resistenti al calore con impugnatura in silicone e protezione estesa del polso"},"content":{"rendered":"<p data-start=\"1586\" data-end=\"1981\">Questi guanti da barbecue personalizzati resistenti al calore sono adatti per grigliate, cotture al forno, arrosti, affumicature e in generale per le attivit\u00e0 di cucina ad alto calore o all'aperto. Progettati con una struttura a maglia flessibile e un motivo in silicone antiscivolo su entrambi i lati, aiutano gli utenti a maneggiare pentole calde, teglie da forno, coperchi per grigliate, strumenti per barbecue e altre superfici riscaldate con una presa e un controllo migliori.<\/p>\n<p data-start=\"1983\" data-end=\"2324\">La superficie del guanto presenta una copertura in silicone resistente al calore su palmo, dita e aree di contatto chiave per migliorare la stabilit\u00e0 della manipolazione e ridurre il rischio di scivolamento. Il design del polsino lungo aggiunge una copertura aggiuntiva per il polso e la parte inferiore dell'avambraccio, aiutando a proteggere gli utenti quando si raggiungono i forni, si regolano le griglie o si lavora a temperature elevate.<\/p>\n<p data-start=\"2326\" data-end=\"2655\">Questi guanti sono adatti sia per l'uso con la mano sinistra che con la mano destra, il che li rende comodi per le diverse abitudini di cottura e le diverse impostazioni di lavoro. La loro struttura elastica favorisce una vestibilit\u00e0 confortevole per un'ampia gamma di dimensioni della mano, mentre il motivo esterno testurizzato conferisce al prodotto un aspetto distintivo per la vendita al dettaglio e l'uso promozionale.<\/p>\n<p data-start=\"2657\" data-end=\"2911\">Sono ideali per promozioni di barbecue, campagne di cucina all'aperto, collezioni di accessori da cucina, set di regali per il campeggio e prodotti stagionali di marca. \u00c8 possibile aggiungere la personalizzazione del logo per creare un pratico prodotto riutilizzabile con visibilit\u00e0 quotidiana.<\/p>\n<p data-start=\"2913\" data-end=\"3383\"><strong data-start=\"2913\" data-end=\"2929\">Caratteristiche principali<\/strong><br data-start=\"2929\" data-end=\"2932\" \/>Guanti da barbecue resistenti al calore<br data-start=\"2963\" data-end=\"2966\" \/>Impugnatura in silicone testurizzato su entrambi i lati<br data-start=\"3002\" data-end=\"3005\" \/>Copertura estesa di polso e avambraccio<br data-start=\"3040\" data-end=\"3043\" \/>Costruzione a maglia flessibile ed elastica<br data-start=\"3085\" data-end=\"3088\" \/>Adatto per grigliare, cuocere al forno, arrostire e affumicare<br data-start=\"3140\" data-end=\"3143\" \/>Progettato per l'uso con la mano sinistra o con la mano destra<br data-start=\"3183\" data-end=\"3186\" \/>Vestibilit\u00e0 comoda per l'uso quotidiano in cucina<br data-start=\"3231\" data-end=\"3234\" \/>Personalizzazione del logo disponibile<br data-start=\"3262\" data-end=\"3265\" \/>Adatto per regali promozionali e collezioni di barbecue al dettaglio<br data-start=\"3327\" data-end=\"3330\" \/>Riutilizzabile e pratico per cucinare all'interno e all'esterno<\/p>\n<p data-start=\"3385\" data-end=\"4127\"><strong data-start=\"3385\" data-end=\"3403\">Specifiche tecniche<\/strong><br data-start=\"3403\" data-end=\"3406\" \/>Tipo di prodotto: Guanti da griglia resistenti al calore<br data-start=\"3447\" data-end=\"3450\" \/>Materiale: Tessuto resistente al calore con motivo di presa in silicone<br data-start=\"3508\" data-end=\"3511\" \/>Opzioni di colore mostrate: Stili di modello rosso, arancione, blu, nero<br data-start=\"3571\" data-end=\"3574\" \/>Utilizzo: BBQ, forno, affumicatore, forno, arrosto, cucina, camino, cucina da campeggio<br data-start=\"3653\" data-end=\"3656\" \/>Larghezza del palmo: 20 cm \/ 7,87 pollici<br data-start=\"3683\" data-end=\"3686\" \/>Lunghezza del guanto: 20 cm \/ 7,87\".<br data-start=\"3715\" data-end=\"3718\" \/>Lunghezza del polso: 13 cm \/ 5,12\".<br data-start=\"3747\" data-end=\"3750\" \/>Larghezza del polsino quando \u00e8 allungato: 17 cm \/ 6,7 in<br data-start=\"3791\" data-end=\"3794\" \/>Sezione lunga del polso: 10 cm \/ 3,94 pollici<br data-start=\"3829\" data-end=\"3832\" \/>Design: Guanto a cinque dita con impugnatura in silicone integrale<br data-start=\"3889\" data-end=\"3892\" \/>Vestibilit\u00e0: Estensibile, vestibilit\u00e0 generale a taglia unica<br data-start=\"3930\" data-end=\"3933\" \/>Personalizzazione del logo: Disponibile<br data-start=\"3962\" data-end=\"3965\" \/>Resistenza al calore mostrata nell'immagine del fornitore: Fino a 800\u00b0C \/ 1472\u00b0F<br data-start=\"4026\" data-end=\"4029\" \/>Applicazione: Grigliare, cuocere in forno, barbecue, affumicare, arrostire, maneggiare le pentole.<br data-start=\"4111\" data-end=\"4114\" \/>Origine: Cina<\/p>\n<p data-start=\"4129\" data-end=\"4566\"><strong data-start=\"4129\" data-end=\"4156\">Perch\u00e9 scegliere questo prodotto<\/strong><br data-start=\"4156\" data-end=\"4159\" \/>Questo prodotto combina protezione dal calore, migliore presa e flessibilit\u00e0 nell'uso quotidiano in un pratico accessorio per barbecue. Il motivo in silicone migliora il controllo quando si maneggiano oggetti caldi, mentre il polsino esteso offre una protezione aggiuntiva intorno al polso. Come prodotto personalizzato, \u00e8 ideale per le promozioni outdoor con marchio, per le vendite di accessori da cucina e per i programmi regalo incentrati su prodotti di cucina e lifestyle.<\/p>\n<p data-start=\"4568\" data-end=\"4879\"><strong data-start=\"4568\" data-end=\"4581\">Ideale per<\/strong><br data-start=\"4581\" data-end=\"4584\" \/>Promozioni per il barbecue<br data-start=\"4603\" data-end=\"4606\" \/>Campagne di cucina all'aperto<br data-start=\"4631\" data-end=\"4634\" \/>Set regalo per campeggio e picnic<br data-start=\"4662\" data-end=\"4665\" \/>Collezioni di accessori per la cucina<br data-start=\"4694\" data-end=\"4697\" \/>Omaggi aziendali<br data-start=\"4716\" data-end=\"4719\" \/>Promozioni stagionali al dettaglio<br data-start=\"4745\" data-end=\"4748\" \/>Programmi regalo per la festa del pap\u00e0<br data-start=\"4774\" data-end=\"4777\" \/>Merce per il corso di cucina<br data-start=\"4802\" data-end=\"4805\" \/>Branding per l'ospitalit\u00e0 e lo stile di vita<br data-start=\"4839\" data-end=\"4842\" \/>Prodotti promozionali per la casa e la cucina<\/p>\n<p data-start=\"4881\" data-end=\"4888\"><strong data-start=\"4881\" data-end=\"4888\">FAQ<\/strong><\/p>\n<p data-start=\"4890\" data-end=\"5040\"><strong data-start=\"4890\" data-end=\"4943\">Questi guanti da griglia possono essere personalizzati con un logo?<\/strong><br data-start=\"4943\" data-end=\"4946\" \/>S\u00ec. La personalizzazione del logo \u00e8 disponibile per il branding, le campagne promozionali e i programmi di vendita al dettaglio.<\/p>\n<p data-start=\"5042\" data-end=\"5221\"><strong data-start=\"5042\" data-end=\"5094\">Questi guanti sono adatti per le grigliate al barbecue?<\/strong><br data-start=\"5094\" data-end=\"5097\" \/>S\u00ec. Sono progettati per maneggiare utensili da griglia, pentole e accessori da barbecue caldi durante le grigliate e le cotture all'aperto.<\/p>\n<p data-start=\"5223\" data-end=\"5368\"><strong data-start=\"5223\" data-end=\"5265\">I guanti hanno una superficie antiscivolo?<\/strong><br data-start=\"5265\" data-end=\"5268\" \/>S\u00ec. I guanti sono dotati di impugnature in silicone su entrambi i lati per migliorare il controllo e ridurre lo scivolamento.<\/p>\n<p data-start=\"5370\" data-end=\"5513\"><strong data-start=\"5370\" data-end=\"5416\">Questi guanti possono essere utilizzati per la cottura in forno?<\/strong><br data-start=\"5416\" data-end=\"5419\" \/>S\u00ec. Sono adatti per forni, teglie da forno, teglie per arrostire e altre pentole da cucina calde.<\/p>\n<p data-start=\"5515\" data-end=\"5676\"><strong data-start=\"5515\" data-end=\"5558\">Proteggono anche la zona del polso?<\/strong><br data-start=\"5558\" data-end=\"5561\" \/>S\u00ec. I guanti sono dotati di una sezione del polso estesa che contribuisce a fornire una protezione supplementare al polso e alla parte inferiore dell'avambraccio.<\/p>\n<p data-start=\"5678\" data-end=\"5773\"><strong data-start=\"5678\" data-end=\"5714\">Questi guanti sono per entrambe le mani?<\/strong><br data-start=\"5714\" data-end=\"5717\" \/>S\u00ec. Il loro design consente di utilizzarli su entrambe le mani.<\/p>\n<p data-start=\"5775\" data-end=\"5888\"><strong data-start=\"5775\" data-end=\"5800\">Sono estensibili?<\/strong><br data-start=\"5800\" data-end=\"5803\" \/>S\u00ec. La struttura a maglia \u00e8 flessibile ed elastica per una vestibilit\u00e0 generale confortevole.<\/p>\n<p data-start=\"5890\" data-end=\"6072\"><strong data-start=\"5890\" data-end=\"5942\">Per quali applicazioni sono adatti questi guanti?<\/strong><br data-start=\"5942\" data-end=\"5945\" \/>Sono adatti per grigliare, cuocere al forno, arrostire, affumicare, cucinare in cucina e per alcune attivit\u00e0 di cottura al camino o in campeggio.<\/p>\n<p data-start=\"6074\" data-end=\"6196\"><strong data-start=\"6074\" data-end=\"6120\">Sono disponibili pi\u00f9 colori o modelli?<\/strong><br data-start=\"6120\" data-end=\"6123\" \/>S\u00ec. Le immagini del fornitore mostrano diverse opzioni di modelli e colori di silicone.<\/p>","protected":false},"excerpt":{"rendered":"<p>Questi guanti da barbecue personalizzati resistenti al calore sono progettati per una gestione pi\u00f9 sicura di griglie, affumicatori, forni e pentole calde. Realizzati con un corpo in maglia flessibile e un'impugnatura in silicone testurizzato su entrambi i lati, aiutano a migliorare il controllo quando si sollevano vassoi caldi, si girano gli strumenti per il barbecue o si maneggiano le pentole durante le cotture al chiuso e all'aperto. Grazie all'ampia copertura del polso e alla personalizzazione del logo, sono una scelta pratica per i regali promozionali, gli accessori per barbecue e i prodotti per la cucina all'aperto con marchio.<\/p>","protected":false},"featured_media":47400,"template":"","meta":{"_gspb_post_css":""},"product_brand":[],"product_cat":[30],"product_tag":[],"class_list":{"0":"post-47399","1":"product","2":"type-product","3":"status-publish","4":"has-post-thumbnail","6":"product_cat-home-pets-tools","8":"first","9":"instock","10":"shipping-taxable","11":"product-type-simple"},"_links":{"self":[{"href":"https:\/\/globalgiftsupplier.com\/it\/wp-json\/wp\/v2\/product\/47399","targetHints":{"allow":["GET"]}}],"collection":[{"href":"https:\/\/globalgiftsupplier.com\/it\/wp-json\/wp\/v2\/product"}],"about":[{"href":"https:\/\/globalgiftsupplier.com\/it\/wp-json\/wp\/v2\/types\/product"}],"wp:featuredmedia":[{"embeddable":true,"href":"https:\/\/globalgiftsupplier.com\/it\/wp-json\/wp\/v2\/media\/47400"}],"wp:attachment":[{"href":"https:\/\/globalgiftsupplier.com\/it\/wp-json\/wp\/v2\/media?parent=47399"}],"wp:term":[{"taxonomy":"product_brand","embeddable":true,"href":"https:\/\/globalgiftsupplier.com\/it\/wp-json\/wp\/v2\/product_brand?post=47399"},{"taxonomy":"product_cat","embeddable":true,"href":"https:\/\/globalgiftsupplier.com\/it\/wp-json\/wp\/v2\/product_cat?post=47399"},{"taxonomy":"product_tag","embeddable":true,"href":"https:\/\/globalgiftsupplier.com\/it\/wp-json\/wp\/v2\/product_tag?post=47399"}],"curies":[{"name":"wp","href":"https:\/\/api.w.org\/{rel}","templated":true}]}}