{"id":47360,"date":"2026-03-30T09:08:01","date_gmt":"2026-03-30T09:08:01","guid":{"rendered":"https:\/\/globalgiftsupplier.com\/?post_type=product&#038;p=47360"},"modified":"2026-03-30T09:08:01","modified_gmt":"2026-03-30T09:08:01","slug":"custom-retractable-dog-leash-with-soft-grip-handle-and-logo","status":"publish","type":"product","link":"https:\/\/globalgiftsupplier.com\/it\/product\/custom-retractable-dog-leash-with-soft-grip-handle-and-logo\/","title":{"rendered":"Guinzaglio retrattile personalizzato per cani con impugnatura morbida e logo"},"content":{"rendered":"<p data-start=\"1538\" data-end=\"1948\">Questo guinzaglio retrattile personalizzato per cani \u00e8 un accessorio pratico e facile da usare per le passeggiate quotidiane, l'uso all'aperto e le promozioni di marca per animali domestici. \u00c8 dotato di un corpo retrattile compatto, di una comoda impugnatura morbida e di un robusto gancio in metallo per un rapido aggancio al collare o alla pettorina. Il design retrattile aiuta a mantenere il guinzaglio ordinato, offrendo agli animali domestici una libert\u00e0 controllata durante le passeggiate.<\/p>\n<p data-start=\"1950\" data-end=\"2426\">Il guinzaglio \u00e8 progettato per essere utilizzato comodamente con una sola mano. La funzione di blocco, pausa e sblocco rapido consente al proprietario di regolare pi\u00f9 facilmente la lunghezza del guinzaglio durante la passeggiata. Il movimento senza grovigli a 360\u00b0 aiuta a ridurre le torsioni durante l'uso, rendendolo adatto alle passeggiate quotidiane, al jogging leggero, alle uscite al parco e ad altre attivit\u00e0 all'aperto. L'impugnatura ergonomica antiscivolo \u00e8 progettata per garantire una presa pi\u00f9 sicura e confortevole durante l'uso prolungato.<\/p>\n<p data-start=\"2428\" data-end=\"2825\">Questo prodotto \u00e8 disponibile nelle lunghezze 3M e 5M per adattarsi alle diverse abitudini di passeggiata e alle dimensioni degli animali domestici. L'opzione 3M \u00e8 adatta per animali domestici fino a circa 22 libbre, mentre l'opzione 5M \u00e8 adatta per animali domestici fino a circa 33 libbre. Il corpo del guinzaglio \u00e8 realizzato per garantire la durata e la praticit\u00e0 quotidiana, offrendo un'utile combinazione di controllo, comfort e sicurezza per i proprietari di animali domestici.<\/p>\n<p data-start=\"2827\" data-end=\"3144\">Con un pannello frontale visibile per la stampa del logo personalizzato, questo guinzaglio retrattile \u00e8 anche un forte articolo promozionale per negozi di animali, cliniche veterinarie, saloni di toelettatura per cani, eventi di adozione di animali e marchi di prodotti per la cura degli animali. \u00c8 un omaggio funzionale e un pratico prodotto di vendita al dettaglio che mantiene il vostro marchio visibile durante l'uso regolare.<\/p>\n<p data-start=\"3146\" data-end=\"3599\"><strong data-start=\"3146\" data-end=\"3162\">Caratteristiche principali<\/strong><br data-start=\"3162\" data-end=\"3165\" \/>Impugnatura morbida ed ergonomica<br data-start=\"3191\" data-end=\"3194\" \/>Guinzaglio retrattile per l'uso quotidiano<br data-start=\"3232\" data-end=\"3235\" \/>Controllo rapido di blocco, pausa e sblocco<br data-start=\"3272\" data-end=\"3275\" \/>Movimento a 360\u00b0 senza grovigli<br data-start=\"3300\" data-end=\"3303\" \/>Estensione e ritrazione fluida del guinzaglio<br data-start=\"3340\" data-end=\"3343\" \/>Guinzaglio in nylon resistente per una maggiore durata<br data-start=\"3376\" data-end=\"3379\" \/>Gancio metallico di sicurezza<br data-start=\"3407\" data-end=\"3410\" \/>Stampa del logo personalizzato disponibile<br data-start=\"3440\" data-end=\"3443\" \/>Disponibile nelle opzioni 3M e 5M<br data-start=\"3473\" data-end=\"3476\" \/>Adatto a piccoli animali domestici e a passeggiate quotidiane<br data-start=\"3517\" data-end=\"3520\" \/>Sono disponibili pi\u00f9 opzioni di colore<br data-start=\"3552\" data-end=\"3555\" \/>Ottimo per programmi di vendita al dettaglio e promozionali per animali domestici<\/p>\n<p data-start=\"3601\" data-end=\"4276\"><strong data-start=\"3601\" data-end=\"3619\">Specifiche tecniche<\/strong><br data-start=\"3619\" data-end=\"3622\" \/>Tipo di prodotto: Guinzaglio retrattile per cani<br data-start=\"3657\" data-end=\"3660\" \/>Materiale: Custodia in plastica, guinzaglio in nylon, gancio in metallo, impugnatura in TPE antiscivolo<br data-start=\"3732\" data-end=\"3735\" \/>Opzioni di lunghezza del guinzaglio: 3M \/ 5M<br data-start=\"3764\" data-end=\"3767\" \/>Dimensioni 3M: Circa 13 x 8,8 cm<br data-start=\"3795\" data-end=\"3798\" \/>Dimensioni 5M: Circa 15 x 11 cm<br data-start=\"3825\" data-end=\"3828\" \/>Peso dell'animale domestico consigliato per 3M: fino a 22 libbre <br data-start=\"3907\" data-end=\"3910\" \/>Peso dell'animale consigliato per 5M: fino a 33 libbre <br data-start=\"3989\" data-end=\"3992\" \/>Opzioni di colore: Blu, rosa, rosso, verde, giallo<br data-start=\"4037\" data-end=\"4040\" \/>Stile dell'impugnatura: Impugnatura ergonomica morbida<br data-start=\"4073\" data-end=\"4076\" \/>Tipo di controllo: Pulsante di blocco \/ pausa \/ sblocco<br data-start=\"4118\" data-end=\"4121\" \/>Tipo di gancio: Clip girevole in metallo<br data-start=\"4149\" data-end=\"4152\" \/>Metodo di stampa: Serigrafia \/ tampografia<br data-start=\"4193\" data-end=\"4196\" \/>Posizione dell'impronta: Pannello frontale<br data-start=\"4225\" data-end=\"4228\" \/>Origine: Cina<br data-start=\"4241\" data-end=\"4244\" \/>Tempo di produzione: 15 giorni lavorativi<\/p>\n<p data-start=\"4278\" data-end=\"4692\"><strong data-start=\"4278\" data-end=\"4305\">Perch\u00e9 scegliere questo prodotto<\/strong><br data-start=\"4305\" data-end=\"4308\" \/>Questo guinzaglio retrattile per cani combina comfort, controllo e valore del marchio in un prodotto utile per tutti i giorni. \u00c8 facile da tenere in mano, semplice da usare e adatto a un uso quotidiano ripetuto, il che lo rende un'ottima scelta per le promozioni e le vendite al dettaglio legate agli animali. Poich\u00e9 i proprietari di animali domestici utilizzano regolarmente i guinzagli, il vostro logo pu\u00f2 essere esposto a lungo termine su un oggetto pratico che le persone conservano e utilizzano.<\/p>\n<p data-start=\"4694\" data-end=\"4939\"><strong data-start=\"4694\" data-end=\"4707\">Ideale per<\/strong><br data-start=\"4707\" data-end=\"4710\" \/>Negozi di animali<br data-start=\"4720\" data-end=\"4723\" \/>Cliniche veterinarie<br data-start=\"4741\" data-end=\"4744\" \/>Saloni di toelettatura per cani<br data-start=\"4763\" data-end=\"4766\" \/>Marchi per la cura degli animali domestici<br data-start=\"4781\" data-end=\"4784\" \/>Servizi di dog walking<br data-start=\"4804\" data-end=\"4807\" \/>Eventi per l'adozione di animali domestici<br data-start=\"4826\" data-end=\"4829\" \/>Rifugi per animali<br data-start=\"4844\" data-end=\"4847\" \/>Set regalo promozionale per animali domestici<br data-start=\"4872\" data-end=\"4875\" \/>Collezioni di accessori per animali domestici al dettaglio<br data-start=\"4907\" data-end=\"4910\" \/>Campagne di prodotti di marca per animali domestici<\/p>\n<p data-start=\"4941\" data-end=\"4948\"><strong data-start=\"4941\" data-end=\"4948\">FAQ<\/strong><\/p>\n<p data-start=\"4950\" data-end=\"5089\"><strong data-start=\"4950\" data-end=\"4999\">Questo guinzaglio per cani pu\u00f2 essere personalizzato con un logo?<\/strong><br data-start=\"4999\" data-end=\"5002\" \/>S\u00ec. Il pannello frontale pu\u00f2 essere stampato con il vostro logo, marchio o grafica promozionale.<\/p>\n<p data-start=\"5091\" data-end=\"5179\"><strong data-start=\"5091\" data-end=\"5128\">Quali sono le lunghezze del guinzaglio disponibili?<\/strong><br data-start=\"5128\" data-end=\"5131\" \/>Questo prodotto \u00e8 disponibile nelle versioni 3M e 5M.<\/p>\n<p data-start=\"5181\" data-end=\"5375\"><strong data-start=\"5181\" data-end=\"5219\">Per quali taglie di animali \u00e8 adatto?<\/strong><br data-start=\"5219\" data-end=\"5222\" \/>La versione 3M \u00e8 adatta ad animali domestici fino a circa 22 libbre, mentre la versione 5M \u00e8 adatta ad animali domestici fino a circa 33 libbre.<\/p>\n<p data-start=\"5377\" data-end=\"5539\"><strong data-start=\"5377\" data-end=\"5413\">Ha una funzione di blocco?<\/strong><br data-start=\"5413\" data-end=\"5416\" \/>S\u00ec. Include il controllo rapido di blocco, pausa e sblocco per facilitare l'utilizzo con una sola mano.<\/p>\n<p data-start=\"5541\" data-end=\"5721\"><strong data-start=\"5541\" data-end=\"5588\">Il guinzaglio si attorciglia facilmente durante la camminata?<\/strong><br data-start=\"5588\" data-end=\"5591\" \/>\u00c8 progettato con un sistema di movimento senza grovigli a 360\u00b0 per ridurre le torsioni durante le passeggiate.<\/p>\n<p data-start=\"5723\" data-end=\"5898\"><strong data-start=\"5723\" data-end=\"5763\">Quale materiale viene utilizzato per il guinzaglio?<\/strong><br data-start=\"5763\" data-end=\"5766\" \/>Presenta un corpo in plastica, un guinzaglio in nylon resistente, un gancio in metallo e un'impugnatura in TPE antiscivolo.<\/p>\n<p data-start=\"5900\" data-end=\"6082\"><strong data-start=\"5900\" data-end=\"5944\">L'impugnatura \u00e8 comoda per l'uso quotidiano?<\/strong><br data-start=\"5944\" data-end=\"5947\" \/>S\u00ec. L'impugnatura \u00e8 sagomata per una presa confortevole e progettata per ridurre lo scivolamento durante l'uso.<\/p>\n<p data-start=\"6084\" data-end=\"6187\"><strong data-start=\"6084\" data-end=\"6114\">Quali sono i colori disponibili?<\/strong><br data-start=\"6114\" data-end=\"6117\" \/>Le opzioni di colore pi\u00f9 comuni sono blu, rosa, rosso, verde e giallo.<\/p>\n<p data-start=\"6189\" data-end=\"6351\"><strong data-start=\"6189\" data-end=\"6234\">Questo prodotto \u00e8 adatto all'uso promozionale?<\/strong><br data-start=\"6234\" data-end=\"6237\" \/>S\u00ec. \u00c8 un accessorio di marca utile per negozi di animali, cliniche veterinarie, attivit\u00e0 di toelettatura e campagne di omaggi.<\/p>","protected":false},"excerpt":{"rendered":"<p>Questo guinzaglio retrattile personalizzato per cani \u00e8 progettato per le passeggiate quotidiane con una morbida impugnatura ergonomica, un gancio metallico sicuro e un facile controllo con una sola mano. Disponibile nelle opzioni 3M e 5M, offre un'estensione fluida del guinzaglio e una gestione affidabile per i piccoli animali domestici. Grazie all'area pulita per il logo e ai molteplici colori vivaci, \u00e8 un pratico prodotto di marca per negozi di animali, saloni di toelettatura, cliniche veterinarie e campagne promozionali per animali domestici.<\/p>","protected":false},"featured_media":47361,"template":"","meta":{"_gspb_post_css":""},"product_brand":[],"product_cat":[30],"product_tag":[],"class_list":{"0":"post-47360","1":"product","2":"type-product","3":"status-publish","4":"has-post-thumbnail","6":"product_cat-home-pets-tools","8":"first","9":"instock","10":"shipping-taxable","11":"product-type-simple"},"_links":{"self":[{"href":"https:\/\/globalgiftsupplier.com\/it\/wp-json\/wp\/v2\/product\/47360","targetHints":{"allow":["GET"]}}],"collection":[{"href":"https:\/\/globalgiftsupplier.com\/it\/wp-json\/wp\/v2\/product"}],"about":[{"href":"https:\/\/globalgiftsupplier.com\/it\/wp-json\/wp\/v2\/types\/product"}],"wp:featuredmedia":[{"embeddable":true,"href":"https:\/\/globalgiftsupplier.com\/it\/wp-json\/wp\/v2\/media\/47361"}],"wp:attachment":[{"href":"https:\/\/globalgiftsupplier.com\/it\/wp-json\/wp\/v2\/media?parent=47360"}],"wp:term":[{"taxonomy":"product_brand","embeddable":true,"href":"https:\/\/globalgiftsupplier.com\/it\/wp-json\/wp\/v2\/product_brand?post=47360"},{"taxonomy":"product_cat","embeddable":true,"href":"https:\/\/globalgiftsupplier.com\/it\/wp-json\/wp\/v2\/product_cat?post=47360"},{"taxonomy":"product_tag","embeddable":true,"href":"https:\/\/globalgiftsupplier.com\/it\/wp-json\/wp\/v2\/product_tag?post=47360"}],"curies":[{"name":"wp","href":"https:\/\/api.w.org\/{rel}","templated":true}]}}