{"id":47280,"date":"2026-03-30T08:47:26","date_gmt":"2026-03-30T08:47:26","guid":{"rendered":"https:\/\/globalgiftsupplier.com\/?post_type=product&#038;p=47280"},"modified":"2026-03-30T08:47:26","modified_gmt":"2026-03-30T08:47:26","slug":"custom-reverse-folding-c-handle-umbrella-with-double-layer-windproof-design","status":"publish","type":"product","link":"https:\/\/globalgiftsupplier.com\/it\/product\/custom-reverse-folding-c-handle-umbrella-with-double-layer-windproof-design\/","title":{"rendered":"Ombrello pieghevole inverso personalizzato con manico a C e design antivento a doppio strato"},"content":{"rendered":"<p data-start=\"1490\" data-end=\"1963\">Questo ombrello pieghevole inverso personalizzato \u00e8 un prodotto promozionale moderno e molto pratico, progettato per facilitare l'uso quotidiano in caso di pioggia. A differenza degli ombrelli tradizionali, utilizza una struttura pieghevole interna che aiuta a intrappolare la superficie esterna bagnata all'interno quando l'ombrello \u00e8 chiuso. Ci\u00f2 contribuisce a ridurre lo sgocciolamento su abiti, pavimenti, sedili dell'auto e spazi interni, rendendolo particolarmente comodo per pendolari, autisti, viaggiatori e partecipanti a eventi.<\/p>\n<p data-start=\"1965\" data-end=\"2349\">L'ombrello presenta un design a doppio strato della calotta che migliora la durata e contribuisce a garantire una maggiore resistenza al vento. Le immagini del prodotto evidenziano uno strato esterno con tessuto PG idrorepellente, una struttura centrale antivento e uno strato interno progettato per facilitare l'asciugatura. Questa struttura a strati conferisce all'ombrello un design pi\u00f9 funzionale per la protezione quotidiana dalla pioggia e per l'uso ripetuto.<\/p>\n<p data-start=\"2351\" data-end=\"2700\">Una caratteristica distintiva di questo ombrello \u00e8 il manico a forma di C. Il manico permette di appendere l'ombrello al polso, liberando le mani per portare le borse, usare il telefono, aprire le porte o salire e scendere dall'auto. Questo lo rende un'ottima scelta promozionale per i professionisti impegnati, i pendolari, gli acquirenti, gli studenti e le campagne legate ai viaggi.<\/p>\n<p data-start=\"2702\" data-end=\"3059\">La sua struttura ad apertura inversa \u00e8 particolarmente utile per l'uso in auto. L'ombrello pu\u00f2 essere aperto e chiuso con un movimento verso l'alto pi\u00f9 compatto, che lo rende pi\u00f9 facile da maneggiare in spazi ristretti come le portiere delle auto, gli ingressi e i marciapiedi affollati. Offre inoltre un ampio tettuccio per una migliore copertura, pur mantenendo una comoda lunghezza da chiuso per il trasporto e la conservazione.<\/p>\n<p data-start=\"3061\" data-end=\"3376\">Grazie alla personalizzazione del logo sulla calotta, questo ombrello rovesciato offre ai marchi un'ampia area di stampa visibile su un prodotto che viene ripetutamente esposto al pubblico. \u00c8 una scelta intelligente per regali aziendali, promozioni di concessionari, campagne di viaggio, omaggi al dettaglio, programmi assicurativi, branding immobiliare e merchandising per eventi.<\/p>\n<p data-start=\"3378\" data-end=\"3846\"><strong data-start=\"3378\" data-end=\"3394\">Caratteristiche principali<\/strong><br data-start=\"3394\" data-end=\"3397\" \/>Il design pieghevole al contrario aiuta a mantenere le superfici bagnate all'interno<br data-start=\"3450\" data-end=\"3453\" \/>Tettuccio a doppio strato per una maggiore durata<br data-start=\"3496\" data-end=\"3499\" \/>Struttura antivento per una migliore performance all'aperto<br data-start=\"3549\" data-end=\"3552\" \/>Maniglia a C per il trasporto a mani libere<br data-start=\"3591\" data-end=\"3594\" \/>Comodo per salire e scendere dall'auto<br data-start=\"3635\" data-end=\"3638\" \/>Aiuta a ridurre il gocciolamento su pavimenti e sedili<br data-start=\"3679\" data-end=\"3682\" \/>Ampia copertura per una protezione quotidiana dalla pioggia<br data-start=\"3729\" data-end=\"3732\" \/>Design chiuso facile da trasportare<br data-start=\"3759\" data-end=\"3762\" \/>Stampa del logo personalizzato disponibile<br data-start=\"3792\" data-end=\"3795\" \/>Adatto per il pendolarismo, i viaggi e l'uso promozionale<\/p>\n<p data-start=\"3848\" data-end=\"4275\"><strong data-start=\"3848\" data-end=\"3866\">Specifiche tecniche<\/strong><br data-start=\"3866\" data-end=\"3869\" \/>Tipo di prodotto: Ombrello pieghevole rovesciato<br data-start=\"3907\" data-end=\"3910\" \/>Stile: Ombrello rovesciato con impugnatura a C<br data-start=\"3948\" data-end=\"3951\" \/>Struttura della calotta: Doppio strato<br data-start=\"3981\" data-end=\"3984\" \/>Tessuto: Tessuto PG<br data-start=\"4001\" data-end=\"4004\" \/>Caratteristiche: Antivento<br data-start=\"4022\" data-end=\"4025\" \/>Caratteristica: Design con apertura e chiusura inversa<br data-start=\"4063\" data-end=\"4066\" \/>Tipo di impugnatura: Impugnatura a C a mani libere<br data-start=\"4105\" data-end=\"4108\" \/>Dimensioni aperte: Circa 107 cm<br data-start=\"4133\" data-end=\"4136\" \/>Lunghezza: Circa 80 cm<br data-start=\"4157\" data-end=\"4160\" \/>Opzioni di colore: Nero, rosa, arancione, rosso, azzurro<br data-start=\"4211\" data-end=\"4214\" \/>Personalizzazione: Stampa del logo sui pannelli del baldacchino<br data-start=\"4259\" data-end=\"4262\" \/>Origine: Cina<\/p>\n<p data-start=\"4277\" data-end=\"4604\"><strong data-start=\"4277\" data-end=\"4304\">Perch\u00e9 scegliere questo prodotto<\/strong><br data-start=\"4304\" data-end=\"4307\" \/>Questo ombrello offre una maggiore praticit\u00e0 rispetto a un ombrello standard, grazie alla combinazione di piegatura inversa, prestazioni antigoccia, tettuccio a doppio strato resistente al vento e impugnatura a C a mani libere. \u00c8 un prodotto di marca pratico che i clienti possono utilizzare regolarmente, dando al vostro logo una forte visibilit\u00e0 quotidiana.<\/p>\n<p data-start=\"4606\" data-end=\"4856\"><strong data-start=\"4606\" data-end=\"4619\">Ideale per<\/strong><br data-start=\"4619\" data-end=\"4622\" \/>Omaggi aziendali<br data-start=\"4641\" data-end=\"4644\" \/>Promozioni per concessionari di auto<br data-start=\"4669\" data-end=\"4672\" \/>Campagne assicurative<br data-start=\"4691\" data-end=\"4694\" \/>Promozioni di viaggio<br data-start=\"4711\" data-end=\"4714\" \/>Regali al dettaglio<br data-start=\"4726\" data-end=\"4729\" \/>Omaggi per i pendolari<br data-start=\"4747\" data-end=\"4750\" \/>Merce per fiere<br data-start=\"4772\" data-end=\"4775\" \/>Branding di scuole e universit\u00e0<br data-start=\"4805\" data-end=\"4808\" \/>Promozioni immobiliari<br data-start=\"4830\" data-end=\"4833\" \/>Utilizzo quotidiano in caso di pioggia<\/p>\n<p data-start=\"4858\" data-end=\"4865\"><strong data-start=\"4858\" data-end=\"4865\">FAQ<\/strong><\/p>\n<p data-start=\"4867\" data-end=\"5003\"><strong data-start=\"4867\" data-end=\"4915\">Questo ombrello pu\u00f2 essere personalizzato con un logo?<\/strong><br data-start=\"4915\" data-end=\"4918\" \/>S\u00ec. Il tettuccio pu\u00f2 essere personalizzato con il vostro logo, il vostro marchio o una grafica promozionale.<\/p>\n<p data-start=\"5005\" data-end=\"5213\"><strong data-start=\"5005\" data-end=\"5044\">Che cos'\u00e8 un ombrello pieghevole inverso?<\/strong><br data-start=\"5044\" data-end=\"5047\" \/>Un ombrello pieghevole al contrario si chiude verso l'interno, contribuendo a mantenere l'esterno bagnato all'interno dopo la piegatura. In questo modo si riduce lo sgocciolamento dell'acqua su abiti, pavimenti e interni dell'auto.<\/p>\n<p data-start=\"5215\" data-end=\"5377\"><strong data-start=\"5215\" data-end=\"5257\">Qual \u00e8 il vantaggio dell'impugnatura a C?<\/strong><br data-start=\"5257\" data-end=\"5260\" \/>La maniglia a forma di C pu\u00f2 essere appoggiata al polso, aiutando a liberare le mani per trasportare borse, usare il telefono o aprire le porte.<\/p>\n<p data-start=\"5379\" data-end=\"5563\"><strong data-start=\"5379\" data-end=\"5417\">Questo ombrello \u00e8 adatto all'uso in auto?<\/strong><br data-start=\"5417\" data-end=\"5420\" \/>S\u00ec. Il design dell'apertura inversa \u00e8 particolarmente comodo quando si entra o si esce da un'auto, perch\u00e9 pu\u00f2 essere aperto e chiuso in uno spazio pi\u00f9 ristretto.<\/p>\n<p data-start=\"5565\" data-end=\"5704\"><strong data-start=\"5565\" data-end=\"5585\">\u00c8 resistente al vento?<\/strong><br data-start=\"5585\" data-end=\"5588\" \/>S\u00ec. Il prodotto \u00e8 presentato con una struttura antivento a doppio strato progettata per una migliore stabilit\u00e0 in caso di vento.<\/p>\n<p data-start=\"5706\" data-end=\"5796\"><strong data-start=\"5706\" data-end=\"5747\">Quale materiale viene utilizzato per la tettoia?<\/strong><br data-start=\"5747\" data-end=\"5750\" \/>Le immagini del prodotto indicano il tessuto PG utilizzato.<\/p>\n<p data-start=\"5798\" data-end=\"5919\"><strong data-start=\"5798\" data-end=\"5829\">Che dimensioni ha questo ombrello?<\/strong><br data-start=\"5829\" data-end=\"5832\" \/>Le immagini del prodotto mostrano una dimensione aperta di circa 107 cm e una lunghezza di circa 80 cm.<\/p>\n<p data-start=\"5921\" data-end=\"6027\"><strong data-start=\"5921\" data-end=\"5951\">Quali sono i colori disponibili?<\/strong><br data-start=\"5951\" data-end=\"5954\" \/>Le immagini del prodotto mostrano le opzioni nero, rosa, arancione, rosso e azzurro.<\/p>\n<p data-start=\"6029\" data-end=\"6212\"><strong data-start=\"6029\" data-end=\"6080\">L'ombrello aiuta a ridurre lo sgocciolamento in ambienti chiusi?<\/strong><br data-start=\"6080\" data-end=\"6083\" \/>S\u00ec. Poich\u00e9 il lato bagnato si ripiega verso l'interno, aiuta a ridurre lo sgocciolamento quando si porta l'ombrello in auto, in ufficio, nei negozi o in casa.<\/p>","protected":false},"excerpt":{"rendered":"<p data-start=\"1006\" data-end=\"1350\">Questo ombrello pieghevole personalizzato a rovescio \u00e8 caratterizzato da un pratico design inside-out che aiuta a contenere la superficie bagnata durante la chiusura. Grazie alla comoda impugnatura a C, al tettuccio a doppio strato e alla struttura resistente al vento, \u00e8 un ombrello di marca utile per il pendolarismo, l'ingresso e l'uscita dall'auto, i viaggi e gli omaggi promozionali.<\/p>","protected":false},"featured_media":47281,"template":"","meta":{"_gspb_post_css":""},"product_brand":[],"product_cat":[30],"product_tag":[],"class_list":{"0":"post-47280","1":"product","2":"type-product","3":"status-publish","4":"has-post-thumbnail","6":"product_cat-home-pets-tools","8":"first","9":"instock","10":"shipping-taxable","11":"product-type-simple"},"_links":{"self":[{"href":"https:\/\/globalgiftsupplier.com\/it\/wp-json\/wp\/v2\/product\/47280","targetHints":{"allow":["GET"]}}],"collection":[{"href":"https:\/\/globalgiftsupplier.com\/it\/wp-json\/wp\/v2\/product"}],"about":[{"href":"https:\/\/globalgiftsupplier.com\/it\/wp-json\/wp\/v2\/types\/product"}],"wp:featuredmedia":[{"embeddable":true,"href":"https:\/\/globalgiftsupplier.com\/it\/wp-json\/wp\/v2\/media\/47281"}],"wp:attachment":[{"href":"https:\/\/globalgiftsupplier.com\/it\/wp-json\/wp\/v2\/media?parent=47280"}],"wp:term":[{"taxonomy":"product_brand","embeddable":true,"href":"https:\/\/globalgiftsupplier.com\/it\/wp-json\/wp\/v2\/product_brand?post=47280"},{"taxonomy":"product_cat","embeddable":true,"href":"https:\/\/globalgiftsupplier.com\/it\/wp-json\/wp\/v2\/product_cat?post=47280"},{"taxonomy":"product_tag","embeddable":true,"href":"https:\/\/globalgiftsupplier.com\/it\/wp-json\/wp\/v2\/product_tag?post=47280"}],"curies":[{"name":"wp","href":"https:\/\/api.w.org\/{rel}","templated":true}]}}