{"id":47249,"date":"2026-03-30T08:40:10","date_gmt":"2026-03-30T08:40:10","guid":{"rendered":"https:\/\/globalgiftsupplier.com\/?post_type=product&#038;p=47249"},"modified":"2026-03-30T08:40:10","modified_gmt":"2026-03-30T08:40:10","slug":"custom-pongee-straight-handle-promotional-umbrella-with-logo-printing","status":"publish","type":"product","link":"https:\/\/globalgiftsupplier.com\/it\/product\/custom-pongee-straight-handle-promotional-umbrella-with-logo-printing\/","title":{"rendered":"Ombrello promozionale con manico dritto in Pongee personalizzato con stampa del logo"},"content":{"rendered":"<p data-start=\"1623\" data-end=\"2021\">Questo ombrello personalizzato con manico dritto in pongee \u00e8 un prodotto promozionale classico che combina la funzionalit\u00e0 quotidiana con un forte valore di branding. Progettato con una calotta a grandezza naturale, un fusto dritto resistente e un'impugnatura curva a J, offre un aspetto pulito e professionale adatto a promozioni aziendali, regali per i clienti, kit di benvenuto per i dipendenti, vendite al dettaglio e distribuzione di eventi.<\/p>\n<p data-start=\"2023\" data-end=\"2477\">Realizzato per un uso pratico e quotidiano, questo ombrello offre una copertura affidabile in caso di pioggia e funge anche da articolo di marca visibile negli spazi pubblici. La sua ampia copertura offre una protezione confortevole durante gli spostamenti, le passeggiate, i viaggi, le corse a scuola e le attivit\u00e0 all'aperto. Poich\u00e9 gli ombrelli vengono portati per strada, nei parcheggi, nelle aree di trasporto, all'ingresso degli uffici, nei campus e negli eventi, creano un'esposizione ripetuta per il vostro logo nell'uso reale.<\/p>\n<p data-start=\"2479\" data-end=\"2856\">Il tettuccio in tessuto pongee conferisce all'ombrello un aspetto liscio e raffinato, rendendolo pi\u00f9 presentabile di molti ombrelli da regalo di base. La struttura a tutta lunghezza aggiunge uno stile tradizionale e affidabile, mentre il manico curvo lo rende facile da impugnare, trasportare e riporre. Il comodo sistema di apertura e il design robusto del telaio aiutano a sostenere l'uso quotidiano in diversi ambienti.<\/p>\n<p data-start=\"2858\" data-end=\"3154\">Questo ombrello \u00e8 ideale per promozioni aziendali, conferenze, hotel, universit\u00e0, campagne immobiliari, negozi al dettaglio ed eventi di marketing all'aperto. Utilizzato come omaggio di qualit\u00e0 o come pratico accessorio di marca, offre prestazioni utili e visibilit\u00e0 promozionale a lungo termine.<\/p>\n<p data-start=\"3156\" data-end=\"3598\"><strong data-start=\"3156\" data-end=\"3172\">Caratteristiche principali<\/strong><br data-start=\"3172\" data-end=\"3175\" \/>Tettuccio in tessuto Pongee per un look liscio e raffinato<br data-start=\"3225\" data-end=\"3228\" \/>Classico design a ombrello diritto<br data-start=\"3260\" data-end=\"3263\" \/>Comoda impugnatura curva a J<br data-start=\"3290\" data-end=\"3293\" \/>Ampio tettuccio per una copertura affidabile dalla pioggia<br data-start=\"3332\" data-end=\"3335\" \/>Possibilit\u00e0 di stampa del logo personalizzato sui pannelli della pensilina<br data-start=\"3382\" data-end=\"3385\" \/>Struttura resistente a telaio pieno<br data-start=\"3418\" data-end=\"3421\" \/>Aspetto professionale per le promozioni aziendali<br data-start=\"3468\" data-end=\"3471\" \/>Adatto per il pendolarismo quotidiano e l'uso all'aperto<br data-start=\"3515\" data-end=\"3518\" \/>Disponibile in pi\u00f9 opzioni di colore<br data-start=\"3553\" data-end=\"3556\" \/>Forte visibilit\u00e0 del marchio in ambienti pubblici<\/p>\n<p data-start=\"3600\" data-end=\"3974\"><strong data-start=\"3600\" data-end=\"3618\">Specifiche tecniche<\/strong><br data-start=\"3618\" data-end=\"3621\" \/>Tipo di prodotto: Ombrello con manico dritto<br data-start=\"3659\" data-end=\"3662\" \/>Materiale: Tettuccio in tessuto Pongee<br data-start=\"3692\" data-end=\"3695\" \/>Tipo di impugnatura: Impugnatura curva a J<br data-start=\"3723\" data-end=\"3726\" \/>Stile del telaio: Telaio per ombrello dritto full-size<br data-start=\"3772\" data-end=\"3775\" \/>Diametro della calotta: 105 cm<br data-start=\"3798\" data-end=\"3801\" \/>Altezza dell'ombrello: 83 cm<br data-start=\"3823\" data-end=\"3826\" \/>Opzioni di colore: Nero, rosso, blu<br data-start=\"3857\" data-end=\"3860\" \/>Personalizzazione: Stampa del logo disponibile<br data-start=\"3898\" data-end=\"3901\" \/>Utilizzo: Protezione dalla pioggia, promozioni, regali aziendali, eventi<br data-start=\"3958\" data-end=\"3961\" \/>Origine: Cina<\/p>\n<p data-start=\"3976\" data-end=\"4335\"><strong data-start=\"3976\" data-end=\"4003\">Perch\u00e9 scegliere questo prodotto<\/strong><br data-start=\"4003\" data-end=\"4006\" \/>Questo ombrello offre il giusto equilibrio tra funzionalit\u00e0, aspetto e valore del marchio. La sua copertura completa, la forma classica del manico e il tettuccio in pongee lo rendono adatto sia all'uso pratico quotidiano che alla presentazione promozionale. Per i marchi che desiderano un articolo utile con visibilit\u00e0 ripetuta, questo ombrello \u00e8 una scelta affidabile.<\/p>\n<p data-start=\"4337\" data-end=\"4606\"><strong data-start=\"4337\" data-end=\"4350\">Ideale per<\/strong><br data-start=\"4350\" data-end=\"4353\" \/>Regali aziendali<br data-start=\"4368\" data-end=\"4371\" \/>Omaggi per fiere<br data-start=\"4391\" data-end=\"4394\" \/>Promozione della scuola e del campus<br data-start=\"4422\" data-end=\"4425\" \/>Branding alberghiero e ospitalit\u00e0<br data-start=\"4455\" data-end=\"4458\" \/>Promozioni immobiliari<br data-start=\"4480\" data-end=\"4483\" \/>Omaggi per eventi all'aperto<br data-start=\"4506\" data-end=\"4509\" \/>Merce al dettaglio<br data-start=\"4527\" data-end=\"4530\" \/>Kit di benvenuto per i dipendenti<br data-start=\"4551\" data-end=\"4554\" \/>Uso quotidiano come pendolare<br data-start=\"4573\" data-end=\"4576\" \/>Campagne pubblicitarie stagionali<\/p>\n<p data-start=\"4608\" data-end=\"4615\"><strong data-start=\"4608\" data-end=\"4615\">FAQ<\/strong><\/p>\n<p data-start=\"4617\" data-end=\"4756\"><strong data-start=\"4617\" data-end=\"4665\">Questo ombrello pu\u00f2 essere personalizzato con un logo?<\/strong><br data-start=\"4665\" data-end=\"4668\" \/>S\u00ec. I pannelli della pensilina possono essere personalizzati con il vostro logo, slogan o grafica promozionale.<\/p>\n<p data-start=\"4758\" data-end=\"4833\"><strong data-start=\"4758\" data-end=\"4800\">Di che materiale \u00e8 fatta la tettoia?<\/strong><br data-start=\"4800\" data-end=\"4803\" \/>\u00c8 realizzato in tessuto pongee.<\/p>\n<p data-start=\"4835\" data-end=\"4952\"><strong data-start=\"4835\" data-end=\"4866\">Che dimensioni ha questo ombrello?<\/strong><br data-start=\"4866\" data-end=\"4869\" \/>Il diametro della chioma \u00e8 di circa 105 cm e l'altezza complessiva \u00e8 di circa 83 cm.<\/p>\n<p data-start=\"4954\" data-end=\"5059\"><strong data-start=\"4954\" data-end=\"4988\">Quale stile di impugnatura utilizza?<\/strong><br data-start=\"4988\" data-end=\"4991\" \/>Utilizza una classica impugnatura a J ricurva per una comoda presa e trasporto.<\/p>\n<p data-start=\"5061\" data-end=\"5153\"><strong data-start=\"5061\" data-end=\"5091\">Quali sono i colori disponibili?<\/strong><br data-start=\"5091\" data-end=\"5094\" \/>Le immagini del prodotto mostrano le opzioni di colore nero, rosso e blu.<\/p>\n<p data-start=\"5155\" data-end=\"5231\"><strong data-start=\"5155\" data-end=\"5186\">\u00c8 un ombrello pieghevole?<\/strong><br data-start=\"5186\" data-end=\"5189\" \/>No, questo \u00e8 un ombrello a grandezza naturale.<\/p>\n<p data-start=\"5233\" data-end=\"5398\"><strong data-start=\"5233\" data-end=\"5278\">\u00c8 adatto per gli omaggi promozionali?<\/strong><br data-start=\"5278\" data-end=\"5281\" \/>S\u00ec. \u00c8 ideale per i regali aziendali, gli omaggi ai clienti, le promozioni scolastiche, le dispense degli eventi e il merchandising di marca.<\/p>\n<p data-start=\"5400\" data-end=\"5550\"><strong data-start=\"5400\" data-end=\"5445\">Offre una buona area di visualizzazione del logo?<\/strong><br data-start=\"5445\" data-end=\"5448\" \/>S\u00ec. Il tettuccio offre un'area di stampa visibile che aiuta il vostro marchio a risaltare durante l'uso quotidiano.<\/p>\n<p data-start=\"5552\" data-end=\"5728\"><strong data-start=\"5552\" data-end=\"5590\">Per chi \u00e8 adatto questo ombrello?<\/strong><br data-start=\"5590\" data-end=\"5593\" \/>\u00c8 adatto ad aziende, scuole, hotel, negozi al dettaglio, organizzatori di eventi e marchi alla ricerca di un pratico prodotto promozionale.<\/p>","protected":false},"excerpt":{"rendered":"<p>Questo ombrello personalizzato con manico dritto in pongee \u00e8 un pratico articolo promozionale a grandezza naturale, progettato per la protezione quotidiana dalla pioggia e per una forte visibilit\u00e0 del marchio. Grazie al classico manico curvo a J, alla struttura resistente e all'ampio tettuccio, \u00e8 adatto per regali aziendali, promozioni all'aperto, hotel, scuole, programmi di vendita al dettaglio e omaggi per eventi. L'ampia superficie del pannello consente di far risaltare il vostro logo su un prodotto che potrete utilizzare pi\u00f9 volte.<\/p>","protected":false},"featured_media":47250,"template":"","meta":{"_gspb_post_css":""},"product_brand":[],"product_cat":[30],"product_tag":[],"class_list":{"0":"post-47249","1":"product","2":"type-product","3":"status-publish","4":"has-post-thumbnail","6":"product_cat-home-pets-tools","8":"first","9":"instock","10":"shipping-taxable","11":"product-type-simple"},"_links":{"self":[{"href":"https:\/\/globalgiftsupplier.com\/it\/wp-json\/wp\/v2\/product\/47249","targetHints":{"allow":["GET"]}}],"collection":[{"href":"https:\/\/globalgiftsupplier.com\/it\/wp-json\/wp\/v2\/product"}],"about":[{"href":"https:\/\/globalgiftsupplier.com\/it\/wp-json\/wp\/v2\/types\/product"}],"wp:featuredmedia":[{"embeddable":true,"href":"https:\/\/globalgiftsupplier.com\/it\/wp-json\/wp\/v2\/media\/47250"}],"wp:attachment":[{"href":"https:\/\/globalgiftsupplier.com\/it\/wp-json\/wp\/v2\/media?parent=47249"}],"wp:term":[{"taxonomy":"product_brand","embeddable":true,"href":"https:\/\/globalgiftsupplier.com\/it\/wp-json\/wp\/v2\/product_brand?post=47249"},{"taxonomy":"product_cat","embeddable":true,"href":"https:\/\/globalgiftsupplier.com\/it\/wp-json\/wp\/v2\/product_cat?post=47249"},{"taxonomy":"product_tag","embeddable":true,"href":"https:\/\/globalgiftsupplier.com\/it\/wp-json\/wp\/v2\/product_tag?post=47249"}],"curies":[{"name":"wp","href":"https:\/\/api.w.org\/{rel}","templated":true}]}}