{"id":47239,"date":"2026-03-30T08:37:57","date_gmt":"2026-03-30T08:37:57","guid":{"rendered":"https:\/\/globalgiftsupplier.com\/?post_type=product&#038;p=47239"},"modified":"2026-03-30T08:37:57","modified_gmt":"2026-03-30T08:37:57","slug":"custom-straight-handle-black-coated-golf-umbrella-with-logo-printing","status":"publish","type":"product","link":"https:\/\/globalgiftsupplier.com\/it\/product\/custom-straight-handle-black-coated-golf-umbrella-with-logo-printing\/","title":{"rendered":"Ombrello da golf rivestito nero con manico dritto personalizzato e stampa del logo"},"content":{"rendered":"<p data-start=\"1606\" data-end=\"1992\">Questo ombrello da golf personalizzato con manico dritto \u00e8 un pratico articolo promozionale progettato per le giornate di pioggia e per l'uso quotidiano all'aperto. Con la sua classica struttura a tutta lunghezza, il comodo manico curvo e l'ampia copertura del tettuccio, offre un look pulito e professionale che si adatta bene a regali aziendali, campagne pubblicitarie, promozioni di eventi e merchandising di marca.<\/p>\n<p data-start=\"1994\" data-end=\"2484\">L'ombrello \u00e8 dotato di un rivestimento interno nero che contribuisce a rendere pi\u00f9 funzionale l'uso all'aperto, rendendolo adatto sia alla protezione dalla pioggia che alle esigenze di ombra quotidiane. Le dimensioni generose del baldacchino offrono un'ampia copertura, aiutando gli utenti a stare pi\u00f9 comodi durante le passeggiate all'aperto, gli spostamenti, la partecipazione a eventi o i viaggi da un luogo all'altro. Questa combinazione di funzionalit\u00e0 e visibilit\u00e0 lo rende un prodotto utile per i marchi che desiderano un'esposizione duratura su un articolo che i clienti utilizzeranno davvero.<\/p>\n<p data-start=\"2486\" data-end=\"2954\">Il suo design a ombrello dritto gli conferisce un aspetto classico che si adatta a molti settori e pubblici. Il manico curvo \u00e8 facile da impugnare e da trasportare, mentre il telaio a grandezza naturale offre una struttura stabile e pratica per un uso regolare. Il tettuccio offre inoltre un'ampia area di personalizzazione per il logo, lo slogan o la grafica promozionale, consentendo al marchio di rimanere visibile in spazi pubblici come strade, uffici, campus, hotel, eventi commerciali e aree di trasporto.<\/p>\n<p data-start=\"2956\" data-end=\"3319\">Questo ombrello \u00e8 un'ottima scelta per le aziende che cercano un prodotto di marca funzionale e di grande appeal. Pu\u00f2 essere utilizzato come omaggio aziendale, come regalo di ringraziamento per i clienti, come articolo per i dipendenti, come oggetto di vendita al dettaglio o come omaggio per un evento. Utilizzato in caso di pioggia o sotto il sole, offre al vostro marchio una visibilit\u00e0 ripetuta attraverso un pratico accessorio quotidiano.<\/p>\n<p data-start=\"3321\" data-end=\"3778\"><strong data-start=\"3321\" data-end=\"3337\">Caratteristiche principali<\/strong><br data-start=\"3337\" data-end=\"3340\" \/>Ampia copertura del tettuccio per una migliore protezione dall'esterno<br data-start=\"3391\" data-end=\"3394\" \/>Rivestimento interno nero per l'utilizzo sotto il sole e la pioggia<br data-start=\"3434\" data-end=\"3437\" \/>Classico design a ombrello diritto<br data-start=\"3469\" data-end=\"3472\" \/>Comoda impugnatura curva a J<br data-start=\"3499\" data-end=\"3502\" \/>Possibilit\u00e0 di stampa del logo personalizzato sui pannelli della pensilina<br data-start=\"3549\" data-end=\"3552\" \/>Adatto per uso promozionale e aziendale<br data-start=\"3594\" data-end=\"3597\" \/>Pratico per il pendolarismo, gli eventi e le attivit\u00e0 all'aria aperta<br data-start=\"3652\" data-end=\"3655\" \/>Aspetto pulito e professionale<br data-start=\"3688\" data-end=\"3691\" \/>Disponibile in pi\u00f9 opzioni di colore<br data-start=\"3726\" data-end=\"3729\" \/>Utile articolo da regalo con ripetuta esposizione del marchio<\/p>\n<p data-start=\"3780\" data-end=\"4173\"><strong data-start=\"3780\" data-end=\"3798\">Specifiche tecniche<\/strong><br data-start=\"3798\" data-end=\"3801\" \/>Tipo di prodotto: Ombrello con manico dritto<br data-start=\"3839\" data-end=\"3842\" \/>Materiale: Tettuccio in poliestere con rivestimento interno nero<br data-start=\"3893\" data-end=\"3896\" \/>Stile del telaio: Telaio per ombrello dritto full-size<br data-start=\"3942\" data-end=\"3945\" \/>Tipo di impugnatura: Impugnatura curva a J<br data-start=\"3973\" data-end=\"3976\" \/>Diametro della calotta: 105 cm<br data-start=\"3999\" data-end=\"4002\" \/>Altezza dell'ombrello: 83 cm<br data-start=\"4024\" data-end=\"4027\" \/>Opzioni di colore: Nero, blu, rosso<br data-start=\"4058\" data-end=\"4061\" \/>Personalizzazione: Stampa del logo disponibile<br data-start=\"4099\" data-end=\"4102\" \/>Utilizzo: Protezione dalla pioggia e dal sole, promozioni, regali, eventi<br data-start=\"4157\" data-end=\"4160\" \/>Origine: Cina<\/p>\n<p data-start=\"4175\" data-end=\"4624\"><strong data-start=\"4175\" data-end=\"4202\">Perch\u00e9 scegliere questo prodotto<\/strong><br data-start=\"4202\" data-end=\"4205\" \/>Questo ombrello combina una forma classica, una copertura utile e un forte valore di branding in un unico prodotto pratico. L'ampio tettuccio e il rivestimento interno nero lo rendono adatto all'uso quotidiano all'aperto, mentre l'area del logo personalizzato aiuta il vostro marchio a rimanere visibile in ufficio, per strada, agli eventi e durante i viaggi. \u00c8 un articolo promozionale affidabile, pratico, presentabile e facile da distribuire in molti settori.<\/p>\n<p data-start=\"4626\" data-end=\"4900\"><strong data-start=\"4626\" data-end=\"4639\">Ideale per<\/strong><br data-start=\"4639\" data-end=\"4642\" \/>Regali aziendali<br data-start=\"4657\" data-end=\"4660\" \/>Omaggi per fiere<br data-start=\"4680\" data-end=\"4683\" \/>Promozione della scuola e del campus<br data-start=\"4711\" data-end=\"4714\" \/>Branding alberghiero e ospitalit\u00e0<br data-start=\"4744\" data-end=\"4747\" \/>Promozioni immobiliari<br data-start=\"4769\" data-end=\"4772\" \/>Omaggi per eventi all'aperto<br data-start=\"4795\" data-end=\"4798\" \/>Merce al dettaglio<br data-start=\"4816\" data-end=\"4819\" \/>Kit di benvenuto per i dipendenti<br data-start=\"4840\" data-end=\"4843\" \/>Utilizzo in viaggio e pendolarismo<br data-start=\"4867\" data-end=\"4870\" \/>Campagne pubblicitarie stagionali<\/p>\n<p data-start=\"4902\" data-end=\"4909\"><strong data-start=\"4902\" data-end=\"4909\">FAQ<\/strong><\/p>\n<p data-start=\"4911\" data-end=\"5040\"><strong data-start=\"4911\" data-end=\"4959\">Questo ombrello pu\u00f2 essere personalizzato con un logo?<\/strong><br data-start=\"4959\" data-end=\"4962\" \/>S\u00ec. I pannelli della pensilina possono essere personalizzati con il vostro logo o disegno promozionale.<\/p>\n<p data-start=\"5042\" data-end=\"5224\"><strong data-start=\"5042\" data-end=\"5098\">Questo ombrello \u00e8 adatto sia alla pioggia che al sole?<\/strong><br data-start=\"5098\" data-end=\"5101\" \/>S\u00ec. Il rivestimento interno nero e il tettuccio a grandezza naturale lo rendono adatto sia alla protezione dalla pioggia che alla protezione solare quotidiana.<\/p>\n<p data-start=\"5226\" data-end=\"5343\"><strong data-start=\"5226\" data-end=\"5257\">Che dimensioni ha questo ombrello?<\/strong><br data-start=\"5257\" data-end=\"5260\" \/>Il diametro della chioma \u00e8 di circa 105 cm e l'altezza complessiva \u00e8 di circa 83 cm.<\/p>\n<p data-start=\"5345\" data-end=\"5454\"><strong data-start=\"5345\" data-end=\"5379\">Quale stile di impugnatura utilizza?<\/strong><br data-start=\"5379\" data-end=\"5382\" \/>Presenta una classica impugnatura a J ricurva per una comoda presa e trasporto.<\/p>\n<p data-start=\"5456\" data-end=\"5540\"><strong data-start=\"5456\" data-end=\"5486\">Quali sono i colori disponibili?<\/strong><br data-start=\"5486\" data-end=\"5489\" \/>Le immagini mostrano le opzioni di colore nero, blu e rosso.<\/p>\n<p data-start=\"5542\" data-end=\"5620\"><strong data-start=\"5542\" data-end=\"5573\">\u00c8 un ombrello pieghevole?<\/strong><br data-start=\"5573\" data-end=\"5576\" \/>No. Si tratta di un ombrello dritto a tutta lunghezza.<\/p>\n<p data-start=\"5622\" data-end=\"5818\"><strong data-start=\"5622\" data-end=\"5679\">Per quale tipo di clienti \u00e8 adatto questo ombrello?<\/strong><br data-start=\"5679\" data-end=\"5682\" \/>\u00c8 adatto ad aziende, scuole, hotel, organizzatori di eventi, negozi al dettaglio e marchi alla ricerca di un pratico prodotto promozionale.<\/p>\n<p data-start=\"5820\" data-end=\"5979\"><strong data-start=\"5820\" data-end=\"5863\">Pu\u00f2 essere utilizzato come omaggio aziendale?<\/strong><br data-start=\"5863\" data-end=\"5866\" \/>S\u00ec, \u00e8 una valida opzione per i regali ai clienti, ai dipendenti, per gli omaggi agli eventi e per i programmi di merchandising di marca.<\/p>\n<p data-start=\"5981\" data-end=\"6154\"><strong data-start=\"5981\" data-end=\"6033\">L'ombrello offre un'ampia area di branding?<\/strong><br data-start=\"6033\" data-end=\"6036\" \/>S\u00ec. Il tettuccio offre un'area chiara e visibile per la stampa del logo, contribuendo a migliorare l'esposizione del marchio in ambienti esterni.<\/p>","protected":false},"excerpt":{"rendered":"<p>Questo ombrello da golf personalizzato con manico dritto \u00e8 dotato di un ampio tettuccio, di un classico design con impugnatura a J e di un rivestimento interno nero per un pratico utilizzo sotto il sole e la pioggia. Costruito per la comodit\u00e0 di tutti i giorni e per una forte visibilit\u00e0 del marchio, \u00e8 ideale per regali aziendali, promozioni, eventi all'aperto, hotel, scuole e vendita al dettaglio. L'ampia area di stampa consente al vostro logo di risaltare su un oggetto utile che la gente pu\u00f2 portare sempre con s\u00e9.<\/p>","protected":false},"featured_media":47240,"template":"","meta":{"_gspb_post_css":""},"product_brand":[],"product_cat":[30],"product_tag":[],"class_list":{"0":"post-47239","1":"product","2":"type-product","3":"status-publish","4":"has-post-thumbnail","6":"product_cat-home-pets-tools","8":"first","9":"instock","10":"shipping-taxable","11":"product-type-simple"},"_links":{"self":[{"href":"https:\/\/globalgiftsupplier.com\/it\/wp-json\/wp\/v2\/product\/47239","targetHints":{"allow":["GET"]}}],"collection":[{"href":"https:\/\/globalgiftsupplier.com\/it\/wp-json\/wp\/v2\/product"}],"about":[{"href":"https:\/\/globalgiftsupplier.com\/it\/wp-json\/wp\/v2\/types\/product"}],"wp:featuredmedia":[{"embeddable":true,"href":"https:\/\/globalgiftsupplier.com\/it\/wp-json\/wp\/v2\/media\/47240"}],"wp:attachment":[{"href":"https:\/\/globalgiftsupplier.com\/it\/wp-json\/wp\/v2\/media?parent=47239"}],"wp:term":[{"taxonomy":"product_brand","embeddable":true,"href":"https:\/\/globalgiftsupplier.com\/it\/wp-json\/wp\/v2\/product_brand?post=47239"},{"taxonomy":"product_cat","embeddable":true,"href":"https:\/\/globalgiftsupplier.com\/it\/wp-json\/wp\/v2\/product_cat?post=47239"},{"taxonomy":"product_tag","embeddable":true,"href":"https:\/\/globalgiftsupplier.com\/it\/wp-json\/wp\/v2\/product_tag?post=47239"}],"curies":[{"name":"wp","href":"https:\/\/api.w.org\/{rel}","templated":true}]}}