{"id":47232,"date":"2026-03-30T08:14:32","date_gmt":"2026-03-30T08:14:32","guid":{"rendered":"https:\/\/globalgiftsupplier.com\/?post_type=product&#038;p=47232"},"modified":"2026-03-30T08:14:32","modified_gmt":"2026-03-30T08:14:32","slug":"custom-clear-pvc-sling-backpack-with-adjustable-shoulder-strap-and-mesh-side-pocket","status":"publish","type":"product","link":"https:\/\/globalgiftsupplier.com\/it\/product\/custom-clear-pvc-sling-backpack-with-adjustable-shoulder-strap-and-mesh-side-pocket\/","title":{"rendered":"Zaino a fionda in PVC trasparente personalizzato con tracolla regolabile e tasca laterale in rete"},"content":{"rendered":"<p data-start=\"1533\" data-end=\"1988\">Questo zaino personalizzato in PVC trasparente \u00e8 una pratica borsa promozionale progettata per la comodit\u00e0, la visibilit\u00e0 e l'uso quotidiano. Il suo corpo trasparente rende il contenuto facilmente visibile a colpo d'occhio, aiutando gli utenti a trovare rapidamente ci\u00f2 di cui hanno bisogno e conferendo alla borsa un aspetto pulito e moderno. Utilizzata per eventi, viaggi, lavoro, scuola o attivit\u00e0 all'aperto, questa borsa a tracolla trasparente offre una soluzione di trasporto semplice con un forte potenziale di branding.<\/p>\n<p data-start=\"1990\" data-end=\"2352\">La borsa \u00e8 dotata di un'unica tracolla regolabile che consente di indossarla comodamente a tracolla o a crossbody. La sua forma a fionda la rende facile da trasportare mantenendo le mani libere, rendendola adatta a chi ha bisogno di un accesso rapido agli oggetti essenziali durante la giornata. Il design leggero la rende inoltre un'opzione utile per gli ambienti affollati in cui la portabilit\u00e0 \u00e8 importante.<\/p>\n<p data-start=\"2354\" data-end=\"2740\">Questa borsa comprende diverse aree di stoccaggio con cerniera per una migliore organizzazione. Lo scomparto principale offre spazio per gli oggetti di uso quotidiano come telefono, portafoglio, chiavi, biglietti, cosmetici, caricabatterie e altri oggetti personali essenziali. Un'ulteriore tasca frontale con cerniera aiuta a separare gli oggetti pi\u00f9 piccoli per un accesso pi\u00f9 rapido, mentre la tasca laterale in rete offre spazio extra per una bottiglia d'acqua, uno snack o un accessorio.<\/p>\n<p data-start=\"2742\" data-end=\"3200\">La struttura in PVC trasparente conferisce alla borsa un vantaggio funzionale per i locali e i luoghi di lavoro in cui si preferisce trasportare oggetti visibili. Allo stesso tempo, il pannello frontale offre un'ampia area di personalizzazione per la stampa del logo, trasformando la borsa in un utile prodotto promozionale con esposizione ripetuta del marchio. Poich\u00e9 le persone possono utilizzarla per il pendolarismo, gli eventi, i viaggi e le uscite occasionali, continua a mostrare il vostro marchio anche molto tempo dopo l'omaggio o l'acquisto iniziale.<\/p>\n<p data-start=\"3202\" data-end=\"3484\">Questo zaino trasparente \u00e8 la scelta ideale per eventi sportivi, concerti, mostre, scuole, promozioni di viaggio, omaggi aziendali, controlli di sicurezza e programmi di vendita al dettaglio. Combina funzionalit\u00e0 quotidiana, facile organizzazione e marchio riconoscibile in un unico prodotto pratico.<\/p>\n<p data-start=\"3486\" data-end=\"4016\"><strong data-start=\"3486\" data-end=\"3502\">Caratteristiche principali<\/strong><br data-start=\"3502\" data-end=\"3505\" \/>Corpo in PVC trasparente per una facile visibilit\u00e0 del contenuto<br data-start=\"3551\" data-end=\"3554\" \/>Design a zaino con imbracatura singola per un trasporto a mani libere<br data-start=\"3606\" data-end=\"3609\" \/>Tracolla regolabile per una vestibilit\u00e0 pi\u00f9 confortevole<br data-start=\"3661\" data-end=\"3664\" \/>Scomparto principale con cerniera per gli oggetti di uso quotidiano<br data-start=\"3710\" data-end=\"3713\" \/>Tasca frontale con cerniera per un rapido accesso al magazzino<br data-start=\"3757\" data-end=\"3760\" \/>Tasca laterale in rete per bottiglie o piccoli accessori<br data-start=\"3809\" data-end=\"3812\" \/>Leggero e pratico per l'uso quotidiano<br data-start=\"3854\" data-end=\"3857\" \/>Possibilit\u00e0 di stampa del logo personalizzato sul fronte<br data-start=\"3900\" data-end=\"3903\" \/>Adatto per eventi, viaggi, scuole e luoghi di lavoro<br data-start=\"3955\" data-end=\"3958\" \/>Borsa promozionale facile da trasportare con esposizione ripetuta del marchio<\/p>\n<p data-start=\"4018\" data-end=\"4525\"><strong data-start=\"4018\" data-end=\"4036\">Specifiche tecniche<\/strong><br data-start=\"4036\" data-end=\"4039\" \/>Tipo di prodotto: Zaino con imbracatura trasparente<br data-start=\"4073\" data-end=\"4076\" \/>Materiale: PVC con cinghia e tasca in rete<br data-start=\"4124\" data-end=\"4127\" \/>Stile: Borsa a tracolla singola \/ crossbody sling<br data-start=\"4171\" data-end=\"4174\" \/>Larghezza: 12,6 pollici<br data-start=\"4192\" data-end=\"4195\" \/>Altezza: 16 pollici<br data-start=\"4212\" data-end=\"4215\" \/>Profondit\u00e0: 5,5 pollici<br data-start=\"4232\" data-end=\"4235\" \/>Tipo di chiusura: Cerniera<br data-start=\"4255\" data-end=\"4258\" \/>Design delle tasche: Scomparto principale, tasca anteriore con cerniera, tasca laterale in rete<br data-start=\"4328\" data-end=\"4331\" \/>Cinghia: Tracolla regolabile<br data-start=\"4363\" data-end=\"4366\" \/>Opzioni di colore: Nero, blu, grigio, rosa<br data-start=\"4404\" data-end=\"4407\" \/>Personalizzazione: Stampa del logo disponibile<br data-start=\"4445\" data-end=\"4448\" \/>Utilizzo: Trasporto quotidiano, borsa per eventi, borsa da viaggio, omaggio promozionale<br data-start=\"4509\" data-end=\"4512\" \/>Origine: Cina<\/p>\n<p data-start=\"4527\" data-end=\"4996\"><strong data-start=\"4527\" data-end=\"4554\">Perch\u00e9 scegliere questo prodotto<\/strong><br data-start=\"4554\" data-end=\"4557\" \/>Questo zaino trasparente \u00e8 utile, facile da trasportare e da personalizzare e rappresenta una borsa promozionale ideale per molti settori ed eventi. Il design trasparente migliora la visibilit\u00e0 e la praticit\u00e0, mentre la tracolla regolabile, le tasche con cerniera e la tasca laterale in rete aggiungono una pratica funzione quotidiana. \u00c8 una scelta intelligente per i marchi che desiderano una borsa da utilizzare nella vita reale, mantenendo il proprio logo visibile in ambienti pubblici.<\/p>\n<p data-start=\"4998\" data-end=\"5304\"><strong data-start=\"4998\" data-end=\"5011\">Ideale per<\/strong><br data-start=\"5011\" data-end=\"5014\" \/>Concerti ed eventi dal vivo<br data-start=\"5038\" data-end=\"5041\" \/>Giochi sportivi e omaggi ai tifosi<br data-start=\"5071\" data-end=\"5074\" \/>Fiere ed esposizioni<br data-start=\"5101\" data-end=\"5104\" \/>Promozione della scuola e del campus<br data-start=\"5132\" data-end=\"5135\" \/>Campagne di viaggio e turismo<br data-start=\"5163\" data-end=\"5166\" \/>Ambienti di lavoro e controlli di sicurezza<br data-start=\"5207\" data-end=\"5210\" \/>Omaggi aziendali<br data-start=\"5229\" data-end=\"5232\" \/>Attivit\u00e0 all'aperto<br data-start=\"5250\" data-end=\"5253\" \/>Merce di marca al dettaglio<br data-start=\"5279\" data-end=\"5282\" \/>Trasporto dell'essenziale quotidiano<\/p>\n<p data-start=\"5306\" data-end=\"5313\"><strong data-start=\"5306\" data-end=\"5313\">FAQ<\/strong><\/p>\n<p data-start=\"5315\" data-end=\"5437\"><strong data-start=\"5315\" data-end=\"5358\">Questa borsa pu\u00f2 essere personalizzata con un logo?<\/strong><br data-start=\"5358\" data-end=\"5361\" \/>S\u00ec. Il pannello frontale pu\u00f2 essere personalizzato con il vostro logo o disegno promozionale.<\/p>\n<p data-start=\"5439\" data-end=\"5567\"><strong data-start=\"5439\" data-end=\"5473\">Di che materiale \u00e8 fatto?<\/strong><br data-start=\"5473\" data-end=\"5476\" \/>\u00c8 realizzata in PVC trasparente con una tracolla regolabile e una tasca laterale in rete.<\/p>\n<p data-start=\"5569\" data-end=\"5689\"><strong data-start=\"5569\" data-end=\"5601\">Che dimensioni ha questa sacca?<\/strong><br data-start=\"5601\" data-end=\"5604\" \/>La borsa misura circa 12,6 pollici di larghezza, 16 pollici di altezza e 5,5 pollici di profondit\u00e0.<\/p>\n<p data-start=\"5691\" data-end=\"5825\"><strong data-start=\"5691\" data-end=\"5730\">Ha pi\u00f9 scomparti?<\/strong><br data-start=\"5730\" data-end=\"5733\" \/>S\u00ec. Include uno scomparto principale con cerniera, una tasca frontale con cerniera e una tasca laterale in rete.<\/p>\n<p data-start=\"5827\" data-end=\"5923\"><strong data-start=\"5827\" data-end=\"5864\">La tracolla \u00e8 regolabile?<\/strong><br data-start=\"5864\" data-end=\"5867\" \/>S\u00ec. Il cinturino \u00e8 regolabile per una vestibilit\u00e0 pi\u00f9 confortevole.<\/p>\n<p data-start=\"5925\" data-end=\"6096\"><strong data-start=\"5925\" data-end=\"5952\">Cosa pu\u00f2 contenere questa borsa?<\/strong><br data-start=\"5952\" data-end=\"5955\" \/>Pu\u00f2 contenere oggetti di uso quotidiano come telefono, portafoglio, chiavi, caricabatterie, cosmetici, biglietti, piccoli accessori e una bottiglia nella tasca laterale in rete.<\/p>\n<p data-start=\"6098\" data-end=\"6262\"><strong data-start=\"6098\" data-end=\"6140\">\u00c8 adatto per eventi promozionali?<\/strong><br data-start=\"6140\" data-end=\"6143\" \/>S\u00ec. \u00c8 un pratico articolo da regalo per eventi, fiere, programmi di viaggio, promozioni sportive e branding aziendale.<\/p>\n<p data-start=\"6264\" data-end=\"6354\"><strong data-start=\"6264\" data-end=\"6294\">Quali sono i colori disponibili?<\/strong><br data-start=\"6294\" data-end=\"6297\" \/>Le immagini mostrano le opzioni di allestimento nero, blu, grigio e rosa.<\/p>\n<p data-start=\"6356\" data-end=\"6558\"><strong data-start=\"6356\" data-end=\"6409\">\u00c8 una buona borsa per i viaggi o per gli eventi?<\/strong><br data-start=\"6409\" data-end=\"6412\" \/>S\u00ec. Il suo design chiaro rende il contenuto facile da vedere, utile per i viaggi, gli eventi e altre situazioni in cui pu\u00f2 essere utile un rapido controllo della borsa.<\/p>","protected":false},"excerpt":{"rendered":"<p data-start=\"960\" data-end=\"1385\">Questi zaini a fionda personalizzati in PVC trasparente sono progettati per un comodo trasporto quotidiano e per una facile visibilit\u00e0 degli articoli. Caratterizzati da corpo trasparente, tracolla regolabile, scomparti con cerniera e tasca laterale in rete, sono ideali per eventi, viaggi, luoghi di lavoro, scuole e promozioni di marca. Leggeri, pratici e facili da personalizzare, offrono un'utile borsa con logo per i clienti in viaggio.<\/p>","protected":false},"featured_media":47233,"template":"","meta":{"_gspb_post_css":""},"product_brand":[],"product_cat":[26],"product_tag":[],"class_list":{"0":"post-47232","1":"product","2":"type-product","3":"status-publish","4":"has-post-thumbnail","6":"product_cat-bags","8":"first","9":"instock","10":"shipping-taxable","11":"product-type-simple"},"_links":{"self":[{"href":"https:\/\/globalgiftsupplier.com\/it\/wp-json\/wp\/v2\/product\/47232","targetHints":{"allow":["GET"]}}],"collection":[{"href":"https:\/\/globalgiftsupplier.com\/it\/wp-json\/wp\/v2\/product"}],"about":[{"href":"https:\/\/globalgiftsupplier.com\/it\/wp-json\/wp\/v2\/types\/product"}],"wp:featuredmedia":[{"embeddable":true,"href":"https:\/\/globalgiftsupplier.com\/it\/wp-json\/wp\/v2\/media\/47233"}],"wp:attachment":[{"href":"https:\/\/globalgiftsupplier.com\/it\/wp-json\/wp\/v2\/media?parent=47232"}],"wp:term":[{"taxonomy":"product_brand","embeddable":true,"href":"https:\/\/globalgiftsupplier.com\/it\/wp-json\/wp\/v2\/product_brand?post=47232"},{"taxonomy":"product_cat","embeddable":true,"href":"https:\/\/globalgiftsupplier.com\/it\/wp-json\/wp\/v2\/product_cat?post=47232"},{"taxonomy":"product_tag","embeddable":true,"href":"https:\/\/globalgiftsupplier.com\/it\/wp-json\/wp\/v2\/product_tag?post=47232"}],"curies":[{"name":"wp","href":"https:\/\/api.w.org\/{rel}","templated":true}]}}