{"id":47196,"date":"2026-03-30T06:07:13","date_gmt":"2026-03-30T06:07:13","guid":{"rendered":"https:\/\/globalgiftsupplier.com\/?post_type=product&#038;p=47196"},"modified":"2026-03-30T06:07:14","modified_gmt":"2026-03-30T06:07:14","slug":"custom-bbq-grill-basket-with-wooden-handle","status":"publish","type":"product","link":"https:\/\/globalgiftsupplier.com\/it\/product\/custom-bbq-grill-basket-with-wooden-handle\/","title":{"rendered":"Cestino per barbecue personalizzato con manico in legno"},"content":{"rendered":"<p data-start=\"1422\" data-end=\"1775\">Questo cestino per barbecue personalizzato \u00e8 un pratico accessorio per grigliate progettato per la cottura all'aperto, la preparazione di barbecue e l'uso promozionale del marchio. Realizzato con una resistente struttura a cestello in filo metallico e un comodo manico in legno, aiuta a mantenere il cibo al sicuro durante la grigliata e rende pi\u00f9 facile e comodo girare gli oggetti sul barbecue.<\/p>\n<p data-start=\"1777\" data-end=\"2165\">Il cestello \u00e8 dotato di un sistema di chiusura ad apertura e chiusura che aiuta a mantenere il cibo saldamente all'interno durante la cottura. \u00c8 adatto per grigliare verdure, strisce di carne, frutti di mare, salsicce, spiedini e altri ingredienti lunghi o stretti che beneficiano di uno strumento di grigliatura pi\u00f9 controllato. La struttura in filo metallico consente al calore di circolare intorno al cibo e aiuta a mantenere gli oggetti allineati e pi\u00f9 facili da girare.<\/p>\n<p data-start=\"2167\" data-end=\"2506\">Il design del manico lungo garantisce una maggiore distanza dalla fonte di calore, mentre l'impugnatura in legno aggiunge comfort e un aspetto pi\u00f9 naturale. L'area del manico pu\u00f2 essere personalizzata con il vostro logo, rendendo questo cestino un prodotto di marca utile per le campagne all'aperto, le promozioni per il barbecue, i programmi di cucina, gli omaggi per il campeggio e gli eventi di marketing stagionali.<\/p>\n<p data-start=\"2508\" data-end=\"2757\">Questo cestino per grigliate \u00e8 un'ottima scelta per i marchi che cercano un prodotto funzionale per la cottura all'aperto con un valore di utilizzo ripetuto. Combina prestazioni pratiche di cottura alla griglia, una struttura semplice e uno spazio visibile per il marchio in un unico accessorio promozionale per il barbecue.<\/p>\n<p data-start=\"2759\" data-end=\"3255\"><strong data-start=\"2759\" data-end=\"2775\">Caratteristiche principali<\/strong><br data-start=\"2775\" data-end=\"2778\" \/>Design resistente del cestello della griglia in filo metallico<br data-start=\"2810\" data-end=\"2813\" \/>Struttura di bloccaggio sicura per mantenere il cibo in posizione<br data-start=\"2863\" data-end=\"2866\" \/>Impugnatura lunga per grigliate pi\u00f9 sicure e facili<br data-start=\"2907\" data-end=\"2910\" \/>Impugnatura in legno per una presa confortevole<br data-start=\"2944\" data-end=\"2947\" \/>Logo personalizzato disponibile sull'impugnatura<br data-start=\"2991\" data-end=\"2994\" \/>Aiuta a tenere in ordine gli ingredienti durante la cottura<br data-start=\"3041\" data-end=\"3044\" \/>Buon flusso d'aria attraverso la struttura in filo metallico per una grigliata uniforme<br data-start=\"3097\" data-end=\"3100\" \/>Riutilizzabile e facile da riporre<br data-start=\"3126\" data-end=\"3129\" \/>Adatto per barbecue, campeggio, picnic e cucina all'aperto<br data-start=\"3192\" data-end=\"3195\" \/>Prodotto promozionale semplice per campagne in cucina e all'aperto<\/p>\n<p data-start=\"3257\" data-end=\"3677\"><strong data-start=\"3257\" data-end=\"3275\">Specifiche tecniche<\/strong><br data-start=\"3275\" data-end=\"3278\" \/>Tipo di prodotto: Cestino per griglia BBQ<br data-start=\"3308\" data-end=\"3311\" \/>Materiale: Cestino in filo metallico con manico in legno<br data-start=\"3357\" data-end=\"3360\" \/>Colore: Telaio del cestino nero con manico in legno naturale<br data-start=\"3410\" data-end=\"3413\" \/>Lunghezza: 49 cm<br data-start=\"3426\" data-end=\"3429\" \/>Larghezza: 5 cm<br data-start=\"3440\" data-end=\"3443\" \/>Altezza: 4 cm<br data-start=\"3455\" data-end=\"3458\" \/>Larghezza del manico: 5 cm<br data-start=\"3476\" data-end=\"3479\" \/>Struttura: Design a cestello apri-chiudi bloccabile<br data-start=\"3522\" data-end=\"3525\" \/>Logo: Logo personalizzato sulla maniglia<br data-start=\"3552\" data-end=\"3555\" \/>Utilizzo: Grigliate al barbecue, campeggio, cucina all'aperto, regali promozionali<br data-start=\"3626\" data-end=\"3629\" \/>Origine: Cina<br data-start=\"3642\" data-end=\"3645\" \/>Tempo di produzione: 15 giorni lavorativi<\/p>\n<p data-start=\"3679\" data-end=\"4030\"><strong data-start=\"3679\" data-end=\"3706\">Perch\u00e9 scegliere questo prodotto<\/strong><br data-start=\"3706\" data-end=\"3709\" \/>Questo prodotto, utile, riutilizzabile e facile da personalizzare, \u00e8 un'ottima scelta promozionale per i marchi legati alla vita all'aria aperta, agli eventi gastronomici, alle campagne di barbecue e agli omaggi stagionali. Offre una vera e propria funzionalit\u00e0 quotidiana, dando al contempo visibilit\u00e0 al vostro logo su un pratico strumento per grigliate che gli utenti possono conservare e utilizzare ripetutamente.<\/p>\n<p data-start=\"4032\" data-end=\"4321\"><strong data-start=\"4032\" data-end=\"4045\">Ideale per<\/strong><br data-start=\"4045\" data-end=\"4048\" \/>Promozioni per il barbecue<br data-start=\"4062\" data-end=\"4065\" \/>Campagne di cucina all'aperto<br data-start=\"4090\" data-end=\"4093\" \/>Omaggi per il campeggio<br data-start=\"4110\" data-end=\"4113\" \/>Set regalo per picnic<br data-start=\"4129\" data-end=\"4132\" \/>Promozioni per gli utensili da cucina<br data-start=\"4154\" data-end=\"4157\" \/>Omaggi per il festival del cibo<br data-start=\"4180\" data-end=\"4183\" \/>Merce di marca stagionale<br data-start=\"4209\" data-end=\"4212\" \/>Regali di marca per ristoranti o barbecue<br data-start=\"4246\" data-end=\"4249\" \/>Eventi aziendali all'aperto<br data-start=\"4273\" data-end=\"4276\" \/>Campagne promozionali per la festa del pap\u00e0 e per l'estate<\/p>\n<p data-start=\"4323\" data-end=\"4330\"><strong data-start=\"4323\" data-end=\"4330\">FAQ<\/strong><\/p>\n<p data-start=\"4332\" data-end=\"4482\"><strong data-start=\"4332\" data-end=\"4384\">Questo cestino per griglia pu\u00f2 essere personalizzato con un logo?<\/strong><br data-start=\"4384\" data-end=\"4387\" \/>S\u00ec. L'area del manico in legno pu\u00f2 essere personalizzata con il vostro logo o marchio per uso promozionale.<\/p>\n<p data-start=\"4484\" data-end=\"4596\"><strong data-start=\"4484\" data-end=\"4530\">Qual \u00e8 il materiale principale di questo prodotto?<\/strong><br data-start=\"4530\" data-end=\"4533\" \/>Il cestino \u00e8 realizzato con una struttura in filo metallico e un manico in legno.<\/p>\n<p data-start=\"4598\" data-end=\"4769\"><strong data-start=\"4598\" data-end=\"4647\">Che tipo di alimenti si possono usare in questo cestino?<\/strong><br data-start=\"4647\" data-end=\"4650\" \/>\u00c8 adatto per verdure, strisce di carne, salsicce, frutti di mare e altri ingredienti per barbecue che si adattano alle dimensioni del cestello.<\/p>\n<p data-start=\"4771\" data-end=\"4919\"><strong data-start=\"4771\" data-end=\"4822\">Il cestello si chiude bene durante la cottura?<\/strong><br data-start=\"4822\" data-end=\"4825\" \/>S\u00ec. \u00c8 dotato di una struttura di bloccaggio che aiuta a mantenere il cibo in posizione durante la cottura e il giro.<\/p>\n<p data-start=\"4921\" data-end=\"5071\"><strong data-start=\"4921\" data-end=\"4968\">L'impugnatura \u00e8 progettata per un uso confortevole?<\/strong><br data-start=\"4968\" data-end=\"4971\" \/>S\u00ec. Il manico in legno offre una presa pi\u00f9 comoda e aiuta a tenere le mani lontane dal calore diretto.<\/p>\n<p data-start=\"5073\" data-end=\"5203\"><strong data-start=\"5073\" data-end=\"5104\">Questo prodotto pu\u00f2 essere riutilizzato?<\/strong><br data-start=\"5104\" data-end=\"5107\" \/>S\u00ec. \u00c8 un accessorio per grigliate riutilizzabile, progettato per un uso ripetuto del barbecue e della cucina all'aperto.<\/p>\n<p data-start=\"5205\" data-end=\"5368\"><strong data-start=\"5205\" data-end=\"5256\">\u00c8 adatto per i programmi di regali promozionali?<\/strong><br data-start=\"5256\" data-end=\"5259\" \/>S\u00ec. Funziona bene per i regali di marca per l'esterno, le promozioni per il barbecue, le campagne di campeggio e gli omaggi stagionali.<\/p>\n<p data-start=\"5370\" data-end=\"5494\"><strong data-start=\"5370\" data-end=\"5406\">Quali sono le dimensioni del prodotto?<\/strong><br data-start=\"5406\" data-end=\"5409\" \/>Il cestino misura circa 49 cm di lunghezza, 5 cm di larghezza e 4 cm di altezza.<\/p>\n<p data-start=\"5496\" data-end=\"5700\"><strong data-start=\"5496\" data-end=\"5553\">\u00c8 una buona opzione per le campagne di marketing estive?<\/strong><br data-start=\"5553\" data-end=\"5556\" \/>S\u00ec. Poich\u00e9 \u00e8 direttamente collegato alla stagione delle grigliate, dei pranzi all'aperto e dei picnic, \u00e8 particolarmente adatto alle attivit\u00e0 promozionali estive.<\/p>","protected":false},"excerpt":{"rendered":"<p>Questo cestino per barbecue personalizzato \u00e8 dotato di un lungo corpo in filo metallico, di una struttura di bloccaggio sicura e di un manico in legno per una presa confortevole durante la cottura alla griglia. Progettato per il barbecue, aiuta a mantenere il cibo in posizione mentre si gira e si cucina sulla griglia. Pratico accessorio promozionale per la cucina, \u00e8 adatto per eventi all'aperto, regali per il campeggio, promozioni di marca e omaggi a tema barbecue.<\/p>","protected":false},"featured_media":47197,"template":"","meta":{"_gspb_post_css":""},"product_brand":[],"product_cat":[30],"product_tag":[],"class_list":{"0":"post-47196","1":"product","2":"type-product","3":"status-publish","4":"has-post-thumbnail","6":"product_cat-home-pets-tools","8":"first","9":"instock","10":"shipping-taxable","11":"product-type-simple"},"_links":{"self":[{"href":"https:\/\/globalgiftsupplier.com\/it\/wp-json\/wp\/v2\/product\/47196","targetHints":{"allow":["GET"]}}],"collection":[{"href":"https:\/\/globalgiftsupplier.com\/it\/wp-json\/wp\/v2\/product"}],"about":[{"href":"https:\/\/globalgiftsupplier.com\/it\/wp-json\/wp\/v2\/types\/product"}],"wp:featuredmedia":[{"embeddable":true,"href":"https:\/\/globalgiftsupplier.com\/it\/wp-json\/wp\/v2\/media\/47197"}],"wp:attachment":[{"href":"https:\/\/globalgiftsupplier.com\/it\/wp-json\/wp\/v2\/media?parent=47196"}],"wp:term":[{"taxonomy":"product_brand","embeddable":true,"href":"https:\/\/globalgiftsupplier.com\/it\/wp-json\/wp\/v2\/product_brand?post=47196"},{"taxonomy":"product_cat","embeddable":true,"href":"https:\/\/globalgiftsupplier.com\/it\/wp-json\/wp\/v2\/product_cat?post=47196"},{"taxonomy":"product_tag","embeddable":true,"href":"https:\/\/globalgiftsupplier.com\/it\/wp-json\/wp\/v2\/product_tag?post=47196"}],"curies":[{"name":"wp","href":"https:\/\/api.w.org\/{rel}","templated":true}]}}