{"id":47188,"date":"2026-03-30T06:05:00","date_gmt":"2026-03-30T06:05:00","guid":{"rendered":"https:\/\/globalgiftsupplier.com\/?post_type=product&#038;p=47188"},"modified":"2026-03-30T06:05:00","modified_gmt":"2026-03-30T06:05:00","slug":"custom-stainless-steel-pint-cups-with-logo-printing","status":"publish","type":"product","link":"https:\/\/globalgiftsupplier.com\/it\/product\/custom-stainless-steel-pint-cups-with-logo-printing\/","title":{"rendered":"Bicchieri da birra personalizzati in acciaio inossidabile con stampa del logo"},"content":{"rendered":"<p data-start=\"1468\" data-end=\"1824\">Questi bicchieri da pinta in acciaio inox personalizzati sono una soluzione pratica e riutilizzabile per marchi, eventi e promozioni nel settore dell'ospitalit\u00e0. Progettati con una finitura pulita in metallo spazzolato e una semplice forma affusolata, offrono un look moderno che si adatta bene al servizio di bevande informali, agli omaggi aziendali, all'uso all'aperto e al consumo quotidiano.<\/p>\n<p data-start=\"1826\" data-end=\"2178\">La struttura in acciaio inossidabile rende la tazza pi\u00f9 resistente rispetto alle alternative usa e getta, conferendole al contempo un aspetto elegante che ben si adatta a caff\u00e8, bar, ristoranti, uffici ed eventi. Il bordo liscio e arrotolato offre un'esperienza di consumo confortevole, mentre il corpo leggero rende la tazza facile da trasportare, impilare, conservare e riutilizzare.<\/p>\n<p data-start=\"2180\" data-end=\"2561\">Questa tazza \u00e8 adatta per acqua, succhi di frutta, bibite, caff\u00e8 freddo e altre bevande fredde. Pu\u00f2 essere utilizzata in occasione di eventi promozionali, riunioni aziendali, picnic, attivit\u00e0 di campeggio, ambienti di ristorazione e programmi di regalo con marchio. La superficie frontale pu\u00f2 essere personalizzata con il vostro logo, trasformando una semplice tazza riutilizzabile in un utile prodotto di marketing che i clienti potranno continuare a utilizzare.<\/p>\n<p data-start=\"2563\" data-end=\"2774\">Poich\u00e9 combina funzionalit\u00e0, durata e un'area di branding pulita, questa tazza da pinta in acciaio inossidabile \u00e8 una scelta forte per le aziende che cercano un pratico bicchiere promozionale con un appeal moderno e riutilizzabile.<\/p>\n<p data-start=\"2776\" data-end=\"3120\"><strong data-start=\"2776\" data-end=\"2792\">Caratteristiche principali<\/strong><br data-start=\"2792\" data-end=\"2795\" \/>Tazza riutilizzabile in acciaio inox<br data-start=\"2830\" data-end=\"2833\" \/>Struttura in metallo resistente<br data-start=\"2859\" data-end=\"2862\" \/>Finitura liscia e spazzolata<br data-start=\"2883\" data-end=\"2886\" \/>Bordo arrotolato per bere comodamente<br data-start=\"2921\" data-end=\"2924\" \/>Leggero e facile da trasportare<br data-start=\"2953\" data-end=\"2956\" \/>Stampa del logo personalizzato disponibile<br data-start=\"2986\" data-end=\"2989\" \/>Adatto per bevande fredde<br data-start=\"3016\" data-end=\"3019\" \/>Facile da riporre e impilare<br data-start=\"3042\" data-end=\"3045\" \/>Stile semplice e moderno dei bicchieri promozionali<br data-start=\"3086\" data-end=\"3089\" \/>Ottimo per l'uso quotidiano e per gli eventi<\/p>\n<p data-start=\"3122\" data-end=\"3474\"><strong data-start=\"3122\" data-end=\"3140\">Specifiche tecniche<\/strong><br data-start=\"3140\" data-end=\"3143\" \/>Tipo di prodotto: Bicchiere da pinta in acciaio inox<br data-start=\"3181\" data-end=\"3184\" \/>Materiale: Acciaio inox<br data-start=\"3209\" data-end=\"3212\" \/>Diametro superiore: 87 mm<br data-start=\"3231\" data-end=\"3234\" \/>Diametro del fondo: 60 mm<br data-start=\"3256\" data-end=\"3259\" \/>Altezza: 125 mm<br data-start=\"3273\" data-end=\"3276\" \/>Forma: Tazza affusolata<br data-start=\"3294\" data-end=\"3297\" \/>Finitura: metallo spazzolato<br data-start=\"3325\" data-end=\"3328\" \/>Logo: Possibilit\u00e0 di stampa del logo personalizzato<br data-start=\"3364\" data-end=\"3367\" \/>Utilizzo: Servizio bevande fredde, promozioni, eventi, uso quotidiano<br data-start=\"3423\" data-end=\"3426\" \/>Origine: Cina<br data-start=\"3439\" data-end=\"3442\" \/>Tempo di produzione: 15 giorni lavorativi<\/p>\n<p data-start=\"3476\" data-end=\"3848\"><strong data-start=\"3476\" data-end=\"3503\">Perch\u00e9 scegliere questo prodotto<\/strong><br data-start=\"3503\" data-end=\"3506\" \/>Questo prodotto offre un forte equilibrio tra praticit\u00e0, riutilizzabilit\u00e0 e valore del marchio. \u00c8 pi\u00f9 durevole delle tazze monouso, facile da personalizzare con il vostro logo e adatto a un uso ripetuto sia in ambito personale che promozionale. Per i marchi che desiderano bicchieri semplici, moderni e utili, questa tazza in acciaio inossidabile \u00e8 un'opzione affidabile.<\/p>\n<p data-start=\"3850\" data-end=\"4111\"><strong data-start=\"3850\" data-end=\"3863\">Ideale per<\/strong><br data-start=\"3863\" data-end=\"3866\" \/>Omaggi aziendali<br data-start=\"3883\" data-end=\"3886\" \/>Eventi promozionali<br data-start=\"3904\" data-end=\"3907\" \/>Bar e caff\u00e8<br data-start=\"3921\" data-end=\"3924\" \/>Servizio bevande al ristorante<br data-start=\"3948\" data-end=\"3951\" \/>Attivit\u00e0 all'aperto<br data-start=\"3969\" data-end=\"3972\" \/>Promozioni per il campeggio<br data-start=\"3990\" data-end=\"3993\" \/>Uso per picnic e feste<br data-start=\"4013\" data-end=\"4016\" \/>Programmi per bevande da ufficio<br data-start=\"4041\" data-end=\"4044\" \/>Collezioni di merchandising del marchio<br data-start=\"4073\" data-end=\"4076\" \/>Promozioni per l'ospitalit\u00e0 e le bevande<\/p>\n<p data-start=\"4113\" data-end=\"4120\"><strong data-start=\"4113\" data-end=\"4120\">FAQ<\/strong><\/p>\n<p data-start=\"4122\" data-end=\"4271\"><strong data-start=\"4122\" data-end=\"4165\">Questa tazza pu\u00f2 essere personalizzata con un logo?<\/strong><br data-start=\"4165\" data-end=\"4168\" \/>S\u00ec. La superficie esterna della tazza pu\u00f2 essere personalizzata con il vostro logo, marchio o immagine promozionale.<\/p>\n<p data-start=\"4273\" data-end=\"4348\"><strong data-start=\"4273\" data-end=\"4313\">Di che materiale \u00e8 fatta questa tazza?<\/strong><br data-start=\"4313\" data-end=\"4316\" \/>\u00c8 realizzato in acciaio inossidabile.<\/p>\n<p data-start=\"4350\" data-end=\"4462\"><strong data-start=\"4350\" data-end=\"4375\">Questa tazza \u00e8 riutilizzabile?<\/strong><br data-start=\"4375\" data-end=\"4378\" \/>S\u00ec. Si tratta di una tazza di metallo riutilizzabile progettata per un uso quotidiano o promozionale ripetuto.<\/p>\n<p data-start=\"4464\" data-end=\"4639\"><strong data-start=\"4464\" data-end=\"4508\">Per quali tipi di bevande \u00e8 adatto?<\/strong><br data-start=\"4508\" data-end=\"4511\" \/>\u00c8 adatto per acqua, succhi di frutta, bevande ghiacciate, bibite e altre bevande comuni. Funziona particolarmente bene con le bevande fredde.<\/p>\n<p data-start=\"4641\" data-end=\"4781\"><strong data-start=\"4641\" data-end=\"4686\">La tazza ha un bordo liscio per bere?<\/strong><br data-start=\"4686\" data-end=\"4689\" \/>S\u00ec. Presenta un bordo arrotolato per un aspetto pi\u00f9 pulito e un'esperienza di consumo pi\u00f9 confortevole.<\/p>\n<p data-start=\"4783\" data-end=\"4952\"><strong data-start=\"4783\" data-end=\"4827\">Pu\u00f2 essere utilizzato per eventi e feste?<\/strong><br data-start=\"4827\" data-end=\"4830\" \/>S\u00ec. \u00c8 una buona scelta per eventi aziendali, feste, ambienti di ospitalit\u00e0, attivit\u00e0 all'aperto e campagne promozionali.<\/p>\n<p data-start=\"4954\" data-end=\"5115\"><strong data-start=\"4954\" data-end=\"5001\">Questo prodotto \u00e8 adatto a bar o caffetterie?<\/strong><br data-start=\"5001\" data-end=\"5004\" \/>S\u00ec. Il suo semplice aspetto metallico lo rende adatto al servizio di bevande informali in bar, caff\u00e8 e ristoranti.<\/p>\n<p data-start=\"5117\" data-end=\"5310\"><strong data-start=\"5117\" data-end=\"5160\">Perch\u00e9 \u00e8 un buon prodotto promozionale?<\/strong><br data-start=\"5160\" data-end=\"5163\" \/>Essendo utili, riutilizzabili e facili da personalizzare, i clienti sono pi\u00f9 propensi a conservarli e utilizzarli, il che contribuisce ad aumentare l'esposizione del marchio a lungo termine.<\/p>","protected":false},"excerpt":{"rendered":"<p>Questi bicchieri da mezzo litro in acciaio inox personalizzati sono stati progettati per essere utilizzati tutti i giorni e per la creazione di un marchio promozionale. Realizzate con una struttura metallica riutilizzabile e una finitura liscia e spazzolata, sono adatte per bevande fredde, incontri informali, eventi, bar e uso esterno. Con un look moderno e pulito e un'area frontale per il logo, sono una pratica scelta di bicchieri di marca per un uso a lungo termine.<\/p>","protected":false},"featured_media":47189,"template":"","meta":{"_gspb_post_css":""},"product_brand":[],"product_cat":[25],"product_tag":[],"class_list":{"0":"post-47188","1":"product","2":"type-product","3":"status-publish","4":"has-post-thumbnail","6":"product_cat-drinkware","8":"first","9":"instock","10":"shipping-taxable","11":"product-type-simple"},"_links":{"self":[{"href":"https:\/\/globalgiftsupplier.com\/it\/wp-json\/wp\/v2\/product\/47188","targetHints":{"allow":["GET"]}}],"collection":[{"href":"https:\/\/globalgiftsupplier.com\/it\/wp-json\/wp\/v2\/product"}],"about":[{"href":"https:\/\/globalgiftsupplier.com\/it\/wp-json\/wp\/v2\/types\/product"}],"wp:featuredmedia":[{"embeddable":true,"href":"https:\/\/globalgiftsupplier.com\/it\/wp-json\/wp\/v2\/media\/47189"}],"wp:attachment":[{"href":"https:\/\/globalgiftsupplier.com\/it\/wp-json\/wp\/v2\/media?parent=47188"}],"wp:term":[{"taxonomy":"product_brand","embeddable":true,"href":"https:\/\/globalgiftsupplier.com\/it\/wp-json\/wp\/v2\/product_brand?post=47188"},{"taxonomy":"product_cat","embeddable":true,"href":"https:\/\/globalgiftsupplier.com\/it\/wp-json\/wp\/v2\/product_cat?post=47188"},{"taxonomy":"product_tag","embeddable":true,"href":"https:\/\/globalgiftsupplier.com\/it\/wp-json\/wp\/v2\/product_tag?post=47188"}],"curies":[{"name":"wp","href":"https:\/\/api.w.org\/{rel}","templated":true}]}}